{"id":8110,"date":"2025-06-13T02:05:56","date_gmt":"2025-06-13T02:05:56","guid":{"rendered":"https:\/\/sinoextrud.com\/product\/aluminium-alloy-material-frame\/"},"modified":"2025-06-24T06:23:04","modified_gmt":"2025-06-24T06:23:04","slug":"alumiiniseos-materiaali-runko","status":"publish","type":"product","link":"https:\/\/sinoextrud.com\/fi\/product\/aluminium-alloy-material-frame\/","title":{"rendered":"Alumiiniseos Materiaali Runko"},"content":{"rendered":"<h2>Tuotteiden tiedot<\/h2>\n<table class=\"custom-table\">\n<tbody>\n<tr>\n<td> Materiaali<\/td>\n<td> alumiiniseos: 6061 \/6063 T3-T8<\/td>\n<\/tr>\n<tr>\n<td> Muoto<\/td>\n<td> piirustuksen ja n\u00e4ytteen mukaan (neli\u00f6, kulma, litte\u00e4, T-profiili, py\u00f6reys, soikea, ura)<\/td>\n<\/tr>\n<tr>\n<td> Syv\u00e4koneistus<\/td>\n<td> Tarkka leikkaus, poraus, kierteitys, CNC-jyrsint\u00e4, CNC-sorvi ja niin edelleen.<\/td>\n<\/tr>\n<tr>\n<td> Pintak\u00e4sittely<\/td>\n<td> kiillotus, harjaus, anodisointi, galvanointi, jauhemaalaus, hiekkapuhallus, maalaus jne.<\/td>\n<\/tr>\n<\/tbody>\n<\/table>\n<h2>Tuotantopohjamme<\/h2>\n<h3>Tehtaan panoraama<\/h3>\n<p><img decoding=\"async\" src=\"\/wp-content\/uploads\/factory-01.webp\"\/><\/p>\n<h3>Alumiini Bar Manufacturing Workshop<\/h3>\n<p><img decoding=\"async\" src=\"\/wp-content\/uploads\/factory-02.webp\"\/><\/p>\n<p><img decoding=\"async\" src=\"\/wp-content\/uploads\/factory-03.webp\"\/><\/p>\n<h3>Muotin varastointi Varasto<\/h3>\n<p><img decoding=\"async\" src=\"\/wp-content\/uploads\/factory-04.webp\"\/><\/p>\n<h3>43 Alumiini ekstruusiolinjat (500\u00e2 5500 tonnia)<\/h3>\n<p><img decoding=\"async\" src=\"\/wp-content\/uploads\/factory-05.webp\"\/><\/p>\n<p><img decoding=\"async\" src=\"\/wp-content\/uploads\/factory-06.webp\"\/><\/p>\n<p><img decoding=\"async\" src=\"\/wp-content\/uploads\/factory-07.webp\"\/><\/p>\n<h3>Jauhemaalaus ty\u00f6paja<\/h3>\n<p><img decoding=\"async\" src=\"\/wp-content\/uploads\/factory-09.webp\"\/><\/p>\n<h3>Anodisointi ty\u00f6paja<\/h3>\n<p><img decoding=\"async\" src=\"\/wp-content\/uploads\/factory-10.webp\"\/><\/p>\n<h3>Syv\u00e4k\u00e4sittelyn ty\u00f6paja<\/h3>\n<p><img decoding=\"async\" src=\"\/wp-content\/uploads\/factory-11.webp\"\/><\/p>\n<h3>CNC-tarkkuuskoneistus ty\u00f6paja<\/h3>\n<p><img decoding=\"async\" src=\"\/wp-content\/uploads\/factory-11.5.webp\"\/><\/p>\n<h3>Valmiiden tuotteiden ja vientivarasto<\/h3>\n<p><img decoding=\"async\" src=\"\/wp-content\/uploads\/factory-12.webp\"\/><\/p>\n<p><img decoding=\"async\" src=\"\/wp-content\/uploads\/factory-13.webp\"\/><\/p>\n<p><img decoding=\"async\" src=\"\/wp-content\/uploads\/factory-14.webp\"\/><\/p>\n<h2>FAQ<\/h2>\n<p><p><b>1.Mihin alumiiniseosmateriaalikehyst\u00e4 k\u00e4ytet\u00e4\u00e4n? <\/b><\/p>\n<p> Alumiiniseoksesta valmistettuja kehyksi\u00e4 k\u00e4ytet\u00e4\u00e4n rakenteellisissa, arkkitehtonisissa ja teollisissa sovelluksissa niiden lujuuden, kest\u00e4vyyden ja kevyen rakenteen vuoksi.<br \/>\n<\/p><br \/>\n<br \/>\n<p><b>2.Miksi valita alumiiniseos kehysratkaisuihin? <\/b><\/p>\n<p> Alumiiniseos on vahva mutta kevyt vaihtoehto ter\u00e4kselle, ja se tarjoaa korroosionkest\u00e4vyytt\u00e4 ja helpottaa asennusta.<br \/>\n<\/p><br \/>\n<br \/>\n<p><b>3.Can alumiiniseos kehykset voidaan r\u00e4\u00e4t\u00e4l\u00f6id\u00e4? <\/b><\/p>\n<p> Kyll\u00e4, alumiiniseosrunkoja on saatavana r\u00e4\u00e4t\u00e4l\u00f6ityj\u00e4 kokoja, profiileja ja pintak\u00e4sittelyj\u00e4 projektin erityistarpeiden mukaan.<br \/>\n<\/p><br \/>\n<br \/>\n<p><b>4.Soveltuvatko alumiinikehykset ulkok\u00e4ytt\u00f6\u00f6n? <\/b><\/p>\n<p> Alumiiniseoksen korroosionkest\u00e4v\u00e4t ominaisuudet tekev\u00e4t siit\u00e4 ihanteellisen sek\u00e4 sis\u00e4- ett\u00e4 ulkotiloihin.<br \/>\n<\/p><br \/>\n<br \/>\n<p><b>5.Mitk\u00e4 teollisuudenalat k\u00e4ytt\u00e4v\u00e4t alumiiniseosrunkoja? <\/b><\/p>\n<p> Yleisi\u00e4 sovelluksia ovat rakentaminen, aurinkoenergia, koneet, kuljetus, elektroniikka ja moduulij\u00e4rjestelm\u00e4t.<br \/>\n<\/p><br \/>\n<br \/>\n<p><b>6.Miten alumiinirunkojen k\u00e4ytt\u00f6 edist\u00e4\u00e4 kest\u00e4vyytt\u00e4? <\/b><\/p>\n<p> Alumiini on 100%-kierr\u00e4tett\u00e4v\u00e4\u00e4, joten se on ymp\u00e4rist\u00f6vastuullinen valinta vihre\u00e4\u00e4n tuotantoon keskittyville valmistajille.<br \/>\n<\/p><br \/>\n<br \/>\n<p><b>7.Mit\u00e4 viimeistelyvaihtoehtoja alumiiniseosrunkoihin on saatavilla? <\/b><\/p>\n<p> Tarjoamme anodisointia, jauhemaalausta ja jyrsint\u00e4k\u00e4sittely\u00e4 toiminnallisten ja esteettisten vaatimusten mukaisesti.<br \/>\n<\/p><br \/><\/p>","protected":false},"featured_media":8109,"template":"","categories":[54],"class_list":["post-8110","product","type-product","status-publish","has-post-thumbnail","hentry","category-industrial-aluminum-profiles"],"meta_box":{"hilight_text_group":{"product_hilight_text":"<li>Made from high-strength aluminium alloy for superior structural integrity.<\/li>\r\r\n<li>Lightweight material enables easier handling and reduced transport costs.<\/li>\r\r\n<li>Corrosion-resistant surface ensures long-term durability.<\/li>\r\r\n<li>Customizable frame sizes and finishes for diverse applications.<\/li>\r\r\n<li>Ideal for construction, display, machinery, and solar panel framing.<\/li>\r\r\n<li>Compatible with multiple assembly systems and connectors.<\/li>\r\r\n<li>Eco-friendly and recyclable material supports sustainable manufacturing.<\/li>","product_chanpin_blog":"<ul>\r\r\n<li><a href=\"https:\/\/sinoextrud.com\/t-slot-v-slot-differences\/\" target=\"_blank\">t slot vs v slot<\/a><\/li>\r\r\n<li><a href=\"https:\/\/sinoextrud.com\/what-is-4040-aluminium-extrud\/\" target=\"_blank\">4040 aluminium extrusion<\/a><\/li>\r\r\n<li><a href=\"https:\/\/sinoextrud.com\/what-is-4040-aluminium-extrud\/\" target=\"_blank\">aluminum extrusions for industrial racks<\/a><\/li>\r\r\n<li><a href=\"https:\/\/sinoextrud.com\/powder-coating-aluminium-process\/\" target=\"_blank\">powder coating aluminium<\/a><\/li>\r\r\n<li><a href=\"https:\/\/sinoextrud.com\/what-is-an-aluminium-strip-ceiling\/\" target=\"_blank\">aluminium strip ceiling<\/a><\/li>\r\r\n<li><a href=\"https:\/\/sinoextrud.com\/what-is-a-heat-sink\/\" target=\"_blank\">what is a heat sink<\/a><\/li>\r\r\n<\/ul>","product_chanpin_chanpin":"<li><a href=\"https:\/\/sinoextrud.com\/product\/40mm-aluminium-extrusion\/\" target=\"_blank\">40mm Aluminium Extrusion<\/a><\/li>\r\n<li><a href=\"https:\/\/sinoextrud.com\/product\/6063-and-6061-extruded-led-lighting-telecommunications-and-audio-industrial-aluminum-heat-sink-profile\/\" target=\"_blank\">6063 and 6061 Extruded LED Lighting Telecommunications and Audio Industrial Aluminum Heat Sink Profile<\/a><\/li>\r\n<li><a href=\"https:\/\/sinoextrud.com\/product\/6063-t5-alloy-industrial-aluminum-extrusions-aluminum-profile-with-anodized-surface-treatment\/\" target=\"_blank\">6063 T5 Alloy Industrial Aluminum Extrusions Aluminum Profile With Anodized Surface Treatment<\/a><\/li>\r\n<li><a href=\"https:\/\/sinoextrud.com\/product\/alu-profile-system\/\" target=\"_blank\">Alu Profile System<\/a><\/li>\r\n<li><a href=\"https:\/\/sinoextrud.com\/product\/aluminium-alloy-material-frame\/\" target=\"_blank\">Aluminium Alloy Material Frame<\/a><\/li>\r\n<li><a href=\"https:\/\/sinoextrud.com\/product\/aluminium-angle-profiles\/\" target=\"_blank\">Aluminium Angle Profiles<\/a><\/li>\r\n<li><a href=\"https:\/\/sinoextrud.com\/product\/aluminium-enclosure\/\" target=\"_blank\">Aluminium Enclosure<\/a><\/li>\r\n<li><a href=\"https:\/\/sinoextrud.com\/product\/aluminium-extrusion-bar-outdoor-power-aluminum-case\/\" target=\"_blank\">Aluminium Extrusion Bar Outdoor Power Aluminum Case<\/a><\/li>\r\n<li><a href=\"https:\/\/sinoextrud.com\/product\/aluminium-extrusion-linear-rail-china-factory\/\" target=\"_blank\">Aluminium Extrusion Linear Rail China Factory<\/a><\/li>\r\n<li><a href=\"https:\/\/sinoextrud.com\/product\/aluminium-square-tube-extrusion-profile-with-6063-t5-alloy-anodized-extruded-aluminium-profile\/\" target=\"_blank\">Aluminium Square Tube Extrusion Profile With 6063 T5 Alloy  Anodized Extruded Aluminium Profile<\/a><\/li>\r\n<li><a href=\"https:\/\/sinoextrud.com\/product\/anodized-aluminum-eectronic-equipment-enclosure\/\" target=\"_blank\">Anodized Aluminum Eectronic Equipment Enclosure<\/a><\/li>"},"feature_list":[]},"_links":{"self":[{"href":"https:\/\/sinoextrud.com\/fi\/wp-json\/wp\/v2\/product\/8110","targetHints":{"allow":["GET"]}}],"collection":[{"href":"https:\/\/sinoextrud.com\/fi\/wp-json\/wp\/v2\/product"}],"about":[{"href":"https:\/\/sinoextrud.com\/fi\/wp-json\/wp\/v2\/types\/product"}],"wp:featuredmedia":[{"embeddable":true,"href":"https:\/\/sinoextrud.com\/fi\/wp-json\/wp\/v2\/media\/8109"}],"wp:attachment":[{"href":"https:\/\/sinoextrud.com\/fi\/wp-json\/wp\/v2\/media?parent=8110"}],"wp:term":[{"taxonomy":"category","embeddable":true,"href":"https:\/\/sinoextrud.com\/fi\/wp-json\/wp\/v2\/categories?post=8110"}],"curies":[{"name":"wp","href":"https:\/\/api.w.org\/{rel}","templated":true}]}}