{"id":8108,"date":"2025-06-13T02:01:56","date_gmt":"2025-06-13T02:01:56","guid":{"rendered":"https:\/\/sinoextrud.com\/product\/alu-profile-system\/"},"modified":"2025-06-24T06:23:03","modified_gmt":"2025-06-24T06:23:03","slug":"alu-profiilijarjestelma","status":"publish","type":"product","link":"https:\/\/sinoextrud.com\/fi\/product\/alu-profile-system\/","title":{"rendered":"Alu profiili j\u00e4rjestelm\u00e4"},"content":{"rendered":"<h2>Tuotteiden tiedot<\/h2>\n<table class=\"custom-table\">\n<tr>\n<td class=\"label\">Tuotteen nimi<\/td>\n<td>Korkea velvollisuus teollisuuden alumiini ekstruuderi profiilin myyntiin, Alu Profile System<\/td>\n<\/tr>\n<tr>\n<td class=\"label\">Tuotteen materiaali<\/td>\n<td>Nimellismateriaali, kuten 6063 6061<\/td>\n<\/tr>\n<tr>\n<td class=\"label\">Temper<\/td>\n<td>T3-T8, T3, T4, T5, T6, T8<\/td>\n<\/tr>\n<tr>\n<td class=\"label\">Pintak\u00e4sittely<\/td>\n<td>Mill Finish, anodisointi, elektroforeesi, tehopinnoite, PVDF-pinnoite, puunjyv\u00e4, kiillotus, harjaus jne.<\/td>\n<\/tr>\n<tr>\n<td class=\"label\">V\u00e4rit<\/td>\n<td>hopea, pronssi, musta, kulta, sininen, harmaa, samppanja, kirkas jne.<\/td>\n<\/tr>\n<tr>\n<td class=\"label\">Koneistus<\/td>\n<td>Leikkaus, poraus, l\u00e4vistys, kierteitys, jyrsint\u00e4, taivutus, hitsaus jne.<\/td>\n<\/tr>\n<tr>\n<td class=\"label\">OEM-palvelu<\/td>\n<td>1. yleiset alumiiniprofiilit (erilaiset putkien ja putkien muodot, kulmat, T- tai U-muoto, neli\u00f6 jne.).<br \/>\n2. Homeen kehittyminen.<br \/>\n3. OEM ODM-palvelu.<\/td>\n<\/tr>\n<tr>\n<td class=\"label\">Sertifikaatit<\/td>\n<td>ISO9001, ISO4001, SGS, ROHS, TUV, CE-sertifiointi jne.<\/td>\n<\/tr>\n<\/table>\n<h2>Tuotantopohjamme<\/h2>\n<h3>Tehtaan panoraama<\/h3>\n<p><img decoding=\"async\" src=\"\/wp-content\/uploads\/factory-01.webp\"\/><\/p>\n<h3>Alumiini Bar Manufacturing Workshop<\/h3>\n<p><img decoding=\"async\" src=\"\/wp-content\/uploads\/factory-02.webp\"\/><\/p>\n<p><img decoding=\"async\" src=\"\/wp-content\/uploads\/factory-03.webp\"\/><\/p>\n<h3>Muotin varastointi Varasto<\/h3>\n<p><img decoding=\"async\" src=\"\/wp-content\/uploads\/factory-04.webp\"\/><\/p>\n<h3>43 Alumiini ekstruusiolinjat (500\u00e2 5500 tonnia)<\/h3>\n<p><img decoding=\"async\" src=\"\/wp-content\/uploads\/factory-05.webp\"\/><\/p>\n<p><img decoding=\"async\" src=\"\/wp-content\/uploads\/factory-06.webp\"\/><\/p>\n<p><img decoding=\"async\" src=\"\/wp-content\/uploads\/factory-07.webp\"\/><\/p>\n<h3>Jauhemaalaus ty\u00f6paja<\/h3>\n<p><img decoding=\"async\" src=\"\/wp-content\/uploads\/factory-09.webp\"\/><\/p>\n<h3>Anodisointi ty\u00f6paja<\/h3>\n<p><img decoding=\"async\" src=\"\/wp-content\/uploads\/factory-10.webp\"\/><\/p>\n<h3>Syv\u00e4k\u00e4sittelyn ty\u00f6paja<\/h3>\n<p><img decoding=\"async\" src=\"\/wp-content\/uploads\/factory-11.webp\"\/><\/p>\n<h3>CNC-tarkkuuskoneistus ty\u00f6paja<\/h3>\n<p><img decoding=\"async\" src=\"\/wp-content\/uploads\/factory-11.5.webp\"\/><\/p>\n<h3>Valmiiden tuotteiden ja vientivarasto<\/h3>\n<p><img decoding=\"async\" src=\"\/wp-content\/uploads\/factory-12.webp\"\/><\/p>\n<p><img decoding=\"async\" src=\"\/wp-content\/uploads\/factory-13.webp\"\/><\/p>\n<p><img decoding=\"async\" src=\"\/wp-content\/uploads\/factory-14.webp\"\/><\/p>\n<h2>FAQ<\/h2>\n<p><p><b>1.Mik\u00e4 tekee Alu Profile Systemist\u00e4 monipuolisen?<\/b><\/p>\n<p>Alu Profile System on modulaarinen ja joustava, ja sen avulla voidaan luoda r\u00e4\u00e4t\u00e4l\u00f6it\u00e4viss\u00e4 olevia runkoja ja rakenteita, jotka soveltuvat monenlaisiin sovelluksiin.<br \/>\n<\/p><br \/>\n<br \/>\n<p><b>2.Miten alumiinimateriaali hy\u00f6dytt\u00e4\u00e4 Alu Profile System -j\u00e4rjestelm\u00e4\u00e4?<\/b><\/p>\n<p>Laadukas alumiinimateriaali takaa, ett\u00e4 j\u00e4rjestelm\u00e4 on kevyt, kest\u00e4v\u00e4 ja korroosionkest\u00e4v\u00e4, mik\u00e4 takaa pitk\u00e4aikaisen ja luotettavan suorituskyvyn.<br \/>\n<\/p><br \/>\n<br \/>\n<p><b>3.Onko Alu Profile System helppo koota?<\/b><\/p>\n<p>Kyll\u00e4, se on suunniteltu helposti koottavaksi ilman hitsausta, mik\u00e4 v\u00e4hent\u00e4\u00e4 asennusaikaa ja ty\u00f6voimakustannuksia.<br \/>\n<\/p><br \/>\n<br \/>\n<p><b>4.Kuinka korroosionkest\u00e4v\u00e4 Alu Profile System on?<\/b><\/p>\n<p>Alumiiniprofiilit ovat eritt\u00e4in korroosionkest\u00e4vi\u00e4, joten ne soveltuvat erinomaisesti k\u00e4ytett\u00e4v\u00e4ksi vaativissa ja ulkoymp\u00e4rist\u00f6iss\u00e4, joissa pitk\u00e4aikainen kest\u00e4vyys on ratkaisevan t\u00e4rke\u00e4\u00e4.<br \/>\n<\/p><br \/>\n<br \/>\n<p><b>5.Voiko Alu Profile System -j\u00e4rjestelm\u00e4\u00e4 mukauttaa?<\/b><\/p>\n<p>Kyll\u00e4, se on r\u00e4\u00e4t\u00e4l\u00f6it\u00e4viss\u00e4, joten se voidaan r\u00e4\u00e4t\u00e4l\u00f6id\u00e4 vastaamaan eri teollisuudenalojen erityisi\u00e4 rakenne- ja kehystystarpeita.<br \/>\n<\/p><br \/>\n<br \/>\n<p><b>6.Mitk\u00e4 teollisuudenalat k\u00e4ytt\u00e4v\u00e4t Alu Profile System -j\u00e4rjestelm\u00e4\u00e4?<\/b><\/p>\n<p>Sit\u00e4 k\u00e4ytet\u00e4\u00e4n laajalti teollisuudessa, kuten valmistuksessa, automaatiossa, robotiikassa ja rakentamisessa, jossa tarvitaan modulaarisia, s\u00e4\u00e4dett\u00e4vi\u00e4 runkoja ja tukij\u00e4rjestelmi\u00e4.<br \/>\n<\/p><br \/>\n<br \/>\n<p><b>7.Kuinka kustannustehokas Alu Profile System on?<\/b><\/p>\n<p>Se on kustannustehokas ratkaisu, koska se v\u00e4hent\u00e4\u00e4 lis\u00e4komponenttien, -ty\u00f6kalujen ja -ty\u00f6voiman tarvetta ja tarjoaa samalla vahvan ja joustavan rakenteen.<br \/>\n<\/p><br \/><\/p>","protected":false},"featured_media":8107,"template":"","categories":[54],"class_list":["post-8108","product","type-product","status-publish","has-post-thumbnail","hentry","category-industrial-aluminum-profiles"],"meta_box":{"hilight_text_group":{"product_hilight_text":"<li>Modular and flexible design, ideal for creating customizable frames and structures.<\/li>\r\r\n<li>High-quality aluminum material, offering durability, strength, and lightweight properties.<\/li>\r\r\n<li>Corrosion-resistant surface, ensuring long-term performance in various industrial environments.<\/li>\r\r\n<li>Easy to assemble with no welding required, reducing labor and installation time.<\/li>\r\r\n<li>Cost-effective solution for building strong, versatile systems with minimal tooling requirements.<\/li>","product_chanpin_blog":"<ul>\r\r\n<li><a href=\"https:\/\/sinoextrud.com\/t-slot-v-slot-differences\/\" target=\"_blank\">t slot vs v slot<\/a><\/li>\r\r\n<li><a href=\"https:\/\/sinoextrud.com\/what-is-4040-aluminium-extrud\/\" target=\"_blank\">4040 aluminium extrusion<\/a><\/li>\r\r\n<li><a href=\"https:\/\/sinoextrud.com\/what-is-4040-aluminium-extrud\/\" target=\"_blank\">aluminum extrusions for industrial racks<\/a><\/li>\r\r\n<li><a href=\"https:\/\/sinoextrud.com\/powder-coating-aluminium-process\/\" target=\"_blank\">powder coating aluminium<\/a><\/li>\r\r\n<li><a href=\"https:\/\/sinoextrud.com\/what-is-an-aluminium-strip-ceiling\/\" target=\"_blank\">aluminium strip ceiling<\/a><\/li>\r\r\n<li><a href=\"https:\/\/sinoextrud.com\/what-is-a-heat-sink\/\" target=\"_blank\">what is a heat sink<\/a><\/li>\r\r\n<\/ul>","product_chanpin_chanpin":"<li><a href=\"https:\/\/sinoextrud.com\/product\/300mm-aluminium-louvre-extrusion\/\" target=\"_blank\">300mm Aluminium Louvre Extrusion<\/a><\/li>\r\n<li><a href=\"https:\/\/sinoextrud.com\/product\/40mm-aluminium-extrusion\/\" target=\"_blank\">40mm Aluminium Extrusion<\/a><\/li>\r\n<li><a href=\"https:\/\/sinoextrud.com\/product\/6063-and-6061-extruded-led-lighting-telecommunications-and-audio-industrial-aluminum-heat-sink-profile\/\" target=\"_blank\">6063 and 6061 Extruded LED Lighting Telecommunications and Audio Industrial Aluminum Heat Sink Profile<\/a><\/li>\r\n<li><a href=\"https:\/\/sinoextrud.com\/product\/6063-t5-alloy-industrial-aluminum-extrusions-aluminum-profile-with-anodized-surface-treatment\/\" target=\"_blank\">6063 T5 Alloy Industrial Aluminum Extrusions Aluminum Profile With Anodized Surface Treatment<\/a><\/li>\r\n<li><a href=\"https:\/\/sinoextrud.com\/product\/alu-profile-system\/\" target=\"_blank\">Alu Profile System<\/a><\/li>\r\n<li><a href=\"https:\/\/sinoextrud.com\/product\/aluminium-alloy-material-frame\/\" target=\"_blank\">Aluminium Alloy Material Frame<\/a><\/li>\r\n<li><a href=\"https:\/\/sinoextrud.com\/product\/aluminium-angle-profiles\/\" target=\"_blank\">Aluminium Angle Profiles<\/a><\/li>\r\n<li><a href=\"https:\/\/sinoextrud.com\/product\/aluminium-enclosure\/\" target=\"_blank\">Aluminium Enclosure<\/a><\/li>\r\n<li><a href=\"https:\/\/sinoextrud.com\/product\/aluminium-extrusion-bar-outdoor-power-aluminum-case\/\" target=\"_blank\">Aluminium Extrusion Bar Outdoor Power Aluminum Case<\/a><\/li>\r\n<li><a href=\"https:\/\/sinoextrud.com\/product\/triangle-champagne-aluminum-extruded-tube\/\" target=\"_blank\">Triangle Champagne Aluminum Extruded Tube<\/a><\/li>\r\n<li><a href=\"https:\/\/sinoextrud.com\/product\/aluminum-trailer-floor-extrusions\/\" target=\"_blank\">Aluminum Trailer Floor Extrusions<\/a><\/li>"},"feature_list":[]},"_links":{"self":[{"href":"https:\/\/sinoextrud.com\/fi\/wp-json\/wp\/v2\/product\/8108","targetHints":{"allow":["GET"]}}],"collection":[{"href":"https:\/\/sinoextrud.com\/fi\/wp-json\/wp\/v2\/product"}],"about":[{"href":"https:\/\/sinoextrud.com\/fi\/wp-json\/wp\/v2\/types\/product"}],"wp:featuredmedia":[{"embeddable":true,"href":"https:\/\/sinoextrud.com\/fi\/wp-json\/wp\/v2\/media\/8107"}],"wp:attachment":[{"href":"https:\/\/sinoextrud.com\/fi\/wp-json\/wp\/v2\/media?parent=8108"}],"wp:term":[{"taxonomy":"category","embeddable":true,"href":"https:\/\/sinoextrud.com\/fi\/wp-json\/wp\/v2\/categories?post=8108"}],"curies":[{"name":"wp","href":"https:\/\/api.w.org\/{rel}","templated":true}]}}