{"id":8066,"date":"2025-06-12T07:28:29","date_gmt":"2025-06-12T07:28:29","guid":{"rendered":"https:\/\/sinoextrud.com\/product\/octagon-aluminum-extrusion\/"},"modified":"2025-06-24T06:23:00","modified_gmt":"2025-06-24T06:23:00","slug":"kahdeksankulmainen-alumiiniprofiili","status":"publish","type":"product","link":"https:\/\/sinoextrud.com\/fi\/product\/octagon-aluminum-extrusion\/","title":{"rendered":"Octagon Alumiini suulakepuristus"},"content":{"rendered":"<h2>Tuotteiden tiedot<\/h2>\n<table class=\"custom-table\">\n<tbody>\n<tr>\n<td> Nimi:<\/td>\n<td> Octagon Alumiini suulakepuristus<\/td>\n<\/tr>\n<tr>\n<td> Tuotemerkki:<\/td>\n<td> Sinoextrud\/Sinoextrud<\/td>\n<\/tr>\n<tr>\n<td> Materiaali:<\/td>\n<td> 6000-sarja<\/td>\n<\/tr>\n<tr>\n<td> Temperamentti:<\/td>\n<td> T5-T8<\/td>\n<\/tr>\n<tr>\n<td> Pituus:<\/td>\n<td> 30-6000 mm tai r\u00e4\u00e4t\u00e4l\u00f6inti<\/td>\n<\/tr>\n<tr>\n<td> Pintak\u00e4sittely:<\/td>\n<td> GB anodisoitu hopea<\/td>\n<\/tr>\n<tr>\n<td> K\u00e4ytt\u00f6:<\/td>\n<td> Rakennusteollisuus<\/td>\n<\/tr>\n<tr>\n<td> Standardi:<\/td>\n<td> GB5237-2008<\/td>\n<\/tr>\n<tr>\n<td> Valmistus:<\/td>\n<td> Leikkaus, jyrsint\u00e4, poraus, l\u00e4vistys jne.<\/td>\n<\/tr>\n<tr>\n<td> From:<\/td>\n<td> Foshan, Guangdong, Kiina<\/td>\n<\/tr>\n<\/tbody>\n<\/table>\n<h2>Tuotantopohjamme<\/h2>\n<h3>Tehtaan panoraama<\/h3>\n<p><img decoding=\"async\" src=\"\/wp-content\/uploads\/factory-01.webp\"\/><\/p>\n<h3>Alumiini Bar Manufacturing Workshop<\/h3>\n<p><img decoding=\"async\" src=\"\/wp-content\/uploads\/factory-02.webp\"\/><\/p>\n<p><img decoding=\"async\" src=\"\/wp-content\/uploads\/factory-03.webp\"\/><\/p>\n<h3>Muotin varastointi Varasto<\/h3>\n<p><img decoding=\"async\" src=\"\/wp-content\/uploads\/factory-04.webp\"\/><\/p>\n<h3>43 Alumiini ekstruusiolinjat (500\u00e2 5500 tonnia)<\/h3>\n<p><img decoding=\"async\" src=\"\/wp-content\/uploads\/factory-05.webp\"\/><\/p>\n<p><img decoding=\"async\" src=\"\/wp-content\/uploads\/factory-06.webp\"\/><\/p>\n<p><img decoding=\"async\" src=\"\/wp-content\/uploads\/factory-07.webp\"\/><\/p>\n<h3>Jauhemaalaus ty\u00f6paja<\/h3>\n<p><img decoding=\"async\" src=\"\/wp-content\/uploads\/factory-09.webp\"\/><\/p>\n<h3>Anodisointi ty\u00f6paja<\/h3>\n<p><img decoding=\"async\" src=\"\/wp-content\/uploads\/factory-10.webp\"\/><\/p>\n<h3>Syv\u00e4k\u00e4sittelyn ty\u00f6paja<\/h3>\n<p><img decoding=\"async\" src=\"\/wp-content\/uploads\/factory-11.webp\"\/><\/p>\n<h3>CNC-tarkkuuskoneistus ty\u00f6paja<\/h3>\n<p><img decoding=\"async\" src=\"\/wp-content\/uploads\/factory-11.5.webp\"\/><\/p>\n<h3>Valmiiden tuotteiden ja vientivarasto<\/h3>\n<p><img decoding=\"async\" src=\"\/wp-content\/uploads\/factory-12.webp\"\/><\/p>\n<p><img decoding=\"async\" src=\"\/wp-content\/uploads\/factory-13.webp\"\/><\/p>\n<p><img decoding=\"async\" src=\"\/wp-content\/uploads\/factory-14.webp\"\/><\/p>\n<h2>FAQ<\/h2>\n<p><p><b>1.What ovat Octagon alumiini suulakepuristeet k\u00e4ytet\u00e4\u00e4n?<\/b><\/p>\n<p>Octagon Alumiiniprofiileja k\u00e4ytet\u00e4\u00e4n r\u00e4\u00e4t\u00e4l\u00f6ityjen kehysten, tukien ja koriste-elementtien luomiseen eri teollisuudenaloilla, kuten rakentamisessa, arkkitehtuurissa ja valmistuksessa.<br \/>\n<\/p><br \/>\n<br \/>\n<p><b>2.Miksi valita kahdeksankulmaiset alumiiniprofiilit?<\/b><\/p>\n<p>Kahdeksankulmainen muoto tarjoaa ainutlaatuisen esteettisen vaikutelman s\u00e4ilytt\u00e4en samalla rakenteellisen lujuuden, joten se sopii erinomaisesti sek\u00e4 toiminnallisiin ett\u00e4 koristeellisiin sovelluksiin.<br \/>\n<\/p><br \/>\n<br \/>\n<p><b>3.Can Octagon alumiini suulakepuristeet voidaan r\u00e4\u00e4t\u00e4l\u00f6id\u00e4?<\/b><\/p>\n<p>Kyll\u00e4, Octagon-alumiiniprofiilit voidaan r\u00e4\u00e4t\u00e4l\u00f6id\u00e4 koon, profiilin ja viimeistelyn osalta vastaamaan erityisi\u00e4 sovellus- ja suunnittelutarpeita.<br \/>\n<\/p><br \/>\n<br \/>\n<p><b>4.Miten Octagon-alumiiniprofiilien korroosionkest\u00e4vyys hy\u00f6dytt\u00e4\u00e4 niiden suorituskyky\u00e4?<\/b><\/p>\n<p>Korroosionkest\u00e4vyys takaa, ett\u00e4 puristekappaleet pysyv\u00e4t kest\u00e4vin\u00e4 ja s\u00e4ilytt\u00e4v\u00e4t ulkon\u00e4k\u00f6ns\u00e4 ajan my\u00f6t\u00e4 my\u00f6s vaikeissa ymp\u00e4rist\u00f6olosuhteissa.<br \/>\n<\/p><br \/>\n<br \/>\n<p><b>5.Are Octagon alumiiniprofiilit kevyt?<\/b><\/p>\n<p>Alumiinimateriaali pit\u00e4\u00e4 profiilit kevyin\u00e4, mik\u00e4 v\u00e4hent\u00e4\u00e4 kuljetuskustannuksia ja helpottaa k\u00e4sittely\u00e4 ja asennusta.<br \/>\n<\/p><br \/>\n<br \/>\n<p><b>6.Miten Octagon-alumiiniprofiilit parantavat suunnittelun joustavuutta?<\/b><\/p>\n<p>Profiileiden muokattavuus yhdistettyn\u00e4 ainutlaatuiseen kahdeksankulmaiseen muotoon mahdollistaa joustavat suunnittelumahdollisuudet sek\u00e4 rakenne- ett\u00e4 koristesovelluksissa.<br \/>\n<\/p><br \/>\n<br \/>\n<p><b>7.Mitk\u00e4 teollisuudenalat hy\u00f6tyv\u00e4t Octagon-alumiiniprofiileista?<\/b><\/p>\n<p>Rakennus-, arkkitehtuuri-, valmistus- ja teollisuussuunnittelualat hy\u00f6tyv\u00e4t Octagon-alumiiniprofiilien monipuolisuudesta ja lujuudesta rakenteellisessa ja koristeellisessa k\u00e4yt\u00f6ss\u00e4.<br \/>\n<\/p><br \/><\/p>","protected":false},"featured_media":0,"template":"","categories":[54],"class_list":["post-8066","product","type-product","status-publish","hentry","category-industrial-aluminum-profiles"],"meta_box":{"hilight_text_group":{"product_hilight_text":"<li>Unique octagon shape provides a distinctive design for structural and decorative applications.<\/li>\r\r\n<li>High-strength aluminum construction ensures durability while keeping the profile lightweight.<\/li>\r\r\n<li>Corrosion-resistant properties make it suitable for both indoor and outdoor environments.<\/li>\r\r\n<li>Customizable profiles to meet specific size, shape, and performance requirements.<\/li>\r\r\n<li>Efficient heat dissipation and structural integrity, ideal for various industrial and architectural projects.<\/li>","product_chanpin_blog":"<ul>\r\r\n<li><a href=\"https:\/\/sinoextrud.com\/t-slot-v-slot-differences\/\" target=\"_blank\">t slot vs v slot<\/a><\/li>\r\r\n<li><a href=\"https:\/\/sinoextrud.com\/what-is-4040-aluminium-extrud\/\" target=\"_blank\">4040 aluminium extrusion<\/a><\/li>\r\r\n<li><a href=\"https:\/\/sinoextrud.com\/what-is-4040-aluminium-extrud\/\" target=\"_blank\">aluminum extrusions for industrial racks<\/a><\/li>\r\r\n<li><a href=\"https:\/\/sinoextrud.com\/powder-coating-aluminium-process\/\" target=\"_blank\">powder coating aluminium<\/a><\/li>\r\r\n<li><a href=\"https:\/\/sinoextrud.com\/what-is-an-aluminium-strip-ceiling\/\" target=\"_blank\">aluminium strip ceiling<\/a><\/li>\r\r\n<li><a href=\"https:\/\/sinoextrud.com\/what-is-a-heat-sink\/\" target=\"_blank\">what is a heat sink<\/a><\/li>\r\r\n<\/ul>","product_chanpin_chanpin":"<li><a href=\"https:\/\/sinoextrud.com\/product\/linear-rail-aluminum-extrusion\/\" target=\"_blank\">Linear Rail Aluminum Extrusion<\/a><\/li>\r\n<li><a href=\"https:\/\/sinoextrud.com\/product\/t-slot-aluminum-profile\/\" target=\"_blank\">T-slot Aluminum Profile<\/a><\/li>\r\n<li><a href=\"https:\/\/sinoextrud.com\/product\/t-shaped-aluminium-profile\/\" target=\"_blank\">T Shaped Aluminium Profile<\/a><\/li>\r\n<li><a href=\"https:\/\/sinoextrud.com\/product\/slotted-aluminum-extrusion\/\" target=\"_blank\">Slotted Aluminum Extrusion<\/a><\/li>\r\n<li><a href=\"https:\/\/sinoextrud.com\/product\/octagon-aluminum-extrusion\/\" target=\"_blank\">Octagon Aluminum Extrusion<\/a><\/li>\r\n<li><a href=\"https:\/\/sinoextrud.com\/product\/t-shape-aluminum-extruded-profile\/\" target=\"_blank\">T Shape Aluminum Extruded Profile<\/a><\/li>\r\n<li><a href=\"https:\/\/sinoextrud.com\/product\/t-shaped-aluminium-extrusion\/\" target=\"_blank\">T Shaped Aluminium Extrusion<\/a><\/li>\r\n<li><a href=\"https:\/\/sinoextrud.com\/product\/t-slot-framing-systems\/\" target=\"_blank\">T Slot Framing Systems<\/a><\/li>\r\n<li><a href=\"https:\/\/sinoextrud.com\/product\/sailboat-mast-extrusions\/\" target=\"_blank\">Sailboat mast extrusions<\/a><\/li>\r\n<li><a href=\"https:\/\/sinoextrud.com\/product\/aluminium-lightbox-extrusion\/\" target=\"_blank\">Aluminium Lightbox Extrusion<\/a><\/li>\r\n<li><a href=\"https:\/\/sinoextrud.com\/product\/aluminium-6063\/\" target=\"_blank\">Aluminium 6063<\/a><\/li>"},"feature_list":[]},"_links":{"self":[{"href":"https:\/\/sinoextrud.com\/fi\/wp-json\/wp\/v2\/product\/8066","targetHints":{"allow":["GET"]}}],"collection":[{"href":"https:\/\/sinoextrud.com\/fi\/wp-json\/wp\/v2\/product"}],"about":[{"href":"https:\/\/sinoextrud.com\/fi\/wp-json\/wp\/v2\/types\/product"}],"wp:attachment":[{"href":"https:\/\/sinoextrud.com\/fi\/wp-json\/wp\/v2\/media?parent=8066"}],"wp:term":[{"taxonomy":"category","embeddable":true,"href":"https:\/\/sinoextrud.com\/fi\/wp-json\/wp\/v2\/categories?post=8066"}],"curies":[{"name":"wp","href":"https:\/\/api.w.org\/{rel}","templated":true}]}}