{"id":8060,"date":"2025-06-12T07:17:05","date_gmt":"2025-06-12T07:17:05","guid":{"rendered":"https:\/\/sinoextrud.com\/product\/t-slot-aluminum-profile\/"},"modified":"2025-06-24T06:22:58","modified_gmt":"2025-06-24T06:22:58","slug":"t-aukko-alumiiniprofiili","status":"publish","type":"product","link":"https:\/\/sinoextrud.com\/fi\/product\/t-slot-aluminum-profile\/","title":{"rendered":"T-urainen alumiiniprofiili"},"content":{"rendered":"<h2>Tuotteiden tiedot<\/h2>\n<table class=\"custom-table\">\n<tr>\n<td class=\"label\">Tuotteen nimi<\/td>\n<td>T-urallinen alumiiniprofiili<\/td>\n<\/tr>\n<tr>\n<td class=\"label\">Materiaali<\/td>\n<td>6063<\/td>\n<\/tr>\n<tr>\n<td class=\"label\">Temper<\/td>\n<td>T5, T6<\/td>\n<\/tr>\n<tr>\n<td class=\"label\">Paksuus<\/td>\n<td>Profiilin paksuus 1.0mm<\/td>\n<\/tr>\n<tr>\n<td class=\"label\">Pituus<\/td>\n<td>5,8 m per kappale. R\u00e4\u00e4t\u00e4l\u00f6ity pyynt\u00f6 saatavilla<\/td>\n<\/tr>\n<tr>\n<td class=\"label\">Muoto<\/td>\n<td>neli\u00f6 sama kuin kuvassa. r\u00e4\u00e4t\u00e4l\u00f6ity saatavilla<\/td>\n<\/tr>\n<tr>\n<td class=\"label\">Pintak\u00e4sittely<\/td>\n<td>Jauhemaalin v\u00e4rin paksuus: 80 micorn.<\/td>\n<\/tr>\n<tr>\n<td class=\"label\">V\u00e4ri<\/td>\n<td>Valkoinen<\/td>\n<\/tr>\n<tr>\n<td class=\"label\">Hakemus<\/td>\n<td>Koneen tuotantolinja, kuljetuskisko<\/td>\n<\/tr>\n<tr>\n<td class=\"label\">Syv\u00e4 prosessi<\/td>\n<td>CNC, poraus, leikkaus, hitsaus, kokoonpano<\/td>\n<\/tr>\n<tr>\n<td class=\"label\">MOQ<\/td>\n<td>200 kg kutakin tuotetta kohti<\/td>\n<\/tr>\n<tr>\n<td class=\"label\">Tuotantokapasiteetti<\/td>\n<td>15 000 tonnia kuukausittain<\/td>\n<\/tr>\n<tr>\n<td class=\"label\">Todistus ja standardi<\/td>\n<td>1) ISO9001-2008\/ISO 9001:2008;<br \/>\n2) CQM-sertifiointi;<br \/>\n3) SGS, BV, ROSH saatavilla<\/td>\n<\/tr>\n<tr>\n<td class=\"label\">Takuu<\/td>\n<td>Pinnan v\u00e4ri voi olla vakaa 10~20 vuotta sis\u00e4k\u00e4yt\u00f6ss\u00e4.<\/td>\n<\/tr>\n<tr>\n<td class=\"label\">Pakkaustiedot<\/td>\n<td>Sis\u00e4puoli : pakattu muovikalvolla jokaisen kappaleen suojaamiseksi.<br \/>\nUlkona: K\u00e4\u00e4ri niput vedenpit\u00e4v\u00e4ll\u00e4 askartelupaperilla tai EPE-kalvolla. Mukautettu requesti saatavilla<\/td>\n<\/tr>\n<tr>\n<td class=\"label\">L\u00e4pimenoaika<\/td>\n<td>Die Kehitt\u00e4minen ja n\u00e4ytteen testaus: 12-18 p\u00e4iv\u00e4\u00e4.<br \/>\nMassatuotanto: 20-30 p\u00e4iv\u00e4\u00e4.<\/td>\n<\/tr>\n<tr>\n<td class=\"label\">FOB-satama<\/td>\n<td>Shenzhen \/ Guangzhou \/ Foshan<\/td>\n<\/tr>\n<tr>\n<td class=\"label\">Maksuehdot<\/td>\n<td>T\/T 30% talletus, saldo ennen toimitusta.<\/td>\n<\/tr>\n<\/table>\n<h2>Tuotantopohjamme<\/h2>\n<h3>Tehtaan panoraama<\/h3>\n<p><img decoding=\"async\" src=\"\/wp-content\/uploads\/factory-01.webp\"\/><\/p>\n<h3>Alumiini Bar Manufacturing Workshop<\/h3>\n<p><img decoding=\"async\" src=\"\/wp-content\/uploads\/factory-02.webp\"\/><\/p>\n<\/p>\n<p><img decoding=\"async\" src=\"\/wp-content\/uploads\/factory-03.webp\"\/><\/p>\n<h3>Muotin varastointi Varasto<\/h3>\n<p><img decoding=\"async\" src=\"\/wp-content\/uploads\/factory-04.webp\"\/><\/p>\n<h3>43 Alumiini ekstruusiolinjat (500\u00e2 5500 tonnia)<\/h3>\n<p><img decoding=\"async\" src=\"\/wp-content\/uploads\/factory-05.webp\"\/><\/p>\n<p><img decoding=\"async\" src=\"\/wp-content\/uploads\/factory-06.webp\"\/><\/p>\n<p><img decoding=\"async\" src=\"\/wp-content\/uploads\/factory-07.webp\"\/><\/p>\n<h3>Jauhemaalaus ty\u00f6paja<\/h3>\n<p><img decoding=\"async\" src=\"\/wp-content\/uploads\/factory-09.webp\"\/><\/p>\n<h3>Anodisointi ty\u00f6paja<\/h3>\n<p><img decoding=\"async\" src=\"\/wp-content\/uploads\/factory-10.webp\"\/><\/p>\n<h3>Syv\u00e4k\u00e4sittelyn ty\u00f6paja<\/h3>\n<p><img decoding=\"async\" src=\"\/wp-content\/uploads\/factory-11.webp\"\/><\/p>\n<h3>CNC-tarkkuuskoneistus ty\u00f6paja<\/h3>\n<p><img decoding=\"async\" src=\"\/wp-content\/uploads\/factory-11.5.webp\"\/><\/p>\n<h3>Valmiiden tuotteiden ja vientivarasto<\/h3>\n<p><img decoding=\"async\" src=\"\/wp-content\/uploads\/factory-12.webp\"\/><\/p>\n<p><img decoding=\"async\" src=\"\/wp-content\/uploads\/factory-13.webp\"\/><\/p>\n<p><img decoding=\"async\" src=\"\/wp-content\/uploads\/factory-14.webp\"\/><\/p>\n<h2>FAQ<\/h2>\n<p><b>1.Mik\u00e4 tekee T-ura alumiiniprofiili ihanteellinen mukautetun kehykset ja rakenteet? <\/b><\/p>\n<p> T-ura-alumiiniprofiilit ovat monipuolisia, helppoja koota ja eritt\u00e4in muokattavia, joten k\u00e4ytt\u00e4j\u00e4t voivat rakentaa ainutlaatuisia ja joustavia rakenteita erilaisiin sovelluksiin.\n<\/p>\n<p><\/p>\n<p><b>2.Can T-aukko alumiiniprofiili voidaan r\u00e4\u00e4t\u00e4l\u00f6id\u00e4? <\/b><\/p>\n<p> Kyll\u00e4, n\u00e4it\u00e4 profiileja voidaan r\u00e4\u00e4t\u00e4l\u00f6id\u00e4 koon, pituuden ja muotoilun osalta vastaamaan erityisi\u00e4 projektivaatimuksia ja sovelluksia.\n<\/p>\n<p><\/p>\n<p><b>3.How kest\u00e4v\u00e4 on T-urat alumiiniprofiili? <\/b><\/p>\n<p> T-ura-alumiiniprofiilit ovat eritt\u00e4in kest\u00e4vi\u00e4 korroosionkest\u00e4vien ominaisuuksiensa ansiosta, ja ne takaavat pitk\u00e4aikaisen suorituskyvyn my\u00f6s vaativissa ymp\u00e4rist\u00f6iss\u00e4.\n<\/p>\n<p><\/p>\n<p><b>4.What toimialat hy\u00f6tyv\u00e4t T-ura alumiiniprofiili? <\/b><\/p>\n<p> T-ura-alumiiniprofiileja k\u00e4ytet\u00e4\u00e4n laajalti sellaisilla teollisuudenaloilla kuin automaatio, robotiikka, materiaalink\u00e4sittely ja rakentaminen r\u00e4\u00e4t\u00e4l\u00f6ityjen kehysten ja tukirakenteiden rakentamiseen.\n<\/p>\n<p><\/p>\n<p><b>5.Onko T-urallinen alumiiniprofiili helppo asentaa ja muokata? <\/b><\/p>\n<p> Kyll\u00e4, T-urallisten alumiiniprofiilien modulaarinen rakenne mahdollistaa helpon asennuksen ja tulevat muutokset, mik\u00e4 v\u00e4hent\u00e4\u00e4 asennusaikaa ja tarjoaa joustavuutta pitk\u00e4ll\u00e4 aikav\u00e4lill\u00e4.\n<\/p>\n<p><\/p>\n<p><b>6.Miten T-urainen alumiiniprofiili parantaa j\u00e4rjestelm\u00e4n suorituskyky\u00e4? <\/b><\/p>\n<p> N\u00e4m\u00e4 profiilit tarjoavat vahvan ja vakaan tuen, mutta s\u00e4ilytt\u00e4v\u00e4t samalla joustavuuden suunnittelumuutoksia varten, mik\u00e4 parantaa automaatioj\u00e4rjestelmien tehokkuutta ja mukautuvuutta.\n<\/p>\n<p><\/p>\n<p><b>7.Is T-ura alumiiniprofiili ymp\u00e4rist\u00f6yst\u00e4v\u00e4llinen? <\/b><\/p>\n<p> Kyll\u00e4, alumiini on t\u00e4ysin kierr\u00e4tett\u00e4v\u00e4\u00e4, joten T-uraiset alumiiniprofiilit ovat ymp\u00e4rist\u00f6yst\u00e4v\u00e4llinen valinta kest\u00e4vien rakenteiden rakentamiseen.\n<\/p>\n<p><\/p>","protected":false},"featured_media":8059,"template":"","categories":[54],"class_list":["post-8060","product","type-product","status-publish","has-post-thumbnail","hentry","category-industrial-aluminum-profiles"],"meta_box":{"hilight_text_group":{"product_hilight_text":"<li>Versatile T-slot aluminum profiles for building custom frames, structures, and workstations<\/li>\r\r\n<li>Durable and corrosion-resistant, ensuring long-lasting performance in various industrial environments<\/li>\r\r\n<li>Easy to assemble and modify, offering flexibility for future adjustments and upgrades<\/li>\r\r\n<li>Lightweight yet strong, providing excellent support without adding excess weight<\/li>\r\r\n<li>Customizable sizes and lengths to meet specific project needs<\/li>\r\r\n<li>Efficient for use in automation, robotics, and material handling systems<\/li>\r\r\n<li>Eco-friendly, made from recyclable aluminum material<\/li>","product_chanpin_blog":"<ul>\r\r\n<li><a href=\"https:\/\/sinoextrud.com\/t-slot-v-slot-differences\/\" target=\"_blank\">t slot vs v slot<\/a><\/li>\r\r\n<li><a href=\"https:\/\/sinoextrud.com\/what-is-4040-aluminium-extrud\/\" target=\"_blank\">4040 aluminium extrusion<\/a><\/li>\r\r\n<li><a href=\"https:\/\/sinoextrud.com\/what-is-4040-aluminium-extrud\/\" target=\"_blank\">aluminum extrusions for industrial racks<\/a><\/li>\r\r\n<li><a href=\"https:\/\/sinoextrud.com\/powder-coating-aluminium-process\/\" target=\"_blank\">powder coating aluminium<\/a><\/li>\r\r\n<li><a href=\"https:\/\/sinoextrud.com\/what-is-an-aluminium-strip-ceiling\/\" target=\"_blank\">aluminium strip ceiling<\/a><\/li>\r\r\n<li><a href=\"https:\/\/sinoextrud.com\/what-is-a-heat-sink\/\" target=\"_blank\">what is a heat sink<\/a><\/li>\r\r\n<\/ul>","product_chanpin_chanpin":"<li><a href=\"https:\/\/sinoextrud.com\/product\/customized-led-strip-light-aluminium-profile-led-aluminum-extrusion\/\" target=\"_blank\">Customized LED Strip Light Aluminium Profile  LED Aluminum Extrusion<\/a><\/li>\r\n<li><a href=\"https:\/\/sinoextrud.com\/product\/industrial-aluminum-extrusion-profile\/\" target=\"_blank\">Industrial Aluminum Extrusion Profile<\/a><\/li>\r\n<li><a href=\"https:\/\/sinoextrud.com\/product\/j-section-aluminum-extrusion\/\" target=\"_blank\">J Section Aluminum Extrusion<\/a><\/li>\r\n<li><a href=\"https:\/\/sinoextrud.com\/product\/linear-rail-aluminum-extrusion\/\" target=\"_blank\">Linear Rail Aluminum Extrusion<\/a><\/li>\r\n<li><a href=\"https:\/\/sinoextrud.com\/product\/t-slot-aluminum-profile\/\" target=\"_blank\">T-slot Aluminum Profile<\/a><\/li>\r\n<li><a href=\"https:\/\/sinoextrud.com\/product\/t-shaped-aluminium-profile\/\" target=\"_blank\">T Shaped Aluminium Profile<\/a><\/li>\r\n<li><a href=\"https:\/\/sinoextrud.com\/product\/slotted-aluminum-extrusion\/\" target=\"_blank\">Slotted Aluminum Extrusion<\/a><\/li>\r\n<li><a href=\"https:\/\/sinoextrud.com\/product\/octagon-aluminum-extrusion\/\" target=\"_blank\">Octagon Aluminum Extrusion<\/a><\/li>\r\n<li><a href=\"https:\/\/sinoextrud.com\/product\/t-shape-aluminum-extruded-profile\/\" target=\"_blank\">T Shape Aluminum Extruded Profile<\/a><\/li>\r\n<li><a href=\"https:\/\/sinoextrud.com\/product\/medical-instrument-aluminum-profile\/\" target=\"_blank\">Medical Instrument Aluminum Profile<\/a><\/li>\r\n<li><a href=\"https:\/\/sinoextrud.com\/product\/j-section-aluminum-extrusion\/\" target=\"_blank\">J Section Aluminum Extrusion<\/a><\/li>"},"feature_list":[]},"_links":{"self":[{"href":"https:\/\/sinoextrud.com\/fi\/wp-json\/wp\/v2\/product\/8060","targetHints":{"allow":["GET"]}}],"collection":[{"href":"https:\/\/sinoextrud.com\/fi\/wp-json\/wp\/v2\/product"}],"about":[{"href":"https:\/\/sinoextrud.com\/fi\/wp-json\/wp\/v2\/types\/product"}],"wp:featuredmedia":[{"embeddable":true,"href":"https:\/\/sinoextrud.com\/fi\/wp-json\/wp\/v2\/media\/8059"}],"wp:attachment":[{"href":"https:\/\/sinoextrud.com\/fi\/wp-json\/wp\/v2\/media?parent=8060"}],"wp:term":[{"taxonomy":"category","embeddable":true,"href":"https:\/\/sinoextrud.com\/fi\/wp-json\/wp\/v2\/categories?post=8060"}],"curies":[{"name":"wp","href":"https:\/\/api.w.org\/{rel}","templated":true}]}}