{"id":8042,"date":"2025-06-12T06:52:07","date_gmt":"2025-06-12T06:52:07","guid":{"rendered":"https:\/\/sinoextrud.com\/product\/extruded-decorative-aluminum-railing-systems\/"},"modified":"2025-06-24T06:22:55","modified_gmt":"2025-06-24T06:22:55","slug":"suulakepuristetut-koristeelliset-alumiinikaidejarjestelmat","status":"publish","type":"product","link":"https:\/\/sinoextrud.com\/fi\/product\/extruded-decorative-aluminum-railing-systems\/","title":{"rendered":"Suulakepuristetut koristeelliset alumiinikaidej\u00e4rjestelm\u00e4t"},"content":{"rendered":"<h2>Tuotteiden tiedot<\/h2>\n<table class=\"custom-table\">\n<tbody>\n<tr>\n<td> Luokka:<\/td>\n<td> 6063 -t5<\/td>\n<\/tr>\n<tr>\n<td> Tekniikka:<\/td>\n<td> Suulakepuristetut koristeelliset alumiinikaidej\u00e4rjestelm\u00e4t<\/td>\n<\/tr>\n<tr>\n<td> Temperamentti:<\/td>\n<td> T3 - T8<\/td>\n<\/tr>\n<tr>\n<td> Koneistuspalvelut:<\/td>\n<td> Poraus, kierteitys, niittaus, kokoonpano jne.<\/td>\n<\/tr>\n<tr>\n<td> Tavaramerkki:<\/td>\n<td> Sinoextrud Sinoextrud Sinoextrud <\/td>\n<\/tr>\n<tr>\n<td> Tyyppi:<\/td>\n<td> Suulakepuristetut koristeelliset alumiinikaidej\u00e4rjestelm\u00e4t<\/td>\n<\/tr>\n<tr>\n<td> Muoto:<\/td>\n<td> Valmistettu asiakkaiden suunnittelemana<\/td>\n<\/tr>\n<tr>\n<td> Pintak\u00e4sittely:<\/td>\n<td> Mill Finish Anodisoitu Harjattu<\/td>\n<\/tr>\n<tr>\n<td> Pituus:<\/td>\n<td> 1m - 9m per pituus<\/td>\n<\/tr>\n<tr>\n<td> V\u00e4rit:<\/td>\n<td> Hopea Musta<\/td>\n<\/tr>\n<tr>\n<td> HS-koodi:<\/td>\n<td> 76042990<\/td>\n<\/tr>\n<\/tbody>\n<\/table>\n<h2>Tuotantopohjamme<\/h2>\n<h3>Tehtaan panoraama<\/h3>\n<p><img decoding=\"async\" src=\"\/wp-content\/uploads\/factory-01.webp\"\/><\/p>\n<h3>Alumiini Bar Manufacturing Workshop<\/h3>\n<p><img decoding=\"async\" src=\"\/wp-content\/uploads\/factory-02.webp\"\/><\/p>\n<p><img decoding=\"async\" src=\"\/wp-content\/uploads\/factory-03.webp\"\/><\/p>\n<h3>Muotin varastointi Varasto<\/h3>\n<p><img decoding=\"async\" src=\"\/wp-content\/uploads\/factory-04.webp\"\/><\/p>\n<h3>43 Alumiini ekstruusiolinjat (500\u00e2 5500 tonnia)<\/h3>\n<p><img decoding=\"async\" src=\"\/wp-content\/uploads\/factory-05.webp\"\/><\/p>\n<p><img decoding=\"async\" src=\"\/wp-content\/uploads\/factory-06.webp\"\/><\/p>\n<p><img decoding=\"async\" src=\"\/wp-content\/uploads\/factory-07.webp\"\/><\/p>\n<h3>Jauhemaalaus ty\u00f6paja<\/h3>\n<p><img decoding=\"async\" src=\"\/wp-content\/uploads\/factory-09.webp\"\/><\/p>\n<h3>Anodisointi ty\u00f6paja<\/h3>\n<p><img decoding=\"async\" src=\"\/wp-content\/uploads\/factory-10.webp\"\/><\/p>\n<h3>Syv\u00e4k\u00e4sittelyn ty\u00f6paja<\/h3>\n<p><img decoding=\"async\" src=\"\/wp-content\/uploads\/factory-11.webp\"\/><\/p>\n<h3>CNC-tarkkuuskoneistus ty\u00f6paja<\/h3>\n<p><img decoding=\"async\" src=\"\/wp-content\/uploads\/factory-11.5.webp\"\/><\/p>\n<h3>Valmiiden tuotteiden ja vientivarasto<\/h3>\n<p><img decoding=\"async\" src=\"\/wp-content\/uploads\/factory-12.webp\"\/><\/p>\n<p><img decoding=\"async\" src=\"\/wp-content\/uploads\/factory-13.webp\"\/><\/p>\n<p><img decoding=\"async\" src=\"\/wp-content\/uploads\/factory-14.webp\"\/><\/p>\n<h2>FAQ<\/h2>\n<p><p><b>1.What ovat suulakepuristettua koriste alumiini kaidej\u00e4rjestelm\u00e4t k\u00e4ytet\u00e4\u00e4n?<\/b><\/p>\n<p>Suulakepuristettua koristealumiinikaidej\u00e4rjestelmi\u00e4 k\u00e4ytet\u00e4\u00e4n visuaalisesti houkuttelevien ja kest\u00e4vien kaideratkaisujen luomiseen sek\u00e4 asuin- ett\u00e4 liikekiinteist\u00f6ihin.<br \/>\n<\/p><br \/>\n<br \/>\n<p><b>2.Miksi alumiini on hyv\u00e4 valinta koristeellisiin kaiteisiin?<\/b><\/p>\n<p>Alumiini on kevytt\u00e4, korroosionkest\u00e4v\u00e4\u00e4 ja vahvaa, joten se on ihanteellinen materiaali koristeellisiin kaiteisiin, joiden on toimittava hyvin ja s\u00e4ilytett\u00e4v\u00e4 ulkon\u00e4k\u00f6ns\u00e4 ajan my\u00f6t\u00e4.<br \/>\n<\/p><br \/>\n<br \/>\n<p><b>3.Can suulakepuristettua koriste alumiini kaidej\u00e4rjestelm\u00e4t voidaan r\u00e4\u00e4t\u00e4l\u00f6id\u00e4?<\/b><\/p>\n<p>Kyll\u00e4, n\u00e4m\u00e4 kaidej\u00e4rjestelm\u00e4t voidaan r\u00e4\u00e4t\u00e4l\u00f6id\u00e4 muodon, koon ja viimeistelyn osalta vastaamaan tiettyj\u00e4 arkkitehtonisia malleja ja esteettisi\u00e4 mieltymyksi\u00e4.<br \/>\n<\/p><br \/>\n<br \/>\n<p><b>4.Ovatko suulakepuristetut koristeelliset alumiinikaidej\u00e4rjestelm\u00e4t soveltuvat ulkok\u00e4ytt\u00f6\u00f6n?<\/b><\/p>\n<p>Kyll\u00e4, niiden korroosionkest\u00e4vyys ja s\u00e4\u00e4nkest\u00e4vyys tekev\u00e4t niist\u00e4 t\u00e4ydellisi\u00e4 ulkok\u00e4ytt\u00f6\u00f6n ja kest\u00e4v\u00e4t vaativia ymp\u00e4rist\u00f6olosuhteita.<br \/>\n<\/p><br \/>\n<br \/>\n<p><b>5.Miten suulakepuristetut koristeelliset alumiinikaidej\u00e4rjestelm\u00e4t parantavat turvallisuutta?<\/b><\/p>\n<p>N\u00e4m\u00e4 kaidej\u00e4rjestelm\u00e4t tarjoavat vankan rakenteellisen tuen, joka takaa turvallisuuden ja tarjoaa samalla tyylikk\u00e4\u00e4n muotoilun, joka t\u00e4ydent\u00e4\u00e4 ymp\u00e4r\u00f6iv\u00e4\u00e4 arkkitehtuuria.<br \/>\n<\/p><br \/>\n<br \/>\n<p><b>6.Ovatko n\u00e4m\u00e4 kaidej\u00e4rjestelm\u00e4t v\u00e4h\u00e4n huoltoa vaativia?<\/b><\/p>\n<p>Kyll\u00e4, suulakepuristetut koristeelliset alumiinikaidej\u00e4rjestelm\u00e4t vaativat vain v\u00e4h\u00e4n huoltoa korroosionkest\u00e4vyytens\u00e4 ja kest\u00e4v\u00e4n pintak\u00e4sittelyns\u00e4 ansiosta, mik\u00e4 tekee niist\u00e4 kustannustehokkaita ajan mittaan.<br \/>\n<\/p><br \/>\n<br \/>\n<p><b>7.Mitk\u00e4 teollisuudenalat hy\u00f6tyv\u00e4t puristetut koristeelliset alumiinikaidej\u00e4rjestelm\u00e4t?<\/b><\/p>\n<p>Rakentamisen, arkkitehtuurin ja kiinteist\u00f6alan kaltaiset alat hy\u00f6tyv\u00e4t n\u00e4ist\u00e4 kaidej\u00e4rjestelmist\u00e4 sek\u00e4 koristeellisissa ett\u00e4 toiminnallisissa tarkoituksissa kaupallisissa ja asuinrakennushankkeissa.<br \/>\n<\/p><br \/><\/p>","protected":false},"featured_media":8041,"template":"","categories":[54],"class_list":["post-8042","product","type-product","status-publish","has-post-thumbnail","hentry","category-industrial-aluminum-profiles"],"meta_box":{"hilight_text_group":{"product_hilight_text":"<li>Elegant design with high-strength aluminum for both aesthetics and durability.<\/li>\r\r\n<li>Corrosion-resistant and weatherproof, making it ideal for outdoor and high-moisture environments.<\/li>\r\r\n<li>Customizable profiles to suit various architectural and decorative needs.<\/li>\r\r\n<li>Low maintenance requirements, ensuring long-term beauty and performance.<\/li>\r\r\n<li>Easy installation with lightweight components, reducing labor and setup costs.<\/li>","product_chanpin_blog":"<ul>\r\r\n<li><a href=\"https:\/\/sinoextrud.com\/t-slot-v-slot-differences\/\" target=\"_blank\">t slot vs v slot<\/a><\/li>\r\r\n<li><a href=\"https:\/\/sinoextrud.com\/what-is-4040-aluminium-extrud\/\" target=\"_blank\">4040 aluminium extrusion<\/a><\/li>\r\r\n<li><a href=\"https:\/\/sinoextrud.com\/what-is-4040-aluminium-extrud\/\" target=\"_blank\">aluminum extrusions for industrial racks<\/a><\/li>\r\r\n<li><a href=\"https:\/\/sinoextrud.com\/powder-coating-aluminium-process\/\" target=\"_blank\">powder coating aluminium<\/a><\/li>\r\r\n<li><a href=\"https:\/\/sinoextrud.com\/what-is-an-aluminium-strip-ceiling\/\" target=\"_blank\">aluminium strip ceiling<\/a><\/li>\r\r\n<li><a href=\"https:\/\/sinoextrud.com\/what-is-a-heat-sink\/\" target=\"_blank\">what is a heat sink<\/a><\/li>\r\r\n<\/ul>","product_chanpin_chanpin":"<li><a href=\"https:\/\/sinoextrud.com\/product\/t-slot-extruded-aluminum-profile-cutting-for-sale-by-weight-of-aluminum-section-open-extrusion-die\/\" target=\"_blank\">t slot extruded aluminum profile cutting for sale by weight of aluminum section open extrusion die<\/a><\/li>\r\n<li><a href=\"https:\/\/sinoextrud.com\/product\/oem-aluminum-extusion-profile-led-light-strip-channel\/\" target=\"_blank\">OEM Aluminum Extusion Profile Led Light strip channel<\/a><\/li>\r\n<li><a href=\"https:\/\/sinoextrud.com\/product\/extruded-aluminum-shelving\/\" target=\"_blank\">Extruded Aluminum Shelving<\/a><\/li>\r\n<li><a href=\"https:\/\/sinoextrud.com\/product\/extruded-aluminum-structural-framing\/\" target=\"_blank\">Extruded Aluminum Structural Framing<\/a><\/li>\r\n<li><a href=\"https:\/\/sinoextrud.com\/product\/extruded-decorative-aluminum-railing-systems\/\" target=\"_blank\">Extruded Decorative Aluminum Railing Systems<\/a><\/li>\r\n<li><a href=\"https:\/\/sinoextrud.com\/product\/led-aluminum-profile-strip-heatsink\/\" target=\"_blank\">Led Aluminum Profile Strip Heatsink<\/a><\/li>\r\n<li><a href=\"https:\/\/sinoextrud.com\/product\/led-aluminum-profile-with-heatsink\/\" target=\"_blank\">Led Aluminum Profile With Heatsink<\/a><\/li>\r\n<li><a href=\"https:\/\/sinoextrud.com\/product\/heatsink-aluminum-profiles\/\" target=\"_blank\">Heatsink Aluminum Profiles<\/a><\/li>\r\n<li><a href=\"https:\/\/sinoextrud.com\/product\/t-slot-aluminum-extrusion-profile-for-industrial-assembly-line\/\" target=\"_blank\">T Slot Aluminum Extrusion Profile For Industrial Assembly Line<\/a><\/li>\r\n<li><a href=\"https:\/\/sinoextrud.com\/product\/h-channel-aluminum-extrusion\/\" target=\"_blank\">H Channel Aluminum Extrusion<\/a><\/li>\r\n<li><a href=\"https:\/\/sinoextrud.com\/product\/high-precision-aluminum-extrusion-profile-cnc-machining-accessory-parts\/\" target=\"_blank\">High Precision Aluminum extrusion Profile CNC Machining Accessory Parts<\/a><\/li>"},"feature_list":[]},"_links":{"self":[{"href":"https:\/\/sinoextrud.com\/fi\/wp-json\/wp\/v2\/product\/8042","targetHints":{"allow":["GET"]}}],"collection":[{"href":"https:\/\/sinoextrud.com\/fi\/wp-json\/wp\/v2\/product"}],"about":[{"href":"https:\/\/sinoextrud.com\/fi\/wp-json\/wp\/v2\/types\/product"}],"wp:featuredmedia":[{"embeddable":true,"href":"https:\/\/sinoextrud.com\/fi\/wp-json\/wp\/v2\/media\/8041"}],"wp:attachment":[{"href":"https:\/\/sinoextrud.com\/fi\/wp-json\/wp\/v2\/media?parent=8042"}],"wp:term":[{"taxonomy":"category","embeddable":true,"href":"https:\/\/sinoextrud.com\/fi\/wp-json\/wp\/v2\/categories?post=8042"}],"curies":[{"name":"wp","href":"https:\/\/api.w.org\/{rel}","templated":true}]}}