{"id":8036,"date":"2025-06-12T06:46:54","date_gmt":"2025-06-12T06:46:54","guid":{"rendered":"https:\/\/sinoextrud.com\/product\/oem-aluminum-extusion-profile-led-light-strip-channel\/"},"modified":"2025-06-24T06:22:54","modified_gmt":"2025-06-24T06:22:54","slug":"oem-alumiini-ekstruusioprofiili-led-valonauhat-kanava","status":"publish","type":"product","link":"https:\/\/sinoextrud.com\/fi\/product\/oem-aluminum-extusion-profile-led-light-strip-channel\/","title":{"rendered":"OEM Alumiini Extusion Profile Led Light nauhat kanava"},"content":{"rendered":"<h2>Tuotteiden tiedot<\/h2>\n<table class=\"custom-table\">\n<tbody>\n<tr>\n<td>           Pintak\u00e4sittely<\/td>\n<td>           Anodisointi, kiillotus, pyydett\u00e4ess\u00e4<\/td>\n<\/tr>\n<tr>\n<td>           Materiaali ja l\u00e4mp\u00f6tila<\/td>\n<td>           Seos 6063-T5,6061-T6<\/td>\n<\/tr>\n<tr>\n<td>           Pituus<\/td>\n<td>           5.8M tai r\u00e4\u00e4t\u00e4l\u00f6ity<\/td>\n<\/tr>\n<tr>\n<td>           V\u00e4ri<\/td>\n<td>           Sliver, pronssi, samppanja, tai pyydett\u00e4ess\u00e4<\/td>\n<\/tr>\n<tr>\n<td>           Paksuus<\/td>\n<td>           R\u00e4\u00e4t\u00e4l\u00f6ity<\/td>\n<\/tr>\n<tr>\n<td>           Luokka<\/td>\n<td>           6000-sarja<\/td>\n<\/tr>\n<tr>\n<td>           Hakemus<\/td>\n<td>           Arkkitehtuurialumiini, yleinen teollisuusalumiini<\/td>\n<\/tr>\n<tr>\n<td>           Tyyppi<\/td>\n<td>           6063<\/td>\n<\/tr>\n<tr>\n<td>           Pinnan viimeistely<\/td>\n<td>           Anodisoitu alumiini<\/td>\n<\/tr>\n<tr>\n<td>           Seos tai ei<\/td>\n<td>           Onko seos<\/td>\n<\/tr>\n<tr>\n<td>           Temper<\/td>\n<td>           T3-T8<\/td>\n<\/tr>\n<tr>\n<td>           Muoto<\/td>\n<td>           vaatimuksenne mukaan<\/td>\n<\/tr>\n<\/tbody>\n<\/table>\n<h2>Tuotantopohjamme<\/h2>\n<h3>Tehtaan panoraama<\/h3>\n<p><img decoding=\"async\" src=\"\/wp-content\/uploads\/factory-01.webp\"\/><\/p>\n<h3>Alumiini Bar Manufacturing Workshop<\/h3>\n<p><img decoding=\"async\" src=\"\/wp-content\/uploads\/factory-02.webp\"\/><\/p>\n<p><img decoding=\"async\" src=\"\/wp-content\/uploads\/factory-03.webp\"\/><\/p>\n<h3>Muotin varastointi Varasto<\/h3>\n<p><img decoding=\"async\" src=\"\/wp-content\/uploads\/factory-04.webp\"\/><\/p>\n<h3>43 Alumiini ekstruusiolinjat (500\u00e2 5500 tonnia)<\/h3>\n<p><img decoding=\"async\" src=\"\/wp-content\/uploads\/factory-05.webp\"\/><\/p>\n<p><img decoding=\"async\" src=\"\/wp-content\/uploads\/factory-06.webp\"\/><\/p>\n<p><img decoding=\"async\" src=\"\/wp-content\/uploads\/factory-07.webp\"\/><\/p>\n<h3>Jauhemaalaus ty\u00f6paja<\/h3>\n<p><img decoding=\"async\" src=\"\/wp-content\/uploads\/factory-09.webp\"\/><\/p>\n<h3>Anodisointi ty\u00f6paja<\/h3>\n<p><img decoding=\"async\" src=\"\/wp-content\/uploads\/factory-10.webp\"\/><\/p>\n<h3>Syv\u00e4k\u00e4sittelyn ty\u00f6paja<\/h3>\n<p><img decoding=\"async\" src=\"\/wp-content\/uploads\/factory-11.webp\"\/><\/p>\n<h3>CNC-tarkkuuskoneistus ty\u00f6paja<\/h3>\n<p><img decoding=\"async\" src=\"\/wp-content\/uploads\/factory-11.5.webp\"\/><\/p>\n<h3>Valmiiden tuotteiden ja vientivarasto<\/h3>\n<p><img decoding=\"async\" src=\"\/wp-content\/uploads\/factory-12.webp\"\/><\/p>\n<p><img decoding=\"async\" src=\"\/wp-content\/uploads\/factory-13.webp\"\/><\/p>\n<p><img decoding=\"async\" src=\"\/wp-content\/uploads\/factory-14.webp\"\/><\/p>\n<h2>FAQ<\/h2>\n<p><p><b>1.Mik\u00e4 on ensisijainen materiaali, jota k\u00e4ytet\u00e4\u00e4n OEM-alumiiniprofiilissa LED-valonauhakanaviin? <\/b><\/p>\n<p>OEM-alumiiniprofiili on valmistettu korkealaatuisesta alumiinista, joka tarjoaa LED-valoille erinomaisen kest\u00e4vyyden ja l\u00e4mm\u00f6nsiirtokyvyn.<br \/>\n<\/p><br \/>\n<br \/>\n<p><b>2.Mitk\u00e4 ovat alumiinin k\u00e4yt\u00f6n edut LED-valonauhakanavissa? <\/b><\/p>\n<p>Alumiini on korroosionkest\u00e4v\u00e4\u00e4, kevytt\u00e4 ja sill\u00e4 on erinomaiset l\u00e4mm\u00f6nsiirto-ominaisuudet, jotka auttavat pident\u00e4m\u00e4\u00e4n LED-valojen k\u00e4ytt\u00f6ik\u00e4\u00e4.<br \/>\n<\/p><br \/>\n<br \/>\n<p><b>3.Can OEM alumiini suulakepuristusprofiili voidaan r\u00e4\u00e4t\u00e4l\u00f6id\u00e4 eri LED-nauhan koot? <\/b><\/p>\n<p>Kyll\u00e4, OEM-alumiiniprofiili voidaan r\u00e4\u00e4t\u00e4l\u00f6id\u00e4 siten, ett\u00e4 se sopii monenlaisiin LED-nauhakokoihin, mik\u00e4 tekee siit\u00e4 monipuolisen valaistusratkaisun.<br \/>\n<\/p><br \/>\n<br \/>\n<p><b>4.Onko LED-nauhojen alumiiniprofiilin asennus helppoa? <\/b><\/p>\n<p>Kyll\u00e4, alumiiniprofiili on suunniteltu helposti asennettavaksi, sill\u00e4 se vaatii vain v\u00e4h\u00e4n ty\u00f6kaluja ja v\u00e4hent\u00e4\u00e4 asennusaikaa ja -kustannuksia.<br \/>\n<\/p><br \/>\n<br \/>\n<p><b>5.Mitk\u00e4 ovat LED-valonauhakanavien l\u00e4mm\u00f6npoiston edut? <\/b><\/p>\n<p>Tehokas l\u00e4mm\u00f6ntuotto varmistaa, ett\u00e4 LED-nauhat s\u00e4ilytt\u00e4v\u00e4t optimaalisen suorituskyvyn ja pidemm\u00e4n k\u00e4ytt\u00f6i\u00e4n est\u00e4m\u00e4ll\u00e4 ylikuumenemisen.<br \/>\n<\/p><br \/>\n<br \/>\n<p><b>6.Can alumiiniprofiilia voidaan k\u00e4ytt\u00e4\u00e4 sek\u00e4 sis\u00e4- ett\u00e4 ulkok\u00e4ytt\u00f6\u00f6n? <\/b><\/p>\n<p>Kyll\u00e4, alumiiniprofiili soveltuu sek\u00e4 sis\u00e4- ett\u00e4 ulkok\u00e4ytt\u00f6\u00f6n ja tarjoaa joustavuutta erilaisiin valaistusprojekteihin.<br \/>\n<\/p><br \/>\n<br \/>\n<p><b>7.Onko OEM-alumiiniprofiilia saatavana eri viimeistelyiss\u00e4? <\/b><\/p>\n<p>Kyll\u00e4, alumiiniprofiilia on saatavana eri pintak\u00e4sittelyiss\u00e4, joten voit valita ymp\u00e4rist\u00f6\u00f6n sopivan esteettisen ratkaisun.<br \/>\n<\/p><br \/><\/p>","protected":false},"featured_media":8035,"template":"","categories":[54],"class_list":["post-8036","product","type-product","status-publish","has-post-thumbnail","hentry","category-industrial-aluminum-profiles"],"meta_box":{"hilight_text_group":{"product_hilight_text":"<ul>\r\r\n  <li>High-quality OEM aluminum extrusion profile for durable LED light strip channels.<\/li>\r\r\n  <li>Efficient heat dissipation to extend LED lifespan and maintain optimal performance.<\/li>\r\r\n  <li>Customizable design to fit various LED strip sizes for versatile lighting solutions.<\/li>\r\r\n  <li>Easy installation with minimal tools required, saving time and labor costs.<\/li>\r\r\n  <li>Corrosion-resistant and lightweight aluminum, ensuring long-term reliability.<\/li>\r\r\n  <li>Perfect for both indoor and outdoor applications, enhancing flexibility in design.<\/li>\r\r\n  <li>Available in various finishes, offering aesthetic versatility for different environments.<\/li>\r\r\n<\/ul>","product_chanpin_blog":"<ul>\r\r\n<li><a href=\"https:\/\/sinoextrud.com\/t-slot-v-slot-differences\/\" target=\"_blank\">t slot vs v slot<\/a><\/li>\r\r\n<li><a href=\"https:\/\/sinoextrud.com\/what-is-4040-aluminium-extrud\/\" target=\"_blank\">4040 aluminium extrusion<\/a><\/li>\r\r\n<li><a href=\"https:\/\/sinoextrud.com\/what-is-4040-aluminium-extrud\/\" target=\"_blank\">aluminum extrusions for industrial racks<\/a><\/li>\r\r\n<li><a href=\"https:\/\/sinoextrud.com\/powder-coating-aluminium-process\/\" target=\"_blank\">powder coating aluminium<\/a><\/li>\r\r\n<li><a href=\"https:\/\/sinoextrud.com\/what-is-an-aluminium-strip-ceiling\/\" target=\"_blank\">aluminium strip ceiling<\/a><\/li>\r\r\n<li><a href=\"https:\/\/sinoextrud.com\/what-is-a-heat-sink\/\" target=\"_blank\">what is a heat sink<\/a><\/li>\r\r\n<\/ul>","product_chanpin_chanpin":"<li><a href=\"https:\/\/sinoextrud.com\/product\/extruded-aluminum-electronic-enclosures\/\" target=\"_blank\">Extruded Aluminum Electronic Enclosures<\/a><\/li>\r\n<li><a href=\"https:\/\/sinoextrud.com\/product\/extruded-aluminum-for-outdoor-light-heat-sink\/\" target=\"_blank\">Extruded Aluminum For Outdoor Light Heat Sink<\/a><\/li>\r\n<li><a href=\"https:\/\/sinoextrud.com\/product\/t-aluminum-profile\/\" target=\"_blank\">T Aluminum Profile<\/a><\/li>\r\n<li><a href=\"https:\/\/sinoextrud.com\/product\/t-slot-extruded-aluminum-profile-cutting-for-sale-by-weight-of-aluminum-section-open-extrusion-die\/\" target=\"_blank\">t slot extruded aluminum profile cutting for sale by weight of aluminum section open extrusion die<\/a><\/li>\r\n<li><a href=\"https:\/\/sinoextrud.com\/product\/oem-aluminum-extusion-profile-led-light-strip-channel\/\" target=\"_blank\">OEM Aluminum Extusion Profile Led Light strip channel<\/a><\/li>\r\n<li><a href=\"https:\/\/sinoextrud.com\/product\/extruded-aluminum-shelving\/\" target=\"_blank\">Extruded Aluminum Shelving<\/a><\/li>\r\n<li><a href=\"https:\/\/sinoextrud.com\/product\/extruded-aluminum-structural-framing\/\" target=\"_blank\">Extruded Aluminum Structural Framing<\/a><\/li>\r\n<li><a href=\"https:\/\/sinoextrud.com\/product\/extruded-decorative-aluminum-railing-systems\/\" target=\"_blank\">Extruded Decorative Aluminum Railing Systems<\/a><\/li>\r\n<li><a href=\"https:\/\/sinoextrud.com\/product\/led-aluminum-profile-strip-heatsink\/\" target=\"_blank\">Led Aluminum Profile Strip Heatsink<\/a><\/li>\r\n<li><a href=\"https:\/\/sinoextrud.com\/product\/aluminum-handrail-systems\/\" target=\"_blank\">Aluminum Handrail Systems<\/a><\/li>\r\n<li><a href=\"https:\/\/sinoextrud.com\/product\/80-x-80-aluminium-extrusion\/\" target=\"_blank\">80 X 80 Aluminium Extrusion<\/a><\/li>"},"feature_list":[]},"_links":{"self":[{"href":"https:\/\/sinoextrud.com\/fi\/wp-json\/wp\/v2\/product\/8036","targetHints":{"allow":["GET"]}}],"collection":[{"href":"https:\/\/sinoextrud.com\/fi\/wp-json\/wp\/v2\/product"}],"about":[{"href":"https:\/\/sinoextrud.com\/fi\/wp-json\/wp\/v2\/types\/product"}],"wp:featuredmedia":[{"embeddable":true,"href":"https:\/\/sinoextrud.com\/fi\/wp-json\/wp\/v2\/media\/8035"}],"wp:attachment":[{"href":"https:\/\/sinoextrud.com\/fi\/wp-json\/wp\/v2\/media?parent=8036"}],"wp:term":[{"taxonomy":"category","embeddable":true,"href":"https:\/\/sinoextrud.com\/fi\/wp-json\/wp\/v2\/categories?post=8036"}],"curies":[{"name":"wp","href":"https:\/\/api.w.org\/{rel}","templated":true}]}}