{"id":8014,"date":"2025-06-12T06:24:05","date_gmt":"2025-06-12T06:24:05","guid":{"rendered":"https:\/\/sinoextrud.com\/product\/powder-coated-and-anodized-aluminium-profile-for-electric-frame-motor-housing-and-aluminum-enclosure\/"},"modified":"2025-06-24T06:22:50","modified_gmt":"2025-06-24T06:22:50","slug":"jauhemaalattu-ja-anodisoitu-alumiiniprofiili-sahkorunkoisen-moottorin-koteloa-ja-alumiinikoteloa-varten","status":"publish","type":"product","link":"https:\/\/sinoextrud.com\/fi\/product\/powder-coated-and-anodized-aluminium-profile-for-electric-frame-motor-housing-and-aluminum-enclosure\/","title":{"rendered":"Jauhemaalattu ja anodisoitu alumiiniprofiili s\u00e4hk\u00f6kehyksen moottorikoteloa ja alumiinikoteloa varten."},"content":{"rendered":"<h2>Tuotteiden tiedot<\/h2>\n<table class=\"custom-table\">\n<tbody>\n<tr>\n<td> Kohde:<\/td>\n<td> Jauhemaalattu ja anodisoitu alumiiniprofiili s\u00e4hk\u00f6kehyksen moottorikoteloa ja alumiinikoteloa varten.<\/td>\n<td> Luokka:<\/td>\n<td> 6000-sarja 6063<\/td>\n<\/tr>\n<tr>\n<td> Temperamentti:<\/td>\n<td> 6063-T5<\/td>\n<td> Alkuper\u00e4paikka:<\/td>\n<td> Foshan, Guangdong<\/td>\n<\/tr>\n<tr>\n<td> Muoto:<\/td>\n<td> U-muotoinen kanava<\/td>\n<td> Seos tai ei:<\/td>\n<td> Alunimun-seos<\/td>\n<\/tr>\n<tr>\n<td> Suvaitsevaisuus:<\/td>\n<td> \u00b10,5%<\/td>\n<td> Tuotemerkki:<\/td>\n<td> Sinoextrud, Sinoextrud<\/td>\n<\/tr>\n<tr>\n<td> Standardi:<\/td>\n<td> keski- ja korkea laatu<\/td>\n<td> Pintak\u00e4sittely:<\/td>\n<td> jauhemaalaus, elektroforeesi, puun jyv\u00e4, anodisoitu, harjattu, kiillotus<\/td>\n<\/tr>\n<tr>\n<td> Toimitusaika:<\/td>\n<td> 25-30 p\u00e4iv\u00e4\u00e4<\/td>\n<td> MOQ:<\/td>\n<td> 200KG<\/td>\n<\/tr>\n<tr>\n<td> Maksuehto:<\/td>\n<td> T \/ T (30% talletus), L \/ C<\/td>\n<td> K\u00e4sittelypalvelu:<\/td>\n<td> Taivutus, purku, hitsaus, l\u00e4vistys, leikkaus<\/td>\n<\/tr>\n<tr>\n<td> Satama:<\/td>\n<td> Guangzhou, Shenzhen\uff0cFoshan<\/td>\n<td> Pituus::<\/td>\n<td> 1-9m tai r\u00e4\u00e4t\u00e4l\u00f6ity<\/td>\n<\/tr>\n<\/tbody>\n<\/table>\n<h2>Tuotantopohjamme<\/h2>\n<h3>Tehtaan panoraama<\/h3>\n<p><img decoding=\"async\" src=\"\/wp-content\/uploads\/factory-01.webp\"\/><\/p>\n<h3>Alumiini Bar Manufacturing Workshop<\/h3>\n<p><img decoding=\"async\" src=\"\/wp-content\/uploads\/factory-02.webp\"\/><\/p>\n<\/p>\n<p><img decoding=\"async\" src=\"\/wp-content\/uploads\/factory-03.webp\"\/><\/p>\n<h3>Muotin varastointi Varasto<\/h3>\n<p><img decoding=\"async\" src=\"\/wp-content\/uploads\/factory-04.webp\"\/><\/p>\n<h3>43 alumiinin ekstruusiolinjat (500-5500 tonnia)<\/h3>\n<p><img decoding=\"async\" src=\"\/wp-content\/uploads\/factory-05.webp\"\/><\/p>\n<p><img decoding=\"async\" src=\"\/wp-content\/uploads\/factory-06.webp\"\/><\/p>\n<p><img decoding=\"async\" src=\"\/wp-content\/uploads\/factory-07.webp\"\/><\/p>\n<h3>Jauhemaalaus ty\u00f6paja<\/h3>\n<p><img decoding=\"async\" src=\"\/wp-content\/uploads\/factory-09.webp\"\/><\/p>\n<h3>Anodisointi ty\u00f6paja<\/h3>\n<p><img decoding=\"async\" src=\"\/wp-content\/uploads\/factory-10.webp\"\/><\/p>\n<h3>Syv\u00e4k\u00e4sittelyn ty\u00f6paja<\/h3>\n<p><img decoding=\"async\" src=\"\/wp-content\/uploads\/factory-11.webp\"\/><\/p>\n<h3>CNC-tarkkuuskoneistus ty\u00f6paja<\/h3>\n<p><img decoding=\"async\" src=\"\/wp-content\/uploads\/factory-11.5.webp\"\/><\/p>\n<h3>Valmiiden tuotteiden ja vientivarasto<\/h3>\n<p><img decoding=\"async\" src=\"\/wp-content\/uploads\/factory-12.webp\"\/><\/p>\n<p><img decoding=\"async\" src=\"\/wp-content\/uploads\/factory-13.webp\"\/><\/p>\n<p><img decoding=\"async\" src=\"\/wp-content\/uploads\/factory-14.webp\"\/><\/p>\n<h2>FAQ<\/h2>\n<p><b>1.Mik\u00e4 on jauhemaalattu ja anodisoitu alumiiniprofiili s\u00e4hk\u00f6kehysmoottorin kotelolle? <\/b><\/p>\n<p> Se on viimeistelty\u00e4 alumiinipuristetta, jota k\u00e4ytet\u00e4\u00e4n s\u00e4hk\u00f6moottorien koteloiden ja koteloiden valmistukseen ja joka tarjoaa kest\u00e4vyytt\u00e4, korroosionkest\u00e4vyytt\u00e4 ja l\u00e4mm\u00f6nhallintaa.\n<\/p>\n<p><\/p>\n<p><b>2.Miksi jauhemaalaus ja anodisointi alumiinikoteloissa? <\/b><\/p>\n<p> N\u00e4m\u00e4 pinnoitteet suojaavat erinomaisesti korroosiolta, kulumiselta ja UV-vaurioilta ja takaavat pitk\u00e4aikaisen luotettavuuden vaativissa ymp\u00e4rist\u00f6iss\u00e4.\n<\/p>\n<p><\/p>\n<p><b>3.Voidaanko alumiiniprofiileja r\u00e4\u00e4t\u00e4l\u00f6id\u00e4 s\u00e4hk\u00f6moottorin runkoihin? <\/b><\/p>\n<p> Kyll\u00e4, tarjoamme r\u00e4\u00e4t\u00e4l\u00f6ityj\u00e4 profiileja, mittoja ja viimeistelyj\u00e4 vastaamaan moottorin kotelon ja kotelon suunnitteluvaatimuksia.\n<\/p>\n<p><\/p>\n<p><b>4.Soveltuvatko n\u00e4m\u00e4 alumiiniprofiilit ulko- tai teollisuusymp\u00e4rist\u00f6ihin? <\/b><\/p>\n<p> Jauhemaalatut ja anodisoidut pinnat takaavat pitk\u00e4aikaisen suorituskyvyn ulko- ja teollisuusolosuhteissa.\n<\/p>\n<p><\/p>\n<p><b>5.Miten alumiini auttaa l\u00e4mm\u00f6nsiirtoa moottorikoteloissa? <\/b><\/p>\n<p> Alumiinin luonnollinen l\u00e4mm\u00f6njohtavuus auttaa johtamaan l\u00e4mp\u00f6\u00e4 pois sis\u00e4isist\u00e4 komponenteista, mik\u00e4 suojaa moottoreita ja elektroniikkaa.\n<\/p>\n<p><\/p>\n<p><b>6.Mitk\u00e4 ovat n\u00e4iden alumiiniprofiilien tyypilliset k\u00e4ytt\u00f6kohteet? <\/b><\/p>\n<p> Yleisi\u00e4 k\u00e4ytt\u00f6kohteita ovat esimerkiksi s\u00e4hk\u00f6moottorien kehykset, taajuusmuuttajakotelot, automaation ohjauskotelot ja teollisuuselektroniikan kotelot.\n<\/p>\n<p><\/p>\n<p><b>7.Onko alumiiniprofiili helppo ty\u00f6st\u00e4\u00e4 ja koota? <\/b><\/p>\n<p> Kyll\u00e4, profiilit on suunniteltu niin, ett\u00e4 ne on helppo ty\u00f6st\u00e4\u00e4, porata ja integroida tavallisiin kiinnitysj\u00e4rjestelmiin ja p\u00e4\u00e4tykomponentteihin.\n<\/p>\n<p><\/p>","protected":false},"featured_media":8013,"template":"","categories":[54],"class_list":["post-8014","product","type-product","status-publish","has-post-thumbnail","hentry","category-industrial-aluminum-profiles"],"meta_box":{"hilight_text_group":{"product_hilight_text":"<li>Durable powder coated and anodized finish for superior corrosion and wear resistance.<\/li>\r\r\n<li>Precision-extruded aluminium profile ensures accurate fitting and assembly.<\/li>\r\r\n<li>Ideal for electric motor housing, control boxes, and electronic enclosures.<\/li>\r\r\n<li>Lightweight yet strong, suitable for demanding industrial applications.<\/li>\r\r\n<li>Customizable shapes, sizes, and surface finishes for tailored solutions.<\/li>\r\r\n<li>Enhanced thermal conductivity helps with efficient heat dissipation.<\/li>\r\r\n<li>Low-maintenance material with long service life in harsh environments.<\/li>","product_chanpin_blog":"<ul>\r\r\n<li><a href=\"https:\/\/sinoextrud.com\/t-slot-v-slot-differences\/\" target=\"_blank\">t slot vs v slot<\/a><\/li>\r\r\n<li><a href=\"https:\/\/sinoextrud.com\/what-is-4040-aluminium-extrud\/\" target=\"_blank\">4040 aluminium extrusion<\/a><\/li>\r\r\n<li><a href=\"https:\/\/sinoextrud.com\/what-is-4040-aluminium-extrud\/\" target=\"_blank\">aluminum extrusions for industrial racks<\/a><\/li>\r\r\n<li><a href=\"https:\/\/sinoextrud.com\/powder-coating-aluminium-process\/\" target=\"_blank\">powder coating aluminium<\/a><\/li>\r\r\n<li><a href=\"https:\/\/sinoextrud.com\/what-is-an-aluminium-strip-ceiling\/\" target=\"_blank\">aluminium strip ceiling<\/a><\/li>\r\r\n<li><a href=\"https:\/\/sinoextrud.com\/what-is-a-heat-sink\/\" target=\"_blank\">what is a heat sink<\/a><\/li>\r\r\n<\/ul>","product_chanpin_chanpin":"<li><a href=\"https:\/\/sinoextrud.com\/product\/customized-extruded-aluminum-trailer-flooring\/\" target=\"_blank\">Customized Extruded Aluminum Trailer Flooring<\/a><\/li>\r\n<li><a href=\"https:\/\/sinoextrud.com\/product\/easy-assembly-bi-slotted-production-line-anodized-aluminium-t-slot-extrusion\/\" target=\"_blank\">Easy Assembly Bi-Slotted Production Line Anodized Aluminium T Slot Extrusion<\/a><\/li>\r\n<li><a href=\"https:\/\/sinoextrud.com\/product\/customized-industrial-aluminum-profile\/\" target=\"_blank\">Customized Industrial Aluminum Profile<\/a><\/li>\r\n<li><a href=\"https:\/\/sinoextrud.com\/product\/structural-aluminium-extrusions\/\" target=\"_blank\">Structural Aluminium Extrusions<\/a><\/li>\r\n<li><a href=\"https:\/\/sinoextrud.com\/product\/powder-coated-and-anodized-aluminium-profile-for-electric-frame-motor-housing-and-aluminum-enclosure\/\" target=\"_blank\">Powder coated and Anodized aluminium profile for electric frame motor housing and aluminum enclosure<\/a><\/li>\r\n<li><a href=\"https:\/\/sinoextrud.com\/product\/customized-powder-coated-anodized-aluminium-extrusion-profile-roller-shutter-supplier\/\" target=\"_blank\">Customized Powder Coated Anodized Aluminium Extrusion Profile Roller Shutter Supplier<\/a><\/li>\r\n<li><a href=\"https:\/\/sinoextrud.com\/product\/design-of-anodized-aluminum-handrail-price\/\" target=\"_blank\">design of anodized aluminum handrail price<\/a><\/li>\r\n<li><a href=\"https:\/\/sinoextrud.com\/product\/standard-extruded-aluminum-shapes\/\" target=\"_blank\">Standard Extruded Aluminum Shapes<\/a><\/li>\r\n<li><a href=\"https:\/\/sinoextrud.com\/product\/t-slot-industrial-extruded-aluminum-profile\/\" target=\"_blank\">T-slot Industrial Extruded Aluminum Profile<\/a><\/li>\r\n<li><a href=\"https:\/\/sinoextrud.com\/product\/aluminum-quarter-round-trim\/\" target=\"_blank\">Aluminum Quarter Round Trim<\/a><\/li>\r\n<li><a href=\"https:\/\/sinoextrud.com\/product\/extruded-aluminium-housing\/\" target=\"_blank\">Extruded Aluminium Housing<\/a><\/li>"},"feature_list":[]},"_links":{"self":[{"href":"https:\/\/sinoextrud.com\/fi\/wp-json\/wp\/v2\/product\/8014","targetHints":{"allow":["GET"]}}],"collection":[{"href":"https:\/\/sinoextrud.com\/fi\/wp-json\/wp\/v2\/product"}],"about":[{"href":"https:\/\/sinoextrud.com\/fi\/wp-json\/wp\/v2\/types\/product"}],"wp:featuredmedia":[{"embeddable":true,"href":"https:\/\/sinoextrud.com\/fi\/wp-json\/wp\/v2\/media\/8013"}],"wp:attachment":[{"href":"https:\/\/sinoextrud.com\/fi\/wp-json\/wp\/v2\/media?parent=8014"}],"wp:term":[{"taxonomy":"category","embeddable":true,"href":"https:\/\/sinoextrud.com\/fi\/wp-json\/wp\/v2\/categories?post=8014"}],"curies":[{"name":"wp","href":"https:\/\/api.w.org\/{rel}","templated":true}]}}