{"id":8008,"date":"2025-06-12T02:41:56","date_gmt":"2025-06-12T02:41:56","guid":{"rendered":"https:\/\/sinoextrud.com\/product\/easy-assembly-bi-slotted-production-line-anodized-aluminium-t-slot-extrusion\/"},"modified":"2025-06-24T06:22:50","modified_gmt":"2025-06-24T06:22:50","slug":"helppo-kokoonpano-bi-uritettu-tuotantolinja-anodisoitu-alumiini-t-ura-suulakepuristus","status":"publish","type":"product","link":"https:\/\/sinoextrud.com\/fi\/product\/easy-assembly-bi-slotted-production-line-anodized-aluminium-t-slot-extrusion\/","title":{"rendered":"Helppo kokoonpano Bi-Sloted tuotantolinja anodisoitu alumiini T Slot Extrusion"},"content":{"rendered":"<h2>Tuotteiden tiedot<\/h2>\n<table class=\"custom-table\">\n<tbody>\n<tr>\n<td> Tuotteen nimi<\/td>\n<td> Helppo kokoonpano Bi-Sloted tuotantolinja anodisoitu alumiini T Slot Extrusion<\/td>\n<\/tr>\n<tr>\n<td> Materiaali<\/td>\n<td> Korkealaatuinen alumiiniseos<\/td>\n<\/tr>\n<tr>\n<td> Suunnittelu<\/td>\n<td> Kaksoisurallinen rakenne helpottaa kokoamista<\/td>\n<\/tr>\n<tr>\n<td> Sovellukset<\/td>\n<td> Teollisuusautomaatio, konekehikot, ty\u00f6asemat, r\u00e4\u00e4t\u00e4l\u00f6idyt rakenteet<\/td>\n<\/tr>\n<tr>\n<td> Pintak\u00e4sittely<\/td>\n<td> Anodisoitu viimeistely parantaa korroosionkest\u00e4vyytt\u00e4 ja kest\u00e4vyytt\u00e4.<\/td>\n<\/tr>\n<tr>\n<td> Mitat<\/td>\n<td> Saatavana r\u00e4\u00e4t\u00e4l\u00f6it\u00e4vi\u00e4 pituuksia ja profiileja<\/td>\n<\/tr>\n<tr>\n<td> Paino<\/td>\n<td> Kevyt, mutta vahva erinomaisen rakenteellisen eheyden ansiosta<\/td>\n<\/tr>\n<tr>\n<td> CNC-ty\u00f6st\u00f6palvelut<\/td>\n<td> Tarkkuusleikkaus ja monimutkainen ty\u00f6st\u00f6 saatavilla<\/td>\n<\/tr>\n<tr>\n<td> Laatusertifikaatit<\/td>\n<td> ISO 9001, RoHS-vaatimustenmukaisuus, CE-sertifiointi<\/td>\n<\/tr>\n<tr>\n<td> Pakkaus<\/td>\n<td> Ymp\u00e4rist\u00f6yst\u00e4v\u00e4lliset materiaalit, r\u00e4\u00e4t\u00e4l\u00f6idyt pakkausratkaisut, selke\u00e4t merkinn\u00e4t<\/td>\n<\/tr>\n<tr>\n<td> L\u00e4pimenoaika<\/td>\n<td> Nopeat valmistus- ja toimitusajat<\/td>\n<\/tr>\n<tr>\n<td> Mukauttaminen<\/td>\n<td> ODM\/OEM-palvelut saatavilla r\u00e4\u00e4t\u00e4l\u00f6ityj\u00e4 ratkaisuja varten<\/td>\n<\/tr>\n<tr>\n<td> Asiakastuki<\/td>\n<td> Omistautunut tiimi tarjoaa poikkeuksellista palvelua ja tukea<\/td>\n<\/tr>\n<\/tbody>\n<\/table>\n<h2>Tuotantopohjamme<\/h2>\n<h3>Tehtaan panoraama<\/h3>\n<p><img decoding=\"async\" src=\"\/wp-content\/uploads\/factory-01.webp\"\/><\/p>\n<h3>Alumiini Bar Manufacturing Workshop<\/h3>\n<p><img decoding=\"async\" src=\"\/wp-content\/uploads\/factory-02.webp\"\/><\/p>\n<p><img decoding=\"async\" src=\"\/wp-content\/uploads\/factory-03.webp\"\/><\/p>\n<h3>Muotin varastointi Varasto<\/h3>\n<p><img decoding=\"async\" src=\"\/wp-content\/uploads\/factory-04.webp\"\/><\/p>\n<h3>43 Alumiini ekstruusiolinjat (500\u00e2 5500 tonnia)<\/h3>\n<p><img decoding=\"async\" src=\"\/wp-content\/uploads\/factory-05.webp\"\/><\/p>\n<p><img decoding=\"async\" src=\"\/wp-content\/uploads\/factory-06.webp\"\/><\/p>\n<p><img decoding=\"async\" src=\"\/wp-content\/uploads\/factory-07.webp\"\/><\/p>\n<h3>Jauhemaalaus ty\u00f6paja<\/h3>\n<p><img decoding=\"async\" src=\"\/wp-content\/uploads\/factory-09.webp\"\/><\/p>\n<h3>Anodisointi ty\u00f6paja<\/h3>\n<p><img decoding=\"async\" src=\"\/wp-content\/uploads\/factory-10.webp\"\/><\/p>\n<h3>Syv\u00e4k\u00e4sittelyn ty\u00f6paja<\/h3>\n<p><img decoding=\"async\" src=\"\/wp-content\/uploads\/factory-11.webp\"\/><\/p>\n<h3>CNC-tarkkuuskoneistus ty\u00f6paja<\/h3>\n<p><img decoding=\"async\" src=\"\/wp-content\/uploads\/factory-11.5.webp\"\/><\/p>\n<h3>Valmiiden tuotteiden ja vientivarasto<\/h3>\n<p><img decoding=\"async\" src=\"\/wp-content\/uploads\/factory-12.webp\"\/><\/p>\n<p><img decoding=\"async\" src=\"\/wp-content\/uploads\/factory-13.webp\"\/><\/p>\n<p><img decoding=\"async\" src=\"\/wp-content\/uploads\/factory-14.webp\"\/><\/p>\n<h2>FAQ<\/h2>\n<p><p><b>1.Mik\u00e4 on kaksoisaukkoinen anodisoitu alumiininen T-aukkoinen puristekappale? <\/b><\/p>\n<p> Se on alumiiniprofiili, jossa on kaksi T-uraa modulaarista rakentamista varten ja joka tarjoaa vahvan rakenteen ja joustavuutta tuotantolinjojen kokoonpanossa.<br \/>\n<\/p><br \/>\n<br \/>\n<p><b>2.Miksi valita anodisoitu alumiini T-urapuristuksiin? <\/b><\/p>\n<p> Anodisoitu alumiini tarjoaa erinomaisen korroosionkest\u00e4vyyden, paremman pintakovuuden ja ammattimaisen ulkon\u00e4\u00f6n.<br \/>\n<\/p><br \/>\n<br \/>\n<p><b>3.Mitk\u00e4 ovat kaksiaukkoisen suunnittelun edut tuotantoymp\u00e4rist\u00f6ss\u00e4? <\/b><\/p>\n<p> Kaksiuraisen rakenteen ansiosta kokoonpanovaihtoehdot ovat kaksipuolisia, mik\u00e4 helpottaa komponenttien kiinnitt\u00e4mist\u00e4 ja monik\u00e4ytt\u00f6isten rakenteiden luomista.<br \/>\n<\/p><br \/>\n<br \/>\n<p><b>4.Onko t\u00e4m\u00e4 T-aukkoinen suulakepuristus sopiva automaatioj\u00e4rjestelmiin? <\/b><\/p>\n<p> Kyll\u00e4, sit\u00e4 k\u00e4ytet\u00e4\u00e4n laajalti automatisoiduissa tuotantolinjoissa konekehysten, kuljettimien ja ty\u00f6pisteiden rakentamiseen.<br \/>\n<\/p><br \/>\n<br \/>\n<p><b>5.Voidaanko T-aukkoinen puristekappale koota helposti? <\/b><\/p>\n<p> Profiili tukee ehdottomasti ty\u00f6kaluvapaata, modulaarista kokoonpanoa tavallisilla kiinnikkeill\u00e4, liittimill\u00e4 ja kiinnikkeill\u00e4.<br \/>\n<\/p><br \/>\n<br \/>\n<p><b>6.Mitk\u00e4 sovellukset ovat ihanteellisia kaksiuraisille T-uraprofiileille? <\/b><\/p>\n<p> Ne soveltuvat erinomaisesti r\u00e4\u00e4t\u00e4l\u00f6ityihin ty\u00f6pisteisiin, koteloihin, testauslaitteisiin, koneiden suojiin ja modulaarisiin teollisuuskehyksiin.<br \/>\n<\/p><br \/>\n<br \/>\n<p><b>7.Can voit muokata puristuspituutta ja aukkov\u00e4li\u00e4? <\/b><\/p>\n<p> Kyll\u00e4, tarjoamme r\u00e4\u00e4t\u00e4l\u00f6ityj\u00e4 suulakepituuksia, reikien porauksia ja aukkokokoonpanoja vastaamaan erityisi\u00e4 projekti- ja j\u00e4rjestelm\u00e4tarpeita.<br \/>\n<\/p><br \/><\/p>","protected":false},"featured_media":8007,"template":"","categories":[54],"class_list":["post-8008","product","type-product","status-publish","has-post-thumbnail","hentry","category-industrial-aluminum-profiles"],"meta_box":{"hilight_text_group":{"product_hilight_text":"<li>Bi-slotted T slot design enables flexible and fast assembly without welding.<\/li>\r\r\n<li>Anodized aluminum surface offers superior corrosion and wear resistance.<\/li>\r\r\n<li>Ideal for production lines, automation systems, and modular structures.<\/li>\r\r\n<li>Precision extruded for high dimensional accuracy and strength.<\/li>\r\r\n<li>Supports easy integration with standard T-slot connectors and accessories.<\/li>\r\r\n<li>Lightweight yet durable, reducing transportation and installation costs.<\/li>\r\r\n<li>Customizable lengths and profiles available to fit diverse applications.<\/li>","product_chanpin_blog":"<ul>\r\r\n<li><a href=\"https:\/\/sinoextrud.com\/t-slot-v-slot-differences\/\" target=\"_blank\">t slot vs v slot<\/a><\/li>\r\r\n<li><a href=\"https:\/\/sinoextrud.com\/what-is-4040-aluminium-extrud\/\" target=\"_blank\">4040 aluminium extrusion<\/a><\/li>\r\r\n<li><a href=\"https:\/\/sinoextrud.com\/what-is-4040-aluminium-extrud\/\" target=\"_blank\">aluminum extrusions for industrial racks<\/a><\/li>\r\r\n<li><a href=\"https:\/\/sinoextrud.com\/powder-coating-aluminium-process\/\" target=\"_blank\">powder coating aluminium<\/a><\/li>\r\r\n<li><a href=\"https:\/\/sinoextrud.com\/what-is-an-aluminium-strip-ceiling\/\" target=\"_blank\">aluminium strip ceiling<\/a><\/li>\r\r\n<li><a href=\"https:\/\/sinoextrud.com\/what-is-a-heat-sink\/\" target=\"_blank\">what is a heat sink<\/a><\/li>\r\r\n<\/ul>","product_chanpin_chanpin":"<li><a href=\"https:\/\/sinoextrud.com\/product\/custom-extruded-aluminum-shapes-sunflower-heat-sink\/\" target=\"_blank\">Custom Extruded Aluminum Shapes Sunflower Heat Sink<\/a><\/li>\r\n<li><a href=\"https:\/\/sinoextrud.com\/product\/custom-industrial-aluminum-profiles\/\" target=\"_blank\">Custom Industrial Aluminum Profiles<\/a><\/li>\r\n<li><a href=\"https:\/\/sinoextrud.com\/product\/custom-industrial-extruded-aluminum-alloy\/\" target=\"_blank\">Custom Industrial Extruded Aluminum Alloy<\/a><\/li>\r\n<li><a href=\"https:\/\/sinoextrud.com\/product\/customized-extruded-aluminum-trailer-flooring\/\" target=\"_blank\">Customized Extruded Aluminum Trailer Flooring<\/a><\/li>\r\n<li><a href=\"https:\/\/sinoextrud.com\/product\/easy-assembly-bi-slotted-production-line-anodized-aluminium-t-slot-extrusion\/\" target=\"_blank\">Easy Assembly Bi-Slotted Production Line Anodized Aluminium T Slot Extrusion<\/a><\/li>\r\n<li><a href=\"https:\/\/sinoextrud.com\/product\/customized-industrial-aluminum-profile\/\" target=\"_blank\">Customized Industrial Aluminum Profile<\/a><\/li>\r\n<li><a href=\"https:\/\/sinoextrud.com\/product\/structural-aluminium-extrusions\/\" target=\"_blank\">Structural Aluminium Extrusions<\/a><\/li>\r\n<li><a href=\"https:\/\/sinoextrud.com\/product\/powder-coated-and-anodized-aluminium-profile-for-electric-frame-motor-housing-and-aluminum-enclosure\/\" target=\"_blank\">Powder coated and Anodized aluminium profile for electric frame motor housing and aluminum enclosure<\/a><\/li>\r\n<li><a href=\"https:\/\/sinoextrud.com\/product\/customized-powder-coated-anodized-aluminium-extrusion-profile-roller-shutter-supplier\/\" target=\"_blank\">Customized Powder Coated Anodized Aluminium Extrusion Profile Roller Shutter Supplier<\/a><\/li>\r\n<li><a href=\"https:\/\/sinoextrud.com\/product\/aluminium-profile-frame-for-fly-screen\/\" target=\"_blank\">Aluminium Profile Frame For Fly Screen<\/a><\/li>\r\n<li><a href=\"https:\/\/sinoextrud.com\/product\/types-of-aluminum-profiles\/\" target=\"_blank\">Types Of Aluminum Profiles<\/a><\/li>"},"feature_list":[]},"_links":{"self":[{"href":"https:\/\/sinoextrud.com\/fi\/wp-json\/wp\/v2\/product\/8008","targetHints":{"allow":["GET"]}}],"collection":[{"href":"https:\/\/sinoextrud.com\/fi\/wp-json\/wp\/v2\/product"}],"about":[{"href":"https:\/\/sinoextrud.com\/fi\/wp-json\/wp\/v2\/types\/product"}],"wp:featuredmedia":[{"embeddable":true,"href":"https:\/\/sinoextrud.com\/fi\/wp-json\/wp\/v2\/media\/8007"}],"wp:attachment":[{"href":"https:\/\/sinoextrud.com\/fi\/wp-json\/wp\/v2\/media?parent=8008"}],"wp:term":[{"taxonomy":"category","embeddable":true,"href":"https:\/\/sinoextrud.com\/fi\/wp-json\/wp\/v2\/categories?post=8008"}],"curies":[{"name":"wp","href":"https:\/\/api.w.org\/{rel}","templated":true}]}}