{"id":8000,"date":"2025-06-12T02:34:03","date_gmt":"2025-06-12T02:34:03","guid":{"rendered":"https:\/\/sinoextrud.com\/product\/custom-extruded-aluminum-shapes-sunflower-heat-sink\/"},"modified":"2025-06-24T06:22:47","modified_gmt":"2025-06-24T06:22:47","slug":"custom-suulakepuristettua-alumiinia-muotoja-auringonkukka-jaahdytyselementti","status":"publish","type":"product","link":"https:\/\/sinoextrud.com\/fi\/product\/custom-extruded-aluminum-shapes-sunflower-heat-sink\/","title":{"rendered":"Mukautettu suulakepuristettu alumiini muotoja auringonkukka j\u00e4\u00e4hdytyselementti"},"content":{"rendered":"<h2>Tuotteiden tiedot<\/h2>\n<table class=\"custom-table\">\n<tbody>\n<tr>\n<td> Tuotteen nimi<\/td>\n<td> Mukautettu suulakepuristettu alumiini muotoja auringonkukka j\u00e4\u00e4hdytyselementti<\/td>\n<\/tr>\n<tr>\n<td> Alumiiniseos<\/td>\n<td> 6063-T5, 6061-T5, r\u00e4\u00e4t\u00e4l\u00f6inti<\/td>\n<\/tr>\n<tr>\n<td> Koko<\/td>\n<td> Asiakkaiden CAD:n mukaan<\/td>\n<\/tr>\n<tr>\n<td> Hakemus<\/td>\n<td> Monilla aloilla buisiness k\u00e4ytt\u00e4en hajottaa l\u00e4mp\u00f6\u00e4<\/td>\n<\/tr>\n<tr>\n<td> Merkki<\/td>\n<td> Sinoextrud \/ Sinoextrud \/ Sinoextrud Aluminium<\/td>\n<\/tr>\n<tr>\n<td> Alkuper\u00e4<\/td>\n<td> Foshan, Kiina<\/td>\n<\/tr>\n<\/tbody>\n<\/table>\n<h2>Tuotantopohjamme<\/h2>\n<h3>Tehtaan panoraama<\/h3>\n<p><img decoding=\"async\" src=\"\/wp-content\/uploads\/factory-01.webp\"\/><\/p>\n<h3>Alumiini Bar Manufacturing Workshop<\/h3>\n<p><img decoding=\"async\" src=\"\/wp-content\/uploads\/factory-02.webp\"\/><\/p>\n<p><img decoding=\"async\" src=\"\/wp-content\/uploads\/factory-03.webp\"\/><\/p>\n<h3>Muotin varastointi Varasto<\/h3>\n<p><img decoding=\"async\" src=\"\/wp-content\/uploads\/factory-04.webp\"\/><\/p>\n<h3>43 Alumiini ekstruusiolinjat (500\u00e2 5500 tonnia)<\/h3>\n<p><img decoding=\"async\" src=\"\/wp-content\/uploads\/factory-05.webp\"\/><\/p>\n<p><img decoding=\"async\" src=\"\/wp-content\/uploads\/factory-06.webp\"\/><\/p>\n<p><img decoding=\"async\" src=\"\/wp-content\/uploads\/factory-07.webp\"\/><\/p>\n<h3>Jauhemaalaus ty\u00f6paja<\/h3>\n<p><img decoding=\"async\" src=\"\/wp-content\/uploads\/factory-09.webp\"\/><\/p>\n<h3>Anodisointi ty\u00f6paja<\/h3>\n<p><img decoding=\"async\" src=\"\/wp-content\/uploads\/factory-10.webp\"\/><\/p>\n<h3>Syv\u00e4k\u00e4sittelyn ty\u00f6paja<\/h3>\n<p><img decoding=\"async\" src=\"\/wp-content\/uploads\/factory-11.webp\"\/><\/p>\n<h3>CNC-tarkkuuskoneistus ty\u00f6paja<\/h3>\n<p><img decoding=\"async\" src=\"\/wp-content\/uploads\/factory-11.5.webp\"\/><\/p>\n<h3>Valmiiden tuotteiden ja vientivarasto<\/h3>\n<p><img decoding=\"async\" src=\"\/wp-content\/uploads\/factory-12.webp\"\/><\/p>\n<p><img decoding=\"async\" src=\"\/wp-content\/uploads\/factory-13.webp\"\/><\/p>\n<p><img decoding=\"async\" src=\"\/wp-content\/uploads\/factory-14.webp\"\/><\/p>\n<h2>FAQ<\/h2>\n<p><p><b>1.Mik\u00e4 tekee Custom Extruded Aluminum Shapes Sunflower Heat Sink tehokas j\u00e4\u00e4hdytys? <\/b><\/p>\n<p> Auringonkukkamuotoilu maksimoi pinta-alan, mik\u00e4 parantaa l\u00e4mm\u00f6ntuottoa ja tehostaa elektronisten laitteiden l\u00e4mm\u00f6nhallintaa.<br \/>\n<\/p><br \/>\n<br \/>\n<p><b>2.Can Custom suulakepuristettu alumiini muotoja auringonkukka j\u00e4\u00e4hdytyslevy voidaan r\u00e4\u00e4t\u00e4l\u00f6id\u00e4? <\/b><\/p>\n<p> Kyll\u00e4, n\u00e4m\u00e4 j\u00e4\u00e4hdytyselementit voidaan r\u00e4\u00e4t\u00e4l\u00f6id\u00e4 kooltaan, muodoltaan ja suunnittelultaan vastaamaan eri sovellusten erityisi\u00e4 j\u00e4\u00e4hdytystarpeita.<br \/>\n<\/p><br \/>\n<br \/>\n<p><b>3.Kuinka kest\u00e4v\u00e4t ovat mukautettuja suulakepuristettuja alumiinimuotoja Sunflower Heat Sink? <\/b><\/p>\n<p> Ne ovat eritt\u00e4in kest\u00e4vi\u00e4 alumiinin korroosionkest\u00e4vien ominaisuuksien ansiosta, mik\u00e4 takaa pitk\u00e4aikaisen k\u00e4yt\u00f6n my\u00f6s vaativissa ymp\u00e4rist\u00f6iss\u00e4.<br \/>\n<\/p><br \/>\n<br \/>\n<p><b>4.What sovellukset hy\u00f6tyv\u00e4t Custom Extruded alumiini muotoja auringonkukka j\u00e4\u00e4hdytyselementti? <\/b><\/p>\n<p> N\u00e4m\u00e4 j\u00e4\u00e4hdytyselementit sopivat erinomaisesti elektronisiin laitteisiin, LED-valaistukseen, virtal\u00e4hteisiin ja muihin laitteisiin, jotka vaativat tehokasta l\u00e4mm\u00f6nhallintaa.<br \/>\n<\/p><br \/>\n<br \/>\n<p><b>5.Onko Custom Extruded Aluminum Shapes Sunflower Heat Sink helppo asentaa? <\/b><\/p>\n<p> Kyll\u00e4, j\u00e4\u00e4hdytyselementti on suunniteltu helposti asennettavaksi, mik\u00e4 auttaa v\u00e4hent\u00e4m\u00e4\u00e4n kokoonpanoaikaa ja k\u00e4ytt\u00f6kustannuksia.<br \/>\n<\/p><br \/>\n<br \/>\n<p><b>6.Miten auringonkukan muotoilu tehostaa l\u00e4mm\u00f6ntuottoprosessia? <\/b><\/p>\n<p> Auringonkukan muoto lis\u00e4\u00e4 pinta-alaa, mik\u00e4 mahdollistaa paremman ilmavirran ja tehokkaamman elektroniikkakomponenttien j\u00e4\u00e4hdytyksen.<br \/>\n<\/p><br \/>\n<br \/>\n<p><b>7.Is Custom suulakepuristettua alumiinia muotoja auringonkukka j\u00e4\u00e4hdytyslevy ymp\u00e4rist\u00f6yst\u00e4v\u00e4llinen? <\/b><\/p>\n<p> Kyll\u00e4, alumiini on kierr\u00e4tett\u00e4v\u00e4 materiaali, joten j\u00e4\u00e4hdytyselementti on ymp\u00e4rist\u00f6yst\u00e4v\u00e4llinen valinta j\u00e4\u00e4hdytysratkaisuihin.<br \/>\n<\/p><br \/><\/p>","protected":false},"featured_media":7999,"template":"","categories":[54],"class_list":["post-8000","product","type-product","status-publish","has-post-thumbnail","hentry","category-industrial-aluminum-profiles"],"meta_box":{"hilight_text_group":{"product_hilight_text":"<ul>\r\r\n  <li>Custom extruded aluminum shapes for efficient heat dissipation in various applications<\/li>\r\r\n  <li>Sunflower design maximizes surface area for superior thermal performance<\/li>\r\r\n  <li>Corrosion-resistant aluminum material ensures durability and long lifespan<\/li>\r\r\n  <li>Lightweight yet highly effective in cooling electronic components<\/li>\r\r\n  <li>Customizable sizes and designs to meet specific cooling requirements<\/li>\r\r\n  <li>Easy to install and maintain, reducing overall operational costs<\/li>\r\r\n  <li>Environmentally friendly, fully recyclable material<\/li>\r\r\n<\/ul>","product_chanpin_blog":"<ul>\r\r\n<li><a href=\"https:\/\/sinoextrud.com\/t-slot-v-slot-differences\/\" target=\"_blank\">t slot vs v slot<\/a><\/li>\r\r\n<li><a href=\"https:\/\/sinoextrud.com\/what-is-4040-aluminium-extrud\/\" target=\"_blank\">4040 aluminium extrusion<\/a><\/li>\r\r\n<li><a href=\"https:\/\/sinoextrud.com\/what-is-4040-aluminium-extrud\/\" target=\"_blank\">aluminum extrusions for industrial racks<\/a><\/li>\r\r\n<li><a href=\"https:\/\/sinoextrud.com\/powder-coating-aluminium-process\/\" target=\"_blank\">powder coating aluminium<\/a><\/li>\r\r\n<li><a href=\"https:\/\/sinoextrud.com\/what-is-an-aluminium-strip-ceiling\/\" target=\"_blank\">aluminium strip ceiling<\/a><\/li>\r\r\n<li><a href=\"https:\/\/sinoextrud.com\/what-is-a-heat-sink\/\" target=\"_blank\">what is a heat sink<\/a><\/li>\r\r\n<\/ul>","product_chanpin_chanpin":"<li><a href=\"https:\/\/sinoextrud.com\/product\/hard-anodized-aluminum-profile\/\" target=\"_blank\">Hard Anodized Aluminum Profile<\/a><\/li>\r\n<li><a href=\"https:\/\/sinoextrud.com\/product\/cutting-extruded-aluminum-for-led\/\" target=\"_blank\">Cutting Extruded Aluminum For LED<\/a><\/li>\r\n<li><a href=\"https:\/\/sinoextrud.com\/product\/custom-decorative-hollow-alloy-rectangular-square-aluminum-tube-sizes\/\" target=\"_blank\">Custom Decorative Hollow Alloy Rectangular Square Aluminum Tube Sizes<\/a><\/li>\r\n<li><a href=\"https:\/\/sinoextrud.com\/product\/custom-extra-large-industrial-equipment-aluminum-profile\/\" target=\"_blank\">Custom Extra Large Industrial Equipment Aluminum Profile<\/a><\/li>\r\n<li><a href=\"https:\/\/sinoextrud.com\/product\/custom-extruded-aluminum-shapes-sunflower-heat-sink\/\" target=\"_blank\">Custom Extruded Aluminum Shapes Sunflower Heat Sink<\/a><\/li>\r\n<li><a href=\"https:\/\/sinoextrud.com\/product\/custom-industrial-aluminum-profiles\/\" target=\"_blank\">Custom Industrial Aluminum Profiles<\/a><\/li>\r\n<li><a href=\"https:\/\/sinoextrud.com\/product\/custom-industrial-extruded-aluminum-alloy\/\" target=\"_blank\">Custom Industrial Extruded Aluminum Alloy<\/a><\/li>\r\n<li><a href=\"https:\/\/sinoextrud.com\/product\/customized-extruded-aluminum-trailer-flooring\/\" target=\"_blank\">Customized Extruded Aluminum Trailer Flooring<\/a><\/li>\r\n<li><a href=\"https:\/\/sinoextrud.com\/product\/easy-assembly-bi-slotted-production-line-anodized-aluminium-t-slot-extrusion\/\" target=\"_blank\">Easy Assembly Bi-Slotted Production Line Anodized Aluminium T Slot Extrusion<\/a><\/li>\r\n<li><a href=\"https:\/\/sinoextrud.com\/product\/extruded-aluminum-framing\/\" target=\"_blank\">Extruded Aluminum Framing<\/a><\/li>\r\n<li><a href=\"https:\/\/sinoextrud.com\/product\/anodizing-aluminum-picture-photo-frame-brushed-aluminium-frame-for-home-decoration\/\" target=\"_blank\">Anodizing Aluminum Picture Photo Frame Brushed Aluminium Frame For Home Decoration<\/a><\/li>"},"feature_list":[]},"_links":{"self":[{"href":"https:\/\/sinoextrud.com\/fi\/wp-json\/wp\/v2\/product\/8000","targetHints":{"allow":["GET"]}}],"collection":[{"href":"https:\/\/sinoextrud.com\/fi\/wp-json\/wp\/v2\/product"}],"about":[{"href":"https:\/\/sinoextrud.com\/fi\/wp-json\/wp\/v2\/types\/product"}],"wp:featuredmedia":[{"embeddable":true,"href":"https:\/\/sinoextrud.com\/fi\/wp-json\/wp\/v2\/media\/7999"}],"wp:attachment":[{"href":"https:\/\/sinoextrud.com\/fi\/wp-json\/wp\/v2\/media?parent=8000"}],"wp:term":[{"taxonomy":"category","embeddable":true,"href":"https:\/\/sinoextrud.com\/fi\/wp-json\/wp\/v2\/categories?post=8000"}],"curies":[{"name":"wp","href":"https:\/\/api.w.org\/{rel}","templated":true}]}}