{"id":7978,"date":"2025-06-12T02:08:08","date_gmt":"2025-06-12T02:08:08","guid":{"rendered":"https:\/\/sinoextrud.com\/product\/aluminum-wall-washer-aluminum-heat-sink-profiles-wit\/"},"modified":"2025-06-24T06:22:42","modified_gmt":"2025-06-24T06:22:42","slug":"alumiini-seinan-aluslevy-alumiini-jaahdytyselementti-profiilit-wit","status":"publish","type":"product","link":"https:\/\/sinoextrud.com\/fi\/product\/aluminum-wall-washer-aluminum-heat-sink-profiles-wit\/","title":{"rendered":"Alumiini Wall Washer Alumiini j\u00e4\u00e4hdytyselementti profiilit Wit"},"content":{"rendered":"<h2>Tuotteiden tiedot<\/h2>\n<table class=\"custom-table\">\n<colgroup>\n<col>\n<col><\/colgroup>\n<tbody>\n<tr>\n<td> <\/td>\n<td>Alumiini Wall Washer Alumiini j\u00e4\u00e4hdytyselementti profiilit Wit<\/td>\n<\/tr>\n<tr>\n<td>Materiaali<\/td>\n<td>6063-T5 tai muu mukautettu materiaali<\/td>\n<\/tr>\n<tr>\n<td>Muoto<\/td>\n<td>Mukautetut muodot<\/td>\n<\/tr>\n<tr>\n<td>Paksuus<\/td>\n<td>0.7mm-10mm<\/td>\n<\/tr>\n<tr>\n<td>Koko<\/td>\n<td>Asiakkaan toimittaman piirustuksen tai n\u00e4ytteen mukaan<\/td>\n<\/tr>\n<tr>\n<td>Tarkkuusleikkauksen toleranssi<\/td>\n<td> \u22641m : \u00b10.25mm<br \/> 1m&lt; : \u22642m, \u00b10.35mm<br \/> \u22652m : \u00b10.50mm<\/td>\n<\/tr>\n<tr>\n<td>Porauksen toleranssi<\/td>\n<td>\u00b10.15~0.20mm<\/td>\n<\/tr>\n<tr>\n<td>Tavallisen leikkauksen toleranssi<\/td>\n<td>\u00b110 ~ 0mm<\/td>\n<\/tr>\n<tr>\n<td>Pituus<\/td>\n<td>Normaalisti 1-9M, muu pituus neuvoteltavissa<\/td>\n<\/tr>\n<tr>\n<td>Tyypilliset sovellukset<\/td>\n<td>Teollisuus, kone, elektroniikka jne.<\/td>\n<\/tr>\n<tr>\n<td>Mukautettu tyyppi<\/td>\n<td>Asiakkaan toimittama piirustus tai n\u00e4yte saatavilla<\/td>\n<\/tr>\n<tr>\n<td>Syv\u00e4 prosessi<\/td>\n<td>CNC-jyrsint\u00e4, poraus, l\u00e4vistys, poraus, napauttaminen, taivutus, hitsaus jne.<\/td>\n<\/tr>\n<tr>\n<td>Merkki<\/td>\n<td>Sinoextrud, Sinoextrud,, r\u00e4\u00e4t\u00e4l\u00f6ity tavaramerkki avalaibleble.<\/td>\n<\/tr>\n<tr>\n<td>Pintak\u00e4sittely<\/td>\n<td>Mill viimeistelty, anodisoitu, jauhemaalattu jne.<\/td>\n<\/tr>\n<tr>\n<td>V\u00e4ri<\/td>\n<td>Hopea, musta jne.<\/td>\n<\/tr>\n<tr>\n<td>MOQ<\/td>\n<td>200KG<\/td>\n<\/tr>\n<tr>\n<td>Laatustandardi<\/td>\n<td>Keskitaso ja korkea laatutaso<\/td>\n<\/tr>\n<tr>\n<td>Todistukset<\/td>\n<td>ISO9001, ISO4001, CQM, SGS, CE, BV jne.<\/td>\n<\/tr>\n<tr>\n<td>Tehtaan tuotantokyky<\/td>\n<td>3000 tonnia kuukaudessa<\/td>\n<\/tr>\n<tr>\n<td>Alkuper\u00e4paikka<\/td>\n<td>Guangdong,Kiina<\/td>\n<\/tr>\n<\/tbody>\n<\/table>\n<h2>Tuotantopohjamme<\/h2>\n<h3>Tehtaan panoraama<\/h3>\n<p><img decoding=\"async\" src=\"\/wp-content\/uploads\/factory-01.webp\"\/><\/p>\n<h3>Alumiini Bar Manufacturing Workshop<\/h3>\n<p><img decoding=\"async\" src=\"\/wp-content\/uploads\/factory-02.webp\"\/><\/p>\n<p><img decoding=\"async\" src=\"\/wp-content\/uploads\/factory-03.webp\"\/><\/p>\n<h3>Muotin varastointi Varasto<\/h3>\n<p><img decoding=\"async\" src=\"\/wp-content\/uploads\/factory-04.webp\"\/><\/p>\n<h3>43 alumiinin ekstruusiolinjat (500-5500 tonnia)<\/h3>\n<p><img decoding=\"async\" src=\"\/wp-content\/uploads\/factory-05.webp\"\/><\/p>\n<p><img decoding=\"async\" src=\"\/wp-content\/uploads\/factory-06.webp\"\/><\/p>\n<p><img decoding=\"async\" src=\"\/wp-content\/uploads\/factory-07.webp\"\/><\/p>\n<h3>Jauhemaalaus ty\u00f6paja<\/h3>\n<p><img decoding=\"async\" src=\"\/wp-content\/uploads\/factory-09.webp\"\/><\/p>\n<h3>Anodisointi ty\u00f6paja<\/h3>\n<p><img decoding=\"async\" src=\"\/wp-content\/uploads\/factory-10.webp\"\/><\/p>\n<h3>Syv\u00e4k\u00e4sittelyn ty\u00f6paja<\/h3>\n<p><img decoding=\"async\" src=\"\/wp-content\/uploads\/factory-11.webp\"\/><\/p>\n<h3>CNC-tarkkuuskoneistus ty\u00f6paja<\/h3>\n<p><img decoding=\"async\" src=\"\/wp-content\/uploads\/factory-11.5.webp\"\/><\/p>\n<h3>Valmiiden tuotteiden ja vientivarasto<\/h3>\n<p><img decoding=\"async\" src=\"\/wp-content\/uploads\/factory-12.webp\"\/><\/p>\n<p><img decoding=\"async\" src=\"\/wp-content\/uploads\/factory-13.webp\"\/><\/p>\n<p><img decoding=\"async\" src=\"\/wp-content\/uploads\/factory-14.webp\"\/><\/p>\n<h2>FAQ<\/h2>\n<p><p><b>1.What ovat alumiinisein\u00e4n aluslevyn j\u00e4\u00e4hdytyslevyprofiileja k\u00e4ytet\u00e4\u00e4n? <\/b><\/p>\n<p>Alumiinisia sein\u00e4levyjen j\u00e4\u00e4hdytyselementtiprofiileja k\u00e4ytet\u00e4\u00e4n valaistusj\u00e4rjestelmiss\u00e4 l\u00e4mm\u00f6n tehokkaaseen hallintaan ja LED-valojen optimaalisen suorituskyvyn varmistamiseen erityisesti ulko- ja arkkitehtuurisovelluksissa.<br \/>\n<\/p><br \/>\n<br \/>\n<p><b>2.Miksi alumiinia suositaan sein\u00e4levyjen j\u00e4\u00e4hdytyslevyiss\u00e4? <\/b><\/p>\n<p>Alumiini on kevytt\u00e4, vahvaa, korroosionkest\u00e4v\u00e4\u00e4 ja erinomaista l\u00e4mp\u00f6\u00e4 johtavaa, joten se sopii erinomaisesti valaistusj\u00e4rjestelmien l\u00e4mp\u00f6vaatimusten hallintaan ja on samalla helppo k\u00e4sitell\u00e4 ja asentaa.<br \/>\n<\/p><br \/>\n<br \/>\n<p><b>3.Miten anodisoitu viimeistely hy\u00f6dytt\u00e4\u00e4 alumiinisia sein\u00e4aluslevyprofiileja? <\/b><\/p>\n<p>Anodisoitu viimeistely parantaa korroosionkest\u00e4vyytt\u00e4 ja kest\u00e4vyytt\u00e4, takaa pitk\u00e4aikaisen suorituskyvyn ankarissa ymp\u00e4rist\u00f6iss\u00e4 ja suojaa profiileja kulumiselta ja ymp\u00e4rist\u00f6altistukselta.<br \/>\n<\/p><br \/>\n<br \/>\n<p><b>4.Can alumiini sein\u00e4levyjen j\u00e4\u00e4hdytyslevyprofiilit voidaan r\u00e4\u00e4t\u00e4l\u00f6id\u00e4 tiettyj\u00e4 valaistusprojekteja varten? <\/b><\/p>\n<p>Kyll\u00e4, n\u00e4it\u00e4 profiileja voidaan r\u00e4\u00e4t\u00e4l\u00f6id\u00e4 koon, muodon ja muotoilun osalta eri valaistusprojektien ja -sovellusten erityistarpeiden mukaan.<br \/>\n<\/p><br \/>\n<br \/>\n<p><b>5.Miten alumiiniprofiilien k\u00e4ytt\u00f6 j\u00e4\u00e4hdytyslevyiss\u00e4 parantaa valaistusj\u00e4rjestelmien tehokkuutta? <\/b><\/p>\n<p>Alumiiniprofiilit haihduttavat tehokkaasti l\u00e4mp\u00f6\u00e4, mik\u00e4 est\u00e4\u00e4 ylikuumenemisen ja varmistaa, ett\u00e4 valaistusj\u00e4rjestelm\u00e4t pysyv\u00e4t tehokkaina ja vakaina ja pident\u00e4v\u00e4t k\u00e4ytettyjen LEDien k\u00e4ytt\u00f6ik\u00e4\u00e4.<br \/>\n<\/p><br \/>\n<br \/>\n<p><b>6.Soveltuvatko alumiiniset sein\u00e4levyprofiilit sek\u00e4 sis\u00e4- ett\u00e4 ulkovalaistukseen? <\/b><\/p>\n<p>Kyll\u00e4, alumiiniset sein\u00e4levyprofiilit on suunniteltu kest\u00e4viksi ja korroosionkest\u00e4viksi, joten ne soveltuvat sek\u00e4 sis\u00e4- ett\u00e4 ulkovalaistussovelluksiin, my\u00f6s arkkitehtoniseen valaistukseen.<br \/>\n<\/p><br \/>\n<br \/>\n<p><b>7.Onko alumiini ymp\u00e4rist\u00f6yst\u00e4v\u00e4llinen k\u00e4ytett\u00e4v\u00e4ksi valaistusj\u00e4rjestelmiss\u00e4? <\/b><\/p>\n<p>Kyll\u00e4, alumiini on 100% kierr\u00e4tett\u00e4v\u00e4\u00e4, joten se on ymp\u00e4rist\u00f6yst\u00e4v\u00e4llinen valinta valaistusj\u00e4rjestelmiin, jotka tukevat kest\u00e4vyytt\u00e4 ja v\u00e4hent\u00e4v\u00e4t ymp\u00e4rist\u00f6vaikutuksia.<br \/>\n<\/p><br \/><\/p>","protected":false},"featured_media":7977,"template":"","categories":[54],"class_list":["post-7978","product","type-product","status-publish","has-post-thumbnail","hentry","category-industrial-aluminum-profiles"],"meta_box":{"hilight_text_group":{"product_hilight_text":"<ul>\r\r\n  <li>Aluminum wall washer profiles with integrated heat sinks provide efficient cooling and improved thermal management for outdoor and indoor lighting systems.<\/li>\r\r\n  <li>Corrosion-resistant anodized aluminum ensures long-lasting performance, even in harsh weather conditions or high-humidity environments.<\/li>\r\r\n  <li>Lightweight yet durable, these profiles offer excellent structural integrity while ensuring easy handling and installation.<\/li>\r\r\n  <li>Customizable sizes and designs, allowing flexibility for different lighting applications and seamless integration into various architectural projects.<\/li>\r\r\n  <li>Energy-efficient cooling design helps prevent overheating, enhancing the performance and lifespan of wall washer lighting systems.<\/li>\r\r\n  <li>Eco-friendly and recyclable, supporting sustainable lighting solutions while minimizing environmental impact.<\/li>\r\r\n  <li>Ideal for both residential and commercial applications, providing powerful, uniform lighting effects for architectural facades, gardens, and outdoor spaces.<\/li>\r\r\n<\/ul>","product_chanpin_blog":"<ul>\r\r\n<li><a href=\"https:\/\/sinoextrud.com\/t-slot-v-slot-differences\/\" target=\"_blank\">t slot vs v slot<\/a><\/li>\r\r\n<li><a href=\"https:\/\/sinoextrud.com\/what-is-4040-aluminium-extrud\/\" target=\"_blank\">4040 aluminium extrusion<\/a><\/li>\r\r\n<li><a href=\"https:\/\/sinoextrud.com\/what-is-4040-aluminium-extrud\/\" target=\"_blank\">aluminum extrusions for industrial racks<\/a><\/li>\r\r\n<li><a href=\"https:\/\/sinoextrud.com\/powder-coating-aluminium-process\/\" target=\"_blank\">powder coating aluminium<\/a><\/li>\r\r\n<li><a href=\"https:\/\/sinoextrud.com\/what-is-an-aluminium-strip-ceiling\/\" target=\"_blank\">aluminium strip ceiling<\/a><\/li>\r\r\n<li><a href=\"https:\/\/sinoextrud.com\/what-is-a-heat-sink\/\" target=\"_blank\">what is a heat sink<\/a><\/li>\r\r\n<\/ul>","product_chanpin_chanpin":"<li><a href=\"https:\/\/sinoextrud.com\/product\/aluminum-profile-t-slot-led-frame\/\" target=\"_blank\">Aluminum Profile T Slot Led Frame<\/a><\/li>\r\n<li><a href=\"https:\/\/sinoextrud.com\/product\/aluminum-profile-t-slot\/\" target=\"_blank\">Aluminum Profile T Slot<\/a><\/li>\r\n<li><a href=\"https:\/\/sinoextrud.com\/product\/aluminum-profiles-led-strip-lighting\/\" target=\"_blank\">Aluminum Profiles Led Strip Lighting<\/a><\/li>\r\n<li><a href=\"https:\/\/sinoextrud.com\/product\/aluminum-shutter-profile\/\" target=\"_blank\">Aluminum Shutter Profile<\/a><\/li>\r\n<li><a href=\"https:\/\/sinoextrud.com\/product\/aluminum-wall-washer-aluminum-heat-sink-profiles-wit\/\" target=\"_blank\">Aluminum Wall Washer Aluminum Heat Sink Profiles Wit<\/a><\/li>\r\n<li><a href=\"https:\/\/sinoextrud.com\/product\/aluminum-wood-grain-handrail\/\" target=\"_blank\">Aluminum Wood Grain Handrail<\/a><\/li>\r\n<li><a href=\"https:\/\/sinoextrud.com\/product\/aluminum-z-section-extrusions\/\" target=\"_blank\">Aluminum Z Section Extrusions<\/a><\/li>\r\n<li><a href=\"https:\/\/sinoextrud.com\/product\/anodized-matt-and-various-color-extruded-construction-aluminium-profile\/\" target=\"_blank\">Anodized Matt And Various Color Extruded Construction Aluminium Profile<\/a><\/li>\r\n<li><a href=\"https:\/\/sinoextrud.com\/product\/black-extruded-aluminum-heat-sink-profiles\/\" target=\"_blank\">Black Extruded Aluminum Heat Sink Profiles<\/a><\/li>\r\n<li><a href=\"https:\/\/sinoextrud.com\/product\/customized-aluminium-heavy-duty-door-hinge\/\" target=\"_blank\">Customized Aluminium Heavy Duty Door Hinge<\/a><\/li>\r\n<li><a href=\"https:\/\/sinoextrud.com\/product\/10-series-golden-aluminum-extrusion-profiles\/\" target=\"_blank\">10 Series Golden Aluminum Extrusion Profiles<\/a><\/li>"},"feature_list":[]},"_links":{"self":[{"href":"https:\/\/sinoextrud.com\/fi\/wp-json\/wp\/v2\/product\/7978","targetHints":{"allow":["GET"]}}],"collection":[{"href":"https:\/\/sinoextrud.com\/fi\/wp-json\/wp\/v2\/product"}],"about":[{"href":"https:\/\/sinoextrud.com\/fi\/wp-json\/wp\/v2\/types\/product"}],"wp:featuredmedia":[{"embeddable":true,"href":"https:\/\/sinoextrud.com\/fi\/wp-json\/wp\/v2\/media\/7977"}],"wp:attachment":[{"href":"https:\/\/sinoextrud.com\/fi\/wp-json\/wp\/v2\/media?parent=7978"}],"wp:term":[{"taxonomy":"category","embeddable":true,"href":"https:\/\/sinoextrud.com\/fi\/wp-json\/wp\/v2\/categories?post=7978"}],"curies":[{"name":"wp","href":"https:\/\/api.w.org\/{rel}","templated":true}]}}