{"id":7968,"date":"2025-06-12T01:59:30","date_gmt":"2025-06-12T01:59:30","guid":{"rendered":"https:\/\/sinoextrud.com\/product\/aluminum-profile-system\/"},"modified":"2025-06-24T06:14:53","modified_gmt":"2025-06-24T06:14:53","slug":"alumiiniprofiilijarjestelma","status":"publish","type":"product","link":"https:\/\/sinoextrud.com\/fi\/product\/aluminum-profile-system\/","title":{"rendered":"Alumiiniprofiilij\u00e4rjestelm\u00e4"},"content":{"rendered":"<h2>Tuotteiden tiedot<\/h2>\n<table class=\"custom-table\">\n<tr>\n<td class=\"label\">1. Materiaali<\/td>\n<td>Alumiiniseos; 6063, 6061, 6005, T5, T6,<\/td>\n<\/tr>\n<tr>\n<td class=\"label\">2. Leikkausmuodot<\/td>\n<td>I, U, T, C, Z, L, H, neli\u00f6, py\u00f6re\u00e4, litte\u00e4, ontto, t-ura ja muut monimutkaiset muodot mukautetun suunnittelun mukaan.<\/td>\n<\/tr>\n<tr>\n<td class=\"label\">3. Pintak\u00e4sittely<\/td>\n<td>Mylly \/ eloksoitu (hapetus) \/ jauhemaalaus<\/td>\n<\/tr>\n<tr>\n<td class=\"label\">4. Hakemus<\/td>\n<td>1) - Aurinkopaneelien kehykset, aurinkopaneelien kiinnityskannattimet \/ kattokannattimet.<br \/>\n2) - teollisuuden kokoonpanolinjojen laitteille.<br \/>\n3) - j\u00e4\u00e4hdytyslevyjen osalta<br \/>\n4) - LED-valaistus<br \/>\n5) - muut mukautetun suunnittelun koon ja ulottuvuuden mukaan<\/td>\n<\/tr>\n<tr>\n<td class=\"label\">5. Tuotantolinjat<\/td>\n<td>1) 43 sarjaa suulakepuristavia tuotantolinjoja (500 tonnista 5500 tonniin ja t\u00e4ytt\u00e4\u00e4 eri asiakkaiden vaatimukset)<br \/>\n2) 10 sarjaa anodisoinnin tuotantolinjoja<br \/>\n3) 2 sarjaa jauhemaalin tuotantolinjoja<br \/>\n4) 1 sarja puujyvien tuotantolinjoja<br \/>\n5) 4 sarjaa tarkkuusleikkauskoneita<br \/>\n6) 5 sarjaa cnc-koneita<br \/>\n7) 5 sarjaa naputuskoneita ja 3 sarjaa jyrsinkoneita<\/td>\n<\/tr>\n<tr>\n<td class=\"label\">6. Luonteenomaiset palvelut<\/td>\n<td>1). OEM-palvelu.<br \/>\n2). Suunnittelu asiakkaiden vaatimusten mukaisesti.<br \/>\n3). yli 10 vuoden ammattikokemus tutkimuksesta, valmistuksesta ja tuotannosta<br \/>\n4). Nykyaikainen syv\u00e4k\u00e4sittelykeskuksemme voi tarjota koneistusta, kuten leikkausta, l\u00e4vistyst\u00e4, porausta jne.<\/td>\n<\/tr>\n<tr>\n<td class=\"label\">7. Laadunvalvonta<\/td>\n<td>K\u00e4yt\u00e4mme tiukinta laadunvalvontaj\u00e4rjestelm\u00e4\u00e4, havaitseminen on materiaalista, tuotantoprosessista ja lopputuotteesta, ja varmistamme tuotteen laadun ja j\u00e4ljitett\u00e4vyyden.<\/td>\n<\/tr>\n<tr>\n<td class=\"label\">8.Process<\/td>\n<td>Die design\u2192Die making\u2192Smelting&amp;alloying\u2192QC\u2192Extruding\u2192Cutting\u2192Heat Treatment\u2192QC\u2192Surface treatment\u2192QC\u2192Welding\u2192Packing\u2192QC\u2192Shipping\u2192After Sale Service<\/td>\n<\/tr>\n<tr>\n<td class=\"label\">9.Standard<\/td>\n<td>GB6082-2008<\/td>\n<\/tr>\n<tr>\n<td class=\"label\">10.Maksu<\/td>\n<td>T \/ T: 30% talletus, saldo maksetaan ennen l\u00e4hetyst\u00e4.<\/td>\n<\/tr>\n<tr>\n<td class=\"label\">11:<\/td>\n<td>Sis\u00e4puoli : yksitt\u00e4inen ep-kalvolla k\u00e4\u00e4ritty.<br \/>\nUlkopuolella: pakattu muovipussiin tai pahvilaatikoihin, puulaatikoihin. Voisimme my\u00f6s pakata tavarat pyynn\u00f6st\u00e4si.<\/td>\n<\/tr>\n<tr>\n<td class=\"label\">12.Lead Time<\/td>\n<td>Die Kehitt\u00e4minen ja n\u00e4ytteen testaus: 7-10 ty\u00f6p\u00e4iv\u00e4\u00e4.<\/td>\n<\/tr>\n<\/table>\n<h2>Tuotantopohjamme<\/h2>\n<h3>Tehtaan panoraama<\/h3>\n<p><img decoding=\"async\" src=\"\/wp-content\/uploads\/factory-01.webp\"\/><\/p>\n<h3>Alumiini Bar Manufacturing Workshop<\/h3>\n<p><img decoding=\"async\" src=\"\/wp-content\/uploads\/factory-02.webp\"\/><\/p>\n<\/p>\n<p><img decoding=\"async\" src=\"\/wp-content\/uploads\/factory-03.webp\"\/><\/p>\n<h3>Muotin varastointi Varasto<\/h3>\n<p><img decoding=\"async\" src=\"\/wp-content\/uploads\/factory-04.webp\"\/><\/p>\n<h3>43 alumiinin ekstruusiolinjat (500-5500 tonnia)<\/h3>\n<p><img decoding=\"async\" src=\"\/wp-content\/uploads\/factory-05.webp\"\/><\/p>\n<p><img decoding=\"async\" src=\"\/wp-content\/uploads\/factory-06.webp\"\/><\/p>\n<p><img decoding=\"async\" src=\"\/wp-content\/uploads\/factory-07.webp\"\/><\/p>\n<h3>Jauhemaalaus ty\u00f6paja<\/h3>\n<p><img decoding=\"async\" src=\"\/wp-content\/uploads\/factory-09.webp\"\/><\/p>\n<h3>Anodisointi ty\u00f6paja<\/h3>\n<p><img decoding=\"async\" src=\"\/wp-content\/uploads\/factory-10.webp\"\/><\/p>\n<h3>Syv\u00e4k\u00e4sittelyn ty\u00f6paja<\/h3>\n<p><img decoding=\"async\" src=\"\/wp-content\/uploads\/factory-11.webp\"\/><\/p>\n<h3>CNC-tarkkuuskoneistus ty\u00f6paja<\/h3>\n<p><img decoding=\"async\" src=\"\/wp-content\/uploads\/factory-11.5.webp\"\/><\/p>\n<h3>Valmiiden tuotteiden ja vientivarasto<\/h3>\n<p><img decoding=\"async\" src=\"\/wp-content\/uploads\/factory-12.webp\"\/><\/p>\n<p><img decoding=\"async\" src=\"\/wp-content\/uploads\/factory-13.webp\"\/><\/p>\n<p><img decoding=\"async\" src=\"\/wp-content\/uploads\/factory-14.webp\"\/><\/p>\n<h2>FAQ<\/h2>\n<p><b>1.What on alumiini profiilij\u00e4rjestelm\u00e4 k\u00e4ytet\u00e4\u00e4n?<\/b><\/p>\n<p>Alumiiniprofiilij\u00e4rjestelm\u00e4\u00e4 k\u00e4ytet\u00e4\u00e4n r\u00e4\u00e4t\u00e4l\u00f6ityjen kehysten, koteloiden ja rakenteiden luomiseen, ja se tarjoaa joustavuutta ja lujuutta teollisiin, kaupallisiin ja DIY-sovelluksiin.\n<\/p>\n<p><\/p>\n<p><b>2.Miksi alumiinia k\u00e4ytet\u00e4\u00e4n n\u00e4iss\u00e4 profiilij\u00e4rjestelmiss\u00e4?<\/b><\/p>\n<p>Alumiini on kevytt\u00e4, kest\u00e4v\u00e4\u00e4 ja korroosionkest\u00e4v\u00e4\u00e4, joten se on ihanteellinen materiaali vahvojen ja pitk\u00e4ik\u00e4isten rakenteiden luomiseen eri teollisuudenaloilla.\n<\/p>\n<p><\/p>\n<p><b>3.Miten T-urien muotoilu hy\u00f6dytt\u00e4\u00e4 alumiiniprofiilij\u00e4rjestelm\u00e4\u00e4?<\/b><\/p>\n<p>T-urarakenne mahdollistaa helpon kokoonpanon, purkamisen ja muokkaamisen, mik\u00e4 mahdollistaa nopeat s\u00e4\u00e4d\u00f6t ja uudelleenj\u00e4rjestelyt projekteissa.\n<\/p>\n<p><\/p>\n<p><b>4.Can alumiini profiilij\u00e4rjestelm\u00e4 voidaan r\u00e4\u00e4t\u00e4l\u00f6id\u00e4?<\/b><\/p>\n<p>Kyll\u00e4, alumiiniprofiilij\u00e4rjestelm\u00e4 on eritt\u00e4in muokattavissa, joten sen avulla voidaan luoda ainutlaatuisia rakenteita, jotka on r\u00e4\u00e4t\u00e4l\u00f6ity projektin erityisvaatimusten mukaan.\n<\/p>\n<p><\/p>\n<p><b>5.What toimialat k\u00e4ytt\u00e4v\u00e4t alumiiniprofiilij\u00e4rjestelmi\u00e4?<\/b><\/p>\n<p>Alumiiniprofiilij\u00e4rjestelmi\u00e4 k\u00e4ytet\u00e4\u00e4n esimerkiksi valmistusteollisuudessa, autoteollisuudessa, elektroniikassa ja rakentamisessa niiden monipuolisuuden, lujuuden ja joustavuuden ansiosta.\n<\/p>\n<p><\/p>\n<p><b>6.Kuinka kauan alumiiniprofiilij\u00e4rjestelm\u00e4 kest\u00e4\u00e4?<\/b><\/p>\n<p>Kest\u00e4v\u00e4n alumiinimateriaalin ja korroosionkest\u00e4vien ominaisuuksiensa ansiosta alumiiniprofiilij\u00e4rjestelm\u00e4 tarjoaa pitk\u00e4aikaisen suorituskyvyn my\u00f6s vaativissa ymp\u00e4rist\u00f6iss\u00e4.\n<\/p>\n<p><\/p>\n<p><b>7.Onko alumiiniprofiilij\u00e4rjestelm\u00e4 helppo asentaa?<\/b><\/p>\n<p>Kyll\u00e4, alumiiniprofiilij\u00e4rjestelm\u00e4 on suunniteltu helposti asennettavaksi, ja siihen tarvitaan vain v\u00e4h\u00e4n ty\u00f6kaluja, mik\u00e4 s\u00e4\u00e4st\u00e4\u00e4 aikaa ja v\u00e4hent\u00e4\u00e4 projektien ty\u00f6voimakustannuksia.\n<\/p>\n<p><\/p>","protected":false},"featured_media":7967,"template":"","categories":[54],"class_list":["post-7968","product","type-product","status-publish","has-post-thumbnail","hentry","category-industrial-aluminum-profiles"],"meta_box":{"hilight_text_group":{"product_hilight_text":"<li>Aluminum Profile System offers flexibility in design, enabling the creation of custom structures and solutions.<\/li>\r\r\n<li>Durable and lightweight aluminum material ensures strength without adding excess weight.<\/li>\r\r\n<li>Corrosion-resistant, making it suitable for both indoor and outdoor applications in various environments.<\/li>\r\r\n<li>Easy to assemble with T-slot design, reducing installation time and increasing project efficiency.<\/li>\r\r\n<li>Compatible with a wide range of accessories, allowing for versatile configurations and expansions.<\/li>","product_chanpin_blog":"<ul>\r\r\n<li><a href=\"https:\/\/sinoextrud.com\/t-slot-v-slot-differences\/\" target=\"_blank\">t slot vs v slot<\/a><\/li>\r\r\n<li><a href=\"https:\/\/sinoextrud.com\/what-is-4040-aluminium-extrud\/\" target=\"_blank\">4040 aluminium extrusion<\/a><\/li>\r\r\n<li><a href=\"https:\/\/sinoextrud.com\/what-is-4040-aluminium-extrud\/\" target=\"_blank\">aluminum extrusions for industrial racks<\/a><\/li>\r\r\n<li><a href=\"https:\/\/sinoextrud.com\/powder-coating-aluminium-process\/\" target=\"_blank\">powder coating aluminium<\/a><\/li>\r\r\n<li><a href=\"https:\/\/sinoextrud.com\/what-is-an-aluminium-strip-ceiling\/\" target=\"_blank\">aluminium strip ceiling<\/a><\/li>\r\r\n<li><a href=\"https:\/\/sinoextrud.com\/what-is-a-heat-sink\/\" target=\"_blank\">what is a heat sink<\/a><\/li>\r\r\n<\/ul>","product_chanpin_chanpin":"<li><a href=\"https:\/\/sinoextrud.com\/product\/aluminum-profile-for-workstation-desk\/\" target=\"_blank\">Aluminum Profile For Workstation Desk<\/a><\/li>\r\n<li><a href=\"https:\/\/sinoextrud.com\/product\/aluminum-profile-led-light-strip-bar\/\" target=\"_blank\">Aluminum Profile LED Light Strip Bar<\/a><\/li>\r\n<li><a href=\"https:\/\/sinoextrud.com\/product\/aluminum-profile-solar-panel-structure\/\" target=\"_blank\">Aluminum Profile Solar Panel Structure<\/a><\/li>\r\n<li><a href=\"https:\/\/sinoextrud.com\/product\/aluminum-profile-solar\/\" target=\"_blank\">Aluminum Profile Solar<\/a><\/li>\r\n<li><a href=\"https:\/\/sinoextrud.com\/product\/aluminum-profile-system\/\" target=\"_blank\">Aluminum Profile System<\/a><\/li>\r\n<li><a href=\"https:\/\/sinoextrud.com\/product\/aluminum-profile-t-slot-led-frame\/\" target=\"_blank\">Aluminum Profile T Slot Led Frame<\/a><\/li>\r\n<li><a href=\"https:\/\/sinoextrud.com\/product\/aluminum-profile-t-slot\/\" target=\"_blank\">Aluminum Profile T Slot<\/a><\/li>\r\n<li><a href=\"https:\/\/sinoextrud.com\/product\/aluminum-profiles-led-strip-lighting\/\" target=\"_blank\">Aluminum Profiles Led Strip Lighting<\/a><\/li>\r\n<li><a href=\"https:\/\/sinoextrud.com\/product\/aluminum-shutter-profile\/\" target=\"_blank\">Aluminum Shutter Profile<\/a><\/li>\r\n<li><a href=\"https:\/\/sinoextrud.com\/product\/aluminum-shower-frame-parts\/\" target=\"_blank\">Aluminum Shower Frame Parts<\/a><\/li>\r\n<li><a href=\"https:\/\/sinoextrud.com\/product\/anodized-champagne-aluminium-color-matte-anodized-sand-blasting-6063-alloy-extrusion-profiles\/\" target=\"_blank\">Anodized Champagne aluminium color matte anodized sand blasting 6063 alloy extrusion profiles<\/a><\/li>"},"feature_list":[]},"_links":{"self":[{"href":"https:\/\/sinoextrud.com\/fi\/wp-json\/wp\/v2\/product\/7968","targetHints":{"allow":["GET"]}}],"collection":[{"href":"https:\/\/sinoextrud.com\/fi\/wp-json\/wp\/v2\/product"}],"about":[{"href":"https:\/\/sinoextrud.com\/fi\/wp-json\/wp\/v2\/types\/product"}],"wp:featuredmedia":[{"embeddable":true,"href":"https:\/\/sinoextrud.com\/fi\/wp-json\/wp\/v2\/media\/7967"}],"wp:attachment":[{"href":"https:\/\/sinoextrud.com\/fi\/wp-json\/wp\/v2\/media?parent=7968"}],"wp:term":[{"taxonomy":"category","embeddable":true,"href":"https:\/\/sinoextrud.com\/fi\/wp-json\/wp\/v2\/categories?post=7968"}],"curies":[{"name":"wp","href":"https:\/\/api.w.org\/{rel}","templated":true}]}}