{"id":7964,"date":"2025-06-12T01:54:43","date_gmt":"2025-06-12T01:54:43","guid":{"rendered":"https:\/\/sinoextrud.com\/product\/aluminum-profile-solar-panel-structure\/"},"modified":"2025-06-24T06:14:26","modified_gmt":"2025-06-24T06:14:26","slug":"alumiini-profiilin-aurinkopaneeli-rakenne","status":"publish","type":"product","link":"https:\/\/sinoextrud.com\/fi\/product\/aluminum-profile-solar-panel-structure\/","title":{"rendered":"Alumiiniprofiili aurinkopaneelin rakenne"},"content":{"rendered":"<h2>Tuotteiden tiedot<\/h2>\n<table class=\"custom-table\">\n<tr>\n<td class=\"label\">1. Nimi:<\/td>\n<td> Alumiiniprofiili aurinkopaneelin rakenne<\/td>\n<\/tr>\n<tr>\n<td class=\"label\">2. Materiaali ja laatu :<\/td>\n<td> 6063-T5 alumiiniseos <\/td>\n<\/tr>\n<tr>\n<td class=\"label\">3. Valmis:<\/td>\n<td> GB anodisoitu hopea<\/td>\n<\/tr>\n<tr>\n<td class=\"label\">4. Executive Standard:<\/td>\n<td> GB5237-2008<\/td>\n<\/tr>\n<tr>\n<td class=\"label\">5. Todistukset:<\/td>\n<td> ISO9001<\/td>\n<\/tr>\n<tr>\n<td class=\"label\">6. Malli:<\/td>\n<td> OEM\/ODM<\/td>\n<\/tr>\n<tr>\n<td class=\"label\">7. CNC-palvelut:<\/td>\n<td> Taivutus, l\u00e4vistys, leikkaus, kiehautus, hitsaus jne.<\/td>\n<\/tr>\n<tr>\n<td class=\"label\">8. Pituus:<\/td>\n<td> R\u00e4\u00e4t\u00e4l\u00f6ity<\/td>\n<\/tr>\n<tr>\n<td class=\"label\">9. Paksuus:<\/td>\n<td> R\u00e4\u00e4t\u00e4l\u00f6ity<\/td>\n<\/tr>\n<tr>\n<td class=\"label\">10. Alkuper\u00e4inen:<\/td>\n<td> Foshan, Kiina<\/td>\n<\/tr>\n<\/table>\n<h2>Tuotantopohjamme<\/h2>\n<h3>Tehtaan panoraama<\/h3>\n<p><img decoding=\"async\" src=\"\/wp-content\/uploads\/factory-01.webp\"\/><\/p>\n<h3>Alumiini Bar Manufacturing Workshop<\/h3>\n<p><img decoding=\"async\" src=\"\/wp-content\/uploads\/factory-02.webp\"\/><\/p>\n<\/p>\n<p><img decoding=\"async\" src=\"\/wp-content\/uploads\/factory-03.webp\"\/><\/p>\n<h3>Muotin varastointi Varasto<\/h3>\n<p><img decoding=\"async\" src=\"\/wp-content\/uploads\/factory-04.webp\"\/><\/p>\n<h3>43 Alumiini ekstruusiolinjat (500\u00e2 5500 tonnia)<\/h3>\n<p><img decoding=\"async\" src=\"\/wp-content\/uploads\/factory-05.webp\"\/><\/p>\n<p><img decoding=\"async\" src=\"\/wp-content\/uploads\/factory-06.webp\"\/><\/p>\n<p><img decoding=\"async\" src=\"\/wp-content\/uploads\/factory-07.webp\"\/><\/p>\n<h3>Jauhemaalaus ty\u00f6paja<\/h3>\n<p><img decoding=\"async\" src=\"\/wp-content\/uploads\/factory-09.webp\"\/><\/p>\n<h3>Anodisointi ty\u00f6paja<\/h3>\n<p><img decoding=\"async\" src=\"\/wp-content\/uploads\/factory-10.webp\"\/><\/p>\n<h3>Syv\u00e4k\u00e4sittelyn ty\u00f6paja<\/h3>\n<p><img decoding=\"async\" src=\"\/wp-content\/uploads\/factory-11.webp\"\/><\/p>\n<h3>CNC-tarkkuuskoneistus ty\u00f6paja<\/h3>\n<p><img decoding=\"async\" src=\"\/wp-content\/uploads\/factory-11.5.webp\"\/><\/p>\n<h3>Valmiiden tuotteiden ja vientivarasto<\/h3>\n<p><img decoding=\"async\" src=\"\/wp-content\/uploads\/factory-12.webp\"\/><\/p>\n<p><img decoding=\"async\" src=\"\/wp-content\/uploads\/factory-13.webp\"\/><\/p>\n<p><img decoding=\"async\" src=\"\/wp-content\/uploads\/factory-14.webp\"\/><\/p>\n<h2>FAQ<\/h2>\n<p><b>1.Mik\u00e4 on alumiiniprofiilin aurinkopaneelin rakenne?<\/b><\/p>\n<p>Alumiiniprofiilinen aurinkopaneelirakenne on kevyt, korroosionkest\u00e4v\u00e4 kiinnitysj\u00e4rjestelm\u00e4, joka on suunniteltu aurinkopaneelien turvalliseen asentamiseen laadukkaiden alumiinikehysten avulla.\n<\/p>\n<p><\/p>\n<p><b>2.Miksi k\u00e4ytt\u00e4\u00e4 alumiiniprofiileja aurinkopaneelien kiinnitt\u00e4miseen?<\/b><\/p>\n<p>Alumiiniprofiilit ovat ihanteellisia aurinkopaneelien kiinnitykseen, koska ne ovat kevyit\u00e4, kest\u00e4vi\u00e4, korroosionkest\u00e4vi\u00e4 ja helppoja asentaa, joten ne soveltuvat erinomaisesti ulkok\u00e4ytt\u00f6\u00f6n.\n<\/p>\n<p><\/p>\n<p><b>3.Onko alumiinirakenne sopiva kaikkiin s\u00e4\u00e4olosuhteisiin?<\/b><\/p>\n<p>Kyll\u00e4, alumiiniprofiilinen aurinkopaneelirakenne on suunniteltu kest\u00e4m\u00e4\u00e4n ankaria s\u00e4\u00e4olosuhteita, kuten voimakkaita tuulia ja rankkasateita, mik\u00e4 takaa pitk\u00e4n aikav\u00e4lin suorituskyvyn.\n<\/p>\n<p><\/p>\n<p><b>4.Miten rakenne tukee eri kokoisia paneeleita?<\/b><\/p>\n<p>Alumiiniprofiilisen aurinkopaneelirakenteen modulaarisen rakenteen ansiosta sit\u00e4 voidaan s\u00e4\u00e4t\u00e4\u00e4 eri aurinkopaneelien mittojen mukaan.\n<\/p>\n<p><\/p>\n<p><b>5.Onko asennusprosessi monimutkainen?<\/b><\/p>\n<p>Ei, alumiiniprofiilin aurinkopaneelirakenteessa on yksinkertainen ja tehokas asennusprosessi, joka v\u00e4hent\u00e4\u00e4 ty\u00f6aikaa ja kustannuksia.\n<\/p>\n<p><\/p>\n<p><b>6.Voinko k\u00e4ytt\u00e4\u00e4 t\u00e4t\u00e4 rakennetta maahan asennettaviin ja katolle asennettaviin j\u00e4rjestelmiin?<\/b><\/p>\n<p>Kyll\u00e4, alumiiniprofiilinen aurinkopaneelirakenne on monipuolinen, ja sit\u00e4 voidaan k\u00e4ytt\u00e4\u00e4 sek\u00e4 katolle ett\u00e4 maahan asennettaviin aurinkoj\u00e4rjestelmiin.\n<\/p>\n<p><\/p>\n<p><b>7.Kuinka kauan alumiinirakenne kest\u00e4\u00e4?<\/b><\/p>\n<p>Alumiiniprofiilinen aurinkopaneelirakenne on eritt\u00e4in lujan ja korroosionkest\u00e4v\u00e4n alumiinin ansiosta pitk\u00e4ik\u00e4inen ja kest\u00e4\u00e4 usein yli 25 vuotta.\n<\/p>\n<p><\/p>\n<p><b>8.Vaatiiko rakenne s\u00e4\u00e4nn\u00f6llist\u00e4 huoltoa?<\/b><\/p>\n<p>Huoltotarve on minimaalinen, sill\u00e4 alumiinimateriaali kest\u00e4\u00e4 luonnostaan ruostetta ja korroosiota, mik\u00e4 takaa luotettavan ja v\u00e4h\u00e4n huoltoa vaativan suorituskyvyn.<\/p>\n<p><\/p>","protected":false},"featured_media":7963,"template":"","categories":[54],"class_list":["post-7964","product","type-product","status-publish","has-post-thumbnail","hentry","category-industrial-aluminum-profiles"],"meta_box":{"hilight_text_group":{"product_hilight_text":"<li>High-strength aluminum profiles ensure long-lasting durability<\/li>\r\r\n<li>Corrosion-resistant materials ideal for harsh outdoor environments<\/li>\r\r\n<li>Lightweight structure allows easy transportation and installation<\/li>\r\r\n<li>Modular design supports flexible solar panel configurations<\/li>\r\r\n<li>Precision-engineered components for stable and secure mounting<\/li>\r\r\n<li>Compatible with various solar panel sizes and types<\/li>\r\r\n<li>Low maintenance costs with long service life<\/li>\r\r\n<li>Customizable lengths and finishes to match project needs<\/li>","product_chanpin_blog":"<ul>\r\r\n<li><a href=\"https:\/\/sinoextrud.com\/t-slot-v-slot-differences\/\" target=\"_blank\">t slot vs v slot<\/a><\/li>\r\r\n<li><a href=\"https:\/\/sinoextrud.com\/what-is-4040-aluminium-extrud\/\" target=\"_blank\">4040 aluminium extrusion<\/a><\/li>\r\r\n<li><a href=\"https:\/\/sinoextrud.com\/what-is-4040-aluminium-extrud\/\" target=\"_blank\">aluminum extrusions for industrial racks<\/a><\/li>\r\r\n<li><a href=\"https:\/\/sinoextrud.com\/powder-coating-aluminium-process\/\" target=\"_blank\">powder coating aluminium<\/a><\/li>\r\r\n<li><a href=\"https:\/\/sinoextrud.com\/what-is-an-aluminium-strip-ceiling\/\" target=\"_blank\">aluminium strip ceiling<\/a><\/li>\r\r\n<li><a href=\"https:\/\/sinoextrud.com\/what-is-a-heat-sink\/\" target=\"_blank\">what is a heat sink<\/a><\/li>\r\r\n<\/ul>","product_chanpin_chanpin":"<li><a href=\"https:\/\/sinoextrud.com\/product\/aluminum-profile-for-clean-room-circle-shape\/\" target=\"_blank\">Aluminum Profile For Clean Room Circle Shape<\/a><\/li>\r\n<li><a href=\"https:\/\/sinoextrud.com\/product\/aluminum-profile-for-solar-panel\/\" target=\"_blank\">Aluminum Profile For Solar Panel<\/a><\/li>\r\n<li><a href=\"https:\/\/sinoextrud.com\/product\/aluminum-profile-for-workstation-desk\/\" target=\"_blank\">Aluminum Profile For Workstation Desk<\/a><\/li>\r\n<li><a href=\"https:\/\/sinoextrud.com\/product\/aluminum-profile-led-light-strip-bar\/\" target=\"_blank\">Aluminum Profile LED Light Strip Bar<\/a><\/li>\r\n<li><a href=\"https:\/\/sinoextrud.com\/product\/aluminum-profile-solar-panel-structure\/\" target=\"_blank\">Aluminum Profile Solar Panel Structure<\/a><\/li>\r\n<li><a href=\"https:\/\/sinoextrud.com\/product\/aluminum-profile-solar\/\" target=\"_blank\">Aluminum Profile Solar<\/a><\/li>\r\n<li><a href=\"https:\/\/sinoextrud.com\/product\/aluminum-profile-system\/\" target=\"_blank\">Aluminum Profile System<\/a><\/li>\r\n<li><a href=\"https:\/\/sinoextrud.com\/product\/aluminum-profile-t-slot-led-frame\/\" target=\"_blank\">Aluminum Profile T Slot Led Frame<\/a><\/li>\r\n<li><a href=\"https:\/\/sinoextrud.com\/product\/aluminum-profile-t-slot\/\" target=\"_blank\">Aluminum Profile T Slot<\/a><\/li>\r\n<li><a href=\"https:\/\/sinoextrud.com\/product\/aluminium-profile-drilling-cutting-bending-puching-processing\/\" target=\"_blank\">Aluminium profile drilling cutting bending puching processing<\/a><\/li>\r\n<li><a href=\"https:\/\/sinoextrud.com\/product\/sandblasted-mechanical-streak-removed-aluminium-profiles\/\" target=\"_blank\">Sandblasted Mechanical streak removed aluminium profiles<\/a><\/li>"},"feature_list":[]},"_links":{"self":[{"href":"https:\/\/sinoextrud.com\/fi\/wp-json\/wp\/v2\/product\/7964","targetHints":{"allow":["GET"]}}],"collection":[{"href":"https:\/\/sinoextrud.com\/fi\/wp-json\/wp\/v2\/product"}],"about":[{"href":"https:\/\/sinoextrud.com\/fi\/wp-json\/wp\/v2\/types\/product"}],"wp:featuredmedia":[{"embeddable":true,"href":"https:\/\/sinoextrud.com\/fi\/wp-json\/wp\/v2\/media\/7963"}],"wp:attachment":[{"href":"https:\/\/sinoextrud.com\/fi\/wp-json\/wp\/v2\/media?parent=7964"}],"wp:term":[{"taxonomy":"category","embeddable":true,"href":"https:\/\/sinoextrud.com\/fi\/wp-json\/wp\/v2\/categories?post=7964"}],"curies":[{"name":"wp","href":"https:\/\/api.w.org\/{rel}","templated":true}]}}