{"id":7956,"date":"2025-06-12T01:43:58","date_gmt":"2025-06-12T01:43:58","guid":{"rendered":"https:\/\/sinoextrud.com\/product\/aluminum-profile-for-clean-room-circle-shape\/"},"modified":"2025-06-24T06:14:18","modified_gmt":"2025-06-24T06:14:18","slug":"alumiiniprofiili-puhdastilan-ympyran-muotoinen","status":"publish","type":"product","link":"https:\/\/sinoextrud.com\/fi\/product\/aluminum-profile-for-clean-room-circle-shape\/","title":{"rendered":"Alumiiniprofiili puhdasta tilaa varten Circle Shape"},"content":{"rendered":"<h2>Tuotteiden tiedot<\/h2>\n<table class=\"custom-table\">\n<tr>\n<td class=\"label\">Otsikko<\/td>\n<td>Alumiiniprofiili puhdasta tilaa varten Circle Shape<\/td>\n<\/tr>\n<\/table>\n<h2>Tuotantopohjamme<\/h2>\n<h3>Tehtaan panoraama<\/h3>\n<p><img decoding=\"async\" src=\"\/wp-content\/uploads\/factory-01.webp\"\/><\/p>\n<h3>Alumiini Bar Manufacturing Workshop<\/h3>\n<p><img decoding=\"async\" src=\"\/wp-content\/uploads\/factory-02.webp\"\/><\/p>\n<p><img decoding=\"async\" src=\"\/wp-content\/uploads\/factory-03.webp\"\/><\/p>\n<h3>Muotin varastointi Varasto<\/h3>\n<p><img decoding=\"async\" src=\"\/wp-content\/uploads\/factory-04.webp\"\/><\/p>\n<h3>43 Alumiini ekstruusiolinjat (500\u00e2 5500 tonnia)<\/h3>\n<p><img decoding=\"async\" src=\"\/wp-content\/uploads\/factory-05.webp\"\/><\/p>\n<p><img decoding=\"async\" src=\"\/wp-content\/uploads\/factory-06.webp\"\/><\/p>\n<p><img decoding=\"async\" src=\"\/wp-content\/uploads\/factory-07.webp\"\/><\/p>\n<h3>Jauhemaalaus ty\u00f6paja<\/h3>\n<p><img decoding=\"async\" src=\"\/wp-content\/uploads\/factory-09.webp\"\/><\/p>\n<h3>Anodisointi ty\u00f6paja<\/h3>\n<p><img decoding=\"async\" src=\"\/wp-content\/uploads\/factory-10.webp\"\/><\/p>\n<h3>Syv\u00e4k\u00e4sittelyn ty\u00f6paja<\/h3>\n<p><img decoding=\"async\" src=\"\/wp-content\/uploads\/factory-11.webp\"\/><\/p>\n<h3>CNC-tarkkuuskoneistus ty\u00f6paja<\/h3>\n<p><img decoding=\"async\" src=\"\/wp-content\/uploads\/factory-11.5.webp\"\/><\/p>\n<h3>Valmiiden tuotteiden ja vientivarasto<\/h3>\n<p><img decoding=\"async\" src=\"\/wp-content\/uploads\/factory-12.webp\"\/><\/p>\n<p><img decoding=\"async\" src=\"\/wp-content\/uploads\/factory-13.webp\"\/><\/p>\n<p><img decoding=\"async\" src=\"\/wp-content\/uploads\/factory-14.webp\"\/><\/p>\n<h2>FAQ<\/h2>\n<p><p><b>1.Mik\u00e4 on puhdastilojen alumiiniprofiilien tarkoitus? <\/b><\/p>\n<p> Puhdastilojen alumiiniprofiilit tarjoavat rakenteellisen kehyksen, jossa on sile\u00e4t, huokosettomat pinnat, jotka est\u00e4v\u00e4t kontaminaatiota ja tukevat hygieniastandardeja.<br \/>\n<\/p><br \/>\n<br \/>\n<p><b>2.Miksi k\u00e4ytt\u00e4\u00e4 ympyr\u00e4n muotoa puhdastilan alumiiniprofiileissa? <\/b><\/p>\n<p> Py\u00f6re\u00e4 muoto v\u00e4hent\u00e4\u00e4 kulmia ja reunoja, joihin p\u00f6ly voi ker\u00e4\u00e4nty\u00e4, mik\u00e4 parantaa ilmavirtaa ja puhtautta steriileiss\u00e4 ymp\u00e4rist\u00f6iss\u00e4.<br \/>\n<\/p><br \/>\n<br \/>\n<p><b>3.Ovatko n\u00e4m\u00e4 alumiiniprofiilit sopivia korkealaatuisiin puhdastiloihin? <\/b><\/p>\n<p> Kyll\u00e4, profiilit valmistetaan puhdastilavaatimusten mukaisesti, mukaan lukien luokkien 100 ja 10000 ymp\u00e4rist\u00f6t.<br \/>\n<\/p><br \/>\n<br \/>\n<p><b>4.Voiko puhdastilojen alumiiniprofiileja r\u00e4\u00e4t\u00e4l\u00f6id\u00e4? <\/b><\/p>\n<p> Ehdottomasti tarjoamme r\u00e4\u00e4t\u00e4l\u00f6ityj\u00e4 muotoja, pituuksia ja anodisoituja pintoja, jotta voimme t\u00e4ytt\u00e4\u00e4 puhtaiden tilojen ulkoasun ja suunnittelun erityistarpeet.<br \/>\n<\/p><br \/>\n<br \/>\n<p><b>5.Mit\u00e4 materiaalia k\u00e4ytet\u00e4\u00e4n puhdashuoneen alumiiniprofiileissa? <\/b><\/p>\n<p> Puhdastilaprofiilimme on valmistettu lujasta, korroosionkest\u00e4v\u00e4st\u00e4 alumiinista, joka takaa pitk\u00e4aikaisen suorituskyvyn steriileiss\u00e4 olosuhteissa.<br \/>\n<\/p><br \/>\n<br \/>\n<p><b>6.Miten alumiinipinnoite auttaa puhdastiloissa? <\/b><\/p>\n<p> Anodisoitu tai pulverimaalattu pinta on sile\u00e4 ja kest\u00e4v\u00e4, helppo puhdistaa ja kest\u00e4\u00e4 kemikaaleja ja kosteutta.<br \/>\n<\/p><br \/>\n<br \/>\n<p><b>7.Mitk\u00e4 puhdastilaj\u00e4rjestelm\u00e4t ovat yhteensopivia n\u00e4iden profiilien kanssa? <\/b><\/p>\n<p> N\u00e4m\u00e4 profiilit sopivat helposti puhdastilojen kattoristikoihin, v\u00e4liseiniin, ikkunankehyksiin ja moduulij\u00e4rjestelmiin.<br \/>\n<\/p><br \/><\/p>","protected":false},"featured_media":7955,"template":"","categories":[54],"class_list":["post-7956","product","type-product","status-publish","has-post-thumbnail","hentry","category-industrial-aluminum-profiles"],"meta_box":{"hilight_text_group":{"product_hilight_text":"<li>Designed specifically for clean room environments with smooth, easy-to-clean surfaces.<\/li>\r\r\n<li>Circle shape profile minimizes dust accumulation and particle retention.<\/li>\r\r\n<li>Made from high-grade aluminum for strength and corrosion resistance.<\/li>\r\r\n<li>Lightweight and easy to install in clean room construction.<\/li>\r\r\n<li>Customizable dimensions and finishes to suit project specifications.<\/li>\r\r\n<li>Supports clean room standards for hygiene and air quality control.<\/li>\r\r\n<li>Compatible with clean room wall panels, ceilings, and fixtures.<\/li>","product_chanpin_blog":"<ul>\r\r\n<li><a href=\"https:\/\/sinoextrud.com\/t-slot-v-slot-differences\/\" target=\"_blank\">t slot vs v slot<\/a><\/li>\r\r\n<li><a href=\"https:\/\/sinoextrud.com\/what-is-4040-aluminium-extrud\/\" target=\"_blank\">4040 aluminium extrusion<\/a><\/li>\r\r\n<li><a href=\"https:\/\/sinoextrud.com\/what-is-4040-aluminium-extrud\/\" target=\"_blank\">aluminum extrusions for industrial racks<\/a><\/li>\r\r\n<li><a href=\"https:\/\/sinoextrud.com\/powder-coating-aluminium-process\/\" target=\"_blank\">powder coating aluminium<\/a><\/li>\r\r\n<li><a href=\"https:\/\/sinoextrud.com\/what-is-an-aluminium-strip-ceiling\/\" target=\"_blank\">aluminium strip ceiling<\/a><\/li>\r\r\n<li><a href=\"https:\/\/sinoextrud.com\/what-is-a-heat-sink\/\" target=\"_blank\">what is a heat sink<\/a><\/li>\r\r\n<\/ul>","product_chanpin_chanpin":"<li><a href=\"https:\/\/sinoextrud.com\/product\/aluminum-extrusion-rail\/\" target=\"_blank\">Aluminum Extrusion Rail<\/a><\/li>\r\n<li><a href=\"https:\/\/sinoextrud.com\/product\/aluminum-glass-channel\/\" target=\"_blank\">Aluminum Glass Channel<\/a><\/li>\r\n<li><a href=\"https:\/\/sinoextrud.com\/product\/aluminum-heat-sink-extrusion-profiles\/\" target=\"_blank\">Aluminum Heat Sink Extrusion Profiles<\/a><\/li>\r\n<li><a href=\"https:\/\/sinoextrud.com\/product\/aluminum-industrial-profile-6082-alloy-with-precision-cnc-cutting-length-during-1-m-to-3-meter\/\" target=\"_blank\">aluminum industrial profile 6082 alloy with precision cnc cutting length during 1 m to 3 meter<\/a><\/li>\r\n<li><a href=\"https:\/\/sinoextrud.com\/product\/aluminum-profile-for-clean-room-circle-shape\/\" target=\"_blank\">Aluminum Profile For Clean Room Circle Shape<\/a><\/li>\r\n<li><a href=\"https:\/\/sinoextrud.com\/product\/aluminum-profile-for-solar-panel\/\" target=\"_blank\">Aluminum Profile For Solar Panel<\/a><\/li>\r\n<li><a href=\"https:\/\/sinoextrud.com\/product\/aluminum-profile-for-workstation-desk\/\" target=\"_blank\">Aluminum Profile For Workstation Desk<\/a><\/li>\r\n<li><a href=\"https:\/\/sinoextrud.com\/product\/aluminum-profile-led-light-strip-bar\/\" target=\"_blank\">Aluminum Profile LED Light Strip Bar<\/a><\/li>\r\n<li><a href=\"https:\/\/sinoextrud.com\/product\/aluminum-profile-solar-panel-structure\/\" target=\"_blank\">Aluminum Profile Solar Panel Structure<\/a><\/li>\r\n<li><a href=\"https:\/\/sinoextrud.com\/product\/l-aluminum-profile-for-glass-railing\/\" target=\"_blank\">L Aluminum Profile For Glass Railing<\/a><\/li>\r\n<li><a href=\"https:\/\/sinoextrud.com\/product\/new-design-kitchen-handle-aluminum-profile\/\" target=\"_blank\">New Design Kitchen Handle Aluminum Profile<\/a><\/li>"},"feature_list":[]},"_links":{"self":[{"href":"https:\/\/sinoextrud.com\/fi\/wp-json\/wp\/v2\/product\/7956","targetHints":{"allow":["GET"]}}],"collection":[{"href":"https:\/\/sinoextrud.com\/fi\/wp-json\/wp\/v2\/product"}],"about":[{"href":"https:\/\/sinoextrud.com\/fi\/wp-json\/wp\/v2\/types\/product"}],"wp:featuredmedia":[{"embeddable":true,"href":"https:\/\/sinoextrud.com\/fi\/wp-json\/wp\/v2\/media\/7955"}],"wp:attachment":[{"href":"https:\/\/sinoextrud.com\/fi\/wp-json\/wp\/v2\/media?parent=7956"}],"wp:term":[{"taxonomy":"category","embeddable":true,"href":"https:\/\/sinoextrud.com\/fi\/wp-json\/wp\/v2\/categories?post=7956"}],"curies":[{"name":"wp","href":"https:\/\/api.w.org\/{rel}","templated":true}]}}