{"id":7948,"date":"2025-06-11T07:41:21","date_gmt":"2025-06-11T07:41:21","guid":{"rendered":"https:\/\/sinoextrud.com\/product\/aluminum-heat-sink-extrusion-profiles\/"},"modified":"2025-06-24T06:14:15","modified_gmt":"2025-06-24T06:14:15","slug":"alumiininen-jaahdytyselementti-suulakepuristusprofiilit","status":"publish","type":"product","link":"https:\/\/sinoextrud.com\/fi\/product\/aluminum-heat-sink-extrusion-profiles\/","title":{"rendered":"Alumiini j\u00e4\u00e4hdytyselementti ekstruusioprofiilit"},"content":{"rendered":"<h2>Tuotteiden tiedot<\/h2>\n<table class=\"custom-table\">\n<tbody>\n<tr>\n<td> Tuotteen nimi:<\/td>\n<td> Alumiini j\u00e4\u00e4hdytyselementti ekstruusioprofiilit<\/td>\n<td> Sovellus:<\/td>\n<td> Uuden energian ajoneuvot, koneet, s\u00e4hk\u00f6laitteet, LED-valaistus, tehoelektroniikka, autoteollisuus tai mik\u00e4 tahansa muu teollisuudenala.<\/td>\n<\/tr>\n<tr>\n<td> Luokka:<\/td>\n<td> 6000-sarja<\/td>\n<td> Suvaitsevaisuus:<\/td>\n<td> \u00b10,5%<\/td>\n<\/tr>\n<tr>\n<td> Toiminto:<\/td>\n<td> L\u00e4mm\u00f6npoisto ja energians\u00e4\u00e4st\u00f6<\/td>\n<td> Muoto:<\/td>\n<td> Auringonkukka tai r\u00e4\u00e4t\u00e4l\u00f6ity<\/td>\n<\/tr>\n<tr>\n<td> Seos tai ei:<\/td>\n<td> Onko seos<\/td>\n<td> Ominaisuus:<\/td>\n<td> Kaunis ulkon\u00e4k\u00f6, kevyt paino, hyv\u00e4 l\u00e4mm\u00f6ntuotto, hyv\u00e4 energians\u00e4\u00e4st\u00f6vaikutus<\/td>\n<\/tr>\n<tr>\n<td> Standardi:<\/td>\n<td> Keskitaso ja korkea laatu<\/td>\n<td> Takuu:<\/td>\n<td> asiakastodistus, kuten BV, Soncap, ISO<\/td>\n<\/tr>\n<tr>\n<td> MOQ:<\/td>\n<td> 200KGS jokaiselle tuotteelle ja jokaiselle v\u00e4rille<\/td>\n<td> Viennin pituus:<\/td>\n<td> 5.8m 20ft:lle , 5.9m \/6.0m 40'GP:lle.<\/td>\n<\/tr>\n<tr>\n<td> Toimitusaika:<\/td>\n<td> 15-21 p\u00e4iv\u00e4\u00e4 talletuksen vastaanottamisen j\u00e4lkeen<\/td>\n<td> Kuukausittainen tuotos:<\/td>\n<td> 15 000 tonnia<\/td>\n<\/tr>\n<tr>\n<td> Pakkaustiedot:<\/td>\n<td> Sis\u00e4ll\u00e4: pakattu suojamuovikalvo jokaiselle kpl:lle suojaamaan.<br \/>\nUlkopuoli: pakattu vedenpit\u00e4v\u00e4ll\u00e4 askartelupaperilla pinnalla.<\/td>\n<td> Satama:<\/td>\n<td> ShenZhen, Guangzhou, Foshan<\/td>\n<\/tr>\n<tr>\n<td> Toimituskyky:<\/td>\n<td> 15,000 Ton \/ tonnia kuukaudessa Industrial alumiini profiilin<\/td>\n<td> K\u00e4sittelypalvelu:<\/td>\n<td> Taivutus, purku, hitsaus, l\u00e4vistys, leikkaus<\/td>\n<\/tr>\n<\/tbody>\n<\/table>\n<h2>Tuotantopohjamme<\/h2>\n<h3>Tehtaan panoraama<\/h3>\n<p><img decoding=\"async\" src=\"\/wp-content\/uploads\/factory-01.webp\"\/><\/p>\n<h3>Alumiini Bar Manufacturing Workshop<\/h3>\n<p><img decoding=\"async\" src=\"\/wp-content\/uploads\/factory-02.webp\"\/><\/p>\n<\/p>\n<p><img decoding=\"async\" src=\"\/wp-content\/uploads\/factory-03.webp\"\/><\/p>\n<h3>Muotin varastointi Varasto<\/h3>\n<p><img decoding=\"async\" src=\"\/wp-content\/uploads\/factory-04.webp\"\/><\/p>\n<h3>43 alumiinin ekstruusiolinjat (500-5500 tonnia)<\/h3>\n<p><img decoding=\"async\" src=\"\/wp-content\/uploads\/factory-05.webp\"\/><\/p>\n<p><img decoding=\"async\" src=\"\/wp-content\/uploads\/factory-06.webp\"\/><\/p>\n<p><img decoding=\"async\" src=\"\/wp-content\/uploads\/factory-07.webp\"\/><\/p>\n<h3>Jauhemaalaus ty\u00f6paja<\/h3>\n<p><img decoding=\"async\" src=\"\/wp-content\/uploads\/factory-09.webp\"\/><\/p>\n<h3>Anodisointi ty\u00f6paja<\/h3>\n<p><img decoding=\"async\" src=\"\/wp-content\/uploads\/factory-10.webp\"\/><\/p>\n<h3>Syv\u00e4k\u00e4sittelyn ty\u00f6paja<\/h3>\n<p><img decoding=\"async\" src=\"\/wp-content\/uploads\/factory-11.webp\"\/><\/p>\n<h3>CNC-tarkkuuskoneistus ty\u00f6paja<\/h3>\n<p><img decoding=\"async\" src=\"\/wp-content\/uploads\/factory-11.5.webp\"\/><\/p>\n<h3>Valmiiden tuotteiden ja vientivarasto<\/h3>\n<p><img decoding=\"async\" src=\"\/wp-content\/uploads\/factory-12.webp\"\/><\/p>\n<p><img decoding=\"async\" src=\"\/wp-content\/uploads\/factory-13.webp\"\/><\/p>\n<p><img decoding=\"async\" src=\"\/wp-content\/uploads\/factory-14.webp\"\/><\/p>\n<h2>FAQ<\/h2>\n<p><b>1.What ovat alumiini j\u00e4\u00e4hdytyselementin puristeprofiilit k\u00e4ytet\u00e4\u00e4n? <\/b><\/p>\n<p>Alumiinisia j\u00e4\u00e4hdytyselementtien puristusprofiileja k\u00e4ytet\u00e4\u00e4n l\u00e4mm\u00f6n tehokkaaseen johtamiseen elektroniikkakomponenteista, mik\u00e4 parantaa laitteiden suorituskyky\u00e4 ja k\u00e4ytt\u00f6ik\u00e4\u00e4 est\u00e4m\u00e4ll\u00e4 ylikuumenemisen.\n<\/p>\n<p><\/p>\n<p><b>2.Miksi alumiinia k\u00e4ytet\u00e4\u00e4n j\u00e4\u00e4hdytyselementtiprofiileissa? <\/b><\/p>\n<p>Alumiini on hyvin johtava materiaali, kevyt ja korroosionkest\u00e4v\u00e4, joten se sopii erinomaisesti tehokkaaseen l\u00e4mm\u00f6nsiirtoon ja takaa pitk\u00e4aikaisen suorituskyvyn l\u00e4mm\u00f6nhallintasovelluksissa.\n<\/p>\n<p><\/p>\n<p><b>3.Miten alumiinisten j\u00e4\u00e4hdytyslevyprofiilien suunnittelu parantaa l\u00e4mm\u00f6nhukkaa? <\/b><\/p>\n<p>Alumiinisten j\u00e4\u00e4hdytyselementtiprofiilien suulakepuristettu muotoilu lis\u00e4\u00e4 l\u00e4mm\u00f6nsiirtopinta-alaa, mik\u00e4 takaa optimaalisen l\u00e4mm\u00f6nsiirron ja est\u00e4\u00e4 komponenttien ylikuumenemisen.\n<\/p>\n<p><\/p>\n<p><b>4.Can alumiini j\u00e4\u00e4hdytyslevyjen puristeprofiilit voidaan r\u00e4\u00e4t\u00e4l\u00f6id\u00e4 tiettyj\u00e4 sovelluksia varten? <\/b><\/p>\n<p>Kyll\u00e4, alumiiniset j\u00e4\u00e4hdytyselementtiprofiilit voidaan r\u00e4\u00e4t\u00e4l\u00f6id\u00e4 muodon, koon ja muotoilun osalta erilaisten elektronisten ja teollisten sovellusten erityisiin j\u00e4\u00e4hdytystarpeisiin sopiviksi.\n<\/p>\n<p><\/p>\n<p><b>5.Miten alumiinisen j\u00e4\u00e4hdytyselementin k\u00e4ytt\u00f6 parantaa elektronisen laitteen suorituskyky\u00e4? <\/b><\/p>\n<p>Alumiinisen j\u00e4\u00e4hdytyselementin k\u00e4ytt\u00e4minen auttaa yll\u00e4pit\u00e4m\u00e4\u00e4n optimaalista l\u00e4mp\u00f6tilaa elektroniikkakomponenteille, mik\u00e4 parantaa energiatehokkuutta ja suorituskyky\u00e4 ja est\u00e4\u00e4 ylikuumenemisesta johtuvat mahdolliset vauriot.\n<\/p>\n<p><\/p>\n<p><b>6.Soveltuvatko alumiiniset j\u00e4\u00e4hdytyselementtiprofiilit suuritehoisiin sovelluksiin? <\/b><\/p>\n<p>Kyll\u00e4, alumiiniset j\u00e4\u00e4hdytyselementtiprofiilit on suunniteltu kest\u00e4m\u00e4\u00e4n suuria l\u00e4mp\u00f6kuormia, joten ne soveltuvat suuritehoisiin sovelluksiin, kuten tietokoneisiin, LEDeihin ja virtal\u00e4hteisiin.\n<\/p>\n<p><\/p>\n<p><b>7.Is alumiini ymp\u00e4rist\u00f6yst\u00e4v\u00e4llinen? <\/b><\/p>\n<p>Kyll\u00e4, alumiini on 100%-kierr\u00e4tett\u00e4v\u00e4\u00e4, joten alumiiniset j\u00e4\u00e4hdytyselementtiprofiilit ovat ymp\u00e4rist\u00f6yst\u00e4v\u00e4llinen valinta, joka tukee elektroniikkateollisuuden kest\u00e4vi\u00e4 valmistusk\u00e4yt\u00e4nt\u00f6j\u00e4.\n<\/p>\n<p><\/p>","protected":false},"featured_media":7947,"template":"","categories":[54],"class_list":["post-7948","product","type-product","status-publish","has-post-thumbnail","hentry","category-industrial-aluminum-profiles"],"meta_box":{"hilight_text_group":{"product_hilight_text":"<ul>\r\r\n  <li>Aluminum heat sink extrusion profiles provide excellent thermal conductivity, ensuring efficient heat dissipation for electronic components.<\/li>\r\r\n  <li>Customizable shapes and sizes allow for tailored solutions that meet specific cooling requirements in industrial and consumer electronics.<\/li>\r\r\n  <li>Durable and corrosion-resistant, these profiles are ideal for both indoor and outdoor applications, maintaining long-term performance.<\/li>\r\r\n  <li>Lightweight yet strong, providing an optimal balance of heat management and structural integrity in electronic systems.<\/li>\r\r\n  <li>Efficient design helps prevent overheating, improving the performance and lifespan of sensitive electronic components.<\/li>\r\r\n  <li>Cost-effective solution for thermal management, reducing the need for additional cooling systems or complex mechanisms.<\/li>\r\r\n  <li>Eco-friendly and recyclable, contributing to sustainable practices in electronic manufacturing and reducing waste.<\/li>\r\r\n<\/ul>","product_chanpin_blog":"<ul>\r\r\n<li><a href=\"https:\/\/sinoextrud.com\/t-slot-v-slot-differences\/\" target=\"_blank\">t slot vs v slot<\/a><\/li>\r\r\n<li><a href=\"https:\/\/sinoextrud.com\/what-is-4040-aluminium-extrud\/\" target=\"_blank\">4040 aluminium extrusion<\/a><\/li>\r\r\n<li><a href=\"https:\/\/sinoextrud.com\/what-is-4040-aluminium-extrud\/\" target=\"_blank\">aluminum extrusions for industrial racks<\/a><\/li>\r\r\n<li><a href=\"https:\/\/sinoextrud.com\/powder-coating-aluminium-process\/\" target=\"_blank\">powder coating aluminium<\/a><\/li>\r\r\n<li><a href=\"https:\/\/sinoextrud.com\/what-is-an-aluminium-strip-ceiling\/\" target=\"_blank\">aluminium strip ceiling<\/a><\/li>\r\r\n<li><a href=\"https:\/\/sinoextrud.com\/what-is-a-heat-sink\/\" target=\"_blank\">what is a heat sink<\/a><\/li>\r\r\n<\/ul>","product_chanpin_chanpin":"<li><a href=\"https:\/\/sinoextrud.com\/product\/aluminum-extrusion-housing\/\" target=\"_blank\">Aluminum Extrusion Housing<\/a><\/li>\r\n<li><a href=\"https:\/\/sinoextrud.com\/product\/aluminum-extrusion-profiles-products\/\" target=\"_blank\">Aluminum Extrusion Profiles Products<\/a><\/li>\r\n<li><a href=\"https:\/\/sinoextrud.com\/product\/aluminum-extrusion-rail\/\" target=\"_blank\">Aluminum Extrusion Rail<\/a><\/li>\r\n<li><a href=\"https:\/\/sinoextrud.com\/product\/aluminum-glass-channel\/\" target=\"_blank\">Aluminum Glass Channel<\/a><\/li>\r\n<li><a href=\"https:\/\/sinoextrud.com\/product\/aluminum-heat-sink-extrusion-profiles\/\" target=\"_blank\">Aluminum Heat Sink Extrusion Profiles<\/a><\/li>\r\n<li><a href=\"https:\/\/sinoextrud.com\/product\/aluminum-industrial-profile-6082-alloy-with-precision-cnc-cutting-length-during-1-m-to-3-meter\/\" target=\"_blank\">aluminum industrial profile 6082 alloy with precision cnc cutting length during 1 m to 3 meter<\/a><\/li>\r\n<li><a href=\"https:\/\/sinoextrud.com\/product\/aluminum-profile-for-clean-room-circle-shape\/\" target=\"_blank\">Aluminum Profile For Clean Room Circle Shape<\/a><\/li>\r\n<li><a href=\"https:\/\/sinoextrud.com\/product\/aluminum-profile-for-solar-panel\/\" target=\"_blank\">Aluminum Profile For Solar Panel<\/a><\/li>\r\n<li><a href=\"https:\/\/sinoextrud.com\/product\/aluminum-profile-for-workstation-desk\/\" target=\"_blank\">Aluminum Profile For Workstation Desk<\/a><\/li>\r\n<li><a href=\"https:\/\/sinoextrud.com\/product\/newest-stable-extruded-aluminum-u-channel-profile-frameless-glass-railing-system-with-balustrade-handrail-fittings\/\" target=\"_blank\">Newest Stable Extruded Aluminum U Channel Profile Frameless Glass Railing System With Balustrade Handrail Fittings<\/a><\/li>\r\n<li><a href=\"https:\/\/sinoextrud.com\/product\/powder-coated-and-anodized-aluminium-profile-for-electric-frame-motor-housing-and-aluminum-enclosure\/\" target=\"_blank\">Powder coated and Anodized aluminium profile for electric frame motor housing and aluminum enclosure<\/a><\/li>"},"feature_list":[]},"_links":{"self":[{"href":"https:\/\/sinoextrud.com\/fi\/wp-json\/wp\/v2\/product\/7948","targetHints":{"allow":["GET"]}}],"collection":[{"href":"https:\/\/sinoextrud.com\/fi\/wp-json\/wp\/v2\/product"}],"about":[{"href":"https:\/\/sinoextrud.com\/fi\/wp-json\/wp\/v2\/types\/product"}],"wp:featuredmedia":[{"embeddable":true,"href":"https:\/\/sinoextrud.com\/fi\/wp-json\/wp\/v2\/media\/7947"}],"wp:attachment":[{"href":"https:\/\/sinoextrud.com\/fi\/wp-json\/wp\/v2\/media?parent=7948"}],"wp:term":[{"taxonomy":"category","embeddable":true,"href":"https:\/\/sinoextrud.com\/fi\/wp-json\/wp\/v2\/categories?post=7948"}],"curies":[{"name":"wp","href":"https:\/\/api.w.org\/{rel}","templated":true}]}}