{"id":7946,"date":"2025-06-11T07:37:24","date_gmt":"2025-06-11T07:37:24","guid":{"rendered":"https:\/\/sinoextrud.com\/product\/aluminum-glass-channel\/"},"modified":"2025-06-24T06:14:15","modified_gmt":"2025-06-24T06:14:15","slug":"alumiini-lasikanava","status":"publish","type":"product","link":"https:\/\/sinoextrud.com\/fi\/product\/aluminum-glass-channel\/","title":{"rendered":"Alumiini lasi kanava"},"content":{"rendered":"<h2>Tuotteiden tiedot<\/h2>\n<table class=\"custom-table\">\n<tr>\n<td class=\"label\">Merkki<\/td>\n<td>Kiina Sinoextrud<\/td>\n<\/tr>\n<tr>\n<td class=\"label\">Tuotteen tyyppi<\/td>\n<td>ammattimainen alumiiniprofiilialumiinilasi kanava<\/td>\n<\/tr>\n<tr>\n<td class=\"label\">Sovellukset<\/td>\n<td>Kiinnike 3mm-20mm Lasi. Tai vaatimuksesi mukaan<\/td>\n<\/tr>\n<tr>\n<td class=\"label\">Luokka<\/td>\n<td>6000-sarjan alumiiniseos<\/td>\n<\/tr>\n<tr>\n<td class=\"label\">Temper<\/td>\n<td>T3-T8<\/td>\n<\/tr>\n<tr>\n<td class=\"label\">Palvelut<\/td>\n<td>tukku\/OEM\/ODM. CNC korkean tarkkuuden mukautettu valmistus<\/td>\n<\/tr>\n<tr>\n<td class=\"label\">Mitat<\/td>\n<td>vaatimuksemme mukaan<\/td>\n<\/tr>\n<tr>\n<td class=\"label\">Suvaitsevaisuus<\/td>\n<td>yhteinen alumiiniprofiili: \u00b10.1mm<br \/>\neritt\u00e4in tarkka alumiiniprofiili: \u00b10.03mm<br \/>\nVoit hankkia n\u00e4ytteen sen tarkkuuden tarkastamiseksi.<\/td>\n<\/tr>\n<tr>\n<td class=\"label\">Pintak\u00e4sittely<\/td>\n<td>anodisoitu, jauhemaalaus, kiillotus, harjaus, hiekkapuhallus, puunjyv\u00e4, PVDF-pinnoite, fluorihiilipinnoite, elektroforeesi jne.<\/td>\n<\/tr>\n<tr>\n<td class=\"label\">Viralliset sertifikaatit<\/td>\n<td>ISO 9001, ISO 14001, CE , TUV , SGS, ROHS; BV-materiaalin sertifiointi; kansallisen GB5237-2017-standardin l\u00e4pik\u00e4yminen.<\/td>\n<\/tr>\n<tr>\n<td class=\"label\">Ammattik\u00e4ytt\u00f6\u00f6n tarkoitetut laitteet<\/td>\n<td>(1) yksi tehdas, jonka pinta-ala on yli 670 000 neli\u00f6metri\u00e4.<br \/>\n(2) 43 alumiinin puristamiseen laitteet (500 tonnia5500 tonnia)<br \/>\n(3) kaksi hiekkapuhalluslaitetta<br \/>\n(4) kaksi anodisoinnin tuotantolinjaa (Japani)<br \/>\n(5) kaksielektroforeettista pinnoituslinjaa (Korea)<br \/>\n(6) kaksi jauhepinnoitteen tuotantolinjaa (Saksa)<br \/>\n(7) onewood viljan tuotantolinja (Korea)<br \/>\n(8) kuusi ammattimaista CNC-koneistuslaitetta<br \/>\n(9) kahdeksan energians\u00e4\u00e4st\u00f6\u00e4 ja l\u00e4mm\u00f6neristyst\u00e4 koskevaa tuotantolinjaa (Sveitsi)<br \/>\n(10) kaksi alumiinitankojen sulatus- ja valuty\u00f6pajaa, joiden tuotantoarvo on 80 000 tonnia.<\/td>\n<\/tr>\n<tr>\n<td class=\"label\">Tuotteen edut<\/td>\n<td>pystyy tuottamaan eritt\u00e4in suuria alumiiniprofiileja yli 300 mm.<\/td>\n<\/tr>\n<tr>\n<td class=\"label\">Home<\/td>\n<td>Varastossa on yli 30 000 muottia<\/td>\n<\/tr>\n<tr>\n<td class=\"label\">Tuotantokapasiteetti<\/td>\n<td>tuotanto 200 000 tonnia alumiiniprofiileja vuodessa<\/td>\n<\/tr>\n<\/table>\n<h2>Tuotantopohjamme<\/h2>\n<h3>Tehtaan panoraama<\/h3>\n<p><img decoding=\"async\" src=\"\/wp-content\/uploads\/factory-01.webp\"\/><\/p>\n<h3>Alumiini Bar Manufacturing Workshop<\/h3>\n<p><img decoding=\"async\" src=\"\/wp-content\/uploads\/factory-02.webp\"\/><\/p>\n<\/p>\n<p><img decoding=\"async\" src=\"\/wp-content\/uploads\/factory-03.webp\"\/><\/p>\n<h3>Muotin varastointi Varasto<\/h3>\n<p><img decoding=\"async\" src=\"\/wp-content\/uploads\/factory-04.webp\"\/><\/p>\n<h3>43 alumiinin ekstruusiolinjat (500-5500 tonnia)<\/h3>\n<p><img decoding=\"async\" src=\"\/wp-content\/uploads\/factory-05.webp\"\/><\/p>\n<p><img decoding=\"async\" src=\"\/wp-content\/uploads\/factory-06.webp\"\/><\/p>\n<p><img decoding=\"async\" src=\"\/wp-content\/uploads\/factory-07.webp\"\/><\/p>\n<h3>Jauhemaalaus ty\u00f6paja<\/h3>\n<p><img decoding=\"async\" src=\"\/wp-content\/uploads\/factory-09.webp\"\/><\/p>\n<h3>Anodisointi ty\u00f6paja<\/h3>\n<p><img decoding=\"async\" src=\"\/wp-content\/uploads\/factory-10.webp\"\/><\/p>\n<h3>Syv\u00e4k\u00e4sittelyn ty\u00f6paja<\/h3>\n<p><img decoding=\"async\" src=\"\/wp-content\/uploads\/factory-11.webp\"\/><\/p>\n<h3>CNC-tarkkuuskoneistus ty\u00f6paja<\/h3>\n<p><img decoding=\"async\" src=\"\/wp-content\/uploads\/factory-11.5.webp\"\/><\/p>\n<h3>Valmiiden tuotteiden ja vientivarasto<\/h3>\n<p><img decoding=\"async\" src=\"\/wp-content\/uploads\/factory-12.webp\"\/><\/p>\n<p><img decoding=\"async\" src=\"\/wp-content\/uploads\/factory-13.webp\"\/><\/p>\n<p><img decoding=\"async\" src=\"\/wp-content\/uploads\/factory-14.webp\"\/><\/p>\n<h2>FAQ<\/h2>\n<p><b>1.Mik\u00e4 tekee alumiini lasikourut ihanteellinen lasi asennus? <\/b><\/p>\n<p>Alumiiniset lasikanavat tarjoavat lasipaneeleille turvallisen ja kest\u00e4v\u00e4n tuen, joka takaa vakaan ja turvallisen asennuksen erilaisissa sovelluksissa.\n<\/p>\n<p><\/p>\n<p><b>2.Miten anodisoitu viimeistely hy\u00f6dytt\u00e4\u00e4 alumiinilasi-kanavia? <\/b><\/p>\n<p>Anodisoitu viimeistely parantaa korroosionkest\u00e4vyytt\u00e4, mik\u00e4 varmistaa, ett\u00e4 lasikanavat kest\u00e4v\u00e4t pidemp\u00e4\u00e4n ja s\u00e4ilytt\u00e4v\u00e4t esteettisen vieh\u00e4tt\u00e4vyytens\u00e4 sek\u00e4 sis\u00e4- ett\u00e4 ulkoymp\u00e4rist\u00f6ss\u00e4.\n<\/p>\n<p><\/p>\n<p><b>3.Can alumiini lasi kanava voidaan r\u00e4\u00e4t\u00e4l\u00f6id\u00e4 sovittaa eri lasin paksuus? <\/b><\/p>\n<p>Kyll\u00e4, n\u00e4it\u00e4 alumiinikanavia on saatavana r\u00e4\u00e4t\u00e4l\u00f6it\u00e4viss\u00e4 koossa, jotta ne sopivat monenlaiseen lasin paksuuteen, mik\u00e4 takaa t\u00e4ydellisen sopivuuden jokaiseen projektiin.\n<\/p>\n<p><\/p>\n<p><b>4.Mitk\u00e4 ovat alumiinin k\u00e4yt\u00f6n t\u00e4rkeimm\u00e4t edut lasikanavissa? <\/b><\/p>\n<p>Alumiini on kevytt\u00e4 mutta vahvaa, joten se on ihanteellinen materiaali tukevan tuen tarjoamiseen ja samalla helppo k\u00e4sitell\u00e4 ja asentaa.\n<\/p>\n<p><\/p>\n<p><b>5.Ovatko alumiiniset lasikanavat sopivat sek\u00e4 kaupallisiin ett\u00e4 asuinrakennuksiin? <\/b><\/p>\n<p>Alumiinilasi-kanavien monipuolisuus tekee niist\u00e4 t\u00e4ydellisi\u00e4 sek\u00e4 kaupallisiin ett\u00e4 asuink\u00e4ytt\u00f6\u00f6n, kuten ikkunoihin, oviin ja julkisivuihin.\n<\/p>\n<p><\/p>\n<p><b>6.Onko alumiinilasi-kanava ymp\u00e4rist\u00f6yst\u00e4v\u00e4llinen? <\/b><\/p>\n<p>Kyll\u00e4, alumiini on t\u00e4ysin kierr\u00e4tett\u00e4viss\u00e4, joten alumiinilasikanavat ovat ymp\u00e4rist\u00f6yst\u00e4v\u00e4llinen valinta, joka tukee kest\u00e4vi\u00e4 rakennusk\u00e4yt\u00e4nt\u00f6j\u00e4.\n<\/p>\n<p><\/p>\n<p><b>7.Miten asennuksen helppous hy\u00f6dytt\u00e4\u00e4 projekteja, joissa k\u00e4ytet\u00e4\u00e4n alumiinisia lasikanavia? <\/b><\/p>\n<p>Helppo asennusprosessi s\u00e4\u00e4st\u00e4\u00e4 aikaa ja v\u00e4hent\u00e4\u00e4 ty\u00f6voimakustannuksia, joten se on k\u00e4yt\u00e4nn\u00f6llinen ratkaisu tehokkaisiin ja kustannustehokkaisiin lasipaneeliasennuksiin.\n<\/p>\n<p><\/p>","protected":false},"featured_media":7945,"template":"","categories":[54],"class_list":["post-7946","product","type-product","status-publish","has-post-thumbnail","hentry","category-industrial-aluminum-profiles"],"meta_box":{"hilight_text_group":{"product_hilight_text":"<ul>\r\r\n  <li>Durable aluminum glass channels designed for securely holding glass panels in place in a variety of applications.<\/li>\r\r\n  <li>Corrosion-resistant anodized finish for long-lasting performance, ensuring protection in both indoor and outdoor environments.<\/li>\r\r\n  <li>Customizable sizes to accommodate different glass thicknesses, providing a perfect fit for various glass installation projects.<\/li>\r\r\n  <li>High-strength aluminum construction, offering robust support for glass panels without compromising weight and stability.<\/li>\r\r\n  <li>Easy to install, making it a practical and time-saving solution for glass installations in commercial and residential projects.<\/li>\r\r\n  <li>Versatile design suitable for use in doors, windows, facades, and other architectural applications.<\/li>\r\r\n  <li>Eco-friendly and fully recyclable aluminum material, promoting sustainability in construction and design.<\/li>\r\r\n<\/ul>","product_chanpin_blog":"<ul>\r\r\n<li><a href=\"https:\/\/sinoextrud.com\/t-slot-v-slot-differences\/\" target=\"_blank\">t slot vs v slot<\/a><\/li>\r\r\n<li><a href=\"https:\/\/sinoextrud.com\/what-is-4040-aluminium-extrud\/\" target=\"_blank\">4040 aluminium extrusion<\/a><\/li>\r\r\n<li><a href=\"https:\/\/sinoextrud.com\/what-is-4040-aluminium-extrud\/\" target=\"_blank\">aluminum extrusions for industrial racks<\/a><\/li>\r\r\n<li><a href=\"https:\/\/sinoextrud.com\/powder-coating-aluminium-process\/\" target=\"_blank\">powder coating aluminium<\/a><\/li>\r\r\n<li><a href=\"https:\/\/sinoextrud.com\/what-is-an-aluminium-strip-ceiling\/\" target=\"_blank\">aluminium strip ceiling<\/a><\/li>\r\r\n<li><a href=\"https:\/\/sinoextrud.com\/what-is-a-heat-sink\/\" target=\"_blank\">what is a heat sink<\/a><\/li>\r\r\n<\/ul>","product_chanpin_chanpin":"<li><a href=\"https:\/\/sinoextrud.com\/product\/aluminum-extrusion-heat-profiles-sink\/\" target=\"_blank\">Aluminum Extrusion Heat Profiles Sink<\/a><\/li>\r\n<li><a href=\"https:\/\/sinoextrud.com\/product\/aluminum-extrusion-housing\/\" target=\"_blank\">Aluminum Extrusion Housing<\/a><\/li>\r\n<li><a href=\"https:\/\/sinoextrud.com\/product\/aluminum-extrusion-profiles-products\/\" target=\"_blank\">Aluminum Extrusion Profiles Products<\/a><\/li>\r\n<li><a href=\"https:\/\/sinoextrud.com\/product\/aluminum-extrusion-rail\/\" target=\"_blank\">Aluminum Extrusion Rail<\/a><\/li>\r\n<li><a href=\"https:\/\/sinoextrud.com\/product\/aluminum-glass-channel\/\" target=\"_blank\">Aluminum Glass Channel<\/a><\/li>\r\n<li><a href=\"https:\/\/sinoextrud.com\/product\/aluminum-heat-sink-extrusion-profiles\/\" target=\"_blank\">Aluminum Heat Sink Extrusion Profiles<\/a><\/li>\r\n<li><a href=\"https:\/\/sinoextrud.com\/product\/aluminum-industrial-profile-6082-alloy-with-precision-cnc-cutting-length-during-1-m-to-3-meter\/\" target=\"_blank\">aluminum industrial profile 6082 alloy with precision cnc cutting length during 1 m to 3 meter<\/a><\/li>\r\n<li><a href=\"https:\/\/sinoextrud.com\/product\/aluminum-profile-for-clean-room-circle-shape\/\" target=\"_blank\">Aluminum Profile For Clean Room Circle Shape<\/a><\/li>\r\n<li><a href=\"https:\/\/sinoextrud.com\/product\/aluminum-profile-for-solar-panel\/\" target=\"_blank\">Aluminum Profile For Solar Panel<\/a><\/li>\r\n<li><a href=\"https:\/\/sinoextrud.com\/product\/aluminium-architectural-sections-profiles6063\/\" target=\"_blank\">Aluminium Architectural Sections Profiles6063<\/a><\/li>\r\n<li><a href=\"https:\/\/sinoextrud.com\/product\/sructrual-aluminum-extrusion-profiles-ceiling-drop-ceiling\/\" target=\"_blank\">Sructrual Aluminum Extrusion Profiles Ceiling Drop Ceiling<\/a><\/li>"},"feature_list":[]},"_links":{"self":[{"href":"https:\/\/sinoextrud.com\/fi\/wp-json\/wp\/v2\/product\/7946","targetHints":{"allow":["GET"]}}],"collection":[{"href":"https:\/\/sinoextrud.com\/fi\/wp-json\/wp\/v2\/product"}],"about":[{"href":"https:\/\/sinoextrud.com\/fi\/wp-json\/wp\/v2\/types\/product"}],"wp:featuredmedia":[{"embeddable":true,"href":"https:\/\/sinoextrud.com\/fi\/wp-json\/wp\/v2\/media\/7945"}],"wp:attachment":[{"href":"https:\/\/sinoextrud.com\/fi\/wp-json\/wp\/v2\/media?parent=7946"}],"wp:term":[{"taxonomy":"category","embeddable":true,"href":"https:\/\/sinoextrud.com\/fi\/wp-json\/wp\/v2\/categories?post=7946"}],"curies":[{"name":"wp","href":"https:\/\/api.w.org\/{rel}","templated":true}]}}