{"id":7934,"date":"2025-06-11T07:24:19","date_gmt":"2025-06-11T07:24:19","guid":{"rendered":"https:\/\/sinoextrud.com\/product\/aluminum-extruded-profile-for-5g-communication-instrument\/"},"modified":"2025-06-24T06:14:10","modified_gmt":"2025-06-24T06:14:10","slug":"alumiinista-suulakepuristettu-profiili-5g-viestintalaitteelle","status":"publish","type":"product","link":"https:\/\/sinoextrud.com\/fi\/product\/aluminum-extruded-profile-for-5g-communication-instrument\/","title":{"rendered":"Alumiini suulakepuristettu profiili 5G viestint\u00e4 v\u00e4line"},"content":{"rendered":"<h2>Tuotteiden tiedot<\/h2>\n<table class=\"custom-table\">\n<tbody>\n<tr>\n<td> <strong>Kohde:<\/strong><\/td>\n<td> <strong>Alumiini suulakepuristettu profiili 5G viestint\u00e4 v\u00e4line<\/strong><\/td>\n<td> <strong>Luokka:<\/strong><\/td>\n<td> <strong>6061, 6063<\/strong><\/td>\n<\/tr>\n<tr>\n<td> <strong>Temperamentti:<\/strong><\/td>\n<td> <strong>6063-T5<\/strong><\/td>\n<td> <strong>Alkuper\u00e4paikka:<\/strong><\/td>\n<td> <strong>Foshan, Guangdong<\/strong><\/td>\n<\/tr>\n<tr>\n<td> <strong>Muoto:<\/strong><\/td>\n<td> <strong>r\u00e4\u00e4t\u00e4l\u00f6inti<\/strong><\/td>\n<td> <strong>Seos tai ei:<\/strong><\/td>\n<td> <strong>Alumiiniseos<\/strong><\/td>\n<\/tr>\n<tr>\n<td> <strong>Suvaitsevaisuus:<\/strong><\/td>\n<td> <strong>\u00b10,5%<\/strong><\/td>\n<td> <strong>Tuotemerkki:<\/strong><\/td>\n<td> <strong>Sinoextrud, Sinoextrud<\/strong><\/td>\n<\/tr>\n<tr>\n<td> <strong>Standardi:<\/strong><\/td>\n<td> <strong>keski- ja korkea laatu<\/strong><\/td>\n<td> <strong>Pintak\u00e4sittely:<\/strong><\/td>\n<td> <strong>jauhemaalaus, elektroforeesi, puun jyv\u00e4, anodisoitu, harjattu, kiillotus<\/strong><\/td>\n<\/tr>\n<tr>\n<td> <strong>Toimitusaika:<\/strong><\/td>\n<td> <strong>25-30 p\u00e4iv\u00e4\u00e4<\/strong><\/td>\n<td> <strong>MOQ:<\/strong><\/td>\n<td> <strong>200KG<\/strong><\/td>\n<\/tr>\n<tr>\n<td> <strong>Maksuehto:<\/strong><\/td>\n<td> <strong>T \/ T (30% talletus), L \/ C<\/strong><\/td>\n<td> <strong>K\u00e4sittelypalvelu:<\/strong><\/td>\n<td> <strong>Taivutus, purku, hitsaus, l\u00e4vistys, leikkaus<\/strong><\/td>\n<\/tr>\n<tr>\n<td> <strong>Satama:<\/strong><\/td>\n<td> <strong>Guangzhou, Shenzhen, Foshan<\/strong><\/td>\n<td> <strong>Pituus:<\/strong><\/td>\n<td> <strong>1-9m tai r\u00e4\u00e4t\u00e4l\u00f6ity<\/strong><\/td>\n<\/tr>\n<\/tbody>\n<\/table>\n<h2>Tuotantopohjamme<\/h2>\n<h3>Tehtaan panoraama<\/h3>\n<p><img decoding=\"async\" src=\"\/wp-content\/uploads\/factory-01.webp\"\/><\/p>\n<h3>Alumiini Bar Manufacturing Workshop<\/h3>\n<p><img decoding=\"async\" src=\"\/wp-content\/uploads\/factory-02.webp\"\/><\/p>\n<\/p>\n<p><img decoding=\"async\" src=\"\/wp-content\/uploads\/factory-03.webp\"\/><\/p>\n<h3>Muotin varastointi Varasto<\/h3>\n<p><img decoding=\"async\" src=\"\/wp-content\/uploads\/factory-04.webp\"\/><\/p>\n<h3>43 alumiinin ekstruusiolinjat (500-5500 tonnia)<\/h3>\n<p><img decoding=\"async\" src=\"\/wp-content\/uploads\/factory-05.webp\"\/><\/p>\n<p><img decoding=\"async\" src=\"\/wp-content\/uploads\/factory-06.webp\"\/><\/p>\n<p><img decoding=\"async\" src=\"\/wp-content\/uploads\/factory-07.webp\"\/><\/p>\n<h3>Jauhemaalaus ty\u00f6paja<\/h3>\n<p><img decoding=\"async\" src=\"\/wp-content\/uploads\/factory-09.webp\"\/><\/p>\n<h3>Anodisointi ty\u00f6paja<\/h3>\n<p><img decoding=\"async\" src=\"\/wp-content\/uploads\/factory-10.webp\"\/><\/p>\n<h3>Syv\u00e4k\u00e4sittelyn ty\u00f6paja<\/h3>\n<p><img decoding=\"async\" src=\"\/wp-content\/uploads\/factory-11.webp\"\/><\/p>\n<h3>CNC-tarkkuuskoneistus ty\u00f6paja<\/h3>\n<p><img decoding=\"async\" src=\"\/wp-content\/uploads\/factory-11.5.webp\"\/><\/p>\n<h3>Valmiiden tuotteiden ja vientivarasto<\/h3>\n<p><img decoding=\"async\" src=\"\/wp-content\/uploads\/factory-12.webp\"\/><\/p>\n<p><img decoding=\"async\" src=\"\/wp-content\/uploads\/factory-13.webp\"\/><\/p>\n<p><img decoding=\"async\" src=\"\/wp-content\/uploads\/factory-14.webp\"\/><\/p>\n<h2>FAQ<\/h2>\n<p><b>1.Mik\u00e4 on alumiininen puristettu profiili 5G-viestint\u00e4laitteille? <\/b><\/p>\n<p> Se on tarkkuusmuotoiltu alumiinikomponentti, jota k\u00e4ytet\u00e4\u00e4n 5G-viestint\u00e4laitteiden asentamiseen ja suojaamiseen ja joka tarjoaa lujuutta, l\u00e4mm\u00f6npoistoa ja EMI-suojausta.\n<\/p>\n<p><\/p>\n<p><b>2.Miksi alumiinia k\u00e4ytet\u00e4\u00e4n 5G-viestint\u00e4laitteiden koteloissa? <\/b><\/p>\n<p> Alumiini on kevytt\u00e4, korroosionkest\u00e4v\u00e4\u00e4 ja l\u00e4mm\u00f6njohtavuudeltaan erinomaista, joten se sopii erinomaisesti 5G-laitteiden suojaamiseen ja j\u00e4\u00e4hdytt\u00e4miseen.\n<\/p>\n<p><\/p>\n<p><b>3.Miten alumiinin puristaminen auttaa 5G-signaalin suorituskyky\u00e4? <\/b><\/p>\n<p> Puristetut alumiiniprofiilit voidaan suunnitella EMI-suojausominaisuuksilla, jotka minimoivat h\u00e4iri\u00f6t ja parantavat 5G-signaalin vakautta.\n<\/p>\n<p><\/p>\n<p><b>4.Can alumiinipuristeita voidaan r\u00e4\u00e4t\u00e4l\u00f6id\u00e4 5G-sovelluksia varten? <\/b><\/p>\n<p> Kyll\u00e4, tarjoamme r\u00e4\u00e4t\u00e4l\u00f6ityj\u00e4 suulakepuristettuja alumiiniprofiileja, jotka on r\u00e4\u00e4t\u00e4l\u00f6ity erilaisiin 5G-kotelon mittoihin, asennustarpeisiin ja l\u00e4mp\u00f6vaatimuksiin.\n<\/p>\n<p><\/p>\n<p><b>5.Soveltuvatko 5G-laitteiden alumiiniprofiilit ulkok\u00e4ytt\u00f6\u00f6n? <\/b><\/p>\n<p> Anodisoidut tai jauhemaalatut pinnat suojaavat erinomaisesti s\u00e4\u00e4lt\u00e4 ja korroosiolta ulkotiloissa.\n<\/p>\n<p><\/p>\n<p><b>6.Mitk\u00e4 ovat alumiinin l\u00e4mp\u00f6edut 5G-v\u00e4lineiss\u00e4? <\/b><\/p>\n<p> Alumiiniprofiilit haihduttavat l\u00e4mp\u00f6\u00e4 tehokkaasti, mik\u00e4 on v\u00e4ltt\u00e4m\u00e4t\u00f6nt\u00e4 suorituskyvyn ja luotettavuuden yll\u00e4pit\u00e4miseksi korkeataajuisissa 5G-laitteissa.\n<\/p>\n<p><\/p>\n<p><b>7.Tukevatko alumiiniprofiilit kompakteja ja integroituja 5G-malleja? <\/b><\/p>\n<p> Kyll\u00e4, tarkkuuspuristetut profiilit mahdollistavat ohuet, mukautetut kotelot, jotka t\u00e4ytt\u00e4v\u00e4t 5G-infrastruktuurin kompaktin ja integroidun suunnittelun vaatimukset.\n<\/p>\n<p><\/p>","protected":false},"featured_media":7933,"template":"","categories":[54],"class_list":["post-7934","product","type-product","status-publish","has-post-thumbnail","hentry","category-industrial-aluminum-profiles"],"meta_box":{"hilight_text_group":{"product_hilight_text":"<li>Precision-extruded aluminum ensures high dimensional accuracy for 5G equipment enclosures.<\/li>\r\r\n<li>Lightweight structure reduces load on communication towers and devices.<\/li>\r\r\n<li>Excellent thermal conductivity helps dissipate heat from sensitive 5G components.<\/li>\r\r\n<li>Corrosion-resistant surface coating for long-term outdoor performance.<\/li>\r\r\n<li>Customizable shapes and finishes for specific 5G instrument housing needs.<\/li>\r\r\n<li>Supports electromagnetic shielding to enhance signal stability.<\/li>\r\r\n<li>Ideal for compact, high-frequency, and high-performance communication modules.<\/li>","product_chanpin_blog":"<ul>\r\r\n<li><a href=\"https:\/\/sinoextrud.com\/t-slot-v-slot-differences\/\" target=\"_blank\">t slot vs v slot<\/a><\/li>\r\r\n<li><a href=\"https:\/\/sinoextrud.com\/what-is-4040-aluminium-extrud\/\" target=\"_blank\">4040 aluminium extrusion<\/a><\/li>\r\r\n<li><a href=\"https:\/\/sinoextrud.com\/what-is-4040-aluminium-extrud\/\" target=\"_blank\">aluminum extrusions for industrial racks<\/a><\/li>\r\r\n<li><a href=\"https:\/\/sinoextrud.com\/powder-coating-aluminium-process\/\" target=\"_blank\">powder coating aluminium<\/a><\/li>\r\r\n<li><a href=\"https:\/\/sinoextrud.com\/what-is-an-aluminium-strip-ceiling\/\" target=\"_blank\">aluminium strip ceiling<\/a><\/li>\r\r\n<li><a href=\"https:\/\/sinoextrud.com\/what-is-a-heat-sink\/\" target=\"_blank\">what is a heat sink<\/a><\/li>\r\r\n<\/ul>","product_chanpin_chanpin":"<li><a href=\"https:\/\/sinoextrud.com\/product\/aluminium-solar-profile\/\" target=\"_blank\">Aluminium Solar Profile<\/a><\/li>\r\n<li><a href=\"https:\/\/sinoextrud.com\/product\/aluminium-t-extrusion\/\" target=\"_blank\">Aluminium T Extrusion<\/a><\/li>\r\n<li><a href=\"https:\/\/sinoextrud.com\/product\/aluminium-t-track-extrusions\/\" target=\"_blank\">Aluminium T Track Extrusions<\/a><\/li>\r\n<li><a href=\"https:\/\/sinoextrud.com\/product\/aluminum-electronic-enclosure-heatsink\/\" target=\"_blank\">Aluminum Electronic Enclosure heatsink<\/a><\/li>\r\n<li><a href=\"https:\/\/sinoextrud.com\/product\/aluminum-extruded-profile-for-5g-communication-instrument\/\" target=\"_blank\">Aluminum Extruded Profile For 5G Communication Instrument<\/a><\/li>\r\n<li><a href=\"https:\/\/sinoextrud.com\/product\/aluminum-extrusion-framing-components\/\" target=\"_blank\">Aluminum Extrusion Framing Components<\/a><\/li>\r\n<li><a href=\"https:\/\/sinoextrud.com\/product\/aluminum-extrusion-heat-profiles-sink\/\" target=\"_blank\">Aluminum Extrusion Heat Profiles Sink<\/a><\/li>\r\n<li><a href=\"https:\/\/sinoextrud.com\/product\/aluminum-extrusion-housing\/\" target=\"_blank\">Aluminum Extrusion Housing<\/a><\/li>\r\n<li><a href=\"https:\/\/sinoextrud.com\/product\/aluminum-extrusion-profiles-products\/\" target=\"_blank\">Aluminum Extrusion Profiles Products<\/a><\/li>\r\n<li><a href=\"https:\/\/sinoextrud.com\/product\/aluminum-extrusion-solar-panel-frame\/\" target=\"_blank\">Aluminum extrusion solar panel frame<\/a><\/li>\r\n<li><a href=\"https:\/\/sinoextrud.com\/product\/aluminium-fabrication\/\" target=\"_blank\">Aluminium Fabrication<\/a><\/li>"},"feature_list":[]},"_links":{"self":[{"href":"https:\/\/sinoextrud.com\/fi\/wp-json\/wp\/v2\/product\/7934","targetHints":{"allow":["GET"]}}],"collection":[{"href":"https:\/\/sinoextrud.com\/fi\/wp-json\/wp\/v2\/product"}],"about":[{"href":"https:\/\/sinoextrud.com\/fi\/wp-json\/wp\/v2\/types\/product"}],"wp:featuredmedia":[{"embeddable":true,"href":"https:\/\/sinoextrud.com\/fi\/wp-json\/wp\/v2\/media\/7933"}],"wp:attachment":[{"href":"https:\/\/sinoextrud.com\/fi\/wp-json\/wp\/v2\/media?parent=7934"}],"wp:term":[{"taxonomy":"category","embeddable":true,"href":"https:\/\/sinoextrud.com\/fi\/wp-json\/wp\/v2\/categories?post=7934"}],"curies":[{"name":"wp","href":"https:\/\/api.w.org\/{rel}","templated":true}]}}