{"id":7884,"date":"2025-06-11T03:23:20","date_gmt":"2025-06-11T03:23:20","guid":{"rendered":"https:\/\/sinoextrud.com\/product\/metal-extrusion-products\/"},"modified":"2025-06-24T06:13:59","modified_gmt":"2025-06-24T06:13:59","slug":"metallin-suulakepuristustuotteet","status":"publish","type":"product","link":"https:\/\/sinoextrud.com\/fi\/product\/metal-extrusion-products\/","title":{"rendered":"Metallin puristamiseen liittyv\u00e4t tuotteet"},"content":{"rendered":"<h2>Tuotteiden tiedot<\/h2>\n<table class=\"custom-table\">\n<tr>\n<td class=\"label\">Malli NO.:<\/td>\n<td> Alumiiniset metallipuristustuotteet profiili siivoushuoneeseen<\/td>\n<\/tr>\n<tr>\n<td class=\"label\">Alkuper\u00e4:<\/td>\n<td> Kiina<\/td>\n<\/tr>\n<tr>\n<td class=\"label\">Koko:<\/td>\n<td> 50*20<\/td>\n<\/tr>\n<tr>\n<td class=\"label\">Tekniset tiedot:<\/td>\n<td> r\u00e4\u00e4t\u00e4l\u00f6ity<\/td>\n<\/tr>\n<tr>\n<td class=\"label\">HS-koodi:<\/td>\n<td> 72286000<\/td>\n<\/tr>\n<\/table>\n<h2>Tuotantopohjamme<\/h2>\n<h3>Tehtaan panoraama<\/h3>\n<p><img decoding=\"async\" src=\"\/wp-content\/uploads\/factory-01.webp\"\/><\/p>\n<h3>Alumiini Bar Manufacturing Workshop<\/h3>\n<p><img decoding=\"async\" src=\"\/wp-content\/uploads\/factory-02.webp\"\/><\/p>\n<\/p>\n<p><img decoding=\"async\" src=\"\/wp-content\/uploads\/factory-03.webp\"\/><\/p>\n<h3>Muotin varastointi Varasto<\/h3>\n<p><img decoding=\"async\" src=\"\/wp-content\/uploads\/factory-04.webp\"\/><\/p>\n<h3>43 Alumiini ekstruusiolinjat (500\u00e2 5500 tonnia)<\/h3>\n<p><img decoding=\"async\" src=\"\/wp-content\/uploads\/factory-05.webp\"\/><\/p>\n<p><img decoding=\"async\" src=\"\/wp-content\/uploads\/factory-06.webp\"\/><\/p>\n<p><img decoding=\"async\" src=\"\/wp-content\/uploads\/factory-07.webp\"\/><\/p>\n<h3>Jauhemaalaus ty\u00f6paja<\/h3>\n<p><img decoding=\"async\" src=\"\/wp-content\/uploads\/factory-09.webp\"\/><\/p>\n<h3>Anodisointi ty\u00f6paja<\/h3>\n<p><img decoding=\"async\" src=\"\/wp-content\/uploads\/factory-10.webp\"\/><\/p>\n<h3>Syv\u00e4k\u00e4sittelyn ty\u00f6paja<\/h3>\n<p><img decoding=\"async\" src=\"\/wp-content\/uploads\/factory-11.webp\"\/><\/p>\n<h3>CNC-tarkkuuskoneistus ty\u00f6paja<\/h3>\n<p><img decoding=\"async\" src=\"\/wp-content\/uploads\/factory-11.5.webp\"\/><\/p>\n<h3>Valmiiden tuotteiden ja vientivarasto<\/h3>\n<p><img decoding=\"async\" src=\"\/wp-content\/uploads\/factory-12.webp\"\/><\/p>\n<p><img decoding=\"async\" src=\"\/wp-content\/uploads\/factory-13.webp\"\/><\/p>\n<p><img decoding=\"async\" src=\"\/wp-content\/uploads\/factory-14.webp\"\/><\/p>\n<h2>FAQ<\/h2>\n<p><b>1.Mihin metallin suulakepuristustuotteita k\u00e4ytet\u00e4\u00e4n?<\/b><\/p>\n<p>Metallien suulakepuristustuotteita k\u00e4ytet\u00e4\u00e4n eri teollisuudenaloilla r\u00e4\u00e4t\u00e4l\u00f6ityjen profiilien ja komponenttien, kuten rakennekehysten, j\u00e4\u00e4hdytyslevyjen ja koteloiden, luomiseen, ja ne tarjoavat kest\u00e4vyytt\u00e4 ja joustavuutta.\n<\/p>\n<p><\/p>\n<p><b>2.Miksi metallin suulakepuristustuotteet ovat kustannustehokkaita?<\/b><\/p>\n<p>Metallin suulakepuristustuotteet ovat kustannustehokkaita tehokkaan valmistusprosessin ansiosta, joka minimoi j\u00e4tteen m\u00e4\u00e4r\u00e4n ja alentaa ty\u00f6voima- ja materiaalikustannuksia laajamittaisessa tuotannossa.\n<\/p>\n<p><\/p>\n<p><b>3.Mit\u00e4 materiaaleja k\u00e4ytet\u00e4\u00e4n tyypillisesti metallin suulakepuristustuotteissa?<\/b><\/p>\n<p>Metallipuristetuissa tuotteissa k\u00e4ytettyj\u00e4 yleisi\u00e4 materiaaleja ovat alumiini, ter\u00e4s ja kupari, jotka tarjoavat tasapainoisen tasapainon lujuuden, keveyden ja korroosionkest\u00e4vyyden v\u00e4lill\u00e4.\n<\/p>\n<p><\/p>\n<p><b>4.Miten metallin suulakepuristustuotteet tarjoavat suunnittelun joustavuutta?<\/b><\/p>\n<p>Metallipuristustuotteita voidaan r\u00e4\u00e4t\u00e4l\u00f6id\u00e4 profiilin, koon ja materiaalin suhteen, joten ne soveltuvat monenlaisiin sovelluksiin rakentamisesta elektroniikkaan.\n<\/p>\n<p><\/p>\n<p><b>5.Ovatko metallituotteet korroosionkest\u00e4vi\u00e4?<\/b><\/p>\n<p>Kyll\u00e4, monet metallipuristustuotteet on valmistettu materiaaleista, kuten alumiinista tai pinnoitetuista metalleista, jotka kest\u00e4v\u00e4t korroosiota erinomaisesti ja takaavat pitk\u00e4aikaisen suorituskyvyn.\n<\/p>\n<p><\/p>\n<p><b>6.Miten metallin suulakepuristustuotteet parantavat tuotteen tehokkuutta?<\/b><\/p>\n<p>Metallipursotustuotteet tarjoavat tehokkaan l\u00e4mm\u00f6nsiirron, rakenteellisen lujuuden ja helpon integroinnin muihin komponentteihin, mik\u00e4 parantaa tuotteiden kokonaissuorituskyky\u00e4 eri sovelluksissa.\n<\/p>\n<p><\/p>\n<p><b>7.Mitk\u00e4 teollisuudenalat hy\u00f6tyv\u00e4t metallin suulakepuristustuotteista?<\/b><\/p>\n<p>Metallipuristetut tuotteet ovat hy\u00f6dyllisi\u00e4 esimerkiksi autoteollisuudessa, rakentamisessa, elektroniikassa ja teollisuudessa niiden monipuolisuuden, kest\u00e4vyyden ja r\u00e4\u00e4t\u00e4l\u00f6intimahdollisuuksien ansiosta.\n<\/p>\n<p><\/p>","protected":false},"featured_media":7883,"template":"","categories":[54],"class_list":["post-7884","product","type-product","status-publish","has-post-thumbnail","hentry","category-industrial-aluminum-profiles"],"meta_box":{"hilight_text_group":{"product_hilight_text":"<li>High precision in manufacturing, ensuring consistent and reliable quality across various applications.<\/li>\r\r\n<li>Versatile design options to meet specific structural, aesthetic, and performance requirements.<\/li>\r\r\n<li>Durable materials with excellent corrosion resistance, suitable for both indoor and outdoor environments.<\/li>\r\r\n<li>Cost-effective production, offering a balance of quality and affordability for large-scale projects.<\/li>\r\r\n<li>Lightweight yet strong, providing easy handling and transportation while maintaining structural integrity.<\/li>","product_chanpin_blog":"<ul>\r\r\n<li><a href=\"https:\/\/sinoextrud.com\/t-slot-v-slot-differences\/\" target=\"_blank\">t slot vs v slot<\/a><\/li>\r\r\n<li><a href=\"https:\/\/sinoextrud.com\/what-is-4040-aluminium-extrud\/\" target=\"_blank\">4040 aluminium extrusion<\/a><\/li>\r\r\n<li><a href=\"https:\/\/sinoextrud.com\/what-is-4040-aluminium-extrud\/\" target=\"_blank\">aluminum extrusions for industrial racks<\/a><\/li>\r\r\n<li><a href=\"https:\/\/sinoextrud.com\/powder-coating-aluminium-process\/\" target=\"_blank\">powder coating aluminium<\/a><\/li>\r\r\n<li><a href=\"https:\/\/sinoextrud.com\/what-is-an-aluminium-strip-ceiling\/\" target=\"_blank\">aluminium strip ceiling<\/a><\/li>\r\r\n<li><a href=\"https:\/\/sinoextrud.com\/what-is-a-heat-sink\/\" target=\"_blank\">what is a heat sink<\/a><\/li>\r\r\n<\/ul>","product_chanpin_chanpin":"<li><a href=\"https:\/\/sinoextrud.com\/product\/aluminium-exrtrusion-slot\/\" target=\"_blank\">Aluminium Exrtrusion Slot<\/a><\/li>\r\n<li><a href=\"https:\/\/sinoextrud.com\/product\/round-t-slot-extrusion\/\" target=\"_blank\">Round T Slot Extrusion<\/a><\/li>\r\n<li><a href=\"https:\/\/sinoextrud.com\/product\/custom-aluminum-extrusion\/\" target=\"_blank\">Custom Aluminum Extrusion<\/a><\/li>\r\n<li><a href=\"https:\/\/sinoextrud.com\/product\/aluminium-shelf-extrusion\/\" target=\"_blank\">Aluminium Shelf Extrusion<\/a><\/li>\r\n<li><a href=\"https:\/\/sinoextrud.com\/product\/metal-extrusion-products\/\" target=\"_blank\">Metal Extrusion Products<\/a><\/li>\r\n<li><a href=\"https:\/\/sinoextrud.com\/product\/t-slot-aluminum-extursion\/\" target=\"_blank\">T-slot Aluminum Extursion<\/a><\/li>\r\n<li><a href=\"https:\/\/sinoextrud.com\/product\/2020-aluminum-extrusion-t-slot-aluminum-extrusion\/\" target=\"_blank\">2020 Aluminum Extrusion T Slot Aluminum Extrusion<\/a><\/li>\r\n<li><a href=\"https:\/\/sinoextrud.com\/product\/6063-anodized-road-case-aluminum-extrusions\/\" target=\"_blank\">6063 Anodized Road Case Aluminum Extrusions<\/a><\/li>\r\n<li><a href=\"https:\/\/sinoextrud.com\/product\/6063-t5-aluminum-profile-tslot-for-production-line\/\" target=\"_blank\">6063 t5 aluminum profile Tslot for production line<\/a><\/li>\r\n<li><a href=\"https:\/\/sinoextrud.com\/product\/aluminum-cnc-profile\/\" target=\"_blank\">Aluminum CNC Profile<\/a><\/li>\r\n<li><a href=\"https:\/\/sinoextrud.com\/product\/t-slot-extruded-aluminum-profile-cutting-for-sale-by-weight-of-aluminum-section-open-extrusion-die\/\" target=\"_blank\">t slot extruded aluminum profile cutting for sale by weight of aluminum section open extrusion die<\/a><\/li>"},"feature_list":[]},"_links":{"self":[{"href":"https:\/\/sinoextrud.com\/fi\/wp-json\/wp\/v2\/product\/7884","targetHints":{"allow":["GET"]}}],"collection":[{"href":"https:\/\/sinoextrud.com\/fi\/wp-json\/wp\/v2\/product"}],"about":[{"href":"https:\/\/sinoextrud.com\/fi\/wp-json\/wp\/v2\/types\/product"}],"wp:featuredmedia":[{"embeddable":true,"href":"https:\/\/sinoextrud.com\/fi\/wp-json\/wp\/v2\/media\/7883"}],"wp:attachment":[{"href":"https:\/\/sinoextrud.com\/fi\/wp-json\/wp\/v2\/media?parent=7884"}],"wp:term":[{"taxonomy":"category","embeddable":true,"href":"https:\/\/sinoextrud.com\/fi\/wp-json\/wp\/v2\/categories?post=7884"}],"curies":[{"name":"wp","href":"https:\/\/api.w.org\/{rel}","templated":true}]}}