{"id":7872,"date":"2025-06-11T03:13:24","date_gmt":"2025-06-11T03:13:24","guid":{"rendered":"https:\/\/sinoextrud.com\/product\/aluminum-solar-panel-frame\/"},"modified":"2025-06-24T06:13:54","modified_gmt":"2025-06-24T06:13:54","slug":"alumiini-aurinkopaneeli-runko","status":"publish","type":"product","link":"https:\/\/sinoextrud.com\/fi\/product\/aluminum-solar-panel-frame\/","title":{"rendered":"Alumiininen aurinkopaneeli runko"},"content":{"rendered":"<h2>Tuotteiden tiedot<\/h2>\n<table class=\"custom-table\">\n<tr>\n<td class=\"label\">1. Materiaali:<\/td>\n<td> Alumiiniseos 6063,,6061,6463,6061,6082,6060,6005 tai asiakkaan pyynn\u00f6st\u00e4<\/td>\n<\/tr>\n<tr>\n<td class=\"label\">2. Temperamentti:<\/td>\n<td> T5, T6<\/td>\n<\/tr>\n<tr>\n<td class=\"label\">3. Pintak\u00e4sittely:<\/td>\n<td> Jyrsitty, anodisoitu, jauhemaalattu, elektroforeesi, hiekkapalssaus jne. PVDF-pinnoite, puunjyv\u00e4maalaus, matta, kiillotus kirkas<\/td>\n<\/tr>\n<tr>\n<td class=\"label\">4. Saatavana oleva v\u00e4ri:<\/td>\n<td> Hopea, pronssi, samppanja, matta, luonnonv\u00e4ri anodisointia varten, Ral jauhemaalausta varten<\/td>\n<\/tr>\n<tr>\n<td class=\"label\">5. Pakkaustiedot:<\/td>\n<td> Suojattu kalvo sis\u00e4puolella ja kutistuva kalvo ulkopuolella<\/td>\n<\/tr>\n<tr>\n<td class=\"label\">6. N\u00e4ytteenottoaika:<\/td>\n<td> kaksi viikkoa sen j\u00e4lkeen, kun olet saanut muotin maksun<\/td>\n<\/tr>\n<tr>\n<td class=\"label\">7. Toimitus:<\/td>\n<td> 20 p\u00e4iv\u00e4\u00e4 talletuksen j\u00e4lkeen<\/td>\n<\/tr>\n<tr>\n<td class=\"label\">8. Tuotantokapasiteetti:<\/td>\n<td> 15,000 MT\/kk<\/td>\n<\/tr>\n<tr>\n<td class=\"label\">9. MOQ:<\/td>\n<td> 200KG<\/td>\n<\/tr>\n<tr>\n<td class=\"label\">10. Satama:<\/td>\n<td> Shenzhen, Guangzhou, Foshan<\/td>\n<\/tr>\n<\/table>\n<h2>Tuotantopohjamme<\/h2>\n<h3>Tehtaan panoraama<\/h3>\n<p><img decoding=\"async\" src=\"\/wp-content\/uploads\/factory-01.webp\"\/><\/p>\n<h3>Alumiini Bar Manufacturing Workshop<\/h3>\n<p><img decoding=\"async\" src=\"\/wp-content\/uploads\/factory-02.webp\"\/><\/p>\n<\/p>\n<p><img decoding=\"async\" src=\"\/wp-content\/uploads\/factory-03.webp\"\/><\/p>\n<h3>Muotin varastointi Varasto<\/h3>\n<p><img decoding=\"async\" src=\"\/wp-content\/uploads\/factory-04.webp\"\/><\/p>\n<h3>43 Alumiini ekstruusiolinjat (500\u00e2 5500 tonnia)<\/h3>\n<p><img decoding=\"async\" src=\"\/wp-content\/uploads\/factory-05.webp\"\/><\/p>\n<p><img decoding=\"async\" src=\"\/wp-content\/uploads\/factory-06.webp\"\/><\/p>\n<p><img decoding=\"async\" src=\"\/wp-content\/uploads\/factory-07.webp\"\/><\/p>\n<h3>Jauhemaalaus ty\u00f6paja<\/h3>\n<p><img decoding=\"async\" src=\"\/wp-content\/uploads\/factory-09.webp\"\/><\/p>\n<h3>Anodisointi ty\u00f6paja<\/h3>\n<p><img decoding=\"async\" src=\"\/wp-content\/uploads\/factory-10.webp\"\/><\/p>\n<h3>Syv\u00e4k\u00e4sittelyn ty\u00f6paja<\/h3>\n<p><img decoding=\"async\" src=\"\/wp-content\/uploads\/factory-11.webp\"\/><\/p>\n<h3>CNC-tarkkuuskoneistus ty\u00f6paja<\/h3>\n<p><img decoding=\"async\" src=\"\/wp-content\/uploads\/factory-11.5.webp\"\/><\/p>\n<h3>Valmiiden tuotteiden ja vientivarasto<\/h3>\n<p><img decoding=\"async\" src=\"\/wp-content\/uploads\/factory-12.webp\"\/><\/p>\n<p><img decoding=\"async\" src=\"\/wp-content\/uploads\/factory-13.webp\"\/><\/p>\n<p><img decoding=\"async\" src=\"\/wp-content\/uploads\/factory-14.webp\"\/><\/p>\n<h2>FAQ<\/h2>\n<p><b>1.Mitk\u00e4 ovat alumiinisten aurinkopaneelikehysten k\u00e4yt\u00f6n t\u00e4rkeimm\u00e4t edut?<\/b><\/p>\n<p>Alumiiniset aurinkopaneelikehykset tarjoavat kest\u00e4vyytt\u00e4, korroosionkest\u00e4vyytt\u00e4, kevytt\u00e4 k\u00e4sittely\u00e4 ja muokattavuutta, joten ne ovat ihanteellisia aurinkopaneelien tukemiseen erilaisissa ymp\u00e4rist\u00f6iss\u00e4.\n<\/p>\n<p><\/p>\n<p><b>2.Miten alumiinimateriaali parantaa aurinkopaneelin kehyksen suorituskyky\u00e4?<\/b><\/p>\n<p>Alumiini on kevytt\u00e4, vahvaa ja korroosionkest\u00e4v\u00e4\u00e4, mik\u00e4 takaa luotettavan ja pitk\u00e4ik\u00e4isen rakenteen aurinkopaneeliasennuksille ulko- ja teollisuusymp\u00e4rist\u00f6iss\u00e4.\n<\/p>\n<p><\/p>\n<p><b>3.Can alumiini aurinkopaneeli kehykset voidaan r\u00e4\u00e4t\u00e4l\u00f6id\u00e4?<\/b><\/p>\n<p>Kyll\u00e4, ne voidaan r\u00e4\u00e4t\u00e4l\u00f6id\u00e4 eri kokoisiksi ja kokoonpanoisiksi, joten ne soveltuvat monipuolisesti eri aurinkopaneelimalleihin ja asennustarpeisiin.\n<\/p>\n<p><\/p>\n<p><b>4.How kest\u00e4\u00e4 korroosiota ovat alumiini aurinkopaneeli kehykset?<\/b><\/p>\n<p>Alumiini on luonnostaan korroosionkest\u00e4v\u00e4\u00e4, joten kehykset s\u00e4ilytt\u00e4v\u00e4t eheytens\u00e4 ja ulkon\u00e4k\u00f6ns\u00e4 vaikeissa ymp\u00e4rist\u00f6olosuhteissa, kuten kosteudelle ja UV-s\u00e4teilylle altistumisessa.\n<\/p>\n<p><\/p>\n<p><b>5.Miten kevyt rakenne hy\u00f6dytt\u00e4\u00e4 aurinkopaneeliasennuksia?<\/b><\/p>\n<p>Alumiinin keveys helpottaa sen k\u00e4sittely\u00e4 ja asentamista, mik\u00e4 v\u00e4hent\u00e4\u00e4 ty\u00f6voimakustannuksia ja asennusaikaa, mutta tarjoaa silti luotettavan tuen aurinkopaneeleille.\n<\/p>\n<p><\/p>\n<p><b>6.What teollisuudenalat k\u00e4ytt\u00e4v\u00e4t alumiinisia aurinkopaneelikehyksi\u00e4?<\/b><\/p>\n<p>Niit\u00e4 k\u00e4ytet\u00e4\u00e4n ensisijaisesti uusiutuvan energian alalla, erityisesti aurinkoenergiaj\u00e4rjestelmiss\u00e4, mutta niit\u00e4 voidaan k\u00e4ytt\u00e4\u00e4 my\u00f6s kaupallisissa ja asuinrakennuksissa.\n<\/p>\n<p><\/p>\n<p><b>7.Kuinka kustannustehokkaita ovat alumiiniset aurinkopaneelikehykset?<\/b><\/p>\n<p>Ne ovat kustannustehokas ratkaisu kest\u00e4vyytens\u00e4, v\u00e4h\u00e4isten huoltovaatimustensa ja tehokkaan asennuksensa ansiosta, mik\u00e4 auttaa v\u00e4hent\u00e4m\u00e4\u00e4n aurinkopaneelihankkeiden kokonaiskustannuksia.\n<\/p>\n<p><\/p>","protected":false},"featured_media":7871,"template":"","categories":[54],"class_list":["post-7872","product","type-product","status-publish","has-post-thumbnail","hentry","category-industrial-aluminum-profiles"],"meta_box":{"hilight_text_group":{"product_hilight_text":"<li>Durable aluminum construction, providing strength and long-lasting support for solar panels.<\/li>\r\r\n<li>Corrosion-resistant, ensuring reliable performance in both outdoor and harsh environmental conditions.<\/li>\r\r\n<li>Lightweight design, making it easier to handle and install while maintaining structural integrity.<\/li>\r\r\n<li>Customizable sizes and designs, suitable for various solar panel models and mounting systems.<\/li>\r\r\n<li>Cost-effective solution, reducing installation time and providing a stable, efficient framework for solar energy systems.<\/li>","product_chanpin_blog":"<ul>\r\r\n<li><a href=\"https:\/\/sinoextrud.com\/t-slot-v-slot-differences\/\" target=\"_blank\">t slot vs v slot<\/a><\/li>\r\r\n<li><a href=\"https:\/\/sinoextrud.com\/what-is-4040-aluminium-extrud\/\" target=\"_blank\">4040 aluminium extrusion<\/a><\/li>\r\r\n<li><a href=\"https:\/\/sinoextrud.com\/what-is-4040-aluminium-extrud\/\" target=\"_blank\">aluminum extrusions for industrial racks<\/a><\/li>\r\r\n<li><a href=\"https:\/\/sinoextrud.com\/powder-coating-aluminium-process\/\" target=\"_blank\">powder coating aluminium<\/a><\/li>\r\r\n<li><a href=\"https:\/\/sinoextrud.com\/what-is-an-aluminium-strip-ceiling\/\" target=\"_blank\">aluminium strip ceiling<\/a><\/li>\r\r\n<li><a href=\"https:\/\/sinoextrud.com\/what-is-a-heat-sink\/\" target=\"_blank\">what is a heat sink<\/a><\/li>\r\r\n<\/ul>","product_chanpin_chanpin":"<li><a href=\"https:\/\/sinoextrud.com\/product\/aluminium-profile-channel-factory\/\" target=\"_blank\">Aluminium Profile Channel Factory<\/a><\/li>\r\n<li><a href=\"https:\/\/sinoextrud.com\/product\/aluminum-extrusion-box\/\" target=\"_blank\">aluminum extrusion box<\/a><\/li>\r\n<li><a href=\"https:\/\/sinoextrud.com\/product\/decoration-aluminium\/\" target=\"_blank\">Decoration aluminium<\/a><\/li>\r\n<li><a href=\"https:\/\/sinoextrud.com\/product\/extruded-aluminum-heatsink-enclosure\/\" target=\"_blank\">Extruded Aluminum Heatsink Enclosure<\/a><\/li>\r\n<li><a href=\"https:\/\/sinoextrud.com\/product\/aluminum-solar-panel-frame\/\" target=\"_blank\">Aluminum Solar Panel Frame<\/a><\/li>\r\n<li><a href=\"https:\/\/sinoextrud.com\/product\/aluminum-extrusion-framing\/\" target=\"_blank\">Aluminum Extrusion Framing<\/a><\/li>\r\n<li><a href=\"https:\/\/sinoextrud.com\/product\/aluminium-exrtrusion-slot\/\" target=\"_blank\">Aluminium Exrtrusion Slot<\/a><\/li>\r\n<li><a href=\"https:\/\/sinoextrud.com\/product\/round-t-slot-extrusion\/\" target=\"_blank\">Round T Slot Extrusion<\/a><\/li>\r\n<li><a href=\"https:\/\/sinoextrud.com\/product\/custom-aluminum-extrusion\/\" target=\"_blank\">Custom Aluminum Extrusion<\/a><\/li>\r\n<li><a href=\"https:\/\/sinoextrud.com\/product\/alu-profile-system\/\" target=\"_blank\">Alu Profile System<\/a><\/li>\r\n<li><a href=\"https:\/\/sinoextrud.com\/product\/aluminium-solar-profile\/\" target=\"_blank\">Aluminium Solar Profile<\/a><\/li>"},"feature_list":[]},"_links":{"self":[{"href":"https:\/\/sinoextrud.com\/fi\/wp-json\/wp\/v2\/product\/7872","targetHints":{"allow":["GET"]}}],"collection":[{"href":"https:\/\/sinoextrud.com\/fi\/wp-json\/wp\/v2\/product"}],"about":[{"href":"https:\/\/sinoextrud.com\/fi\/wp-json\/wp\/v2\/types\/product"}],"wp:featuredmedia":[{"embeddable":true,"href":"https:\/\/sinoextrud.com\/fi\/wp-json\/wp\/v2\/media\/7871"}],"wp:attachment":[{"href":"https:\/\/sinoextrud.com\/fi\/wp-json\/wp\/v2\/media?parent=7872"}],"wp:term":[{"taxonomy":"category","embeddable":true,"href":"https:\/\/sinoextrud.com\/fi\/wp-json\/wp\/v2\/categories?post=7872"}],"curies":[{"name":"wp","href":"https:\/\/api.w.org\/{rel}","templated":true}]}}