{"id":7845,"date":"2025-06-11T02:41:28","date_gmt":"2025-06-11T02:41:28","guid":{"rendered":"https:\/\/sinoextrud.com\/product\/aluminum-cabinet-door-extrusion\/"},"modified":"2025-06-24T06:13:48","modified_gmt":"2025-06-24T06:13:48","slug":"alumiini-kaapin-oven-puristamiseen","status":"publish","type":"product","link":"https:\/\/sinoextrud.com\/fi\/product\/aluminum-cabinet-door-extrusion\/","title":{"rendered":"Alumiini kaapin oven puristamiseen"},"content":{"rendered":"<h2>Tuotteiden tiedot<\/h2>\n<table class=\"custom-table\">\n<tbody>\n<tr>\n<td> <strong> Nimi<\/strong><\/td>\n<td>Alumiiniprofiilin kahva liittyv\u00e4t tuotteet<\/td>\n<\/tr>\n<tr>\n<td> <strong> Materiaali<\/strong><\/td>\n<td> alumiiniseos<\/td>\n<\/tr>\n<tr>\n<td> <strong> MaterialGrade<\/strong><\/td>\n<td> Seos 6000-sarja<\/td>\n<\/tr>\n<tr>\n<td> <strong> Temper<\/strong><\/td>\n<td> 6063T5<\/td>\n<\/tr>\n<tr>\n<td> <strong> Kuvaus<\/strong><\/td>\n<td> Alumiini kaapin oven puristamiseen<\/td>\n<\/tr>\n<tr>\n<td> <strong> Koko:<\/strong><\/td>\n<td> 6000mm\/3000mm, my\u00f6s tilauksesta saatavana.<\/td>\n<\/tr>\n<tr>\n<td> <strong> Pintak\u00e4sittely<\/strong><\/td>\n<td>  millfinish, kiillotettu, anodisointi, jauhemaalaus, puun maalaus, hiekkapuhallus, elektroforeesi jne.<\/td>\n<\/tr>\n<tr>\n<td> <strong> V\u00e4ri<\/strong><\/td>\n<td> hopea,musta,kiilt\u00e4v\u00e4,pronssi,kulta,samppanja<\/td>\n<\/tr>\n<tr>\n<td> <strong> Hakemus<\/strong><\/td>\n<td> ikkunat\/ovet\/kylpyhuoneen ovi\/pukuhuoneen ovi\/ovet\/<br \/>brkeitti\u00f6kaappi\/koristelu&gt;keitti\u00f6kaappi\/koristelu<\/td>\n<\/tr>\n<tr>\n<td> <strong> DeliveryDetail<\/strong><\/td>\n<td> 15-30 ty\u00f6p\u00e4iv\u00e4\u00e4\/m\u00e4\u00e4r\u00e4st\u00e4 ja piirustuksista riippuen.<\/td>\n<\/tr>\n<tr>\n<td> <strong> NewMolding<\/strong><\/td>\n<td> 3-10 p\u00e4iv\u00e4\u00e4\/suunnittelusta ja piirustuksista riippuen.<\/td>\n<\/tr>\n<tr>\n<td> <strong> Laatu<\/strong><\/td>\n<td> Laatu on kansainv\u00e4lisen standardin mukainen.<\/td>\n<\/tr>\n<tr>\n<td> <strong> Suunnittelu<\/strong><\/td>\n<td> OEM- tai ODI-merkint\u00e4 ei ole saatavilla, pyyd\u00e4 piirustuksesi.<\/td>\n<\/tr>\n<tr>\n<td> <strong> Ominaisuus<\/strong><\/td>\n<td>  Korkea korroosionkest\u00e4vyys, s\u00e4\u00e4nkest\u00e4vyys, l\u00e4mm\u00f6nkest\u00e4vyys, em\u00e4skest\u00e4vyys.<\/td>\n<\/tr>\n<\/tbody>\n<\/table>\n<h2>Tuotantopohjamme<\/h2>\n<h3>Tehtaan panoraama<\/h3>\n<p><img decoding=\"async\" src=\"\/wp-content\/uploads\/factory-01.webp\"\/><\/p>\n<h3>Alumiini Bar Manufacturing Workshop<\/h3>\n<p><img decoding=\"async\" src=\"\/wp-content\/uploads\/factory-02.webp\"\/><\/p>\n<\/p>\n<p><img decoding=\"async\" src=\"\/wp-content\/uploads\/factory-03.webp\"\/><\/p>\n<h3>Muotin varastointi Varasto<\/h3>\n<p><img decoding=\"async\" src=\"\/wp-content\/uploads\/factory-04.webp\"\/><\/p>\n<h3>43 alumiinin ekstruusiolinjat (500-5500 tonnia)<\/h3>\n<p><img decoding=\"async\" src=\"\/wp-content\/uploads\/factory-05.webp\"\/><\/p>\n<p><img decoding=\"async\" src=\"\/wp-content\/uploads\/factory-06.webp\"\/><\/p>\n<p><img decoding=\"async\" src=\"\/wp-content\/uploads\/factory-07.webp\"\/><\/p>\n<h3>Jauhemaalaus ty\u00f6paja<\/h3>\n<p><img decoding=\"async\" src=\"\/wp-content\/uploads\/factory-09.webp\"\/><\/p>\n<h3>Anodisointi ty\u00f6paja<\/h3>\n<p><img decoding=\"async\" src=\"\/wp-content\/uploads\/factory-10.webp\"\/><\/p>\n<h3>Syv\u00e4k\u00e4sittelyn ty\u00f6paja<\/h3>\n<p><img decoding=\"async\" src=\"\/wp-content\/uploads\/factory-11.webp\"\/><\/p>\n<h3>CNC-tarkkuuskoneistus ty\u00f6paja<\/h3>\n<p><img decoding=\"async\" src=\"\/wp-content\/uploads\/factory-11.5.webp\"\/><\/p>\n<h3>Valmiiden tuotteiden ja vientivarasto<\/h3>\n<p><img decoding=\"async\" src=\"\/wp-content\/uploads\/factory-12.webp\"\/><\/p>\n<p><img decoding=\"async\" src=\"\/wp-content\/uploads\/factory-13.webp\"\/><\/p>\n<p><img decoding=\"async\" src=\"\/wp-content\/uploads\/factory-14.webp\"\/><\/p>\n<h2>FAQ<\/h2>\n<p><b>1.Mik\u00e4 on alumiinikaapin oven ekstruusio? <\/b><\/p>\n<p> Alumiininen kaapin ovi on suulakepuristettu alumiiniprofiili, jota k\u00e4ytet\u00e4\u00e4n kaapin ovien kehyst\u00e4miseen ja joka tarjoaa kest\u00e4vyytt\u00e4, esteettisyytt\u00e4 ja tukea paneelien lis\u00e4osille.\n<\/p>\n<p><\/p>\n<p><b>2.Miksi k\u00e4ytt\u00e4\u00e4 alumiiniprofiileja kaapinoviin? <\/b><\/p>\n<p> Alumiini on kevytt\u00e4, korroosionkest\u00e4v\u00e4\u00e4 ja tyylik\u00e4st\u00e4, joten se on ihanteellinen materiaali moderneihin ja vilkkaasti liikenn\u00f6ityihin kaappeihin.\n<\/p>\n<p><\/p>\n<p><b>3.Can alumiini kaappi profiilit voidaan r\u00e4\u00e4t\u00e4l\u00f6id\u00e4? <\/b><\/p>\n<p> Kyll\u00e4, Alumiinikaapin ovi-profiilit voidaan r\u00e4\u00e4t\u00e4l\u00f6id\u00e4 muodoltaan, paksuudeltaan, pituudeltaan ja pintak\u00e4sittelylt\u00e4\u00e4n vastaamaan erityisi\u00e4 suunnittelutarpeita.\n<\/p>\n<p><\/p>\n<p><b>4.Soveltuvatko n\u00e4m\u00e4 profiilit kosteisiin ymp\u00e4rist\u00f6ihin? <\/b><\/p>\n<p> Alumiinin korroosionkest\u00e4v\u00e4t ominaisuudet tekev\u00e4t siit\u00e4 t\u00e4ydellisen keitti\u00f6ss\u00e4, kylpyhuoneessa ja pesutiloissa.\n<\/p>\n<p><\/p>\n<p><b>5.Mit\u00e4 pintak\u00e4sittelyj\u00e4 on saatavana alumiinikaappipuristuksiin? <\/b><\/p>\n<p> Yleisi\u00e4 pintak\u00e4sittelyj\u00e4 ovat anodisointi, jauhemaalaus, harjattu ja puunjyv\u00e4, jotka sopivat erilaisiin sisustusaiheisiin.\n<\/p>\n<p><\/p>\n<p><b>6.Ovatko alumiiniset kaappiprofiilit helppoja asentaa? <\/b><\/p>\n<p> Kyll\u00e4, kevyt rakenne ja vakiokokoonpanot tekev\u00e4t asennuksesta nopeaa ja vaivatonta.\n<\/p>\n<p><\/p>\n<p><b>7.Voiko alumiinikaappien profiileihin kiinnitt\u00e4\u00e4 lasi- tai puupaneeleita? <\/b><\/p>\n<p> Kyll\u00e4, ne on suunniteltu niin, ett\u00e4 niihin voidaan asentaa turvallisesti lasi-, puu- tai komposiittisarjat r\u00e4\u00e4t\u00e4l\u00f6ityj\u00e4 ovimalleja varten.\n<\/p>\n<p><\/p>\n<p><b>8.Do alumiini kaapin profiilit vaativat huoltoa? <\/b><\/p>\n<p> Tarvitaan vain v\u00e4h\u00e4n huoltoa - vain satunnaista puhdistusta, jotta niiden viimeistely ja suorituskyky s\u00e4ilyv\u00e4t ajan my\u00f6t\u00e4.\n<\/p>\n<p><\/p>","protected":false},"featured_media":7844,"template":"","categories":[67],"class_list":["post-7845","product","type-product","status-publish","has-post-thumbnail","hentry","category-architectural-aluminium-profile"],"meta_box":{"hilight_text_group":{"product_hilight_text":"<li>Durable aluminum construction offers long-lasting performance for cabinet doors.<\/li>\r\r\n<li>Lightweight profile reduces stress on hinges and simplifies installation.<\/li>\r\r\n<li>Corrosion-resistant surface ideal for kitchens, bathrooms, and humid areas.<\/li>\r\r\n<li>Modern and sleek design enhances aesthetic appeal in residential and commercial interiors.<\/li>\r\r\n<li>Customizable shapes, sizes, and finishes to match various cabinet styles.<\/li>\r\r\n<li>Compatible with glass, wood, and composite panel inserts for flexible design options.<\/li>","product_chanpin_blog":"<ul>\r\r\n<li><a href=\"https:\/\/sinoextrud.com\/t-slot-v-slot-differences\/\" target=\"_blank\">t slot vs v slot<\/a><\/li>\r\r\n<li><a href=\"https:\/\/sinoextrud.com\/what-is-4040-aluminium-extrud\/\" target=\"_blank\">4040 aluminium extrusion<\/a><\/li>\r\r\n<li><a href=\"https:\/\/sinoextrud.com\/what-is-4040-aluminium-extrud\/\" target=\"_blank\">aluminum extrusions for industrial racks<\/a><\/li>\r\r\n<li><a href=\"https:\/\/sinoextrud.com\/powder-coating-aluminium-process\/\" target=\"_blank\">powder coating aluminium<\/a><\/li>\r\r\n<li><a href=\"https:\/\/sinoextrud.com\/what-is-an-aluminium-strip-ceiling\/\" target=\"_blank\">aluminium strip ceiling<\/a><\/li>\r\r\n<li><a href=\"https:\/\/sinoextrud.com\/what-is-a-heat-sink\/\" target=\"_blank\">what is a heat sink<\/a><\/li>\r\r\n<\/ul>","product_chanpin_chanpin":"<li><a href=\"https:\/\/sinoextrud.com\/product\/aluminum-handrail-systems\/\" target=\"_blank\">Aluminum Handrail Systems<\/a><\/li>\r\n<li><a href=\"https:\/\/sinoextrud.com\/product\/curtain-aluminum-profile-extrusion-for-window\/\" target=\"_blank\">Curtain Aluminum Profile Extrusion For Window<\/a><\/li>\r\n<li><a href=\"https:\/\/sinoextrud.com\/product\/extrusion-of-aluminium-alloys-celing-aluminum-tube-wood-grain\/\" target=\"_blank\">Extrusion Of Aluminium Alloys Celing Aluminum Tube Wood Grain<\/a><\/li>\r\n<li><a href=\"https:\/\/sinoextrud.com\/product\/wardrobe-cabinet-sliding-aluminum-profile\/\" target=\"_blank\">Wardrobe Cabinet Sliding Aluminum Profile<\/a><\/li>\r\n<li><a href=\"https:\/\/sinoextrud.com\/product\/aluminum-cabinet-door-extrusion\/\" target=\"_blank\">Aluminum Cabinet Door Extrusion<\/a><\/li>\r\n<li><a href=\"https:\/\/sinoextrud.com\/product\/aluminum-structural-framing-system\/\" target=\"_blank\">Aluminum Structural Framing System<\/a><\/li>\r\n<li><a href=\"https:\/\/sinoextrud.com\/product\/standard-aluminum-shapes\/\" target=\"_blank\">Standard Aluminum Shapes<\/a><\/li>\r\n<li><a href=\"https:\/\/sinoextrud.com\/product\/aluminium-profiles-doors-windows-wood-imitation\/\" target=\"_blank\">Aluminium Profiles Doors Windows Wood Imitation<\/a><\/li>\r\n<li><a href=\"https:\/\/sinoextrud.com\/product\/extrusion-aluminum-handrails-profile-powder-coated-white\/\" target=\"_blank\">Extrusion Aluminum Handrails Profile Powder Coated White<\/a><\/li>\r\n<li><a href=\"https:\/\/sinoextrud.com\/product\/sliding-window-aluminum-window-track\/\" target=\"_blank\">Sliding Window Aluminum Window Track<\/a><\/li>\r\n<li><a href=\"https:\/\/sinoextrud.com\/product\/factory-offer-extrude-aluminium-track-profile\/\" target=\"_blank\">Factory Offer Extrude Aluminium Track Profile<\/a><\/li>"},"feature_list":[]},"_links":{"self":[{"href":"https:\/\/sinoextrud.com\/fi\/wp-json\/wp\/v2\/product\/7845","targetHints":{"allow":["GET"]}}],"collection":[{"href":"https:\/\/sinoextrud.com\/fi\/wp-json\/wp\/v2\/product"}],"about":[{"href":"https:\/\/sinoextrud.com\/fi\/wp-json\/wp\/v2\/types\/product"}],"wp:featuredmedia":[{"embeddable":true,"href":"https:\/\/sinoextrud.com\/fi\/wp-json\/wp\/v2\/media\/7844"}],"wp:attachment":[{"href":"https:\/\/sinoextrud.com\/fi\/wp-json\/wp\/v2\/media?parent=7845"}],"wp:term":[{"taxonomy":"category","embeddable":true,"href":"https:\/\/sinoextrud.com\/fi\/wp-json\/wp\/v2\/categories?post=7845"}],"curies":[{"name":"wp","href":"https:\/\/api.w.org\/{rel}","templated":true}]}}