{"id":7843,"date":"2025-06-11T02:39:58","date_gmt":"2025-06-11T02:39:58","guid":{"rendered":"https:\/\/sinoextrud.com\/product\/wardrobe-cabinet-sliding-aluminum-profile\/"},"modified":"2025-06-24T06:13:48","modified_gmt":"2025-06-24T06:13:48","slug":"vaatekaappi-liukuva-alumiiniprofiili","status":"publish","type":"product","link":"https:\/\/sinoextrud.com\/fi\/product\/wardrobe-cabinet-sliding-aluminum-profile\/","title":{"rendered":"Vaatekaappi kaappi liukuva alumiini profiili"},"content":{"rendered":"<h2>Tuotteiden tiedot<\/h2>\n<table class=\"custom-table\">\n<tr>\n<td class=\"label\">Materiaali<\/td>\n<td>Alumiiniseos 6063 T5<br \/>\nVaatekaappi kaappi liukuva alumiiniprofiili<\/td>\n<\/tr>\n<tr>\n<td class=\"label\">Pintak\u00e4sittely<\/td>\n<td>Jauhemaalaus: Valkoinen, musta, ect.<br \/>\nAnodisointi: Hopea, pronssi, samppanja, musta, kultainen, titaani, jne.<br \/>\nElektroforeesi: Hopea, samppanja, musta, kultainen, titaani, ect.<\/td>\n<\/tr>\n<tr>\n<td class=\"label\">Syv\u00e4 k\u00e4sittelykyky<\/td>\n<td>Poraus, taivutus, alumiiniprofiilien valmistus, tarkka leikkaus jne.<\/td>\n<\/tr>\n<tr>\n<td class=\"label\">MOQ<\/td>\n<td>15,000metri\u00e4<\/td>\n<\/tr>\n<tr>\n<td class=\"label\">Pakkaus<\/td>\n<td>Jokainen alumiiniprofiili liimataan suojamuovikalvolla, sitten 20 kpl pakataan nippuun, nippu k\u00e4\u00e4rit\u00e4\u00e4n kudotuilla pusseilla.<\/td>\n<\/tr>\n<tr>\n<td class=\"label\">Logo<\/td>\n<td>Logomme on saatavilla, voimme my\u00f6s merkit\u00e4 logosi pakkaukseen.<\/td>\n<\/tr>\n<tr>\n<td class=\"label\">Maksuehdot<\/td>\n<td>T \/ T: 30% kokonaisarvosta talletuksena on maksettava T \/ T 3 p\u00e4iv\u00e4n kuluessa tilauksen vahvistamisesta, ja loppusumma on maksettava T \/ T ennen l\u00e4hetyst\u00e4.<\/td>\n<\/tr>\n<\/table>\n<h2>Tuotantopohjamme<\/h2>\n<h3>Tehtaan panoraama<\/h3>\n<p><img decoding=\"async\" src=\"\/wp-content\/uploads\/factory-01.webp\"\/><\/p>\n<h3>Alumiini Bar Manufacturing Workshop<\/h3>\n<p><img decoding=\"async\" src=\"\/wp-content\/uploads\/factory-02.webp\"\/><\/p>\n<p><img decoding=\"async\" src=\"\/wp-content\/uploads\/factory-03.webp\"\/><\/p>\n<h3>Muotin varastointi Varasto<\/h3>\n<p><img decoding=\"async\" src=\"\/wp-content\/uploads\/factory-04.webp\"\/><\/p>\n<h3>43 Alumiini ekstruusiolinjat (500\u00e2 5500 tonnia)<\/h3>\n<p><img decoding=\"async\" src=\"\/wp-content\/uploads\/factory-05.webp\"\/><\/p>\n<p><img decoding=\"async\" src=\"\/wp-content\/uploads\/factory-06.webp\"\/><\/p>\n<p><img decoding=\"async\" src=\"\/wp-content\/uploads\/factory-07.webp\"\/><\/p>\n<h3>Jauhemaalaus ty\u00f6paja<\/h3>\n<p><img decoding=\"async\" src=\"\/wp-content\/uploads\/factory-09.webp\"\/><\/p>\n<h3>Anodisointi ty\u00f6paja<\/h3>\n<p><img decoding=\"async\" src=\"\/wp-content\/uploads\/factory-10.webp\"\/><\/p>\n<h3>Syv\u00e4k\u00e4sittelyn ty\u00f6paja<\/h3>\n<p><img decoding=\"async\" src=\"\/wp-content\/uploads\/factory-11.webp\"\/><\/p>\n<h3>CNC-tarkkuuskoneistus ty\u00f6paja<\/h3>\n<p><img decoding=\"async\" src=\"\/wp-content\/uploads\/factory-11.5.webp\"\/><\/p>\n<h3>Valmiiden tuotteiden ja vientivarasto<\/h3>\n<p><img decoding=\"async\" src=\"\/wp-content\/uploads\/factory-12.webp\"\/><\/p>\n<p><img decoding=\"async\" src=\"\/wp-content\/uploads\/factory-13.webp\"\/><\/p>\n<p><img decoding=\"async\" src=\"\/wp-content\/uploads\/factory-14.webp\"\/><\/p>\n<h2>FAQ<\/h2>\n<p><p><b>1.Mik\u00e4 on vaatekaappi kaappi liukuva alumiini profiili? <\/b><\/p>\n<p> Vaatekaappikaapin liukuva alumiiniprofiili on erikoistunut alumiinikisko, jota k\u00e4ytet\u00e4\u00e4n tukemaan liukuovia vaatekaappi- ja kaappij\u00e4rjestelmiss\u00e4 ja joka tarjoaa tasaisen ja luotettavan toiminnan.<br \/>\n<\/p><br \/>\n<br \/>\n<p><b>2.Miksi valita alumiini liukuvan vaatekaapin profiileihin? <\/b><\/p>\n<p> Alumiini tarjoaa lujuutta, korroosionkest\u00e4vyytt\u00e4 ja keveytt\u00e4, joten se on ihanteellinen materiaali pitk\u00e4ik\u00e4isiin ja tehokkaisiin liukuovij\u00e4rjestelmiin.<br \/>\n<\/p><br \/>\n<br \/>\n<p><b>3.Voiko profiileja r\u00e4\u00e4t\u00e4l\u00f6id\u00e4 eri vaatekaappikokoja varten? <\/b><\/p>\n<p> Kyll\u00e4, n\u00e4m\u00e4 profiilit ovat hyvin muokattavissa koon, paksuuden, viimeistelyn ja muotoilun suhteen, jotta ne sopivat vaatekaappien ja kaappien tarpeisiin.<br \/>\n<\/p><br \/>\n<br \/>\n<p><b>4.Soveltuvatko alumiiniprofiilit kosteisiin ymp\u00e4rist\u00f6ihin? <\/b><\/p>\n<p> Alumiini on luonnostaan korroosionkest\u00e4v\u00e4\u00e4 ja toimii erinomaisesti tiloissa, joissa on korkea kosteus, kuten kylpyhuoneissa ja keitti\u00f6iss\u00e4.<br \/>\n<\/p><br \/>\n<br \/>\n<p><b>5.Mit\u00e4 pintak\u00e4sittelyj\u00e4 on saatavana liukuville alumiiniprofiileille? <\/b><\/p>\n<p> Yleisi\u00e4 pintak\u00e4sittelyj\u00e4 ovat anodisoitu, pulverimaalattu ja harjattu viimeistely, jotka tarjoavat sek\u00e4 kest\u00e4vyytt\u00e4 ett\u00e4 esteettist\u00e4 joustavuutta.<br \/>\n<\/p><br \/>\n<br \/>\n<p><b>6.Onko liukuvan alumiiniprofiilin asennus helppoa? <\/b><\/p>\n<p> Kyll\u00e4, profiilit on suunniteltu niin, ett\u00e4 ne on helppo asentaa valmiiksi suunnitelluilla komponenteilla, mik\u00e4 v\u00e4hent\u00e4\u00e4 monimutkaisten ty\u00f6kalujen ja ty\u00f6voiman tarvetta.<br \/>\n<\/p><br \/>\n<br \/>\n<p><b>7.Soveltuvatko n\u00e4m\u00e4 profiilit kaupalliseen k\u00e4ytt\u00f6\u00f6n? <\/b><\/p>\n<p> Kyll\u00e4, n\u00e4m\u00e4 profiilit ovat ihanteellisia sek\u00e4 asuin- ett\u00e4 kaupallisiin vaatekaappi- ja kaappij\u00e4rjestelmiin, ja ne tarjoavat kest\u00e4vyytt\u00e4 ja tasaista suorituskyky\u00e4 vilkkaasti liikenn\u00f6idyiss\u00e4 kohteissa.<br \/>\n<\/p><br \/>\n<br \/>\n<p><b>8.Do n\u00e4m\u00e4 alumiiniprofiilit vaativat huoltoa? <\/b><\/p>\n<p> Ei, alumiiniprofiilit ovat v\u00e4h\u00e4n huoltoa vaativia ja vaativat vain satunnaista puhdistusta suorituskyvyn ja ulkon\u00e4\u00f6n s\u00e4ilytt\u00e4miseksi.<br \/>\n<\/p><br \/><\/p>","protected":false},"featured_media":7842,"template":"","categories":[67],"class_list":["post-7843","product","type-product","status-publish","has-post-thumbnail","hentry","category-architectural-aluminium-profile"],"meta_box":{"hilight_text_group":{"product_hilight_text":"<li>Durable aluminum profiles ensure smooth, long-lasting sliding door operation for wardrobes and cabinets.<\/li>\r\r\n<li>Corrosion-resistant surface guarantees high performance in high-humidity environments.<\/li>\r\r\n<li>Lightweight yet strong, providing structural stability without adding excess weight.<\/li>\r\r\n<li>Customizable profiles in various sizes, finishes, and designs to suit any wardrobe system.<\/li>\r\r\n<li>Easy to install with pre-engineered components and minimal tools required.<\/li>\r\r\n<li>Ideal for residential and commercial applications, enhancing both functionality and aesthetics.<\/li>","product_chanpin_blog":"<ul>\r\r\n<li><a href=\"https:\/\/sinoextrud.com\/t-slot-v-slot-differences\/\" target=\"_blank\">t slot vs v slot<\/a><\/li>\r\r\n<li><a href=\"https:\/\/sinoextrud.com\/what-is-4040-aluminium-extrud\/\" target=\"_blank\">4040 aluminium extrusion<\/a><\/li>\r\r\n<li><a href=\"https:\/\/sinoextrud.com\/what-is-4040-aluminium-extrud\/\" target=\"_blank\">aluminum extrusions for industrial racks<\/a><\/li>\r\r\n<li><a href=\"https:\/\/sinoextrud.com\/powder-coating-aluminium-process\/\" target=\"_blank\">powder coating aluminium<\/a><\/li>\r\r\n<li><a href=\"https:\/\/sinoextrud.com\/what-is-an-aluminium-strip-ceiling\/\" target=\"_blank\">aluminium strip ceiling<\/a><\/li>\r\r\n<li><a href=\"https:\/\/sinoextrud.com\/what-is-a-heat-sink\/\" target=\"_blank\">what is a heat sink<\/a><\/li>\r\r\n<\/ul>","product_chanpin_chanpin":"<li><a href=\"https:\/\/sinoextrud.com\/product\/sandblasted-aluminum-finish-profile\/\" target=\"_blank\">Sandblasted Aluminum Finish Profile<\/a><\/li>\r\n<li><a href=\"https:\/\/sinoextrud.com\/product\/aluminum-handrail-systems\/\" target=\"_blank\">Aluminum Handrail Systems<\/a><\/li>\r\n<li><a href=\"https:\/\/sinoextrud.com\/product\/curtain-aluminum-profile-extrusion-for-window\/\" target=\"_blank\">Curtain Aluminum Profile Extrusion For Window<\/a><\/li>\r\n<li><a href=\"https:\/\/sinoextrud.com\/product\/extrusion-of-aluminium-alloys-celing-aluminum-tube-wood-grain\/\" target=\"_blank\">Extrusion Of Aluminium Alloys Celing Aluminum Tube Wood Grain<\/a><\/li>\r\n<li><a href=\"https:\/\/sinoextrud.com\/product\/wardrobe-cabinet-sliding-aluminum-profile\/\" target=\"_blank\">Wardrobe Cabinet Sliding Aluminum Profile<\/a><\/li>\r\n<li><a href=\"https:\/\/sinoextrud.com\/product\/aluminum-cabinet-door-extrusion\/\" target=\"_blank\">Aluminum Cabinet Door Extrusion<\/a><\/li>\r\n<li><a href=\"https:\/\/sinoextrud.com\/product\/aluminum-structural-framing-system\/\" target=\"_blank\">Aluminum Structural Framing System<\/a><\/li>\r\n<li><a href=\"https:\/\/sinoextrud.com\/product\/standard-aluminum-shapes\/\" target=\"_blank\">Standard Aluminum Shapes<\/a><\/li>\r\n<li><a href=\"https:\/\/sinoextrud.com\/product\/aluminium-profiles-doors-windows-wood-imitation\/\" target=\"_blank\">Aluminium Profiles Doors Windows Wood Imitation<\/a><\/li>\r\n<li><a href=\"https:\/\/sinoextrud.com\/product\/aluminium-profile-for-glass-railing\/\" target=\"_blank\">Aluminium Profile For Glass Railing<\/a><\/li>\r\n<li><a href=\"https:\/\/sinoextrud.com\/product\/modular-aluminium-frame\/\" target=\"_blank\">Modular Aluminium Frame<\/a><\/li>"},"feature_list":[]},"_links":{"self":[{"href":"https:\/\/sinoextrud.com\/fi\/wp-json\/wp\/v2\/product\/7843","targetHints":{"allow":["GET"]}}],"collection":[{"href":"https:\/\/sinoextrud.com\/fi\/wp-json\/wp\/v2\/product"}],"about":[{"href":"https:\/\/sinoextrud.com\/fi\/wp-json\/wp\/v2\/types\/product"}],"wp:featuredmedia":[{"embeddable":true,"href":"https:\/\/sinoextrud.com\/fi\/wp-json\/wp\/v2\/media\/7842"}],"wp:attachment":[{"href":"https:\/\/sinoextrud.com\/fi\/wp-json\/wp\/v2\/media?parent=7843"}],"wp:term":[{"taxonomy":"category","embeddable":true,"href":"https:\/\/sinoextrud.com\/fi\/wp-json\/wp\/v2\/categories?post=7843"}],"curies":[{"name":"wp","href":"https:\/\/api.w.org\/{rel}","templated":true}]}}