{"id":7839,"date":"2025-06-11T02:36:36","date_gmt":"2025-06-11T02:36:36","guid":{"rendered":"https:\/\/sinoextrud.com\/product\/curtain-aluminum-profile-extrusion-for-window\/"},"modified":"2025-06-24T06:13:47","modified_gmt":"2025-06-24T06:13:47","slug":"verho-alumiiniprofiilin-puristamiseen-ikkunan","status":"publish","type":"product","link":"https:\/\/sinoextrud.com\/fi\/product\/curtain-aluminum-profile-extrusion-for-window\/","title":{"rendered":"Curtain alumiini profiilin puristamiseen ikkunan"},"content":{"rendered":"<h2>Tuotteiden tiedot<\/h2>\n<table class=\"custom-table\">\n<tbody>\n<tr>\n<td> Tuotteen nimi<\/td>\n<td> Curtain alumiini profiilin puristamiseen ikkunan<\/td>\n<\/tr>\n<tr>\n<td> Materiaali<\/td>\n<td> Alumiiniseos 6063-T5<\/td>\n<\/tr>\n<tr>\n<td> Valmis<\/td>\n<td> Kansainv\u00e4linen standardi anodisoitu hopea<\/td>\n<\/tr>\n<tr>\n<td> Standardi<\/td>\n<td> GB5237-2008<\/td>\n<\/tr>\n<\/tbody>\n<\/table>\n<h2>Tuotantopohjamme<\/h2>\n<h3>Tehtaan panoraama<\/h3>\n<p><img decoding=\"async\" src=\"\/wp-content\/uploads\/factory-01.webp\"\/><\/p>\n<h3>Alumiini Bar Manufacturing Workshop<\/h3>\n<p><img decoding=\"async\" src=\"\/wp-content\/uploads\/factory-02.webp\"\/><\/p>\n<p><img decoding=\"async\" src=\"\/wp-content\/uploads\/factory-03.webp\"\/><\/p>\n<h3>Muotin varastointi Varasto<\/h3>\n<p><img decoding=\"async\" src=\"\/wp-content\/uploads\/factory-04.webp\"\/><\/p>\n<h3>43 Alumiini ekstruusiolinjat (500\u00e2 5500 tonnia)<\/h3>\n<p><img decoding=\"async\" src=\"\/wp-content\/uploads\/factory-05.webp\"\/><\/p>\n<p><img decoding=\"async\" src=\"\/wp-content\/uploads\/factory-06.webp\"\/><\/p>\n<p><img decoding=\"async\" src=\"\/wp-content\/uploads\/factory-07.webp\"\/><\/p>\n<h3>Jauhemaalaus ty\u00f6paja<\/h3>\n<p><img decoding=\"async\" src=\"\/wp-content\/uploads\/factory-09.webp\"\/><\/p>\n<h3>Anodisointi ty\u00f6paja<\/h3>\n<p><img decoding=\"async\" src=\"\/wp-content\/uploads\/factory-10.webp\"\/><\/p>\n<h3>Syv\u00e4k\u00e4sittelyn ty\u00f6paja<\/h3>\n<p><img decoding=\"async\" src=\"\/wp-content\/uploads\/factory-11.webp\"\/><\/p>\n<h3>CNC-tarkkuuskoneistus ty\u00f6paja<\/h3>\n<p><img decoding=\"async\" src=\"\/wp-content\/uploads\/factory-11.5.webp\"\/><\/p>\n<h3>Valmiiden tuotteiden ja vientivarasto<\/h3>\n<p><img decoding=\"async\" src=\"\/wp-content\/uploads\/factory-12.webp\"\/><\/p>\n<p><img decoding=\"async\" src=\"\/wp-content\/uploads\/factory-13.webp\"\/><\/p>\n<p><img decoding=\"async\" src=\"\/wp-content\/uploads\/factory-14.webp\"\/><\/p>\n<h2>FAQ<\/h2>\n<p><p><b>1.Mik\u00e4 on verho Alumiiniprofiiliprofiili ekstruusio ikkunalle?<\/b><\/p>\n<p>Se on alumiiniprofiili, joka on erityisesti suulakepuristettu tukemaan verhojen asentamista ikkunoihin ja joka tarjoaa rakenteellista tukea ja esteettist\u00e4 integraatiota.<br \/>\n<\/p><br \/>\n<br \/>\n<p><b>2.Mitk\u00e4 ovat verhojen alumiiniprofiilien t\u00e4rkeimm\u00e4t edut?<\/b><\/p>\n<p>Ne ovat kevyit\u00e4, korroosionkest\u00e4vi\u00e4 ja kest\u00e4vi\u00e4, ja ne mahdollistavat verhojen tasaisen liikkeen v\u00e4h\u00e4isell\u00e4 huollolla.<br \/>\n<\/p><br \/>\n<br \/>\n<p><b>3.Voiko t\u00e4t\u00e4 profiilia k\u00e4ytt\u00e4\u00e4 kosteissa ymp\u00e4rist\u00f6iss\u00e4?<\/b><\/p>\n<p>Kyll\u00e4, anodisoitu tai jauhemaalattu pinta kest\u00e4\u00e4 kosteutta ja korroosiota, joten se sopii erinomaisesti keitti\u00f6ihin ja kylpyhuoneisiin.<br \/>\n<\/p><br \/>\n<br \/>\n<p><b>4.Onko profiili yhteensopiva kaikentyyppisten ikkunaverhojen kanssa?<\/b><\/p>\n<p>Kyll\u00e4, se tukee erilaisia verhotyyppej\u00e4, kuten laskostettuja, l\u00e4pikuultavia, pimennysverhoja ja l\u00e4mp\u00f6verhoja.<br \/>\n<\/p><br \/>\n<br \/>\n<p><b>5.Ovatko r\u00e4\u00e4t\u00e4l\u00f6idyt pituudet ja viimeistelyt saatavilla?<\/b><\/p>\n<p>Kyll\u00e4, tarjoamme r\u00e4\u00e4t\u00e4l\u00f6ityj\u00e4 kokoja, pintak\u00e4sittelyj\u00e4 ja v\u00e4rej\u00e4 eri arkkitehtuuri- ja sisustustarpeisiin.<br \/>\n<\/p><br \/>\n<br \/>\n<p><b>6.Mahdollistaako profiili hiljaisen toiminnan?<\/b><\/p>\n<p>Tarkka kiskosuunnittelu takaa tasaisen ja \u00e4\u00e4nett\u00f6m\u00e4n liukumisen, mik\u00e4 lis\u00e4\u00e4 mukavuutta asuin- tai ty\u00f6tiloissa.<br \/>\n<\/p><br \/>\n<br \/>\n<p><b>7.Miss\u00e4 t\u00e4m\u00e4ntyyppist\u00e4 profiilia k\u00e4ytet\u00e4\u00e4n yleisesti?<\/b><\/p>\n<p>Sit\u00e4 k\u00e4ytet\u00e4\u00e4n laajalti kodeissa, hotelleissa, sairaaloissa ja toimistorakennuksissa sek\u00e4 toiminnallisissa ett\u00e4 koristeellisissa verhoj\u00e4rjestelmiss\u00e4.<br \/>\n<\/p><br \/>\n<br \/>\n<p><b>8.Onko asennusprosessi yksinkertainen?<\/b><\/p>\n<p>Kyll\u00e4, se voidaan asentaa helposti mukana toimitettujen kiinnikkeiden ja asennustarvikkeiden avulla, mik\u00e4 v\u00e4hent\u00e4\u00e4 ty\u00f6aikaa ja kustannuksia.<br \/>\n<\/p><br \/><\/p>","protected":false},"featured_media":7838,"template":"","categories":[67],"class_list":["post-7839","product","type-product","status-publish","has-post-thumbnail","hentry","category-architectural-aluminium-profile"],"meta_box":{"hilight_text_group":{"product_hilight_text":"<li>High-strength aluminum extrusion ensures durability and long service life<\/li>\r\r\n<li>Lightweight design allows easy installation and handling<\/li>\r\r\n<li>Corrosion-resistant surface suitable for indoor and semi-outdoor use<\/li>\r\r\n<li>Smooth track design provides quiet and effortless curtain movement<\/li>\r\r\n<li>Compatible with most window curtain systems and accessories<\/li>\r\r\n<li>Customizable sizes, colors, and finishes to match window design<\/li>\r\r\n<li>Ideal for residential, hotel, office, and commercial window treatments<\/li>","product_chanpin_blog":"<ul>\r\r\n<li><a href=\"https:\/\/sinoextrud.com\/t-slot-v-slot-differences\/\" target=\"_blank\">t slot vs v slot<\/a><\/li>\r\r\n<li><a href=\"https:\/\/sinoextrud.com\/what-is-4040-aluminium-extrud\/\" target=\"_blank\">4040 aluminium extrusion<\/a><\/li>\r\r\n<li><a href=\"https:\/\/sinoextrud.com\/what-is-4040-aluminium-extrud\/\" target=\"_blank\">aluminum extrusions for industrial racks<\/a><\/li>\r\r\n<li><a href=\"https:\/\/sinoextrud.com\/powder-coating-aluminium-process\/\" target=\"_blank\">powder coating aluminium<\/a><\/li>\r\r\n<li><a href=\"https:\/\/sinoextrud.com\/what-is-an-aluminium-strip-ceiling\/\" target=\"_blank\">aluminium strip ceiling<\/a><\/li>\r\r\n<li><a href=\"https:\/\/sinoextrud.com\/what-is-a-heat-sink\/\" target=\"_blank\">what is a heat sink<\/a><\/li>\r\r\n<\/ul>","product_chanpin_chanpin":"<li><a href=\"https:\/\/sinoextrud.com\/product\/extrusions-aluminum-structural-framing-kitchen-cabinet-doors-oem-anodized-champagne-selling-in-pakistan\/\" target=\"_blank\">extrusions aluminum structural framing kitchen cabinet doors OEM Anodized champagne selling in pakistan<\/a><\/li>\r\n<li><a href=\"https:\/\/sinoextrud.com\/product\/aluminum-door-jamb-extrusion\/\" target=\"_blank\">Aluminum Door Jamb Extrusion<\/a><\/li>\r\n<li><a href=\"https:\/\/sinoextrud.com\/product\/sandblasted-aluminum-finish-profile\/\" target=\"_blank\">Sandblasted Aluminum Finish Profile<\/a><\/li>\r\n<li><a href=\"https:\/\/sinoextrud.com\/product\/aluminum-handrail-systems\/\" target=\"_blank\">Aluminum Handrail Systems<\/a><\/li>\r\n<li><a href=\"https:\/\/sinoextrud.com\/product\/curtain-aluminum-profile-extrusion-for-window\/\" target=\"_blank\">Curtain Aluminum Profile Extrusion For Window<\/a><\/li>\r\n<li><a href=\"https:\/\/sinoextrud.com\/product\/extrusion-of-aluminium-alloys-celing-aluminum-tube-wood-grain\/\" target=\"_blank\">Extrusion Of Aluminium Alloys Celing Aluminum Tube Wood Grain<\/a><\/li>\r\n<li><a href=\"https:\/\/sinoextrud.com\/product\/wardrobe-cabinet-sliding-aluminum-profile\/\" target=\"_blank\">Wardrobe Cabinet Sliding Aluminum Profile<\/a><\/li>\r\n<li><a href=\"https:\/\/sinoextrud.com\/product\/aluminum-cabinet-door-extrusion\/\" target=\"_blank\">Aluminum Cabinet Door Extrusion<\/a><\/li>\r\n<li><a href=\"https:\/\/sinoextrud.com\/product\/aluminum-structural-framing-system\/\" target=\"_blank\">Aluminum Structural Framing System<\/a><\/li>\r\n<li><a href=\"https:\/\/sinoextrud.com\/product\/quadrate-pipe-baffle-ceiling-system\/\" target=\"_blank\">Quadrate-pipe Baffle Ceiling System<\/a><\/li>\r\n<li><a href=\"https:\/\/sinoextrud.com\/product\/aluminium-extrusion-profiles-for-the-windows\/\" target=\"_blank\">Aluminium Extrusion Profiles For The Windows<\/a><\/li>"},"feature_list":[]},"_links":{"self":[{"href":"https:\/\/sinoextrud.com\/fi\/wp-json\/wp\/v2\/product\/7839","targetHints":{"allow":["GET"]}}],"collection":[{"href":"https:\/\/sinoextrud.com\/fi\/wp-json\/wp\/v2\/product"}],"about":[{"href":"https:\/\/sinoextrud.com\/fi\/wp-json\/wp\/v2\/types\/product"}],"wp:featuredmedia":[{"embeddable":true,"href":"https:\/\/sinoextrud.com\/fi\/wp-json\/wp\/v2\/media\/7838"}],"wp:attachment":[{"href":"https:\/\/sinoextrud.com\/fi\/wp-json\/wp\/v2\/media?parent=7839"}],"wp:term":[{"taxonomy":"category","embeddable":true,"href":"https:\/\/sinoextrud.com\/fi\/wp-json\/wp\/v2\/categories?post=7839"}],"curies":[{"name":"wp","href":"https:\/\/api.w.org\/{rel}","templated":true}]}}