{"id":7833,"date":"2025-06-11T02:30:53","date_gmt":"2025-06-11T02:30:53","guid":{"rendered":"https:\/\/sinoextrud.com\/product\/aluminum-door-jamb-extrusion\/"},"modified":"2025-06-24T06:13:46","modified_gmt":"2025-06-24T06:13:46","slug":"alumiininen-ovi-jambusion-suulakepuristus","status":"publish","type":"product","link":"https:\/\/sinoextrud.com\/fi\/product\/aluminum-door-jamb-extrusion\/","title":{"rendered":"Alumiininen ovi Jamb Extrusion"},"content":{"rendered":"<h2>Tuotteiden tiedot<\/h2>\n<table class=\"custom-table\">\n<tbody>\n<tr>\n<td> Tuotteen nimi<\/td>\n<td> Alumiininen ovi Jamb Extrusion<\/td>\n<\/tr>\n<tr>\n<td> Materiaali<\/td>\n<td> Alumiiniseos 6063 tai 6061.<\/td>\n<\/tr>\n<tr>\n<td> Temper<\/td>\n<td> T3-T8<\/td>\n<\/tr>\n<tr>\n<td> V\u00e4ri<\/td>\n<td> Anodisoitu, puunjyv\u00e4 tai muu r\u00e4\u00e4t\u00e4l\u00f6ity v\u00e4ri<\/td>\n<\/tr>\n<tr>\n<td> Applycation<\/td>\n<td> Ikkuna ja ovi<\/td>\n<\/tr>\n<tr>\n<td> Merkki<\/td>\n<td> Sinoextrud tai OEM<\/td>\n<\/tr>\n<tr>\n<td> CNC-prosessi<\/td>\n<td> CNC-jyrsint\u00e4, l\u00e4vistys, poraus, napauttaminen, taivutus<\/td>\n<\/tr>\n<tr>\n<td> MOQ<\/td>\n<td> 200Kg puunjyv\u00e4pursotuksille, 200KG muulle pinnalle.<\/td>\n<\/tr>\n<tr>\n<td> Pintak\u00e4sittely<\/td>\n<td> Puuv\u00e4ri, anodisoitu, jauhemaalaus, elektroforeesi, PVDF-pinnoite, harjattu jne.<\/td>\n<\/tr>\n<tr>\n<td> Sertifikaatit<\/td>\n<td> ISO9001, ISO4001, CQM, SGS, CE, BV jne.<\/td>\n<\/tr>\n<tr>\n<td> L\u00e4pimenoaika<\/td>\n<td> 1.Die-open ja n\u00e4yte testi 12-15 p\u00e4iv\u00e4\u00e4.<br \/>\n2.Massatuotanto 25-30 p\u00e4iv\u00e4\u00e4.<\/td>\n<\/tr>\n<tr>\n<td> Toimitusaika<\/td>\n<td> EXW tai FOB Foshan\/Guangzhou\/Shenzhen<\/td>\n<\/tr>\n<tr>\n<td> Maksuehto<\/td>\n<td> Alipay, LC tai TT 30% talletus, saldo ennen l\u00e4hetyst\u00e4<\/td>\n<\/tr>\n<tr>\n<td> Alkuper\u00e4paikka<\/td>\n<td> Guangdong,Kiina<\/td>\n<\/tr>\n<\/tbody>\n<\/table>\n<h2>Tuotantopohjamme<\/h2>\n<h3>Tehtaan panoraama<\/h3>\n<p><img decoding=\"async\" src=\"\/wp-content\/uploads\/factory-01.webp\"\/><\/p>\n<h3>Alumiini Bar Manufacturing Workshop<\/h3>\n<p><img decoding=\"async\" src=\"\/wp-content\/uploads\/factory-02.webp\"\/><\/p>\n<\/p>\n<p><img decoding=\"async\" src=\"\/wp-content\/uploads\/factory-03.webp\"\/><\/p>\n<h3>Muotin varastointi Varasto<\/h3>\n<p><img decoding=\"async\" src=\"\/wp-content\/uploads\/factory-04.webp\"\/><\/p>\n<h3>43 Alumiini ekstruusiolinjat (500\u00e2 5500 tonnia)<\/h3>\n<p><img decoding=\"async\" src=\"\/wp-content\/uploads\/factory-05.webp\"\/><\/p>\n<p><img decoding=\"async\" src=\"\/wp-content\/uploads\/factory-06.webp\"\/><\/p>\n<p><img decoding=\"async\" src=\"\/wp-content\/uploads\/factory-07.webp\"\/><\/p>\n<h3>Jauhemaalaus ty\u00f6paja<\/h3>\n<p><img decoding=\"async\" src=\"\/wp-content\/uploads\/factory-09.webp\"\/><\/p>\n<h3>Anodisointi ty\u00f6paja<\/h3>\n<p><img decoding=\"async\" src=\"\/wp-content\/uploads\/factory-10.webp\"\/><\/p>\n<h3>Syv\u00e4k\u00e4sittelyn ty\u00f6paja<\/h3>\n<p><img decoding=\"async\" src=\"\/wp-content\/uploads\/factory-11.webp\"\/><\/p>\n<h3>CNC-tarkkuuskoneistus ty\u00f6paja<\/h3>\n<p><img decoding=\"async\" src=\"\/wp-content\/uploads\/factory-11.5.webp\"\/><\/p>\n<h3>Valmiiden tuotteiden ja vientivarasto<\/h3>\n<p><img decoding=\"async\" src=\"\/wp-content\/uploads\/factory-12.webp\"\/><\/p>\n<p><img decoding=\"async\" src=\"\/wp-content\/uploads\/factory-13.webp\"\/><\/p>\n<p><img decoding=\"async\" src=\"\/wp-content\/uploads\/factory-14.webp\"\/><\/p>\n<h2>FAQ<\/h2>\n<p><b>1.Mik\u00e4 on alumiininen ovi Jamb Extrusion? <\/b><\/p>\n<p> Alumiininen oviraja on suulakepuristettu alumiiniprofiili, joka on suunniteltu muodostamaan oven ymp\u00e4rille kehys tai reuna, joka tarjoaa lujuutta ja suojaa.\n<\/p>\n<p><\/p>\n<p><b>2.Miksi valita alumiini ovipielien puristuksiin? <\/b><\/p>\n<p> Alumiini on kest\u00e4v\u00e4\u00e4, kevytt\u00e4, korroosionkest\u00e4v\u00e4\u00e4 ja tyylikk\u00e4\u00e4n n\u00e4k\u00f6ist\u00e4, joten se soveltuu erinomaisesti ovipieliin sek\u00e4 sis\u00e4- ett\u00e4 ulkosovelluksissa.\n<\/p>\n<p><\/p>\n<p><b>3.Can n\u00e4m\u00e4 puristeet voidaan r\u00e4\u00e4t\u00e4l\u00f6id\u00e4? <\/b><\/p>\n<p> Kyll\u00e4, alumiiniset ovipielet voidaan r\u00e4\u00e4t\u00e4l\u00f6id\u00e4 kooltaan, paksuudeltaan, muodoltaan ja viimeistelylt\u00e4\u00e4n vastaamaan ovij\u00e4rjestelm\u00e4si erityisvaatimuksia.\n<\/p>\n<p><\/p>\n<p><b>4.Soveltuvatko n\u00e4m\u00e4 profiilit ulkok\u00e4ytt\u00f6\u00f6n? <\/b><\/p>\n<p> Kyll\u00e4, asianmukaisella anodisoinnilla tai pulverimaalausmenetelm\u00e4ll\u00e4 alumiiniset ovipielet kest\u00e4v\u00e4t hyvin s\u00e4\u00e4nkest\u00e4vyytt\u00e4 ja ovat ihanteellisia ulko-oviin.\n<\/p>\n<p><\/p>\n<p><b>5.Mit\u00e4 pintak\u00e4sittelyj\u00e4 on saatavana alumiinisille oviraudoille? <\/b><\/p>\n<p> Yleisi\u00e4 pintak\u00e4sittelyj\u00e4 ovat anodisoitu, pulverimaalattu ja harjattu, jotka tarjoavat sek\u00e4 toiminnallista suojaa ett\u00e4 esteettist\u00e4 kauneutta.\n<\/p>\n<p><\/p>\n<p><b>6.Kuinka helppoa on asentaa alumiiniset oviraudat? <\/b><\/p>\n<p> Alumiiniset ovipielet on suunniteltu asennettaviksi helposti tavallisilla kiinnitystarvikkeilla ja pienell\u00e4 m\u00e4\u00e4r\u00e4ll\u00e4 tarvittavia ty\u00f6kaluja.\n<\/p>\n<p><\/p>\n<p><b>7.Ovatko n\u00e4m\u00e4 puristeet kest\u00e4vi\u00e4 vilkkaasti liikenn\u00f6idyiss\u00e4 ymp\u00e4rist\u00f6iss\u00e4? <\/b><\/p>\n<p> Kyll\u00e4, eritt\u00e4in luja alumiinimateriaali on riitt\u00e4v\u00e4n kest\u00e4v\u00e4\u00e4 kest\u00e4m\u00e4\u00e4n kulutusta, joka on yleist\u00e4 vilkkaasti liikenn\u00f6idyill\u00e4 alueilla, kuten kaupallisissa rakennuksissa ja teollisuuslaitoksissa.\n<\/p>\n<p><\/p>\n<p><b>8.Voidaanko profiileihin sovittaa erilaisia ovityyppej\u00e4? <\/b><\/p>\n<p> Kyll\u00e4, n\u00e4m\u00e4 profiilit on suunniteltu toimimaan monenlaisten ovimateriaalien, kuten puun, metallin ja lasin, kanssa, mik\u00e4 mahdollistaa monipuoliset asennusvaihtoehdot.\n<\/p>\n<p><\/p>","protected":false},"featured_media":7832,"template":"","categories":[67],"class_list":["post-7833","product","type-product","status-publish","has-post-thumbnail","hentry","category-architectural-aluminium-profile"],"meta_box":{"hilight_text_group":{"product_hilight_text":"<li>High-strength aluminum construction provides long-lasting durability for door jambs.<\/li>\r\r\n<li>Corrosion-resistant finish ensures reliable performance in both interior and exterior environments.<\/li>\r\r\n<li>Lightweight yet strong, reducing the overall door frame weight while maintaining structural integrity.<\/li>\r\r\n<li>Customizable sizes, finishes, and designs to meet specific project needs.<\/li>\r\r\n<li>Easy to install with precise extruded dimensions for seamless integration with door systems.<\/li>\r\r\n<li>Perfect for commercial, residential, and industrial applications requiring durable and low-maintenance door frames.<\/li>","product_chanpin_blog":"<ul>\r\r\n<li><a href=\"https:\/\/sinoextrud.com\/t-slot-v-slot-differences\/\" target=\"_blank\">t slot vs v slot<\/a><\/li>\r\r\n<li><a href=\"https:\/\/sinoextrud.com\/what-is-4040-aluminium-extrud\/\" target=\"_blank\">4040 aluminium extrusion<\/a><\/li>\r\r\n<li><a href=\"https:\/\/sinoextrud.com\/what-is-4040-aluminium-extrud\/\" target=\"_blank\">aluminum extrusions for industrial racks<\/a><\/li>\r\r\n<li><a href=\"https:\/\/sinoextrud.com\/powder-coating-aluminium-process\/\" target=\"_blank\">powder coating aluminium<\/a><\/li>\r\r\n<li><a href=\"https:\/\/sinoextrud.com\/what-is-an-aluminium-strip-ceiling\/\" target=\"_blank\">aluminium strip ceiling<\/a><\/li>\r\r\n<li><a href=\"https:\/\/sinoextrud.com\/what-is-a-heat-sink\/\" target=\"_blank\">what is a heat sink<\/a><\/li>\r\r\n<\/ul>","product_chanpin_chanpin":"<li><a href=\"https:\/\/sinoextrud.com\/product\/l-shaped-aluminium-profile\/\" target=\"_blank\">L Shaped Aluminium Profile<\/a><\/li>\r\n<li><a href=\"https:\/\/sinoextrud.com\/product\/80-x-80-aluminum-extrusion\/\" target=\"_blank\">80 X 80 Aluminum Extrusion<\/a><\/li>\r\n<li><a href=\"https:\/\/sinoextrud.com\/product\/aluminum-profile-price-of-aluminium-partition-wall-studs-aluminum-manufacturer\/\" target=\"_blank\">aluminum profile price of aluminium partition wall studs aluminum manufacturer<\/a><\/li>\r\n<li><a href=\"https:\/\/sinoextrud.com\/product\/extrusions-aluminum-structural-framing-kitchen-cabinet-doors-oem-anodized-champagne-selling-in-pakistan\/\" target=\"_blank\">extrusions aluminum structural framing kitchen cabinet doors OEM Anodized champagne selling in pakistan<\/a><\/li>\r\n<li><a href=\"https:\/\/sinoextrud.com\/product\/aluminum-door-jamb-extrusion\/\" target=\"_blank\">Aluminum Door Jamb Extrusion<\/a><\/li>\r\n<li><a href=\"https:\/\/sinoextrud.com\/product\/sandblasted-aluminum-finish-profile\/\" target=\"_blank\">Sandblasted Aluminum Finish Profile<\/a><\/li>\r\n<li><a href=\"https:\/\/sinoextrud.com\/product\/aluminum-handrail-systems\/\" target=\"_blank\">Aluminum Handrail Systems<\/a><\/li>\r\n<li><a href=\"https:\/\/sinoextrud.com\/product\/curtain-aluminum-profile-extrusion-for-window\/\" target=\"_blank\">Curtain Aluminum Profile Extrusion For Window<\/a><\/li>\r\n<li><a href=\"https:\/\/sinoextrud.com\/product\/extrusion-of-aluminium-alloys-celing-aluminum-tube-wood-grain\/\" target=\"_blank\">Extrusion Of Aluminium Alloys Celing Aluminum Tube Wood Grain<\/a><\/li>\r\n<li><a href=\"https:\/\/sinoextrud.com\/product\/extrude-6000-series-aluminium-bar\/\" target=\"_blank\">Extrude 6000 Series Aluminium bar<\/a><\/li>\r\n<li><a href=\"https:\/\/sinoextrud.com\/product\/aluminum-extrusion-polished-square-tupe\/\" target=\"_blank\">Aluminum Extrusion Polished Square Tupe<\/a><\/li>"},"feature_list":[]},"_links":{"self":[{"href":"https:\/\/sinoextrud.com\/fi\/wp-json\/wp\/v2\/product\/7833","targetHints":{"allow":["GET"]}}],"collection":[{"href":"https:\/\/sinoextrud.com\/fi\/wp-json\/wp\/v2\/product"}],"about":[{"href":"https:\/\/sinoextrud.com\/fi\/wp-json\/wp\/v2\/types\/product"}],"wp:featuredmedia":[{"embeddable":true,"href":"https:\/\/sinoextrud.com\/fi\/wp-json\/wp\/v2\/media\/7832"}],"wp:attachment":[{"href":"https:\/\/sinoextrud.com\/fi\/wp-json\/wp\/v2\/media?parent=7833"}],"wp:term":[{"taxonomy":"category","embeddable":true,"href":"https:\/\/sinoextrud.com\/fi\/wp-json\/wp\/v2\/categories?post=7833"}],"curies":[{"name":"wp","href":"https:\/\/api.w.org\/{rel}","templated":true}]}}