{"id":7827,"date":"2025-06-11T02:20:23","date_gmt":"2025-06-11T02:20:23","guid":{"rendered":"https:\/\/sinoextrud.com\/product\/80-x-80-aluminum-extrusion\/"},"modified":"2025-06-24T06:13:44","modified_gmt":"2025-06-24T06:13:44","slug":"80-x-80-alumiiniprofiili-2","status":"publish","type":"product","link":"https:\/\/sinoextrud.com\/fi\/product\/80-x-80-aluminum-extrusion\/","title":{"rendered":"80 X 80 Alumiini suulakepuristus"},"content":{"rendered":"<h2>Tuotteiden tiedot<\/h2>\n<table class=\"custom-table\">\n<tbody>\n<tr>\n<td> Malli NO.:<\/td>\n<td> 80 X 80 Alumiini suulakepuristus<\/td>\n<\/tr>\n<tr>\n<td> Muoto:<\/td>\n<td> Neli\u00f6<\/td>\n<\/tr>\n<tr>\n<td> Temperamentti:<\/td>\n<td> T3-T8<\/td>\n<\/tr>\n<tr>\n<td> Pintak\u00e4sittely:<\/td>\n<td> Anodinen hapetus<\/td>\n<\/tr>\n<tr>\n<td> Sertifiointi:<\/td>\n<td> ISO<\/td>\n<\/tr>\n<tr>\n<td> V\u00e4ri:<\/td>\n<td> Hopea<\/td>\n<\/tr>\n<tr>\n<td> Kuljetuspaketti:<\/td>\n<td> Kalvo + puinen\/laatikkolaatikko<\/td>\n<\/tr>\n<tr>\n<td> Alkuper\u00e4:<\/td>\n<td> Foshan, Guangdong, Kiina<\/td>\n<\/tr>\n<tr>\n<td> Tyyppi:<\/td>\n<td> Ikkuna- ja oviprofiili Alumiiniprofiili, alumiiniprofiili, alumiiniprofiili, kuljetusprofiili, laitekehys.<\/td>\n<\/tr>\n<tr>\n<td> Luokka:<\/td>\n<td> 6000-sarja<\/td>\n<\/tr>\n<tr>\n<td> Seos:<\/td>\n<td> Metalliseos<\/td>\n<\/tr>\n<tr>\n<td> Seosaine:<\/td>\n<td> 6063<\/td>\n<\/tr>\n<tr>\n<td> Kiillotettu alumiini Profiili:<\/td>\n<td> Kemiallinen kiillotus<\/td>\n<\/tr>\n<tr>\n<td> Tavaramerkki:<\/td>\n<td> Sinoextrud<\/td>\n<\/tr>\n<tr>\n<td> Tekniset tiedot:<\/td>\n<td> 80*80mm<\/td>\n<\/tr>\n<tr>\n<td> HS-koodi:<\/td>\n<td> 760421000<\/td>\n<\/tr>\n<tr>\n<td> Materiaali:<\/td>\n<td> Alumiini<\/td>\n<\/tr>\n<tr>\n<td> Tekniset tiedot:<\/td>\n<td> profiili 80*80mm<\/td>\n<\/tr>\n<tr>\n<td> Viimeistely:<\/td>\n<td> Anodisoitu hapetus<\/td>\n<\/tr>\n<\/tbody>\n<\/table>\n<h2>Tuotantopohjamme<\/h2>\n<h3>Tehtaan panoraama<\/h3>\n<p><img decoding=\"async\" src=\"\/wp-content\/uploads\/factory-01.webp\"\/><\/p>\n<h3>Alumiini Bar Manufacturing Workshop<\/h3>\n<p><img decoding=\"async\" src=\"\/wp-content\/uploads\/factory-02.webp\"\/><\/p>\n<p><img decoding=\"async\" src=\"\/wp-content\/uploads\/factory-03.webp\"\/><\/p>\n<h3>Muotin varastointi Varasto<\/h3>\n<p><img decoding=\"async\" src=\"\/wp-content\/uploads\/factory-04.webp\"\/><\/p>\n<h3>43 Alumiini ekstruusiolinjat (500\u00e2 5500 tonnia)<\/h3>\n<p><img decoding=\"async\" src=\"\/wp-content\/uploads\/factory-05.webp\"\/><\/p>\n<p><img decoding=\"async\" src=\"\/wp-content\/uploads\/factory-06.webp\"\/><\/p>\n<p><img decoding=\"async\" src=\"\/wp-content\/uploads\/factory-07.webp\"\/><\/p>\n<h3>Jauhemaalaus ty\u00f6paja<\/h3>\n<p><img decoding=\"async\" src=\"\/wp-content\/uploads\/factory-09.webp\"\/><\/p>\n<h3>Anodisointi ty\u00f6paja<\/h3>\n<p><img decoding=\"async\" src=\"\/wp-content\/uploads\/factory-10.webp\"\/><\/p>\n<h3>Syv\u00e4k\u00e4sittelyn ty\u00f6paja<\/h3>\n<p><img decoding=\"async\" src=\"\/wp-content\/uploads\/factory-11.webp\"\/><\/p>\n<h3>CNC-tarkkuuskoneistus ty\u00f6paja<\/h3>\n<p><img decoding=\"async\" src=\"\/wp-content\/uploads\/factory-11.5.webp\"\/><\/p>\n<h3>Valmiiden tuotteiden ja vientivarasto<\/h3>\n<p><img decoding=\"async\" src=\"\/wp-content\/uploads\/factory-12.webp\"\/><\/p>\n<p><img decoding=\"async\" src=\"\/wp-content\/uploads\/factory-13.webp\"\/><\/p>\n<p><img decoding=\"async\" src=\"\/wp-content\/uploads\/factory-14.webp\"\/><\/p>\n<h2>FAQ<\/h2>\n<p><p><b>1.Mik\u00e4 on 80 x 80 Alumiinipursotus?<\/b><\/p>\n<p>Se on rakenteellinen alumiiniprofiili, jonka poikkileikkaus on 80 mm x 80 mm ja jota k\u00e4ytet\u00e4\u00e4n yleisesti teollisuuden kehys- ja automaatioj\u00e4rjestelmiss\u00e4.<br \/>\n<\/p><br \/>\n<br \/>\n<p><b>2.Miksi valita 80 x 80 alumiiniprofiili?<\/b><\/p>\n<p>T\u00e4m\u00e4 koko tarjoaa erinomaisen lujuuden ja j\u00e4ykkyyden, joten se sopii erinomaisesti raskaisiin sovelluksiin, kuten koneiden alustoihin ja teollisuuskoteloihin.<br \/>\n<\/p><br \/>\n<br \/>\n<p><b>3.Mit\u00e4 materiaalia k\u00e4ytet\u00e4\u00e4n 80 x 80 -alumiiniprofiileissa?<\/b><\/p>\n<p>Ne valmistetaan yleens\u00e4 korkealaatuisista alumiiniseoksista, kuten 6063-T5 tai 6061-T6, jotka tunnetaan lujuudestaan, korroosionkest\u00e4vyydest\u00e4\u00e4n ja ty\u00f6stett\u00e4vyydest\u00e4\u00e4n.<br \/>\n<\/p><br \/>\n<br \/>\n<p><b>4.Ovatko 80 x 80 -alumiiniprofiilit yhteensopivia T-uraisten lis\u00e4varusteiden kanssa?<\/b><\/p>\n<p>Kyll\u00e4, profiilissa on vakiomuotoiset T-urat, jotka mahdollistavat helpon yhdist\u00e4misen liittimiin, kiinnikkeisiin ja paneeleihin.<br \/>\n<\/p><br \/>\n<br \/>\n<p><b>5.Voiko 80 x 80-profiilia leikata ja r\u00e4\u00e4t\u00e4l\u00f6id\u00e4?<\/b><\/p>\n<p>Puristekappale voidaan ehdottomasti leikata pituuteen ja koneistaa rei\u00e4t, kierteet tai urat projektin erityisvaatimusten mukaisesti.<br \/>\n<\/p><br \/>\n<br \/>\n<p><b>6.Onko 80 x 80 alumiiniprofiili sopiva ulkok\u00e4ytt\u00f6\u00f6n?<\/b><\/p>\n<p>Kyll\u00e4, alumiinin korroosionkest\u00e4v\u00e4t ominaisuudet tekev\u00e4t siit\u00e4 sopivan sek\u00e4 sis\u00e4- ett\u00e4 ulkotiloissa k\u00e4ytett\u00e4viin teollisuusymp\u00e4rist\u00f6ihin.<br \/>\n<\/p><br \/>\n<br \/>\n<p><b>7.Mitk\u00e4 sovellukset ovat ihanteellisia 80 x 80 alumiiniprofiileille?<\/b><\/p>\n<p>Yleisi\u00e4 k\u00e4ytt\u00f6kohteita ovat automaatiokehikot, CNC-konerakenteet, kuljettimet, ty\u00f6pisteet ja r\u00e4\u00e4t\u00e4l\u00f6idyt modulaariset j\u00e4rjestelm\u00e4t.<br \/>\n<\/p><br \/><\/p>","protected":false},"featured_media":7825,"template":"","categories":[67],"class_list":["post-7827","product","type-product","status-publish","has-post-thumbnail","hentry","category-architectural-aluminium-profile"],"meta_box":{"hilight_text_group":{"product_hilight_text":"<li>Robust 80x80mm profile provides high load-bearing capacity for industrial applications<\/li>\r\r\n<li>T-slot design allows for flexible and modular assembly<\/li>\r\r\n<li>Made from high-strength, corrosion-resistant aluminum alloy<\/li>\r\r\n<li>Precision extruded for excellent dimensional accuracy<\/li>\r\r\n<li>Compatible with a wide range of accessories and connectors<\/li>\r\r\n<li>Ideal for machine frames, workstations, enclosures, and automation systems<\/li>","product_chanpin_blog":"<ul>\r\r\n<li><a href=\"https:\/\/sinoextrud.com\/t-slot-v-slot-differences\/\" target=\"_blank\">t slot vs v slot<\/a><\/li>\r\r\n<li><a href=\"https:\/\/sinoextrud.com\/what-is-4040-aluminium-extrud\/\" target=\"_blank\">4040 aluminium extrusion<\/a><\/li>\r\r\n<li><a href=\"https:\/\/sinoextrud.com\/what-is-4040-aluminium-extrud\/\" target=\"_blank\">aluminum extrusions for industrial racks<\/a><\/li>\r\r\n<li><a href=\"https:\/\/sinoextrud.com\/powder-coating-aluminium-process\/\" target=\"_blank\">powder coating aluminium<\/a><\/li>\r\r\n<li><a href=\"https:\/\/sinoextrud.com\/what-is-an-aluminium-strip-ceiling\/\" target=\"_blank\">aluminium strip ceiling<\/a><\/li>\r\r\n<li><a href=\"https:\/\/sinoextrud.com\/what-is-a-heat-sink\/\" target=\"_blank\">what is a heat sink<\/a><\/li>\r\r\n<\/ul>","product_chanpin_chanpin":"<li><a href=\"https:\/\/sinoextrud.com\/product\/large-custom-aluminum-extrusions\/\" target=\"_blank\">Large Custom Aluminum Extrusions<\/a><\/li>\r\n<li><a href=\"https:\/\/sinoextrud.com\/product\/double-angle-aluminum-extrusion\/\" target=\"_blank\">Double Angle Aluminum Extrusion<\/a><\/li>\r\n<li><a href=\"https:\/\/sinoextrud.com\/product\/sructrual-aluminum-extrusion-profiles-ceiling-drop-ceiling\/\" target=\"_blank\">Sructrual Aluminum Extrusion Profiles Ceiling Drop Ceiling<\/a><\/li>\r\n<li><a href=\"https:\/\/sinoextrud.com\/product\/l-shaped-aluminium-profile\/\" target=\"_blank\">L Shaped Aluminium Profile<\/a><\/li>\r\n<li><a href=\"https:\/\/sinoextrud.com\/product\/80-x-80-aluminum-extrusion\/\" target=\"_blank\">80 X 80 Aluminum Extrusion<\/a><\/li>\r\n<li><a href=\"https:\/\/sinoextrud.com\/product\/aluminum-profile-price-of-aluminium-partition-wall-studs-aluminum-manufacturer\/\" target=\"_blank\">aluminum profile price of aluminium partition wall studs aluminum manufacturer<\/a><\/li>\r\n<li><a href=\"https:\/\/sinoextrud.com\/product\/extrusions-aluminum-structural-framing-kitchen-cabinet-doors-oem-anodized-champagne-selling-in-pakistan\/\" target=\"_blank\">extrusions aluminum structural framing kitchen cabinet doors OEM Anodized champagne selling in pakistan<\/a><\/li>\r\n<li><a href=\"https:\/\/sinoextrud.com\/product\/aluminum-door-jamb-extrusion\/\" target=\"_blank\">Aluminum Door Jamb Extrusion<\/a><\/li>\r\n<li><a href=\"https:\/\/sinoextrud.com\/product\/sandblasted-aluminum-finish-profile\/\" target=\"_blank\">Sandblasted Aluminum Finish Profile<\/a><\/li>\r\n<li><a href=\"https:\/\/sinoextrud.com\/product\/glass-balcony-railing-aluminum-u-channel-design\/\" target=\"_blank\">Glass Balcony Railing Aluminum U Channel Design<\/a><\/li>\r\n<li><a href=\"https:\/\/sinoextrud.com\/product\/aluminum-rectangular-extrusion\/\" target=\"_blank\">Aluminum Rectangular Extrusion<\/a><\/li>"},"feature_list":[]},"_links":{"self":[{"href":"https:\/\/sinoextrud.com\/fi\/wp-json\/wp\/v2\/product\/7827","targetHints":{"allow":["GET"]}}],"collection":[{"href":"https:\/\/sinoextrud.com\/fi\/wp-json\/wp\/v2\/product"}],"about":[{"href":"https:\/\/sinoextrud.com\/fi\/wp-json\/wp\/v2\/types\/product"}],"wp:featuredmedia":[{"embeddable":true,"href":"https:\/\/sinoextrud.com\/fi\/wp-json\/wp\/v2\/media\/7825"}],"wp:attachment":[{"href":"https:\/\/sinoextrud.com\/fi\/wp-json\/wp\/v2\/media?parent=7827"}],"wp:term":[{"taxonomy":"category","embeddable":true,"href":"https:\/\/sinoextrud.com\/fi\/wp-json\/wp\/v2\/categories?post=7827"}],"curies":[{"name":"wp","href":"https:\/\/api.w.org\/{rel}","templated":true}]}}