{"id":7794,"date":"2025-06-10T07:46:10","date_gmt":"2025-06-10T07:46:10","guid":{"rendered":"https:\/\/sinoextrud.com\/product\/large-custom-aluminum-extrusions\/"},"modified":"2025-06-24T06:13:42","modified_gmt":"2025-06-24T06:13:42","slug":"suuret-mukautetut-alumiiniprofiilit","status":"publish","type":"product","link":"https:\/\/sinoextrud.com\/fi\/product\/large-custom-aluminum-extrusions\/","title":{"rendered":"Suuret mukautetut alumiiniprofiilit"},"content":{"rendered":"<h2>Tuotteiden tiedot<\/h2>\n<table class=\"custom-table\">\n<tbody>\n<tr>\n<td> <\/td>\n<td>Suuret mukautetut alumiiniprofiilit<\/td>\n<\/tr>\n<tr>\n<td>Materiaali<\/td>\n<td>6063,6061,6463,6005,6082 jne.<\/td>\n<\/tr>\n<tr>\n<td>Muoto<\/td>\n<td>Neli\u00f6, py\u00f6re\u00e4, kolmio, kuusikulmio ja muut r\u00e4\u00e4t\u00e4l\u00f6idyt muodot<\/td>\n<\/tr>\n<tr>\n<td>Koko<\/td>\n<td>Asiakkaan pyynn\u00f6st\u00e4<\/td>\n<\/tr>\n<tr>\n<td>Pituus<\/td>\n<td>Vakio 1-9M, muut pituudet saatavilla.<\/td>\n<\/tr>\n<tr>\n<td>Tyypilliset sovellukset<\/td>\n<td>Verhosein\u00e4, lasisein\u00e4, toimisto-osa, teollisuus, koristelu jne.<\/td>\n<\/tr>\n<tr>\n<td>Laatustandardi<\/td>\n<td>Korkea laatu<\/td>\n<\/tr>\n<tr>\n<td>Merkki<\/td>\n<td>Sinoextrud, Sinoextrud tai OEM-tavaramerkki.<\/td>\n<\/tr>\n<tr>\n<td>Lis\u00e4\u00e4 prosessia<\/td>\n<td>CNC-jyrsint\u00e4, poraus, l\u00e4vistys, poraus, napauttaminen, taivutus<\/td>\n<\/tr>\n<tr>\n<td>Pintak\u00e4sittely<\/td>\n<td>Mill viimeistelty, anodisoitu, jauhemaalattu, puun jyv\u00e4 jne.<\/td>\n<\/tr>\n<tr>\n<td>Todistukset<\/td>\n<td>ISO9001, ISO4001, CQM, SGS, CE, BV jne.<\/td>\n<\/tr>\n<tr>\n<td>Alkuper\u00e4paikka<\/td>\n<td>Guangdong,Kiina<\/td>\n<\/tr>\n<\/tbody>\n<\/table>\n<h2>Tuotantopohjamme<\/h2>\n<h3>Tehtaan panoraama<\/h3>\n<p><img decoding=\"async\" src=\"\/wp-content\/uploads\/factory-01.webp\"\/><\/p>\n<h3>Alumiini Bar Manufacturing Workshop<\/h3>\n<p><img decoding=\"async\" src=\"\/wp-content\/uploads\/factory-02.webp\"\/><\/p>\n<p><img decoding=\"async\" src=\"\/wp-content\/uploads\/factory-03.webp\"\/><\/p>\n<h3>Muotin varastointi Varasto<\/h3>\n<p><img decoding=\"async\" src=\"\/wp-content\/uploads\/factory-04.webp\"\/><\/p>\n<h3>43 Alumiini ekstruusiolinjat (500\u00e2 5500 tonnia)<\/h3>\n<p><img decoding=\"async\" src=\"\/wp-content\/uploads\/factory-05.webp\"\/><\/p>\n<p><img decoding=\"async\" src=\"\/wp-content\/uploads\/factory-06.webp\"\/><\/p>\n<p><img decoding=\"async\" src=\"\/wp-content\/uploads\/factory-07.webp\"\/><\/p>\n<h3>Jauhemaalaus ty\u00f6paja<\/h3>\n<p><img decoding=\"async\" src=\"\/wp-content\/uploads\/factory-09.webp\"\/><\/p>\n<h3>Anodisointi ty\u00f6paja<\/h3>\n<p><img decoding=\"async\" src=\"\/wp-content\/uploads\/factory-10.webp\"\/><\/p>\n<h3>Syv\u00e4k\u00e4sittelyn ty\u00f6paja<\/h3>\n<p><img decoding=\"async\" src=\"\/wp-content\/uploads\/factory-11.webp\"\/><\/p>\n<h3>CNC-tarkkuuskoneistus ty\u00f6paja<\/h3>\n<p><img decoding=\"async\" src=\"\/wp-content\/uploads\/factory-11.5.webp\"\/><\/p>\n<h3>Valmiiden tuotteiden ja vientivarasto<\/h3>\n<p><img decoding=\"async\" src=\"\/wp-content\/uploads\/factory-12.webp\"\/><\/p>\n<p><img decoding=\"async\" src=\"\/wp-content\/uploads\/factory-13.webp\"\/><\/p>\n<p><img decoding=\"async\" src=\"\/wp-content\/uploads\/factory-14.webp\"\/><\/p>\n<h2>FAQ<\/h2>\n<p><p><b>1.Mit\u00e4 ovat suuret mukautetut alumiiniprofiilit?<\/b><\/p>\n<p>Suuret mukautetut alumiiniprofiilit ovat erityisesti suunniteltuja alumiiniprofiileja, joita valmistetaan suurissa kooissa ja mukautetuissa muodoissa erityisiin teollisuussovelluksiin.<br \/>\n<\/p><br \/>\n<br \/>\n<p><b>2.What toimialat k\u00e4ytt\u00e4v\u00e4t yleisesti suuria mukautettuja alumiiniprofiileja?<\/b><\/p>\n<p>Teollisuudenaloilla, kuten autoteollisuudessa, ilmailu- ja avaruusalalla, rakentamisessa ja kuljetusalalla, k\u00e4ytet\u00e4\u00e4n suuria mukautettuja alumiiniprofiileja niiden lujuuden, keveyden ja muokattavuuden vuoksi.<br \/>\n<\/p><br \/>\n<br \/>\n<p><b>3.Mitk\u00e4 ovat suurten mukautettujen alumiiniprofiilien t\u00e4rkeimm\u00e4t edut?<\/b><\/p>\n<p>T\u00e4rkeimpi\u00e4 etuja ovat suunnittelun joustavuus, korkea lujuus-painosuhde, korroosionkest\u00e4vyys ja soveltuvuus suuriin rakenteisiin.<br \/>\n<\/p><br \/>\n<br \/>\n<p><b>4.Can te valmistatte alumiiniprofiileja monimutkaisissa mukautetuissa muodoissa?<\/b><\/p>\n<p>Kyll\u00e4, olemme erikoistuneet luomaan suuria mukautettuja alumiiniprofiileja, joilla on monimutkaiset geometriat suunnitteluvaatimuksiesi mukaisesti.<br \/>\n<\/p><br \/>\n<br \/>\n<p><b>5.Ovatko suuret mukautetut alumiiniprofiilit kustannustehokkaita suuren volyymin tuotantoa varten?<\/b><\/p>\n<p>Kyll\u00e4, ne soveltuvat erinomaisesti suuriin sarjoihin, koska niiss\u00e4 on v\u00e4hemm\u00e4n materiaalihukkaa ja tehokkaat tuotantoprosessit.<br \/>\n<\/p><br \/><\/p>","protected":false},"featured_media":7793,"template":"","categories":[67],"class_list":["post-7794","product","type-product","status-publish","has-post-thumbnail","hentry","category-architectural-aluminium-profile"],"meta_box":{"hilight_text_group":{"product_hilight_text":"<li>High precision tolerance ensures compatibility with complex designs<\/li>\r\r\n<li>Customized profiles tailored to specific industrial requirements<\/li>\r\r\n<li>Lightweight yet strong for structural applications<\/li>\r\r\n<li>Excellent corrosion resistance for long-lasting performance<\/li>\r\r\n<li>Large extrusion capacity supports oversized and heavy-duty projects<\/li>","product_chanpin_blog":"<ul>\r\r\n<li><a href=\"https:\/\/sinoextrud.com\/t-slot-v-slot-differences\/\" target=\"_blank\">t slot vs v slot<\/a><\/li>\r\r\n<li><a href=\"https:\/\/sinoextrud.com\/what-is-4040-aluminium-extrud\/\" target=\"_blank\">4040 aluminium extrusion<\/a><\/li>\r\r\n<li><a href=\"https:\/\/sinoextrud.com\/what-is-4040-aluminium-extrud\/\" target=\"_blank\">aluminum extrusions for industrial racks<\/a><\/li>\r\r\n<li><a href=\"https:\/\/sinoextrud.com\/powder-coating-aluminium-process\/\" target=\"_blank\">powder coating aluminium<\/a><\/li>\r\r\n<li><a href=\"https:\/\/sinoextrud.com\/what-is-an-aluminium-strip-ceiling\/\" target=\"_blank\">aluminium strip ceiling<\/a><\/li>\r\r\n<li><a href=\"https:\/\/sinoextrud.com\/what-is-a-heat-sink\/\" target=\"_blank\">what is a heat sink<\/a><\/li>\r\r\n<\/ul>","product_chanpin_chanpin":"<li><a href=\"https:\/\/sinoextrud.com\/product\/aluminum-outdoor-louver\/\" target=\"_blank\">Aluminum Outdoor Louver<\/a><\/li>\r\n<li><a href=\"https:\/\/sinoextrud.com\/product\/aluminium-extrusion-profile\/\" target=\"_blank\">Aluminium Extrusion Profile<\/a><\/li>\r\n<li><a href=\"https:\/\/sinoextrud.com\/product\/extruded-aluminium-electronics-enclosures\/\" target=\"_blank\">Extruded aluminium electronics enclosures<\/a><\/li>\r\n<li><a href=\"https:\/\/sinoextrud.com\/product\/aluminum-curtain-wall-powder-coating-properties-prices-competitive-extrusion-uses-in-construction\/\" target=\"_blank\">aluminum curtain wall Powder Coating properties prices competitive Extrusion uses in construction<\/a><\/li>\r\n<li><a href=\"https:\/\/sinoextrud.com\/product\/large-custom-aluminum-extrusions\/\" target=\"_blank\">Large Custom Aluminum Extrusions<\/a><\/li>\r\n<li><a href=\"https:\/\/sinoextrud.com\/product\/double-angle-aluminum-extrusion\/\" target=\"_blank\">Double Angle Aluminum Extrusion<\/a><\/li>\r\n<li><a href=\"https:\/\/sinoextrud.com\/product\/sructrual-aluminum-extrusion-profiles-ceiling-drop-ceiling\/\" target=\"_blank\">Sructrual Aluminum Extrusion Profiles Ceiling Drop Ceiling<\/a><\/li>\r\n<li><a href=\"https:\/\/sinoextrud.com\/product\/l-shaped-aluminium-profile\/\" target=\"_blank\">L Shaped Aluminium Profile<\/a><\/li>\r\n<li><a href=\"https:\/\/sinoextrud.com\/product\/80-x-80-aluminum-extrusion\/\" target=\"_blank\">80 X 80 Aluminum Extrusion<\/a><\/li>\r\n<li><a href=\"https:\/\/sinoextrud.com\/product\/china-high-quality-polishing-shower-enclosure-aluminum-extrusion-profile\/\" target=\"_blank\">China High-quality Polishing Shower Enclosure Aluminum Extrusion Profile<\/a><\/li>\r\n<li><a href=\"https:\/\/sinoextrud.com\/product\/powder-coating-aluminum-window-profile\/\" target=\"_blank\">Powder Coating Aluminum Window Profile<\/a><\/li>"},"feature_list":[]},"_links":{"self":[{"href":"https:\/\/sinoextrud.com\/fi\/wp-json\/wp\/v2\/product\/7794","targetHints":{"allow":["GET"]}}],"collection":[{"href":"https:\/\/sinoextrud.com\/fi\/wp-json\/wp\/v2\/product"}],"about":[{"href":"https:\/\/sinoextrud.com\/fi\/wp-json\/wp\/v2\/types\/product"}],"wp:featuredmedia":[{"embeddable":true,"href":"https:\/\/sinoextrud.com\/fi\/wp-json\/wp\/v2\/media\/7793"}],"wp:attachment":[{"href":"https:\/\/sinoextrud.com\/fi\/wp-json\/wp\/v2\/media?parent=7794"}],"wp:term":[{"taxonomy":"category","embeddable":true,"href":"https:\/\/sinoextrud.com\/fi\/wp-json\/wp\/v2\/categories?post=7794"}],"curies":[{"name":"wp","href":"https:\/\/api.w.org\/{rel}","templated":true}]}}