{"id":7792,"date":"2025-06-10T07:34:57","date_gmt":"2025-06-10T07:34:57","guid":{"rendered":"https:\/\/sinoextrud.com\/product\/aluminum-curtain-wall-powder-coating-properties-prices-competitive-extrusion-uses-in-construction\/"},"modified":"2025-06-24T06:13:42","modified_gmt":"2025-06-24T06:13:42","slug":"alumiini-verho-seina-jauhemaalaus-ominaisuudet-hinnat-kilpailukykyinen-puristamiseen-kayttaa-rakentamisessa","status":"publish","type":"product","link":"https:\/\/sinoextrud.com\/fi\/product\/aluminum-curtain-wall-powder-coating-properties-prices-competitive-extrusion-uses-in-construction\/","title":{"rendered":"alumiini verhosein\u00e4 jauhemaalaus ominaisuudet hinnat kilpailukykyinen puristaminen k\u00e4ytt\u00e4\u00e4 rakentamisessa"},"content":{"rendered":"<h2>Tuotteiden tiedot<\/h2>\n<table class=\"custom-table\">\n<tr>\n<td class=\"label\">\nMalli NO.:<\/td>\n<td> Alumiini verhosein\u00e4 jauhemaalaus ominaisuudet hinnat kilpailukykyinen Puristaminen k\u00e4ytt\u00e4\u00e4 rakentamisessa<\/td>\n<\/tr>\n<tr>\n<td class=\"label\">Muoto:<\/td>\n<td> alumiininen verhosein\u00e4<\/td>\n<\/tr>\n<tr>\n<td class=\"label\">Temperamentti:<\/td>\n<td> T3-T8<\/td>\n<\/tr>\n<tr>\n<td class=\"label\">Seos:<\/td>\n<td> Metalliseos<\/td>\n<\/tr>\n<tr>\n<td class=\"label\">Seosaine:<\/td>\n<td> 6063<\/td>\n<\/tr>\n<tr>\n<td class=\"label\">Takuu:<\/td>\n<td> 15-20 vuoden v\u00e4ritakuu<\/td>\n<\/tr>\n<tr>\n<td class=\"label\">Keskity:<\/td>\n<td> Arkkitehtuuri, Kodinkoneet<\/td>\n<\/tr>\n<tr>\n<td class=\"label\">Koko:<\/td>\n<td> as Per r\u00e4\u00e4t\u00e4l\u00f6ity<\/td>\n<\/tr>\n<tr>\n<td class=\"label\">Materiaali:<\/td>\n<td> 6063\/6061\/6005\/6060 T5\/T6<\/td>\n<\/tr>\n<tr>\n<td class=\"label\">Tuotetyyppi:<\/td>\n<td> Teollisuus Alumiini suulakepuristukset profiili<\/td>\n<\/tr>\n<tr>\n<td class=\"label\">Kuljetuspaketti:<\/td>\n<td> Muovikalvo ja voimapaperi<\/td>\n<\/tr>\n<tr>\n<td class=\"label\">Alkuper\u00e4:<\/td>\n<td> Foshan, Guangdong.<\/td>\n<\/tr>\n<tr>\n<td class=\"label\">Tyyppi:<\/td>\n<td> Ikkuna- ja oviprofiili, alumiiniprofiili, alumiiniprofiili, alumiiniprofiili, alumiiniprofiili, alumiiniprofiili, alumiiniprofiili, alumiiniprofiili, alumiiniprofiili, alumiiniprofiili, alumiiniprofiili<\/td>\n<\/tr>\n<tr>\n<td class=\"label\">Luokka:<\/td>\n<td> 6000-sarja<\/td>\n<\/tr>\n<tr>\n<td class=\"label\">Sertifiointi:<\/td>\n<td> CE, SONCAP, ISO, CIQ, RoHS, TUV, TUV<\/td>\n<\/tr>\n<tr>\n<td class=\"label\">Hornors:<\/td>\n<td> Kiina Top 10 varma laatu toimittaja<\/td>\n<\/tr>\n<tr>\n<td class=\"label\">Todistus:<\/td>\n<td> ISO9001, Aama, DIN, GB<\/td>\n<\/tr>\n<tr>\n<td class=\"label\">Tavaramerkki:<\/td>\n<td> Sinoextrud, OEM<\/td>\n<\/tr>\n<tr>\n<td class=\"label\">Tekniset tiedot:<\/td>\n<td> Asiakkaiden pyynn\u00f6st\u00e4<\/td>\n<\/tr>\n<tr>\n<td class=\"label\">HS-koodi:<\/td>\n<td> 7604299000<\/td>\n<\/tr>\n<\/table>\n<h2>Tuotantopohjamme<\/h2>\n<h3>Tehtaan panoraama<\/h3>\n<p><img decoding=\"async\" src=\"\/wp-content\/uploads\/factory-01.webp\"\/><\/p>\n<h3>Alumiini Bar Manufacturing Workshop<\/h3>\n<p><img decoding=\"async\" src=\"\/wp-content\/uploads\/factory-02.webp\"\/><\/p>\n<\/p>\n<p><img decoding=\"async\" src=\"\/wp-content\/uploads\/factory-03.webp\"\/><\/p>\n<h3>Muotin varastointi Varasto<\/h3>\n<p><img decoding=\"async\" src=\"\/wp-content\/uploads\/factory-04.webp\"\/><\/p>\n<h3>43 Alumiini ekstruusiolinjat (500\u00e2 5500 tonnia)<\/h3>\n<p><img decoding=\"async\" src=\"\/wp-content\/uploads\/factory-05.webp\"\/><\/p>\n<p><img decoding=\"async\" src=\"\/wp-content\/uploads\/factory-06.webp\"\/><\/p>\n<p><img decoding=\"async\" src=\"\/wp-content\/uploads\/factory-07.webp\"\/><\/p>\n<h3>Jauhemaalaus ty\u00f6paja<\/h3>\n<p><img decoding=\"async\" src=\"\/wp-content\/uploads\/factory-09.webp\"\/><\/p>\n<h3>Anodisointi ty\u00f6paja<\/h3>\n<p><img decoding=\"async\" src=\"\/wp-content\/uploads\/factory-10.webp\"\/><\/p>\n<h3>Syv\u00e4k\u00e4sittelyn ty\u00f6paja<\/h3>\n<p><img decoding=\"async\" src=\"\/wp-content\/uploads\/factory-11.webp\"\/><\/p>\n<h3>CNC-tarkkuuskoneistus ty\u00f6paja<\/h3>\n<p><img decoding=\"async\" src=\"\/wp-content\/uploads\/factory-11.5.webp\"\/><\/p>\n<h3>Valmiiden tuotteiden ja vientivarasto<\/h3>\n<p><img decoding=\"async\" src=\"\/wp-content\/uploads\/factory-12.webp\"\/><\/p>\n<p><img decoding=\"async\" src=\"\/wp-content\/uploads\/factory-13.webp\"\/><\/p>\n<p><img decoding=\"async\" src=\"\/wp-content\/uploads\/factory-14.webp\"\/><\/p>\n<h2>FAQ<\/h2>\n<p><b>1.Mik\u00e4 on jauhemaalattu alumiininen verhosein\u00e4puristus?<\/b><\/p>\n<p>Se on alumiiniprofiili, joka on k\u00e4sitelty jauhemaalipinnoitteella ja joka on suunniteltu k\u00e4ytett\u00e4v\u00e4ksi verhosein\u00e4j\u00e4rjestelmiss\u00e4 liike- ja asuinrakennuksissa.\n<\/p>\n<p><\/p>\n<p><b>2.Miksi k\u00e4ytt\u00e4\u00e4 jauhemaalausta alumiinisille verhoseinille?<\/b><\/p>\n<p>Jauhemaalaus antaa sitke\u00e4n, pitk\u00e4ik\u00e4isen pinnan, joka kest\u00e4\u00e4 haalistumista, korroosiota ja s\u00e4\u00e4olosuhteiden aiheuttamia vaurioita, ja on ihanteellinen ulkok\u00e4ytt\u00f6\u00f6n.\n<\/p>\n<p><\/p>\n<p><b>3.Onko alumiinipursotus sopiva verhosein\u00e4rakentamiseen?<\/b><\/p>\n<p>Kyll\u00e4, suulakepuristettu alumiini tarjoaa erinomaisen lujuuden, mittatarkkuuden ja keveyden, joten se sopii erinomaisesti verhosein\u00e4rakenteisiin.\n<\/p>\n<p><\/p>\n<p><b>4.How jauhemaalattu alumiini verrattuna anodisoituihin pinnoitteisiin?<\/b><\/p>\n<p>Jauhemaalaus tarjoaa laajemman v\u00e4rivalikoiman ja paremman peitt\u00e4vyyden, kun taas anodisointi antaa kovemman, metallisen pinnan ja erinomaisen UV-kest\u00e4vyyden.\n<\/p>\n<p><\/p>\n<p><b>5.Ovatko jauhemaalatut alumiiniset verhosein\u00e4profiilit kustannustehokkaita?<\/b><\/p>\n<p>Kyll\u00e4, ne tarjoavat pitk\u00e4aikaista arvoa v\u00e4h\u00e4isell\u00e4 kunnossapidolla, ja valmistajat tarjoavat usein kilpailukykyisi\u00e4 hintoja irtotilauksille.\n<\/p>\n<p><\/p>\n<p><b>6.Voidaanko n\u00e4it\u00e4 profiileja r\u00e4\u00e4t\u00e4l\u00f6id\u00e4 arkkitehtuurihankkeita varten?<\/b><\/p>\n<p>Niiden kokoa, muotoa, paksuutta ja v\u00e4ri\u00e4 voidaan r\u00e4\u00e4t\u00e4l\u00f6id\u00e4 rakennuksen yksil\u00f6llisten suunnitteluvaatimusten mukaisesti.\n<\/p>\n<p><\/p>\n<p><b>7.Mitk\u00e4 ovat alumiinisten verhosein\u00e4profiilien yleiset k\u00e4ytt\u00f6tarkoitukset rakentamisessa?<\/b><\/p>\n<p>Niit\u00e4 k\u00e4ytet\u00e4\u00e4n korkeissa julkisivuissa, kaupallisten rakennusten kuorissa, myym\u00e4l\u00f6iden julkisivuj\u00e4rjestelmiss\u00e4 ja nykyaikaisissa arkkitehtonisissa verhoiluissa.\n<\/p>\n<p><\/p>","protected":false},"featured_media":7791,"template":"","categories":[67],"class_list":["post-7792","product","type-product","status-publish","has-post-thumbnail","hentry","category-architectural-aluminium-profile"],"meta_box":{"hilight_text_group":{"product_hilight_text":"<li>Durable powder coated surface enhances weather and UV resistance<\/li>\r\r\n<li>High-strength aluminum extrusion ideal for structural curtain wall use<\/li>\r\r\n<li>Lightweight material reduces construction load and simplifies installation<\/li>\r\r\n<li>Competitive factory-direct pricing for large-scale construction projects<\/li>\r\r\n<li>Available in a wide range of colors and finishes for architectural flexibility<\/li>\r\r\n<li>Corrosion-resistant and low-maintenance for long-term fa?ade performance<\/li>","product_chanpin_blog":"<ul>\r\r\n<li><a href=\"https:\/\/sinoextrud.com\/t-slot-v-slot-differences\/\" target=\"_blank\">t slot vs v slot<\/a><\/li>\r\r\n<li><a href=\"https:\/\/sinoextrud.com\/what-is-4040-aluminium-extrud\/\" target=\"_blank\">4040 aluminium extrusion<\/a><\/li>\r\r\n<li><a href=\"https:\/\/sinoextrud.com\/what-is-4040-aluminium-extrud\/\" target=\"_blank\">aluminum extrusions for industrial racks<\/a><\/li>\r\r\n<li><a href=\"https:\/\/sinoextrud.com\/powder-coating-aluminium-process\/\" target=\"_blank\">powder coating aluminium<\/a><\/li>\r\r\n<li><a href=\"https:\/\/sinoextrud.com\/what-is-an-aluminium-strip-ceiling\/\" target=\"_blank\">aluminium strip ceiling<\/a><\/li>\r\r\n<li><a href=\"https:\/\/sinoextrud.com\/what-is-a-heat-sink\/\" target=\"_blank\">what is a heat sink<\/a><\/li>\r\r\n<\/ul>","product_chanpin_chanpin":"<li><a href=\"https:\/\/sinoextrud.com\/product\/window-extrusion-profiles\/\" target=\"_blank\">Window Extrusion Profiles<\/a><\/li>\r\n<li><a href=\"https:\/\/sinoextrud.com\/product\/aluminum-outdoor-louver\/\" target=\"_blank\">Aluminum Outdoor Louver<\/a><\/li>\r\n<li><a href=\"https:\/\/sinoextrud.com\/product\/aluminium-extrusion-profile\/\" target=\"_blank\">Aluminium Extrusion Profile<\/a><\/li>\r\n<li><a href=\"https:\/\/sinoextrud.com\/product\/extruded-aluminium-electronics-enclosures\/\" target=\"_blank\">Extruded aluminium electronics enclosures<\/a><\/li>\r\n<li><a href=\"https:\/\/sinoextrud.com\/product\/aluminum-curtain-wall-powder-coating-properties-prices-competitive-extrusion-uses-in-construction\/\" target=\"_blank\">aluminum curtain wall Powder Coating properties prices competitive Extrusion uses in construction<\/a><\/li>\r\n<li><a href=\"https:\/\/sinoextrud.com\/product\/large-custom-aluminum-extrusions\/\" target=\"_blank\">Large Custom Aluminum Extrusions<\/a><\/li>\r\n<li><a href=\"https:\/\/sinoextrud.com\/product\/double-angle-aluminum-extrusion\/\" target=\"_blank\">Double Angle Aluminum Extrusion<\/a><\/li>\r\n<li><a href=\"https:\/\/sinoextrud.com\/product\/sructrual-aluminum-extrusion-profiles-ceiling-drop-ceiling\/\" target=\"_blank\">Sructrual Aluminum Extrusion Profiles Ceiling Drop Ceiling<\/a><\/li>\r\n<li><a href=\"https:\/\/sinoextrud.com\/product\/l-shaped-aluminium-profile\/\" target=\"_blank\">L Shaped Aluminium Profile<\/a><\/li>\r\n<li><a href=\"https:\/\/sinoextrud.com\/product\/h-shaped-aluminum-extrusion\/\" target=\"_blank\">H Shaped Aluminum Extrusion<\/a><\/li>\r\n<li><a href=\"https:\/\/sinoextrud.com\/product\/wood-look-aluminum-soffit\/\" target=\"_blank\">Wood Look Aluminum Soffit<\/a><\/li>"},"feature_list":[]},"_links":{"self":[{"href":"https:\/\/sinoextrud.com\/fi\/wp-json\/wp\/v2\/product\/7792","targetHints":{"allow":["GET"]}}],"collection":[{"href":"https:\/\/sinoextrud.com\/fi\/wp-json\/wp\/v2\/product"}],"about":[{"href":"https:\/\/sinoextrud.com\/fi\/wp-json\/wp\/v2\/types\/product"}],"wp:featuredmedia":[{"embeddable":true,"href":"https:\/\/sinoextrud.com\/fi\/wp-json\/wp\/v2\/media\/7791"}],"wp:attachment":[{"href":"https:\/\/sinoextrud.com\/fi\/wp-json\/wp\/v2\/media?parent=7792"}],"wp:term":[{"taxonomy":"category","embeddable":true,"href":"https:\/\/sinoextrud.com\/fi\/wp-json\/wp\/v2\/categories?post=7792"}],"curies":[{"name":"wp","href":"https:\/\/api.w.org\/{rel}","templated":true}]}}