{"id":7777,"date":"2025-06-10T07:10:47","date_gmt":"2025-06-10T07:10:47","guid":{"rendered":"https:\/\/sinoextrud.com\/product\/aluminum-profile-slider-for-window-curtain\/"},"modified":"2025-06-24T06:13:40","modified_gmt":"2025-06-24T06:13:40","slug":"alumiiniprofiili-liukusaadin-ikkunaverhoa-varten","status":"publish","type":"product","link":"https:\/\/sinoextrud.com\/fi\/product\/aluminum-profile-slider-for-window-curtain\/","title":{"rendered":"Alumiiniprofiili liukus\u00e4\u00e4din ikkunan verho"},"content":{"rendered":"<h2>Tuotteiden tiedot<\/h2>\n<table class=\"custom-table\">\n<tbody>\n<tr>\n<td> Tuotteen nimi<\/td>\n<td> Alumiiniprofiili liukus\u00e4\u00e4dint\u00e4 ikkunaverho<\/td>\n<\/tr>\n<tr>\n<td> Materiaaliseos<\/td>\n<td> 6063-T5\uff0c6061-T5, tai r\u00e4\u00e4t\u00e4l\u00f6inti<\/td>\n<\/tr>\n<tr>\n<td> Koko<\/td>\n<td> 1-9m, tai r\u00e4\u00e4t\u00e4l\u00f6inti<\/td>\n<\/tr>\n<tr>\n<td> Pintak\u00e4sittely<\/td>\n<td> Jauhemaalaus tai r\u00e4\u00e4t\u00e4l\u00f6inti<\/td>\n<\/tr>\n<tr>\n<td> V\u00e4ri<\/td>\n<td> valkoinen, tai r\u00e4\u00e4t\u00e4l\u00f6inti<\/td>\n<\/tr>\n<tr>\n<td> Hakemus<\/td>\n<td> Liukuovi ja -ikkuna, ikkunaverho, ikkunan liukukisko, suihkuoven liukukisko jne.<\/td>\n<\/tr>\n<tr>\n<td> Merkki<\/td>\n<td> Sinoextrud \/ Sinoextrud \/ Sinoextrud Aluminium<\/td>\n<\/tr>\n<tr>\n<td> Yritystyyppi<\/td>\n<td> Tehdas<\/td>\n<\/tr>\n<tr>\n<td> Tuote<\/td>\n<td> Alumiiniprofiili liukus\u00e4\u00e4din ikkunan verho<\/td>\n<\/tr>\n<tr>\n<td> Materiaaliluokka<\/td>\n<td> 6061, 6063, 6005A, 6005, 6082, 6463<\/td>\n<\/tr>\n<tr>\n<td> Standardi<\/td>\n<td> GB 5237-2008, ASTM B221, EN755-9, EN12020, JIS jne.<\/td>\n<\/tr>\n<tr>\n<td> Pintak\u00e4sittely<\/td>\n<td> Mill viimeistely, anodisointi, puujyv\u00e4pinnoite, jauhemaalaus, elektroforeesi, PVDF, hiekkapuhallus, kiillotus jne.<\/td>\n<\/tr>\n<tr>\n<td> Lis\u00e4prosessi<\/td>\n<td> Poraus, taivutus, hitsaus, tarkka leikkaus, l\u00e4vistys, valmiiden tuotteiden valmistus jne.<\/td>\n<\/tr>\n<tr>\n<td> Muotit \/ muotit<\/td>\n<td> Muottien valmistaminen asiakkaiden piirustusten mukaisesti. Muotin maksu maksetaan takaisin, kun toimitettujen tavaroiden m\u00e4\u00e4r\u00e4 saavuttaa vaatimuksen 1 vuoden kuluessa.<\/td>\n<\/tr>\n<tr>\n<td> MOQ<\/td>\n<td> 200KG kutakin tuotetta \/ v\u00e4ri\u00e4 kohti<\/td>\n<\/tr>\n<tr>\n<td> Pakkaus<\/td>\n<td> Sis\u00e4ll\u00e4 suojakalvolla tai muovisella kutistumalla tai helmi\u00e4isvillalla, ulkopuolella lautapaperilla tai laatikolla tai puukehyksell\u00e4 jne. tai r\u00e4\u00e4t\u00e4l\u00f6inti\u00e4<\/td>\n<\/tr>\n<tr>\n<td> Toimitusaika<\/td>\n<td> Uuden muotin valmistus: 10-15 p\u00e4iv\u00e4\u00e4. Massatuotanto: 25-30 p\u00e4iv\u00e4\u00e4.<\/td>\n<\/tr>\n<\/tbody>\n<\/table>\n<h2>Tuotantopohjamme<\/h2>\n<h3>Tehtaan panoraama<\/h3>\n<p><img decoding=\"async\" src=\"\/wp-content\/uploads\/factory-01.webp\"\/><\/p>\n<h3>Alumiini Bar Manufacturing Workshop<\/h3>\n<p><img decoding=\"async\" src=\"\/wp-content\/uploads\/factory-02.webp\"\/><\/p>\n<p><img decoding=\"async\" src=\"\/wp-content\/uploads\/factory-03.webp\"\/><\/p>\n<h3>Muotin varastointi Varasto<\/h3>\n<p><img decoding=\"async\" src=\"\/wp-content\/uploads\/factory-04.webp\"\/><\/p>\n<h3>43 alumiinin ekstruusiolinjat (500-5500 tonnia)<\/h3>\n<p><img decoding=\"async\" src=\"\/wp-content\/uploads\/factory-05.webp\"\/><\/p>\n<p><img decoding=\"async\" src=\"\/wp-content\/uploads\/factory-06.webp\"\/><\/p>\n<p><img decoding=\"async\" src=\"\/wp-content\/uploads\/factory-07.webp\"\/><\/p>\n<h3>Jauhemaalaus ty\u00f6paja<\/h3>\n<p><img decoding=\"async\" src=\"\/wp-content\/uploads\/factory-09.webp\"\/><\/p>\n<h3>Anodisointi ty\u00f6paja<\/h3>\n<p><img decoding=\"async\" src=\"\/wp-content\/uploads\/factory-10.webp\"\/><\/p>\n<h3>Syv\u00e4k\u00e4sittelyn ty\u00f6paja<\/h3>\n<p><img decoding=\"async\" src=\"\/wp-content\/uploads\/factory-11.webp\"\/><\/p>\n<h3>CNC-tarkkuuskoneistus ty\u00f6paja<\/h3>\n<p><img decoding=\"async\" src=\"\/wp-content\/uploads\/factory-11.5.webp\"\/><\/p>\n<h3>Valmiiden tuotteiden ja vientivarasto<\/h3>\n<p><img decoding=\"async\" src=\"\/wp-content\/uploads\/factory-12.webp\"\/><\/p>\n<p><img decoding=\"async\" src=\"\/wp-content\/uploads\/factory-13.webp\"\/><\/p>\n<p><img decoding=\"async\" src=\"\/wp-content\/uploads\/factory-14.webp\"\/><\/p>\n<h2>FAQ<\/h2>\n<p><p><b>1.Mik\u00e4 on alumiiniprofiilin liukus\u00e4\u00e4din ikkunaverholle? <\/b><\/p>\n<p> Se on suulakepuristettu alumiinikiskoj\u00e4rjestelm\u00e4, joka on suunniteltu siten, ett\u00e4 verhot liukuvat sujuvasti asuin- tai kaupallisissa ikkunasovelluksissa.<br \/>\n<\/p><br \/>\n<br \/>\n<p><b>2.Miksi valita alumiini verhojen liukus\u00e4\u00e4timi\u00e4 varten? <\/b><\/p>\n<p> Alumiini on kevytt\u00e4, korroosionkest\u00e4v\u00e4\u00e4 ja vahvaa, mik\u00e4 takaa luotettavan suorituskyvyn ja minimaalisen huollon ajan my\u00f6t\u00e4.<br \/>\n<\/p><br \/>\n<br \/>\n<p><b>3.Can alumiiniprofiili voidaan r\u00e4\u00e4t\u00e4l\u00f6id\u00e4? <\/b><\/p>\n<p> Kyll\u00e4, se voidaan r\u00e4\u00e4t\u00e4l\u00f6id\u00e4 pituudeltaan, v\u00e4rilt\u00e4\u00e4n, aukkomuodoltaan ja kiinnitysvaihtoehdoiltaan sopivaksi tiettyihin verhoihin ja huoneasetuksiin.<br \/>\n<\/p><br \/>\n<br \/>\n<p><b>4.Onko t\u00e4m\u00e4 verhon liukus\u00e4\u00e4din helppo asentaa? <\/b><\/p>\n<p> Kevyt alumiiniprofiili on helppo leikata, kohdistaa ja asentaa kattoon tai sein\u00e4\u00e4n tavallisilla laitteilla.<br \/>\n<\/p><br \/>\n<br \/>\n<p><b>5.Mit\u00e4 pintak\u00e4sittelyj\u00e4 alumiiniseen liukus\u00e4\u00e4timeen on saatavana? <\/b><\/p>\n<p> Vaihtoehtoina ovat anodisoitu, mattamusta, valkoinen pulverimaalaus ja harjattu alumiini, jotka sopivat erilaisiin sisustustyyleihin.<br \/>\n<\/p><br \/>\n<br \/>\n<p><b>6.Onko se yhteensopiva kaikkien verhotyyppien kanssa? <\/b><\/p>\n<p> Kyll\u00e4, profiili on yhteensopiva useimpien verhokiskojen, liukukiskojen ja koukkujen kanssa kangas-, pimennysverhojen tai verhojen verhojen kanssa.<br \/>\n<\/p><br \/>\n<br \/>\n<p><b>7.Does se tukee tasaista ja hiljaista toimintaa? <\/b><\/p>\n<p> Kyll\u00e4, tarkasti puristettu kisko yhdistettyn\u00e4 laadukkaisiin juoksuputkiin takaa verhon tasaisen, hiljaisen ja vakaan liikkeen.<br \/>\n<\/p><br \/>\n<br \/>\n<p><b>8.Miss\u00e4 t\u00e4t\u00e4 tuotetta k\u00e4ytet\u00e4\u00e4n yleisesti? <\/b><\/p>\n<p> Se sopii erinomaisesti olohuoneisiin, toimistoihin, hotelleihin, sairaaloihin ja kaupallisiin tiloihin, joissa tarvitaan luotettavia ja tyylikk\u00e4it\u00e4 verhoj\u00e4rjestelmi\u00e4.<br \/>\n<\/p><br \/><\/p>","protected":false},"featured_media":7776,"template":"","categories":[67],"class_list":["post-7777","product","type-product","status-publish","has-post-thumbnail","hentry","category-architectural-aluminium-profile"],"meta_box":{"hilight_text_group":{"product_hilight_text":"<li>High-strength aluminum profile ensures smooth and stable curtain sliding.<\/li>\r\r\n<li>Lightweight design allows for easy installation and ceiling or wall mounting.<\/li>\r\r\n<li>Corrosion-resistant finish ideal for long-term indoor use.<\/li>\r\r\n<li>Compatible with various curtain hook and runner systems.<\/li>\r\r\n<li>Customizable lengths, finishes, and slot designs to fit different interiors.<\/li>\r\r\n<li>Modern, minimalist appearance suits residential and commercial environments.<\/li>","product_chanpin_blog":"<ul>\r\r\n<li><a href=\"https:\/\/sinoextrud.com\/t-slot-v-slot-differences\/\" target=\"_blank\">t slot vs v slot<\/a><\/li>\r\r\n<li><a href=\"https:\/\/sinoextrud.com\/what-is-4040-aluminium-extrud\/\" target=\"_blank\">4040 aluminium extrusion<\/a><\/li>\r\r\n<li><a href=\"https:\/\/sinoextrud.com\/what-is-4040-aluminium-extrud\/\" target=\"_blank\">aluminum extrusions for industrial racks<\/a><\/li>\r\r\n<li><a href=\"https:\/\/sinoextrud.com\/powder-coating-aluminium-process\/\" target=\"_blank\">powder coating aluminium<\/a><\/li>\r\r\n<li><a href=\"https:\/\/sinoextrud.com\/what-is-an-aluminium-strip-ceiling\/\" target=\"_blank\">aluminium strip ceiling<\/a><\/li>\r\r\n<li><a href=\"https:\/\/sinoextrud.com\/what-is-a-heat-sink\/\" target=\"_blank\">what is a heat sink<\/a><\/li>\r\r\n<\/ul>","product_chanpin_chanpin":"<li><a href=\"https:\/\/sinoextrud.com\/product\/aluminum-profile-for-glass-railings\/\" target=\"_blank\">Aluminum Profile For Glass Railings<\/a><\/li>\r\n<li><a href=\"https:\/\/sinoextrud.com\/product\/extruded-aluminum-slide\/\" target=\"_blank\">Extruded Aluminum Slide<\/a><\/li>\r\n<li><a href=\"https:\/\/sinoextrud.com\/product\/aluminum-profile-for-advertising-photo-frame\/\" target=\"_blank\">Aluminum Profile For Advertising Photo Frame<\/a><\/li>\r\n<li><a href=\"https:\/\/sinoextrud.com\/product\/aluminum-profile-for-curtain\/\" target=\"_blank\">Aluminum Profile for Curtain<\/a><\/li>\r\n<li><a href=\"https:\/\/sinoextrud.com\/product\/aluminum-profile-slider-for-window-curtain\/\" target=\"_blank\">Aluminum Profile Slider For Window Curtain<\/a><\/li>\r\n<li><a href=\"https:\/\/sinoextrud.com\/product\/aluminum-profile-wardrobe-hanging-rail\/\" target=\"_blank\">Aluminum Profile Wardrobe Hanging Rail<\/a><\/li>\r\n<li><a href=\"https:\/\/sinoextrud.com\/product\/anodizing-aluminium-alloy-wire-slot\/\" target=\"_blank\">Anodizing Aluminium Alloy Wire Slot<\/a><\/li>\r\n<li><a href=\"https:\/\/sinoextrud.com\/product\/window-extrusion-profiles\/\" target=\"_blank\">Window Extrusion Profiles<\/a><\/li>\r\n<li><a href=\"https:\/\/sinoextrud.com\/product\/aluminum-outdoor-louver\/\" target=\"_blank\">Aluminum Outdoor Louver<\/a><\/li>\r\n<li><a href=\"https:\/\/sinoextrud.com\/product\/china-industrial-extruded-aluminium-heatsink-profile\/\" target=\"_blank\">China Industrial Extruded Aluminium Heatsink Profile<\/a><\/li>\r\n<li><a href=\"https:\/\/sinoextrud.com\/product\/aluminum-light-box-extrusion\/\" target=\"_blank\">Aluminum Light Box Extrusion<\/a><\/li>"},"feature_list":[]},"_links":{"self":[{"href":"https:\/\/sinoextrud.com\/fi\/wp-json\/wp\/v2\/product\/7777","targetHints":{"allow":["GET"]}}],"collection":[{"href":"https:\/\/sinoextrud.com\/fi\/wp-json\/wp\/v2\/product"}],"about":[{"href":"https:\/\/sinoextrud.com\/fi\/wp-json\/wp\/v2\/types\/product"}],"wp:featuredmedia":[{"embeddable":true,"href":"https:\/\/sinoextrud.com\/fi\/wp-json\/wp\/v2\/media\/7776"}],"wp:attachment":[{"href":"https:\/\/sinoextrud.com\/fi\/wp-json\/wp\/v2\/media?parent=7777"}],"wp:term":[{"taxonomy":"category","embeddable":true,"href":"https:\/\/sinoextrud.com\/fi\/wp-json\/wp\/v2\/categories?post=7777"}],"curies":[{"name":"wp","href":"https:\/\/api.w.org\/{rel}","templated":true}]}}