{"id":7769,"date":"2025-06-10T07:02:54","date_gmt":"2025-06-10T07:02:54","guid":{"rendered":"https:\/\/sinoextrud.com\/product\/aluminum-profile-for-glass-railings\/"},"modified":"2025-06-24T06:13:39","modified_gmt":"2025-06-24T06:13:39","slug":"alumiiniprofiili-lasikaiteisiin","status":"publish","type":"product","link":"https:\/\/sinoextrud.com\/fi\/product\/aluminum-profile-for-glass-railings\/","title":{"rendered":"Alumiiniprofiili lasi kaiteet"},"content":{"rendered":"<h2>Tuotteiden tiedot<\/h2>\n<table class=\"custom-table\">\n<tbody>\n<tr>\n<td> Tuotteen nimi<\/td>\n<td> Alumiiniprofiili lasi kaiteet<\/td>\n<\/tr>\n<tr>\n<td> Materiaali<\/td>\n<td> 6063, 6061 jne.<\/td>\n<\/tr>\n<tr>\n<td> Muoto<\/td>\n<td> Neli\u00f6 tai muut mukautetut muodot<\/td>\n<\/tr>\n<tr>\n<td> Paksuus<\/td>\n<td> 0.7mm-10mm<\/td>\n<\/tr>\n<tr>\n<td> Koko<\/td>\n<td> Asiakkaan pyynn\u00f6st\u00e4<\/td>\n<\/tr>\n<tr>\n<td> Pituus<\/td>\n<td> Vakiopituus 1-9M, muu pituus neuvoteltavissa<\/td>\n<\/tr>\n<tr>\n<td> Tyypilliset sovellukset<\/td>\n<td> Teollisuus, elektroniikka, autot jne.<\/td>\n<\/tr>\n<tr>\n<td> Syv\u00e4 prosessi<\/td>\n<td> CNC-jyrsint\u00e4, poraus, l\u00e4vistys, poraus, napauttaminen, taivutus<\/td>\n<\/tr>\n<tr>\n<td> Merkki<\/td>\n<td> Sinoextrud, Sinoextrud,, r\u00e4\u00e4t\u00e4l\u00f6ity tavaramerkki avalaibleble.<\/td>\n<\/tr>\n<tr>\n<td> Pintak\u00e4sittely<\/td>\n<td> Mill viimeistelty, anodisoitu, jauhemaalattu jne.<\/td>\n<\/tr>\n<tr>\n<td> MOQ<\/td>\n<td> 200KG<\/td>\n<\/tr>\n<tr>\n<td> Laatutakuu<\/td>\n<td> 100% hyv\u00e4t osat ennen l\u00e4hetyst\u00e4<\/td>\n<\/tr>\n<tr>\n<td> Todistukset<\/td>\n<td> ISO9001, ISO4001, CQM, SGS, CE, BV jne.<\/td>\n<\/tr>\n<tr>\n<td> Alkuper\u00e4paikka<\/td>\n<td> Guangdong,Kiina<\/td>\n<\/tr>\n<\/tbody>\n<\/table>\n<h2>Tuotantopohjamme<\/h2>\n<h3>Tehtaan panoraama<\/h3>\n<p><img decoding=\"async\" src=\"\/wp-content\/uploads\/factory-01.webp\"\/><\/p>\n<h3>Alumiini Bar Manufacturing Workshop<\/h3>\n<p><img decoding=\"async\" src=\"\/wp-content\/uploads\/factory-02.webp\"\/><\/p>\n<p><img decoding=\"async\" src=\"\/wp-content\/uploads\/factory-03.webp\"\/><\/p>\n<h3>Muotin varastointi Varasto<\/h3>\n<p><img decoding=\"async\" src=\"\/wp-content\/uploads\/factory-04.webp\"\/><\/p>\n<h3>43 Alumiini ekstruusiolinjat (500\u00e2 5500 tonnia)<\/h3>\n<p><img decoding=\"async\" src=\"\/wp-content\/uploads\/factory-05.webp\"\/><\/p>\n<p><img decoding=\"async\" src=\"\/wp-content\/uploads\/factory-06.webp\"\/><\/p>\n<p><img decoding=\"async\" src=\"\/wp-content\/uploads\/factory-07.webp\"\/><\/p>\n<h3>Jauhemaalaus ty\u00f6paja<\/h3>\n<p><img decoding=\"async\" src=\"\/wp-content\/uploads\/factory-09.webp\"\/><\/p>\n<h3>Anodisointi ty\u00f6paja<\/h3>\n<p><img decoding=\"async\" src=\"\/wp-content\/uploads\/factory-10.webp\"\/><\/p>\n<h3>Syv\u00e4k\u00e4sittelyn ty\u00f6paja<\/h3>\n<p><img decoding=\"async\" src=\"\/wp-content\/uploads\/factory-11.webp\"\/><\/p>\n<h3>CNC-tarkkuuskoneistus ty\u00f6paja<\/h3>\n<p><img decoding=\"async\" src=\"\/wp-content\/uploads\/factory-11.5.webp\"\/><\/p>\n<h3>Valmiiden tuotteiden ja vientivarasto<\/h3>\n<p><img decoding=\"async\" src=\"\/wp-content\/uploads\/factory-12.webp\"\/><\/p>\n<p><img decoding=\"async\" src=\"\/wp-content\/uploads\/factory-13.webp\"\/><\/p>\n<p><img decoding=\"async\" src=\"\/wp-content\/uploads\/factory-14.webp\"\/><\/p>\n<h2>FAQ<\/h2>\n<p><p><b>1.Mik\u00e4 on alumiiniprofiili lasikaiteille?<\/b><\/p>\n<p>Alumiiniprofiili lasikaiteille on rakenteellinen alumiiniprofiili, jota k\u00e4ytet\u00e4\u00e4n tukemaan ja kiinnitt\u00e4m\u00e4\u00e4n lasipaneelit kaidej\u00e4rjestelmiss\u00e4.<br \/>\n<\/p><br \/>\n<br \/>\n<p><b>2.Mitk\u00e4 ovat alumiiniprofiilien k\u00e4yt\u00f6n edut lasikaiteissa?<\/b><\/p>\n<p>Ne tarjoavat kevytt\u00e4 lujuutta, korroosionkest\u00e4vyytt\u00e4, nykyaikaista muotoilua ja helppoa asennusta sek\u00e4 asuin- ett\u00e4 kaupalliseen k\u00e4ytt\u00f6\u00f6n.<br \/>\n<\/p><br \/>\n<br \/>\n<p><b>3.Soveltuvatko n\u00e4m\u00e4 profiilit ulkotiloihin?<\/b><\/p>\n<p>Kyll\u00e4, niiss\u00e4 on korroosionkest\u00e4v\u00e4t pinnoitteet, jotka kest\u00e4v\u00e4t s\u00e4\u00e4lle altistumista, joten ne sopivat erinomaisesti parvekkeille, terasseille ja uima-altaiden aitoihin.<br \/>\n<\/p><br \/>\n<br \/>\n<p><b>4.Can Alumiiniprofiilit lasi kaiteet r\u00e4\u00e4t\u00e4l\u00f6ityj\u00e4?<\/b><\/p>\n<p>Kyll\u00e4, niit\u00e4 voidaan r\u00e4\u00e4t\u00e4l\u00f6id\u00e4 pituuden, viimeistelyn ja yhteensopivuuden osalta eri lasikokojen kanssa.<br \/>\n<\/p><br \/>\n<br \/>\n<p><b>5.Toimivatko n\u00e4m\u00e4 profiilit karkaistun tai laminoidun lasin kanssa?<\/b><\/p>\n<p>Kyll\u00e4, ne on suunniteltu tukemaan erityyppisi\u00e4 turvalaseja, kuten karkaistuja ja laminoituja paneeleita.<br \/>\n<\/p><br \/>\n<br \/>\n<p><b>6.Are Alumiiniprofiilit lasi kaiteet helppo asentaa?<\/b><\/p>\n<p>Kyll\u00e4, ne on suunniteltu nopeaan ja turvalliseen asennukseen tavallisilla laitteistoilla ja kiinnitysj\u00e4rjestelmill\u00e4.<br \/>\n<\/p><br \/>\n<br \/>\n<p><b>7.Mit\u00e4 pintak\u00e4sittelyj\u00e4 n\u00e4ihin profiileihin on saatavilla?<\/b><\/p>\n<p>Yleisi\u00e4 pintak\u00e4sittelyj\u00e4 ovat anodisoitu, pulverimaalattu, harjattu ja matta, jotka sopivat arkkitehtonisiin tyyleihin.<br \/>\n<\/p><br \/>\n<br \/>\n<p><b>8.Miss\u00e4 alumiiniprofiileja k\u00e4ytet\u00e4\u00e4n yleisesti lasikaiteisiin?<\/b><\/p>\n<p>Niit\u00e4 k\u00e4ytet\u00e4\u00e4n portaikoissa, parvekkeilla, terasseilla, liikerakennuksissa ja moderneissa sis\u00e4tiloissa yhdist\u00e4m\u00e4\u00e4n turvallisuus ja tyylik\u00e4s ulkon\u00e4k\u00f6.<br \/>\n<\/p><br \/><\/p>","protected":false},"featured_media":7768,"template":"","categories":[67],"class_list":["post-7769","product","type-product","status-publish","has-post-thumbnail","hentry","category-architectural-aluminium-profile"],"meta_box":{"hilight_text_group":{"product_hilight_text":"<li>Engineered for secure and stylish glass railing installations<\/li>\r\r\n<li>High-strength aluminum ensures safety and structural stability<\/li>\r\r\n<li>Corrosion-resistant finish ideal for indoor and outdoor use<\/li>\r\r\n<li>Sleek and modern design enhances architectural aesthetics<\/li>\r\r\n<li>Compatible with various glass thicknesses and railing systems<\/li>\r\r\n<li>Easy to install with standard mounting accessories<\/li>\r\r\n<li>Available in multiple finishes and customizable lengths<\/li>","product_chanpin_blog":"<ul>\r\r\n<li><a href=\"https:\/\/sinoextrud.com\/t-slot-v-slot-differences\/\" target=\"_blank\">t slot vs v slot<\/a><\/li>\r\r\n<li><a href=\"https:\/\/sinoextrud.com\/what-is-4040-aluminium-extrud\/\" target=\"_blank\">4040 aluminium extrusion<\/a><\/li>\r\r\n<li><a href=\"https:\/\/sinoextrud.com\/what-is-4040-aluminium-extrud\/\" target=\"_blank\">aluminum extrusions for industrial racks<\/a><\/li>\r\r\n<li><a href=\"https:\/\/sinoextrud.com\/powder-coating-aluminium-process\/\" target=\"_blank\">powder coating aluminium<\/a><\/li>\r\r\n<li><a href=\"https:\/\/sinoextrud.com\/what-is-an-aluminium-strip-ceiling\/\" target=\"_blank\">aluminium strip ceiling<\/a><\/li>\r\r\n<li><a href=\"https:\/\/sinoextrud.com\/what-is-a-heat-sink\/\" target=\"_blank\">what is a heat sink<\/a><\/li>\r\r\n<\/ul>","product_chanpin_chanpin":"<li><a href=\"https:\/\/sinoextrud.com\/product\/glazing-channels-extrusions\/\" target=\"_blank\">Glazing Channels Extrusions<\/a><\/li>\r\n<li><a href=\"https:\/\/sinoextrud.com\/product\/aluminum-picture-frame-extrusions\/\" target=\"_blank\">Aluminum Picture Frame Extrusions<\/a><\/li>\r\n<li><a href=\"https:\/\/sinoextrud.com\/product\/triangular-extruded-aluminum-tube\/\" target=\"_blank\">Triangular Extruded Aluminum Tube<\/a><\/li>\r\n<li><a href=\"https:\/\/sinoextrud.com\/product\/aluminum-picture-photo-artware-frame-mirror-polished-gold\/\" target=\"_blank\">Aluminum Picture Photo Artware Frame Mirror Polished Gold<\/a><\/li>\r\n<li><a href=\"https:\/\/sinoextrud.com\/product\/aluminum-profile-for-glass-railings\/\" target=\"_blank\">Aluminum Profile For Glass Railings<\/a><\/li>\r\n<li><a href=\"https:\/\/sinoextrud.com\/product\/extruded-aluminum-slide\/\" target=\"_blank\">Extruded Aluminum Slide<\/a><\/li>\r\n<li><a href=\"https:\/\/sinoextrud.com\/product\/aluminum-profile-for-advertising-photo-frame\/\" target=\"_blank\">Aluminum Profile For Advertising Photo Frame<\/a><\/li>\r\n<li><a href=\"https:\/\/sinoextrud.com\/product\/aluminum-profile-for-curtain\/\" target=\"_blank\">Aluminum Profile for Curtain<\/a><\/li>\r\n<li><a href=\"https:\/\/sinoextrud.com\/product\/aluminum-profile-slider-for-window-curtain\/\" target=\"_blank\">Aluminum Profile Slider For Window Curtain<\/a><\/li>\r\n<li><a href=\"https:\/\/sinoextrud.com\/product\/double-angle-aluminium-extrusion\/\" target=\"_blank\">Double Angle Aluminium Extrusion<\/a><\/li>\r\n<li><a href=\"https:\/\/sinoextrud.com\/product\/l-shaped-aluminum-extrusion-6063-t5-aluminum-angle-bar-alloy-profile\/\" target=\"_blank\">L Shaped Aluminum Extrusion  6063 T5 Aluminum Angle Bar Alloy Profile<\/a><\/li>"},"feature_list":[]},"_links":{"self":[{"href":"https:\/\/sinoextrud.com\/fi\/wp-json\/wp\/v2\/product\/7769","targetHints":{"allow":["GET"]}}],"collection":[{"href":"https:\/\/sinoextrud.com\/fi\/wp-json\/wp\/v2\/product"}],"about":[{"href":"https:\/\/sinoextrud.com\/fi\/wp-json\/wp\/v2\/types\/product"}],"wp:featuredmedia":[{"embeddable":true,"href":"https:\/\/sinoextrud.com\/fi\/wp-json\/wp\/v2\/media\/7768"}],"wp:attachment":[{"href":"https:\/\/sinoextrud.com\/fi\/wp-json\/wp\/v2\/media?parent=7769"}],"wp:term":[{"taxonomy":"category","embeddable":true,"href":"https:\/\/sinoextrud.com\/fi\/wp-json\/wp\/v2\/categories?post=7769"}],"curies":[{"name":"wp","href":"https:\/\/api.w.org\/{rel}","templated":true}]}}