{"id":7761,"date":"2025-06-10T06:55:38","date_gmt":"2025-06-10T06:55:38","guid":{"rendered":"https:\/\/sinoextrud.com\/product\/glazing-channels-extrusions\/"},"modified":"2025-06-24T06:13:37","modified_gmt":"2025-06-24T06:13:37","slug":"lasituskanavien-ekstrusoinnit","status":"publish","type":"product","link":"https:\/\/sinoextrud.com\/fi\/product\/glazing-channels-extrusions\/","title":{"rendered":"Lasituskanavat Puristekappaleet"},"content":{"rendered":"<h2>Tuotteiden tiedot<\/h2>\n<table class=\"custom-table\">\n<tr>\n<td class=\"label\">Malli NO.:<\/td>\n<td> 6000-sarja \uff08Lasituskanavien puristekappaleet\uff09<\/td>\n<\/tr>\n<tr>\n<td class=\"label\">Pintak\u00e4sittely:<\/td>\n<td> Anodisoitu, puuj\u00e4ljitelm\u00e4, kiillotettu, harjattu, elektroforeesi<\/td>\n<\/tr>\n<tr>\n<td class=\"label\">Seosaine:<\/td>\n<td> 6063-T5, 6061-T6, 6463-T5, 7075-T6, 6082<\/td>\n<\/tr>\n<tr>\n<td class=\"label\">Sertifiointi:<\/td>\n<td> CE, ISO, RoHS, TUV<\/td>\n<\/tr>\n<tr>\n<td class=\"label\">Kiillotettu alumiini Profiili:<\/td>\n<td> Mekaaninen kiillotus<\/td>\n<\/tr>\n<tr>\n<td class=\"label\">Toimitusaika:<\/td>\n<td> 20 p\u00e4iv\u00e4\u00e4 talletuksen vastaanottamisen j\u00e4lkeen<\/td>\n<\/tr>\n<tr>\n<td class=\"label\">Standardi:<\/td>\n<td> GB\/75237-2004, Q\/320281\/Pdwd-2008<\/td>\n<\/tr>\n<tr>\n<td class=\"label\">Maksuehto:<\/td>\n<td> T \/ T, 30% ennakkomaksu, kun taas saldo maksetaan<\/td>\n<\/tr>\n<tr>\n<td class=\"label\">Satama:<\/td>\n<td> Shenzhen, Guangzhou, Foshan<\/td>\n<\/tr>\n<tr>\n<td class=\"label\">Takuu:<\/td>\n<td> Pinnan v\u00e4ri pystyy yll\u00e4pit\u00e4m\u00e4\u00e4n 10 ~ 20 vuotta F<\/td>\n<\/tr>\n<tr>\n<td class=\"label\">V\u00e4rit:<\/td>\n<td> Anodisoitu, Puuv\u00e4ri, Pulverimaalaus<\/td>\n<\/tr>\n<tr>\n<td class=\"label\">Kohde:<\/td>\n<td> Alumiinin suulakepuristus<\/td>\n<\/tr>\n<tr>\n<td class=\"label\">MOQ:<\/td>\n<td> 200KG kullekin tuotteelle<\/td>\n<\/tr>\n<tr>\n<td class=\"label\">Syv\u00e4 prosessi:<\/td>\n<td> CNC, poraus, jyrsint\u00e4, leikkaus, hitsaus, taivutus<\/td>\n<\/tr>\n<tr>\n<td class=\"label\">Tavaramerkki:<\/td>\n<td> OEM<\/td>\n<\/tr>\n<tr>\n<td class=\"label\">Kuljetuspaketti:<\/td>\n<td> Muovikalvo tai polybag, vedenpit\u00e4v\u00e4 askartelupaperi<\/td>\n<\/tr>\n<tr>\n<td class=\"label\">Tekniset tiedot:<\/td>\n<td> 1m-9m tai r\u00e4\u00e4t\u00e4l\u00f6ity koko<\/td>\n<\/tr>\n<tr>\n<td class=\"label\">Alkuper\u00e4:<\/td>\n<td> Foshan, Kiina<\/td>\n<\/tr>\n<tr>\n<td class=\"label\">HS-koodi:<\/td>\n<td> 76042100<\/td>\n<\/tr>\n<\/table>\n<h2>Tuotantopohjamme<\/h2>\n<h3>Tehtaan panoraama<\/h3>\n<p><img decoding=\"async\" src=\"\/wp-content\/uploads\/factory-01.webp\"\/><\/p>\n<h3>Alumiini Bar Manufacturing Workshop<\/h3>\n<p><img decoding=\"async\" src=\"\/wp-content\/uploads\/factory-02.webp\"\/><\/p>\n<\/p>\n<p><img decoding=\"async\" src=\"\/wp-content\/uploads\/factory-03.webp\"\/><\/p>\n<h3>Muotin varastointi Varasto<\/h3>\n<p><img decoding=\"async\" src=\"\/wp-content\/uploads\/factory-04.webp\"\/><\/p>\n<h3>43 alumiinin ekstruusiolinjat (500-5500 tonnia)<\/h3>\n<p><img decoding=\"async\" src=\"\/wp-content\/uploads\/factory-05.webp\"\/><\/p>\n<p><img decoding=\"async\" src=\"\/wp-content\/uploads\/factory-06.webp\"\/><\/p>\n<p><img decoding=\"async\" src=\"\/wp-content\/uploads\/factory-07.webp\"\/><\/p>\n<h3>Jauhemaalaus ty\u00f6paja<\/h3>\n<p><img decoding=\"async\" src=\"\/wp-content\/uploads\/factory-09.webp\"\/><\/p>\n<h3>Anodisointi ty\u00f6paja<\/h3>\n<p><img decoding=\"async\" src=\"\/wp-content\/uploads\/factory-10.webp\"\/><\/p>\n<h3>Syv\u00e4k\u00e4sittelyn ty\u00f6paja<\/h3>\n<p><img decoding=\"async\" src=\"\/wp-content\/uploads\/factory-11.webp\"\/><\/p>\n<h3>CNC-tarkkuuskoneistus ty\u00f6paja<\/h3>\n<p><img decoding=\"async\" src=\"\/wp-content\/uploads\/factory-11.5.webp\"\/><\/p>\n<h3>Valmiiden tuotteiden ja vientivarasto<\/h3>\n<p><img decoding=\"async\" src=\"\/wp-content\/uploads\/factory-12.webp\"\/><\/p>\n<p><img decoding=\"async\" src=\"\/wp-content\/uploads\/factory-13.webp\"\/><\/p>\n<p><img decoding=\"async\" src=\"\/wp-content\/uploads\/factory-14.webp\"\/><\/p>\n<h2>FAQ<\/h2>\n<p><b>1.What ovat lasikanaalit ekstruusiot?<\/b><\/p>\n<p>Glazing Channels Extrusions -profiilit ovat alumiiniprofiileja, jotka on suunniteltu pit\u00e4m\u00e4\u00e4n ja tukemaan lasilevyj\u00e4 turvallisesti arkkitehtonisissa ja rakenteellisissa sovelluksissa.\n<\/p>\n<p><\/p>\n<p><b>2.Mitk\u00e4 ovat lasikanaalien ekstruussien k\u00e4yt\u00f6n edut?<\/b><\/p>\n<p>Ne tarjoavat siistin ulkon\u00e4\u00f6n, helpon asennuksen, korroosionkest\u00e4vyyden ja luotettavan istuvuuden eripaksuisiin lasilevyihin.\n<\/p>\n<p><\/p>\n<p><b>3.Soveltuvatko lasikourut ulkok\u00e4ytt\u00f6\u00f6n?<\/b><\/p>\n<p>Kyll\u00e4, ne on valmistettu korroosionkest\u00e4v\u00e4st\u00e4 alumiinista, ja ne sopivat erinomaisesti sek\u00e4 sis\u00e4- ett\u00e4 ulkotilojen lasiasennuksiin.\n<\/p>\n<p><\/p>\n<p><b>4.Voivatko lasikourut ekstruusiot tukea eri lasikokoja?<\/b><\/p>\n<p>Kyll\u00e4, niit\u00e4 on saatavana eri kokoisina, ja niihin voidaan sovittaa eri lasipaksuuksia erilaisten projektitarpeiden t\u00e4ytt\u00e4miseksi.\n<\/p>\n<p><\/p>\n<p><b>5.Onko lasikouruja saatavana eri pintak\u00e4sittelyiss\u00e4?<\/b><\/p>\n<p>Kyll\u00e4, tarjoamme anodisoituja, pulverimaalattuja ja r\u00e4\u00e4t\u00e4l\u00f6ityj\u00e4 viimeistelyj\u00e4 arkkitehtonisten tyylien ja mieltymysten mukaan.\n<\/p>\n<p><\/p>\n<p><b>6.Ovatko lasikourut helppo asentaa?<\/b><\/p>\n<p>Kyll\u00e4, ne on suunniteltu nopeaan ja turvalliseen asennukseen tavallisilla liitososilla ja v\u00e4h\u00e4isill\u00e4 ty\u00f6kaluilla.\n<\/p>\n<p><\/p>\n<p><b>7.Miss\u00e4 lasikanaaleja k\u00e4ytet\u00e4\u00e4n tyypillisesti?<\/b><\/p>\n<p>Niit\u00e4 k\u00e4ytet\u00e4\u00e4n laajalti toimistojen v\u00e4liseiniss\u00e4, myym\u00e4l\u00f6iden julkisivuissa, verhoseiniss\u00e4, lasikaiteissa ja sis\u00e4tilojen lasitusj\u00e4rjestelmiss\u00e4.\n<\/p>\n<p><\/p>\n<p><b>8.Miten lasikourut parantavat turvallisuutta?<\/b><\/p>\n<p>Ne muodostavat vahvan ja vakaan kehyksen lasipaneeleille, mik\u00e4 v\u00e4hent\u00e4\u00e4 siirtymisen tai rikkoutumisen riski\u00e4 rasituksessa.\n<\/p>\n<p><\/p>","protected":false},"featured_media":7760,"template":"","categories":[67],"class_list":["post-7761","product","type-product","status-publish","has-post-thumbnail","hentry","category-architectural-aluminium-profile"],"meta_box":{"hilight_text_group":{"product_hilight_text":"<li>Precision-fit channels ensure secure and stable glass installation<\/li>\r\r\n<li>Made from corrosion-resistant aluminum for long-term durability<\/li>\r\r\n<li>Sleek, minimal profile ideal for modern architectural glazing<\/li>\r\r\n<li>Supports various glass thicknesses for design flexibility<\/li>\r\r\n<li>Easy to install with compatible accessories and fittings<\/li>\r\r\n<li>Available in anodized, powder-coated, and custom finishes<\/li>\r\r\n<li>Suitable for both interior partitions and exterior facades<\/li>","product_chanpin_blog":"<ul>\r\r\n<li><a href=\"https:\/\/sinoextrud.com\/t-slot-v-slot-differences\/\" target=\"_blank\">t slot vs v slot<\/a><\/li>\r\r\n<li><a href=\"https:\/\/sinoextrud.com\/what-is-4040-aluminium-extrud\/\" target=\"_blank\">4040 aluminium extrusion<\/a><\/li>\r\r\n<li><a href=\"https:\/\/sinoextrud.com\/what-is-4040-aluminium-extrud\/\" target=\"_blank\">aluminum extrusions for industrial racks<\/a><\/li>\r\r\n<li><a href=\"https:\/\/sinoextrud.com\/powder-coating-aluminium-process\/\" target=\"_blank\">powder coating aluminium<\/a><\/li>\r\r\n<li><a href=\"https:\/\/sinoextrud.com\/what-is-an-aluminium-strip-ceiling\/\" target=\"_blank\">aluminium strip ceiling<\/a><\/li>\r\r\n<li><a href=\"https:\/\/sinoextrud.com\/what-is-a-heat-sink\/\" target=\"_blank\">what is a heat sink<\/a><\/li>\r\r\n<\/ul>","product_chanpin_chanpin":"<li><a href=\"https:\/\/sinoextrud.com\/product\/item-structural-aluminum-extrusions\/\" target=\"_blank\">Item Structural Aluminum Extrusions<\/a><\/li>\r\n<li><a href=\"https:\/\/sinoextrud.com\/product\/aluminum-extrusions-stock-shapes\/\" target=\"_blank\">Aluminum Extrusions Stock Shapes<\/a><\/li>\r\n<li><a href=\"https:\/\/sinoextrud.com\/product\/aluminum-profiles-for-glass\/\" target=\"_blank\">Aluminum Profiles For Glass<\/a><\/li>\r\n<li><a href=\"https:\/\/sinoextrud.com\/product\/aluminum-window-extrusion-profiles-2\/\" target=\"_blank\">Aluminum Window Extrusion Profiles<\/a><\/li>\r\n<li><a href=\"https:\/\/sinoextrud.com\/product\/glazing-channels-extrusions\/\" target=\"_blank\">Glazing Channels Extrusions<\/a><\/li>\r\n<li><a href=\"https:\/\/sinoextrud.com\/product\/aluminum-picture-frame-extrusions\/\" target=\"_blank\">Aluminum Picture Frame Extrusions<\/a><\/li>\r\n<li><a href=\"https:\/\/sinoextrud.com\/product\/triangular-extruded-aluminum-tube\/\" target=\"_blank\">Triangular Extruded Aluminum Tube<\/a><\/li>\r\n<li><a href=\"https:\/\/sinoextrud.com\/product\/aluminum-picture-photo-artware-frame-mirror-polished-gold\/\" target=\"_blank\">Aluminum Picture Photo Artware Frame Mirror Polished Gold<\/a><\/li>\r\n<li><a href=\"https:\/\/sinoextrud.com\/product\/aluminum-profile-for-glass-railings\/\" target=\"_blank\">Aluminum Profile For Glass Railings<\/a><\/li>\r\n<li><a href=\"https:\/\/sinoextrud.com\/product\/anodized-aluminium-industrial-profile-aluminum-extrusion\/\" target=\"_blank\">Anodized Aluminium Industrial Profile & Aluminum Extrusion<\/a><\/li>\r\n<li><a href=\"https:\/\/sinoextrud.com\/product\/t-aluminum-profile\/\" target=\"_blank\">T Aluminum Profile<\/a><\/li>"},"feature_list":[]},"_links":{"self":[{"href":"https:\/\/sinoextrud.com\/fi\/wp-json\/wp\/v2\/product\/7761","targetHints":{"allow":["GET"]}}],"collection":[{"href":"https:\/\/sinoextrud.com\/fi\/wp-json\/wp\/v2\/product"}],"about":[{"href":"https:\/\/sinoextrud.com\/fi\/wp-json\/wp\/v2\/types\/product"}],"wp:featuredmedia":[{"embeddable":true,"href":"https:\/\/sinoextrud.com\/fi\/wp-json\/wp\/v2\/media\/7760"}],"wp:attachment":[{"href":"https:\/\/sinoextrud.com\/fi\/wp-json\/wp\/v2\/media?parent=7761"}],"wp:term":[{"taxonomy":"category","embeddable":true,"href":"https:\/\/sinoextrud.com\/fi\/wp-json\/wp\/v2\/categories?post=7761"}],"curies":[{"name":"wp","href":"https:\/\/api.w.org\/{rel}","templated":true}]}}