{"id":7745,"date":"2025-06-10T06:16:26","date_gmt":"2025-06-10T06:16:26","guid":{"rendered":"https:\/\/sinoextrud.com\/product\/h-section-aluminium-extrusion\/"},"modified":"2025-06-24T06:13:34","modified_gmt":"2025-06-24T06:13:34","slug":"h-profiili-alumiinipursotus","status":"publish","type":"product","link":"https:\/\/sinoextrud.com\/fi\/product\/h-section-aluminium-extrusion\/","title":{"rendered":"H-profiili Alumiiniprofiili"},"content":{"rendered":"<h2>Tuotteiden tiedot<\/h2>\n<table class=\"custom-table\">\n<tr>\n<td class=\"label\">Malli NO.:<\/td>\n<td> Alumiiniprofiili<\/td>\n<\/tr>\n<tr>\n<td class=\"label\">Kohde:<\/td>\n<td> H-profiili Alumiiniprofiili<\/td>\n<\/tr>\n<tr>\n<td class=\"label\">Muoto:<\/td>\n<td> H-muoto<\/td>\n<\/tr>\n<tr>\n<td class=\"label\">Temperamentti:<\/td>\n<td> T3-T8<\/td>\n<\/tr>\n<tr>\n<td class=\"label\">Seos:<\/td>\n<td> Metalliseos<\/td>\n<\/tr>\n<tr>\n<td class=\"label\">Seosaine:<\/td>\n<td> 6063<\/td>\n<\/tr>\n<tr>\n<td class=\"label\">V\u00e4ri:<\/td>\n<td> mylly viimeistely Request<\/td>\n<\/tr>\n<tr>\n<td class=\"label\">Tavaramerkki:<\/td>\n<td> Sinoextrud<\/td>\n<\/tr>\n<tr>\n<td class=\"label\">Tyyppi:<\/td>\n<td> Ikkuna- ja oviprofiili, alumiiniprofiili, alumiiniprofiili, alumiiniprofiili, alumiiniprofiili, alumiiniprofiili, alumiiniprofiili, alumiiniprofiili, alumiiniprofiili, alumiiniprofiili, alumiiniprofiili, runko<\/td>\n<\/tr>\n<tr>\n<td class=\"label\">Luokka:<\/td>\n<td> 6000-sarja<\/td>\n<\/tr>\n<tr>\n<td class=\"label\">Ikkuna &amp; ovi Alumiiniprofiili:<\/td>\n<td> 60-sarja<\/td>\n<\/tr>\n<tr>\n<td class=\"label\">Pintak\u00e4sittely:<\/td>\n<td> Anodinen hapetus<\/td>\n<\/tr>\n<tr>\n<td class=\"label\">Sertifiointi:<\/td>\n<td> ISO<\/td>\n<\/tr>\n<tr>\n<td class=\"label\">Pituus:<\/td>\n<td> kuten Pyynt\u00f6<\/td>\n<\/tr>\n<tr>\n<td class=\"label\">Mitat:<\/td>\n<td> kuten Pyynt\u00f6piirustus<\/td>\n<\/tr>\n<tr>\n<td class=\"label\">Kuljetuspaketti:<\/td>\n<td> 1PC\/sis\u00e4kotelo<\/td>\n<\/tr>\n<tr>\n<td class=\"label\">Alkuper\u00e4:<\/td>\n<td> Guangdong<\/td>\n<\/tr>\n<\/table>\n<h2>Tuotantopohjamme<\/h2>\n<h3>Tehtaan panoraama<\/h3>\n<p><img decoding=\"async\" src=\"\/wp-content\/uploads\/factory-01.webp\"\/><\/p>\n<h3>Alumiini Bar Manufacturing Workshop<\/h3>\n<p><img decoding=\"async\" src=\"\/wp-content\/uploads\/factory-02.webp\"\/><\/p>\n<\/p>\n<p><img decoding=\"async\" src=\"\/wp-content\/uploads\/factory-03.webp\"\/><\/p>\n<h3>Muotin varastointi Varasto<\/h3>\n<p><img decoding=\"async\" src=\"\/wp-content\/uploads\/factory-04.webp\"\/><\/p>\n<h3>43 Alumiini ekstruusiolinjat (500\u00e2 5500 tonnia)<\/h3>\n<p><img decoding=\"async\" src=\"\/wp-content\/uploads\/factory-05.webp\"\/><\/p>\n<p><img decoding=\"async\" src=\"\/wp-content\/uploads\/factory-06.webp\"\/><\/p>\n<p><img decoding=\"async\" src=\"\/wp-content\/uploads\/factory-07.webp\"\/><\/p>\n<h3>Jauhemaalaus ty\u00f6paja<\/h3>\n<p><img decoding=\"async\" src=\"\/wp-content\/uploads\/factory-09.webp\"\/><\/p>\n<h3>Anodisointi ty\u00f6paja<\/h3>\n<p><img decoding=\"async\" src=\"\/wp-content\/uploads\/factory-10.webp\"\/><\/p>\n<h3>Syv\u00e4k\u00e4sittelyn ty\u00f6paja<\/h3>\n<p><img decoding=\"async\" src=\"\/wp-content\/uploads\/factory-11.webp\"\/><\/p>\n<h3>CNC-tarkkuuskoneistus ty\u00f6paja<\/h3>\n<p><img decoding=\"async\" src=\"\/wp-content\/uploads\/factory-11.5.webp\"\/><\/p>\n<h3>Valmiiden tuotteiden ja vientivarasto<\/h3>\n<p><img decoding=\"async\" src=\"\/wp-content\/uploads\/factory-12.webp\"\/><\/p>\n<p><img decoding=\"async\" src=\"\/wp-content\/uploads\/factory-13.webp\"\/><\/p>\n<p><img decoding=\"async\" src=\"\/wp-content\/uploads\/factory-14.webp\"\/><\/p>\n<h2>FAQ<\/h2>\n<p><b>1.Mik\u00e4 on H-profiilinen alumiiniprofiili?<\/b><\/p>\n<p>H-profiilinen alumiiniprofiili on profiili, jonka poikkileikkaus on H-muotoinen ja jota k\u00e4ytet\u00e4\u00e4n rakenteellisissa, arkkitehtonisissa ja teollisissa sovelluksissa.\n<\/p>\n<p><\/p>\n<p><b>2.Miksi valita H-profiiliset alumiiniprofiilit?<\/b><\/p>\n<p>Ne tarjoavat korkean lujuus-painosuhteen, erinomaisen tuen ja korroosionkest\u00e4vyyden, ja ne ovat ihanteellisia runkoihin ja rakennekokoonpanoihin.\n<\/p>\n<p><\/p>\n<p><b>3.Onko H-osion profiili muokattavissa?<\/b><\/p>\n<p>Kyll\u00e4, se voidaan r\u00e4\u00e4t\u00e4l\u00f6id\u00e4 koon, sein\u00e4m\u00e4npaksuuden, seoslaadun ja pintak\u00e4sittelyn suhteen tiettyj\u00e4 sovelluksia varten.\n<\/p>\n<p><\/p>\n<p><b>4.Mitk\u00e4 ovat H-profiilisten alumiiniprofiilien yleiset k\u00e4ytt\u00f6tarkoitukset?<\/b><\/p>\n<p>Niit\u00e4 k\u00e4ytet\u00e4\u00e4n laajalti rakennuskehyksiss\u00e4, v\u00e4lisein\u00e4j\u00e4rjestelmiss\u00e4, teollisuuskoneissa ja tukirakenteissa.\n<\/p>\n<p><\/p>\n<p><b>5.Ovatko H-profiiliset alumiiniprofiilit korroosionkest\u00e4vi\u00e4?<\/b><\/p>\n<p>Alumiini kest\u00e4\u00e4 luonnostaan korroosiota, ja viimeistelyt, kuten anodisointi tai jauhemaalaus, parantavat sen kest\u00e4vyytt\u00e4 entisest\u00e4\u00e4n.\n<\/p>\n<p><\/p>\n<p><b>6.Onko H-profiilialumiini helppo koota?<\/b><\/p>\n<p>Kyll\u00e4, se voidaan helposti leikata, porata ja liitt\u00e4\u00e4 tavallisilla kiinnittimill\u00e4 ja liittimill\u00e4, mik\u00e4 tekee asennuksesta tehokasta.\n<\/p>\n<p><\/p>\n<p><b>7.Mit\u00e4 pintak\u00e4sittelyj\u00e4 H-profiilialumiiniin on saatavana?<\/b><\/p>\n<p>Yleisi\u00e4 vaihtoehtoja ovat anodisointi, jauhemaalaus, jyrsint\u00e4k\u00e4sittely ja harjaus toiminnallisten ja koristeellisten vaatimusten mukaan.\n<\/p>\n<p><\/p>","protected":false},"featured_media":7744,"template":"","categories":[67],"class_list":["post-7745","product","type-product","status-publish","has-post-thumbnail","hentry","category-architectural-aluminium-profile"],"meta_box":{"hilight_text_group":{"product_hilight_text":"<li>High-strength aluminum alloy ensures structural stability<\/li>\r\r\n<li>H-shaped design provides excellent load-bearing capacity<\/li>\r\r\n<li>Lightweight material simplifies handling and installation<\/li>\r\r\n<li>Corrosion-resistant surface suitable for indoor and outdoor use<\/li>\r\r\n<li>Precision-extruded for consistent quality and dimensional accuracy<\/li>\r\r\n<li>Available in custom lengths, thicknesses, and surface finishes<\/li>","product_chanpin_blog":"<ul>\r\r\n<li><a href=\"https:\/\/sinoextrud.com\/t-slot-v-slot-differences\/\" target=\"_blank\">t slot vs v slot<\/a><\/li>\r\r\n<li><a href=\"https:\/\/sinoextrud.com\/what-is-4040-aluminium-extrud\/\" target=\"_blank\">4040 aluminium extrusion<\/a><\/li>\r\r\n<li><a href=\"https:\/\/sinoextrud.com\/what-is-4040-aluminium-extrud\/\" target=\"_blank\">aluminum extrusions for industrial racks<\/a><\/li>\r\r\n<li><a href=\"https:\/\/sinoextrud.com\/powder-coating-aluminium-process\/\" target=\"_blank\">powder coating aluminium<\/a><\/li>\r\r\n<li><a href=\"https:\/\/sinoextrud.com\/what-is-an-aluminium-strip-ceiling\/\" target=\"_blank\">aluminium strip ceiling<\/a><\/li>\r\r\n<li><a href=\"https:\/\/sinoextrud.com\/what-is-a-heat-sink\/\" target=\"_blank\">what is a heat sink<\/a><\/li>\r\r\n<\/ul>","product_chanpin_chanpin":"<li><a href=\"https:\/\/sinoextrud.com\/product\/industrial-aluminium-doors\/\" target=\"_blank\">Industrial Aluminium Doors<\/a><\/li>\r\n<li><a href=\"https:\/\/sinoextrud.com\/product\/double-angle-aluminium-extrusion\/\" target=\"_blank\">Double Angle Aluminium Extrusion<\/a><\/li>\r\n<li><a href=\"https:\/\/sinoextrud.com\/product\/aluminium-sections-for-doors-and-windows\/\" target=\"_blank\">Aluminium Sections For Doors And Windows<\/a><\/li>\r\n<li><a href=\"https:\/\/sinoextrud.com\/product\/extruded-aluminium-curtain-rails-profile-prices\/\" target=\"_blank\">Extruded Aluminium Curtain Rails Profile Prices<\/a><\/li>\r\n<li><a href=\"https:\/\/sinoextrud.com\/product\/h-section-aluminium-extrusion\/\" target=\"_blank\">H Section Aluminium Extrusion<\/a><\/li>\r\n<li><a href=\"https:\/\/sinoextrud.com\/product\/aluminum-cabinet-extrusions\/\" target=\"_blank\">Aluminum Cabinet Extrusions<\/a><\/li>\r\n<li><a href=\"https:\/\/sinoextrud.com\/product\/aluminum-window-blinds-profiles\/\" target=\"_blank\">Aluminum Window Blinds Profiles<\/a><\/li>\r\n<li><a href=\"https:\/\/sinoextrud.com\/product\/extruded-aluminum-door-frame\/\" target=\"_blank\">Extruded Aluminum Door Frame<\/a><\/li>\r\n<li><a href=\"https:\/\/sinoextrud.com\/product\/item-structural-aluminum-extrusions\/\" target=\"_blank\">Item Structural Aluminum Extrusions<\/a><\/li>\r\n<li><a href=\"https:\/\/sinoextrud.com\/product\/3d-wood-grain-aluminium-battens\/\" target=\"_blank\">3D Wood Grain Aluminium Battens<\/a><\/li>\r\n<li><a href=\"https:\/\/sinoextrud.com\/product\/aluminum-structural-framing-system\/\" target=\"_blank\">Aluminum Structural Framing System<\/a><\/li>"},"feature_list":[]},"_links":{"self":[{"href":"https:\/\/sinoextrud.com\/fi\/wp-json\/wp\/v2\/product\/7745","targetHints":{"allow":["GET"]}}],"collection":[{"href":"https:\/\/sinoextrud.com\/fi\/wp-json\/wp\/v2\/product"}],"about":[{"href":"https:\/\/sinoextrud.com\/fi\/wp-json\/wp\/v2\/types\/product"}],"wp:featuredmedia":[{"embeddable":true,"href":"https:\/\/sinoextrud.com\/fi\/wp-json\/wp\/v2\/media\/7744"}],"wp:attachment":[{"href":"https:\/\/sinoextrud.com\/fi\/wp-json\/wp\/v2\/media?parent=7745"}],"wp:term":[{"taxonomy":"category","embeddable":true,"href":"https:\/\/sinoextrud.com\/fi\/wp-json\/wp\/v2\/categories?post=7745"}],"curies":[{"name":"wp","href":"https:\/\/api.w.org\/{rel}","templated":true}]}}