{"id":7739,"date":"2025-06-10T02:54:39","date_gmt":"2025-06-10T02:54:39","guid":{"rendered":"https:\/\/sinoextrud.com\/product\/double-angle-aluminium-extrusion\/"},"modified":"2025-06-24T06:13:33","modified_gmt":"2025-06-24T06:13:33","slug":"kaksoiskulmainen-alumiiniprofiili-2","status":"publish","type":"product","link":"https:\/\/sinoextrud.com\/fi\/product\/double-angle-aluminium-extrusion\/","title":{"rendered":"Kaksoiskulmainen alumiiniprofiili"},"content":{"rendered":"<h2>Tuotteiden tiedot<\/h2>\n<table class=\"custom-table\">\n<tr>\n<td class=\"label\">Kohde<\/td>\n<td>Kaksoiskulmainen alumiiniprofiili<\/td>\n<\/tr>\n<tr>\n<td class=\"label\">Materiaali<\/td>\n<td>Alumiiniseos<\/td>\n<\/tr>\n<tr>\n<td class=\"label\">Luokka<\/td>\n<td>6000-sarja: 6005, 6005A, 6060, 6063, 6061<\/td>\n<\/tr>\n<tr>\n<td class=\"label\">Koko<\/td>\n<td>Sein\u00e4m\u00e4n paksuus: 0.5mm-10mm<br \/>\nPituus:r\u00e4\u00e4t\u00e4l\u00f6ity<\/td>\n<\/tr>\n<tr>\n<td class=\"label\">Pintak\u00e4sittely<\/td>\n<td>Anodisoitu<br \/>\nElektroforeesi<br \/>\nPuinen jyv\u00e4<br \/>\nRuiskutus<\/td>\n<\/tr>\n<tr>\n<td class=\"label\">Pinnan v\u00e4rit<\/td>\n<td>Luonto, hopea, pronssi, samppanja, musta, gloden, jne.<br \/>\nR\u00e4\u00e4t\u00e4l\u00f6ityn\u00e4<\/td>\n<\/tr>\n<tr>\n<td class=\"label\">Temper<\/td>\n<td>T3-T8<\/td>\n<\/tr>\n<tr>\n<td class=\"label\">Hakemus<\/td>\n<td>1. Valaistus, aurinkoheijastinlevy.<br \/>\n2.architectural ulkon\u00e4k\u00f6, sisustus: katto, metope, huonekalut, kaapit ja niin edelleen.<br \/>\n3.hissi, nimikyltti, pussit.<br \/>\n4.automotive sis\u00e4- ja ulkokoristelu.<br \/>\n5. Sisustus: kuten valokuvakehys.<br \/>\n6.kodinkoneet, j\u00e4\u00e4kaappi, mikroaaltouuni, \u00e4\u00e4nentoistolaitteet.<br \/>\n7. Ilmailu ja sotilaalliset n\u00e4k\u00f6kohdat.<br \/>\n8, koneiden osien k\u00e4sittely, muottien valmistus .<br \/>\n9. Kemikaalien\/eristysputkien pinnoitus.<\/td>\n<\/tr>\n<\/table>\n<h2>Tuotantopohjamme<\/h2>\n<h3>Tehtaan panoraama<\/h3>\n<p><img decoding=\"async\" src=\"\/wp-content\/uploads\/factory-01.webp\"\/><\/p>\n<h3>Alumiini Bar Manufacturing Workshop<\/h3>\n<p><img decoding=\"async\" src=\"\/wp-content\/uploads\/factory-02.webp\"\/><\/p>\n<p><img decoding=\"async\" src=\"\/wp-content\/uploads\/factory-03.webp\"\/><\/p>\n<h3>Muotin varastointi Varasto<\/h3>\n<p><img decoding=\"async\" src=\"\/wp-content\/uploads\/factory-04.webp\"\/><\/p>\n<h3>43 Alumiini ekstruusiolinjat (500\u00e2 5500 tonnia)<\/h3>\n<p><img decoding=\"async\" src=\"\/wp-content\/uploads\/factory-05.webp\"\/><\/p>\n<p><img decoding=\"async\" src=\"\/wp-content\/uploads\/factory-06.webp\"\/><\/p>\n<p><img decoding=\"async\" src=\"\/wp-content\/uploads\/factory-07.webp\"\/><\/p>\n<h3>Jauhemaalaus ty\u00f6paja<\/h3>\n<p><img decoding=\"async\" src=\"\/wp-content\/uploads\/factory-09.webp\"\/><\/p>\n<h3>Anodisointi ty\u00f6paja<\/h3>\n<p><img decoding=\"async\" src=\"\/wp-content\/uploads\/factory-10.webp\"\/><\/p>\n<h3>Syv\u00e4k\u00e4sittelyn ty\u00f6paja<\/h3>\n<p><img decoding=\"async\" src=\"\/wp-content\/uploads\/factory-11.webp\"\/><\/p>\n<h3>CNC-tarkkuuskoneistus ty\u00f6paja<\/h3>\n<p><img decoding=\"async\" src=\"\/wp-content\/uploads\/factory-11.5.webp\"\/><\/p>\n<h3>Valmiiden tuotteiden ja vientivarasto<\/h3>\n<p><img decoding=\"async\" src=\"\/wp-content\/uploads\/factory-12.webp\"\/><\/p>\n<p><img decoding=\"async\" src=\"\/wp-content\/uploads\/factory-13.webp\"\/><\/p>\n<p><img decoding=\"async\" src=\"\/wp-content\/uploads\/factory-14.webp\"\/><\/p>\n<h2>FAQ<\/h2>\n<p><p><b>1.What on kaksoiskulmainen alumiini ekstruusiota k\u00e4ytet\u00e4\u00e4n?<\/b><\/p>\n<p>Kaksoiskulma-alumiiniprofiilia k\u00e4ytet\u00e4\u00e4n yleisesti rakenteellisiin kehyksiin, koneiden suojiin ja r\u00e4\u00e4t\u00e4l\u00f6ityihin koteloihin sen vahvan ja j\u00e4yk\u00e4n 90 asteen profiilin ansiosta.<br \/>\n<\/p><br \/>\n<br \/>\n<p><b>2.Onko kaksoiskulmainen alumiiniprofiili korroosionkest\u00e4v\u00e4?<\/b><\/p>\n<p>Kyll\u00e4, alumiiniprofiili on yleens\u00e4 anodisoitu tai k\u00e4sitelty korroosionkest\u00e4v\u00e4ksi, joten se soveltuu sek\u00e4 sis\u00e4- ett\u00e4 ulkotiloihin.<br \/>\n<\/p><br \/>\n<br \/>\n<p><b>3.Mitk\u00e4 ovat kaksoiskulmaisen alumiinipuristimen k\u00e4yt\u00f6n edut?<\/b><\/p>\n<p>Se on eritt\u00e4in kest\u00e4v\u00e4, kevytrakenteinen, korroosionkest\u00e4v\u00e4 ja yhteensopiva modulaaristen T-uraj\u00e4rjestelmien kanssa.<br \/>\n<\/p><br \/>\n<br \/>\n<p><b>4.Voinko leikata ja porata kaksoiskulmaisen alumiiniprofiilin helposti?<\/b><\/p>\n<p>Alumiini on helppo ty\u00f6st\u00e4\u00e4, ja k\u00e4ytt\u00e4j\u00e4t voivat leikata, porata ja koota komponentteja tavallisilla ty\u00f6kaluilla.<br \/>\n<\/p><br \/>\n<br \/>\n<p><b>5.Onko kaksikulmainen alumiiniprofiili yhteensopiva T-uraj\u00e4rjestelmien kanssa?<\/b><\/p>\n<p>Se on ehdottomasti suunniteltu integroitavaksi saumattomasti useimpiin tavallisiin alumiinisiin T-urien kehysj\u00e4rjestelmiin.<br \/>\n<\/p><br \/>\n<br \/>\n<p><b>6.Does Double Angle Aluminium Extrusion s\u00e4ilytt\u00e4\u00e4 tarkkuuden ajan my\u00f6t\u00e4?<\/b><\/p>\n<p>Kyll\u00e4, sen muotoiltu profiili ja anodisoitu pinta takaavat mittasuhteiden vakauden ja pitk\u00e4aikaisen suorituskyvyn.<br \/>\n<\/p><br \/>\n<br \/>\n<p><b>7.Mit\u00e4 materiaaleja k\u00e4ytet\u00e4\u00e4n kaksoiskulma-alumiiniextruusiossa?<\/b><\/p>\n<p>Puristepuristus valmistetaan korkealaatuisesta alumiiniseoksesta, tyypillisesti 6061 tai 6063, joka tunnetaan lujuudestaan ja ty\u00f6stett\u00e4vyydest\u00e4\u00e4n.<br \/>\n<\/p><br \/>\n<br \/>\n<p><b>8.Miten kaksoiskulmainen alumiiniprofiili tukee raskaita kuormia?<\/b><\/p>\n<p>Sen kulmikas muotoilu jakaa painon tehokkaasti ja tarjoaa vahvan kantavuuden teollisissa kehikoissa.<br \/>\n<\/p><br \/><\/p>","protected":false},"featured_media":7738,"template":"","categories":[67],"class_list":["post-7739","product","type-product","status-publish","has-post-thumbnail","hentry","category-architectural-aluminium-profile"],"meta_box":{"hilight_text_group":{"product_hilight_text":"<li>High strength-to-weight ratio ensures structural integrity in demanding applications<\/li>\r\r\n<li>Corrosion-resistant anodized finish suitable for indoor and outdoor use<\/li>\r\r\n<li>Precision-engineered 90-degree angle design for consistent alignment<\/li>\r\r\n<li>Compatible with most T-slot aluminium framing systems<\/li>\r\r\n<li>Lightweight yet durable, ideal for modular construction and assembly<\/li>","product_chanpin_blog":"<ul>\r\r\n<li><a href=\"https:\/\/sinoextrud.com\/t-slot-v-slot-differences\/\" target=\"_blank\">t slot vs v slot<\/a><\/li>\r\r\n<li><a href=\"https:\/\/sinoextrud.com\/what-is-4040-aluminium-extrud\/\" target=\"_blank\">4040 aluminium extrusion<\/a><\/li>\r\r\n<li><a href=\"https:\/\/sinoextrud.com\/what-is-4040-aluminium-extrud\/\" target=\"_blank\">aluminum extrusions for industrial racks<\/a><\/li>\r\r\n<li><a href=\"https:\/\/sinoextrud.com\/powder-coating-aluminium-process\/\" target=\"_blank\">powder coating aluminium<\/a><\/li>\r\r\n<li><a href=\"https:\/\/sinoextrud.com\/what-is-an-aluminium-strip-ceiling\/\" target=\"_blank\">aluminium strip ceiling<\/a><\/li>\r\r\n<li><a href=\"https:\/\/sinoextrud.com\/what-is-a-heat-sink\/\" target=\"_blank\">what is a heat sink<\/a><\/li>\r\r\n<\/ul>","product_chanpin_chanpin":"<li><a href=\"https:\/\/sinoextrud.com\/product\/aluminium-profile-to-make-doors-and-windows\/\" target=\"_blank\">Aluminium Profile to Make Doors And Windows<\/a><\/li>\r\n<li><a href=\"https:\/\/sinoextrud.com\/product\/structural-aluminium-profiles\/\" target=\"_blank\">Structural Aluminium Profiles<\/a><\/li>\r\n<li><a href=\"https:\/\/sinoextrud.com\/product\/aluminium-sliding-casement-window-profile\/\" target=\"_blank\">Aluminium Sliding Casement Window Profile<\/a><\/li>\r\n<li><a href=\"https:\/\/sinoextrud.com\/product\/industrial-aluminium-doors\/\" target=\"_blank\">Industrial Aluminium Doors<\/a><\/li>\r\n<li><a href=\"https:\/\/sinoextrud.com\/product\/double-angle-aluminium-extrusion\/\" target=\"_blank\">Double Angle Aluminium Extrusion<\/a><\/li>\r\n<li><a href=\"https:\/\/sinoextrud.com\/product\/aluminium-sections-for-doors-and-windows\/\" target=\"_blank\">Aluminium Sections For Doors And Windows<\/a><\/li>\r\n<li><a href=\"https:\/\/sinoextrud.com\/product\/extruded-aluminium-curtain-rails-profile-prices\/\" target=\"_blank\">Extruded Aluminium Curtain Rails Profile Prices<\/a><\/li>\r\n<li><a href=\"https:\/\/sinoextrud.com\/product\/h-section-aluminium-extrusion\/\" target=\"_blank\">H Section Aluminium Extrusion<\/a><\/li>\r\n<li><a href=\"https:\/\/sinoextrud.com\/product\/aluminum-cabinet-extrusions\/\" target=\"_blank\">Aluminum Cabinet Extrusions<\/a><\/li>\r\n<li><a href=\"https:\/\/sinoextrud.com\/product\/aluminium-louver-extrusions\/\" target=\"_blank\">Aluminium Louver Extrusions<\/a><\/li>\r\n<li><a href=\"https:\/\/sinoextrud.com\/product\/aluminum-extrusion-2024-aluminum-profile\/\" target=\"_blank\">Aluminum Extrusion 2024 Aluminum Profile<\/a><\/li>"},"feature_list":[]},"_links":{"self":[{"href":"https:\/\/sinoextrud.com\/fi\/wp-json\/wp\/v2\/product\/7739","targetHints":{"allow":["GET"]}}],"collection":[{"href":"https:\/\/sinoextrud.com\/fi\/wp-json\/wp\/v2\/product"}],"about":[{"href":"https:\/\/sinoextrud.com\/fi\/wp-json\/wp\/v2\/types\/product"}],"wp:featuredmedia":[{"embeddable":true,"href":"https:\/\/sinoextrud.com\/fi\/wp-json\/wp\/v2\/media\/7738"}],"wp:attachment":[{"href":"https:\/\/sinoextrud.com\/fi\/wp-json\/wp\/v2\/media?parent=7739"}],"wp:term":[{"taxonomy":"category","embeddable":true,"href":"https:\/\/sinoextrud.com\/fi\/wp-json\/wp\/v2\/categories?post=7739"}],"curies":[{"name":"wp","href":"https:\/\/api.w.org\/{rel}","templated":true}]}}