{"id":7737,"date":"2025-06-10T02:50:03","date_gmt":"2025-06-10T02:50:03","guid":{"rendered":"https:\/\/sinoextrud.com\/product\/industrial-aluminium-doors\/"},"modified":"2025-06-24T06:13:32","modified_gmt":"2025-06-24T06:13:32","slug":"teolliset-alumiiniovet","status":"publish","type":"product","link":"https:\/\/sinoextrud.com\/fi\/product\/industrial-aluminium-doors\/","title":{"rendered":"Teolliset alumiiniovet"},"content":{"rendered":"<h2>Tuotteiden tiedot<\/h2>\n<table class=\"custom-table\">\n<tbody>\n<tr>\n<td> Malli NO.:<\/td>\n<td> 6063-T5 T6, 6061-T6 Teollisuusalumiiniovet<\/td>\n<\/tr>\n<tr>\n<td> Temperamentti:<\/td>\n<td> T3-T8<\/td>\n<\/tr>\n<tr>\n<td> Seos:<\/td>\n<td> Metalliseos<\/td>\n<\/tr>\n<tr>\n<td> Laatu:<\/td>\n<td> Kilpailukykyinen<\/td>\n<\/tr>\n<tr>\n<td> Hinnan voimassaolo:<\/td>\n<td> 2 viikkoa<\/td>\n<\/tr>\n<tr>\n<td> N\u00e4yte:<\/td>\n<td> Voi tehd\u00e4 tilauksen vahvistamisen j\u00e4lkeen<\/td>\n<\/tr>\n<tr>\n<td> Myllytestitodistus:<\/td>\n<td> Voi tarjota<\/td>\n<\/tr>\n<tr>\n<td> K\u00e4ytt\u00f6:<\/td>\n<td> Ovi, ikkuna tai muu rakenne<\/td>\n<\/tr>\n<tr>\n<td> Kuljetuspaketti:<\/td>\n<td> Merikelpoinen<\/td>\n<\/tr>\n<tr>\n<td> Alkuper\u00e4:<\/td>\n<td> Kiina<\/td>\n<\/tr>\n<tr>\n<td> Pintak\u00e4sittely:<\/td>\n<td> Jauheen ruiskutus<\/td>\n<\/tr>\n<tr>\n<td> Sertifiointi:<\/td>\n<td> CE, ISO, SGS<\/td>\n<\/tr>\n<tr>\n<td> Hinnat:<\/td>\n<td> Kilpailukykyinen<\/td>\n<\/tr>\n<tr>\n<td> Toimitusehdot:<\/td>\n<td> Houkutteleva<\/td>\n<\/tr>\n<tr>\n<td> Kuvio:<\/td>\n<td> asiakkaan piirustuksena<\/td>\n<\/tr>\n<tr>\n<td> Raaka-aine:<\/td>\n<td> 6000 Vakava<\/td>\n<\/tr>\n<tr>\n<td> Kolmannen osapuolen valvonta:<\/td>\n<td> Saatavilla<\/td>\n<\/tr>\n<\/tbody>\n<\/table>\n<h2>Tuotantopohjamme<\/h2>\n<h3>Tehtaan panoraama<\/h3>\n<p><img decoding=\"async\" src=\"\/wp-content\/uploads\/factory-01.webp\"\/><\/p>\n<h3>Alumiini Bar Manufacturing Workshop<\/h3>\n<p><img decoding=\"async\" src=\"\/wp-content\/uploads\/factory-02.webp\"\/><\/p>\n<\/p>\n<p><img decoding=\"async\" src=\"\/wp-content\/uploads\/factory-03.webp\"\/><\/p>\n<h3>Muotin varastointi Varasto<\/h3>\n<p><img decoding=\"async\" src=\"\/wp-content\/uploads\/factory-04.webp\"\/><\/p>\n<h3>43 alumiinin ekstruusiolinjat (500-5500 tonnia)<\/h3>\n<p><img decoding=\"async\" src=\"\/wp-content\/uploads\/factory-05.webp\"\/><\/p>\n<p><img decoding=\"async\" src=\"\/wp-content\/uploads\/factory-06.webp\"\/><\/p>\n<p><img decoding=\"async\" src=\"\/wp-content\/uploads\/factory-07.webp\"\/><\/p>\n<h3>Jauhemaalaus ty\u00f6paja<\/h3>\n<p><img decoding=\"async\" src=\"\/wp-content\/uploads\/factory-09.webp\"\/><\/p>\n<h3>Anodisointi ty\u00f6paja<\/h3>\n<p><img decoding=\"async\" src=\"\/wp-content\/uploads\/factory-10.webp\"\/><\/p>\n<h3>Syv\u00e4k\u00e4sittelyn ty\u00f6paja<\/h3>\n<p><img decoding=\"async\" src=\"\/wp-content\/uploads\/factory-11.webp\"\/><\/p>\n<h3>CNC-tarkkuuskoneistus ty\u00f6paja<\/h3>\n<p><img decoding=\"async\" src=\"\/wp-content\/uploads\/factory-11.5.webp\"\/><\/p>\n<h3>Valmiiden tuotteiden ja vientivarasto<\/h3>\n<p><img decoding=\"async\" src=\"\/wp-content\/uploads\/factory-12.webp\"\/><\/p>\n<p><img decoding=\"async\" src=\"\/wp-content\/uploads\/factory-13.webp\"\/><\/p>\n<p><img decoding=\"async\" src=\"\/wp-content\/uploads\/factory-14.webp\"\/><\/p>\n<h2>FAQ<\/h2>\n<p><b>1.What ovat teollisuuden alumiiniovet?<\/b><\/p>\n<p>Teollisuusalumiiniovet ovat lujasta alumiinista valmistettuja vankkoja sis\u00e4\u00e4ntuloratkaisuja, jotka on suunniteltu kest\u00e4vyytt\u00e4 ja turvallisuutta vaativiin teollisuuslaitoksiin.\n<\/p>\n<p><\/p>\n<p><b>2.Miksi valita teollisuuden alumiiniovet ter\u00e4s- tai puuovien sijaan?<\/b><\/p>\n<p>Alumiiniset teollisuusovet ovat korroosionkest\u00e4vyydelt\u00e4\u00e4n ylivoimaisia, kevyempi\u00e4 ja huoltovarmempia kuin ter\u00e4s- tai puuvaihtoehdot.\n<\/p>\n<p><\/p>\n<p><b>3.Ovatko teolliset alumiiniovet energiatehokkaita?<\/b><\/p>\n<p>Kyll\u00e4, teollisuusalumiiniovet tarjoavat erinomaisen l\u00e4mm\u00f6neristyksen, mik\u00e4 auttaa v\u00e4hent\u00e4m\u00e4\u00e4n energiakustannuksia teollisuusymp\u00e4rist\u00f6iss\u00e4.\n<\/p>\n<p><\/p>\n<p><b>4.Can teollisuuden alumiiniovet voidaan r\u00e4\u00e4t\u00e4l\u00f6id\u00e4?<\/b><\/p>\n<p>Teollisuusalumiiniovet voidaan ehdottomasti r\u00e4\u00e4t\u00e4l\u00f6id\u00e4 koon, muotoilun, viimeistelyn ja laitteistojen osalta teollisuuden erityisvaatimusten mukaisiksi.\n<\/p>\n<p><\/p>\n<p><b>5.Tukevatko teolliset alumiiniovet automaatioj\u00e4rjestelmi\u00e4?<\/b><\/p>\n<p>Kyll\u00e4, n\u00e4m\u00e4 ovet ovat yhteensopivia automatisoitujen j\u00e4rjestelmien kanssa, mik\u00e4 mahdollistaa saumattoman integroinnin kulunvalvonta- ja rakennuksen hallintaj\u00e4rjestelmiin.\n<\/p>\n<p><\/p>\n<p><b>6.Soveltuvatko teollisuuden alumiiniovet vaativiin ymp\u00e4rist\u00f6ihin?<\/b><\/p>\n<p>Kyll\u00e4, korroosionkest\u00e4v\u00e4 alumiinimateriaali tekee niist\u00e4 ihanteellisia k\u00e4ytett\u00e4v\u00e4ksi tehtaissa, varastoissa ja teollisissa ulkotiloissa.\n<\/p>\n<p><\/p>\n<p><b>7.Mik\u00e4 on teollisten alumiiniovien huoltovaatimus?<\/b><\/p>\n<p>N\u00e4m\u00e4 ovet vaativat vain v\u00e4h\u00e4n huoltoa, yleens\u00e4 vain s\u00e4\u00e4nn\u00f6llist\u00e4 puhdistusta ja satunnaisia laitteistojen tarkastuksia, jotta ne toimisivat optimaalisesti.\n<\/p>\n<p><\/p>","protected":false},"featured_media":7736,"template":"","categories":[67],"class_list":["post-7737","product","type-product","status-publish","has-post-thumbnail","hentry","category-architectural-aluminium-profile"],"meta_box":{"hilight_text_group":{"product_hilight_text":"<li>Heavy-duty aluminum construction ensures strength and durability<\/li>\r\r\n<li>Corrosion-resistant surface suitable for harsh industrial environments<\/li>\r\r\n<li>Low maintenance with long service life<\/li>\r\r\n<li>Customizable dimensions, finishes, and configurations<\/li>\r\r\n<li>Excellent thermal and sound insulation for energy efficiency<\/li>\r\r\n<li>Compatible with automation and access control systems<\/li>","product_chanpin_blog":"<ul>\r\r\n<li><a href=\"https:\/\/sinoextrud.com\/t-slot-v-slot-differences\/\" target=\"_blank\">t slot vs v slot<\/a><\/li>\r\r\n<li><a href=\"https:\/\/sinoextrud.com\/what-is-4040-aluminium-extrud\/\" target=\"_blank\">4040 aluminium extrusion<\/a><\/li>\r\r\n<li><a href=\"https:\/\/sinoextrud.com\/what-is-4040-aluminium-extrud\/\" target=\"_blank\">aluminum extrusions for industrial racks<\/a><\/li>\r\r\n<li><a href=\"https:\/\/sinoextrud.com\/powder-coating-aluminium-process\/\" target=\"_blank\">powder coating aluminium<\/a><\/li>\r\r\n<li><a href=\"https:\/\/sinoextrud.com\/what-is-an-aluminium-strip-ceiling\/\" target=\"_blank\">aluminium strip ceiling<\/a><\/li>\r\r\n<li><a href=\"https:\/\/sinoextrud.com\/what-is-a-heat-sink\/\" target=\"_blank\">what is a heat sink<\/a><\/li>\r\r\n<\/ul>","product_chanpin_chanpin":"<li><a href=\"https:\/\/sinoextrud.com\/product\/anodised-aluminium\/\" target=\"_blank\">Anodised Aluminium<\/a><\/li>\r\n<li><a href=\"https:\/\/sinoextrud.com\/product\/aluminium-profile-to-make-doors-and-windows\/\" target=\"_blank\">Aluminium Profile to Make Doors And Windows<\/a><\/li>\r\n<li><a href=\"https:\/\/sinoextrud.com\/product\/structural-aluminium-profiles\/\" target=\"_blank\">Structural Aluminium Profiles<\/a><\/li>\r\n<li><a href=\"https:\/\/sinoextrud.com\/product\/aluminium-sliding-casement-window-profile\/\" target=\"_blank\">Aluminium Sliding Casement Window Profile<\/a><\/li>\r\n<li><a href=\"https:\/\/sinoextrud.com\/product\/industrial-aluminium-doors\/\" target=\"_blank\">Industrial Aluminium Doors<\/a><\/li>\r\n<li><a href=\"https:\/\/sinoextrud.com\/product\/double-angle-aluminium-extrusion\/\" target=\"_blank\">Double Angle Aluminium Extrusion<\/a><\/li>\r\n<li><a href=\"https:\/\/sinoextrud.com\/product\/aluminium-sections-for-doors-and-windows\/\" target=\"_blank\">Aluminium Sections For Doors And Windows<\/a><\/li>\r\n<li><a href=\"https:\/\/sinoextrud.com\/product\/extruded-aluminium-curtain-rails-profile-prices\/\" target=\"_blank\">Extruded Aluminium Curtain Rails Profile Prices<\/a><\/li>\r\n<li><a href=\"https:\/\/sinoextrud.com\/product\/h-section-aluminium-extrusion\/\" target=\"_blank\">H Section Aluminium Extrusion<\/a><\/li>\r\n<li><a href=\"https:\/\/sinoextrud.com\/product\/the-new-perforated-ceiling-system\/\" target=\"_blank\">The New Perforated Ceiling System<\/a><\/li>\r\n<li><a href=\"https:\/\/sinoextrud.com\/product\/t-slot-aluminium-profile\/\" target=\"_blank\">T Slot Aluminium Profile<\/a><\/li>"},"feature_list":[]},"_links":{"self":[{"href":"https:\/\/sinoextrud.com\/fi\/wp-json\/wp\/v2\/product\/7737","targetHints":{"allow":["GET"]}}],"collection":[{"href":"https:\/\/sinoextrud.com\/fi\/wp-json\/wp\/v2\/product"}],"about":[{"href":"https:\/\/sinoextrud.com\/fi\/wp-json\/wp\/v2\/types\/product"}],"wp:featuredmedia":[{"embeddable":true,"href":"https:\/\/sinoextrud.com\/fi\/wp-json\/wp\/v2\/media\/7736"}],"wp:attachment":[{"href":"https:\/\/sinoextrud.com\/fi\/wp-json\/wp\/v2\/media?parent=7737"}],"wp:term":[{"taxonomy":"category","embeddable":true,"href":"https:\/\/sinoextrud.com\/fi\/wp-json\/wp\/v2\/categories?post=7737"}],"curies":[{"name":"wp","href":"https:\/\/api.w.org\/{rel}","templated":true}]}}