{"id":7733,"date":"2025-06-10T02:47:38","date_gmt":"2025-06-10T02:47:38","guid":{"rendered":"https:\/\/sinoextrud.com\/product\/structural-aluminium-profiles\/"},"modified":"2025-06-24T06:13:32","modified_gmt":"2025-06-24T06:13:32","slug":"rakenteelliset-alumiiniprofiilit","status":"publish","type":"product","link":"https:\/\/sinoextrud.com\/fi\/product\/structural-aluminium-profiles\/","title":{"rendered":"Rakenteelliset alumiiniprofiilit"},"content":{"rendered":"<h2>Tuotteiden tiedot<\/h2>\n<table class=\"custom-table\">\n<tbody>\n<tr>\n<td> Tyyppi:<\/td>\n<td> Rakenteelliset alumiiniprofiilit<\/td>\n<\/tr>\n<tr>\n<td> Muoto:<\/td>\n<td> R\u00e4\u00e4t\u00e4l\u00f6ity<\/td>\n<\/tr>\n<tr>\n<td> Temperamentti:<\/td>\n<td> T3-T8<\/td>\n<\/tr>\n<tr>\n<td> Seos:<\/td>\n<td> Metalliseos<\/td>\n<\/tr>\n<tr>\n<td> Seosaine:<\/td>\n<td> 6061<\/td>\n<\/tr>\n<tr>\n<td> Kiillotettu alumiini Profiili:<\/td>\n<td> Mekaaninen kiillotus<\/td>\n<\/tr>\n<tr>\n<td> Koneistus:<\/td>\n<td> Poraus, rei'itys, katkaisu, CNC-koneistus, hitsaus<\/td>\n<\/tr>\n<tr>\n<td> Materiaali:<\/td>\n<td> Al6063 6061 6060 tai asiakkaan vaatimukset<\/td>\n<\/tr>\n<tr>\n<td> Tavaramerkki:<\/td>\n<td> Sinoextrud<\/td>\n<\/tr>\n<tr>\n<td> Tekniset tiedot:<\/td>\n<td> ISO 9001: 2008, RoHS, ISO, TUV<\/td>\n<\/tr>\n<tr>\n<td> Tyyppi:<\/td>\n<td> Ikkuna- ja oviprofiili, alumiiniprofiili, alumiiniprofiili, alumiiniprofiili, alumiiniprofiili, alumiiniprofiili, alumiiniprofiili, alumiiniprofiili, alumiiniprofiili, alumiiniprofiili, alumiiniprofiili<\/td>\n<\/tr>\n<tr>\n<td> Luokka:<\/td>\n<td> 6000-sarja<\/td>\n<\/tr>\n<tr>\n<td> Pintak\u00e4sittely:<\/td>\n<td> Anodinen hapetus<\/td>\n<\/tr>\n<tr>\n<td> Sertifiointi:<\/td>\n<td> ISO, RoHS<\/td>\n<\/tr>\n<tr>\n<td> Etu:<\/td>\n<td> One-Stop OEM alumiini suulakepuristuspalvelu<\/td>\n<\/tr>\n<tr>\n<td> Viimeistely:<\/td>\n<td> Anodisointi, hiekkapuhallus, jauhemaalaus, harjaus, puun jyv\u00e4, ect.<\/td>\n<\/tr>\n<tr>\n<td> Toimitusaika:<\/td>\n<td> 20-25 ty\u00f6p\u00e4iv\u00e4\u00e4<\/td>\n<\/tr>\n<tr>\n<td> Kuljetuspaketti:<\/td>\n<td> R\u00e4\u00e4t\u00e4l\u00f6ity<\/td>\n<\/tr>\n<tr>\n<td> Alkuper\u00e4:<\/td>\n<td> Guangdong Foshan<\/td>\n<\/tr>\n<\/tbody>\n<\/table>\n<h2>Tuotantopohjamme<\/h2>\n<h3>Tehtaan panoraama<\/h3>\n<p><img decoding=\"async\" src=\"\/wp-content\/uploads\/factory-01.webp\"\/><\/p>\n<h3>Alumiini Bar Manufacturing Workshop<\/h3>\n<p><img decoding=\"async\" src=\"\/wp-content\/uploads\/factory-02.webp\"\/><\/p>\n<p><img decoding=\"async\" src=\"\/wp-content\/uploads\/factory-03.webp\"\/><\/p>\n<h3>Muotin varastointi Varasto<\/h3>\n<p><img decoding=\"async\" src=\"\/wp-content\/uploads\/factory-04.webp\"\/><\/p>\n<h3>43 alumiinin ekstruusiolinjat (500-5500 tonnia)<\/h3>\n<p><img decoding=\"async\" src=\"\/wp-content\/uploads\/factory-05.webp\"\/><\/p>\n<p><img decoding=\"async\" src=\"\/wp-content\/uploads\/factory-06.webp\"\/><\/p>\n<p><img decoding=\"async\" src=\"\/wp-content\/uploads\/factory-07.webp\"\/><\/p>\n<h3>Jauhemaalaus ty\u00f6paja<\/h3>\n<p><img decoding=\"async\" src=\"\/wp-content\/uploads\/factory-09.webp\"\/><\/p>\n<h3>Anodisointi ty\u00f6paja<\/h3>\n<p><img decoding=\"async\" src=\"\/wp-content\/uploads\/factory-10.webp\"\/><\/p>\n<h3>Syv\u00e4k\u00e4sittelyn ty\u00f6paja<\/h3>\n<p><img decoding=\"async\" src=\"\/wp-content\/uploads\/factory-11.webp\"\/><\/p>\n<h3>CNC-tarkkuuskoneistus ty\u00f6paja<\/h3>\n<p><img decoding=\"async\" src=\"\/wp-content\/uploads\/factory-11.5.webp\"\/><\/p>\n<h3>Valmiiden tuotteiden ja vientivarasto<\/h3>\n<p><img decoding=\"async\" src=\"\/wp-content\/uploads\/factory-12.webp\"\/><\/p>\n<p><img decoding=\"async\" src=\"\/wp-content\/uploads\/factory-13.webp\"\/><\/p>\n<p><img decoding=\"async\" src=\"\/wp-content\/uploads\/factory-14.webp\"\/><\/p>\n<h2>FAQ<\/h2>\n<p><p><b>1.What ovat rakenteelliset alumiiniprofiilit?<\/b><\/p>\n<p>Rakenteelliset alumiiniprofiilit ovat suulakepuristettuja alumiinikomponentteja, jotka on suunniteltu antamaan vahvaa tukea rakentamiseen, koneisiin ja modulaarisiin rakenteisiin.<br \/>\n<\/p><br \/>\n<br \/>\n<p><b>2.Miksi k\u00e4ytt\u00e4\u00e4 rakennealumiinia ter\u00e4ksen sijasta?<\/b><\/p>\n<p>Alumiini on huomattavasti kevyemp\u00e4\u00e4 kuin ter\u00e4s, se kest\u00e4\u00e4 erinomaisesti korroosiota ja vaatii ajan mittaan v\u00e4hemm\u00e4n huoltoa.<br \/>\n<\/p><br \/>\n<br \/>\n<p><b>3.Ovatko rakenteelliset alumiiniprofiilit riitt\u00e4v\u00e4n vahvoja teollisuusk\u00e4ytt\u00f6\u00f6n?<\/b><\/p>\n<p>Kyll\u00e4, korkealaatuiset alumiiniseokset tarjoavat erinomaisen lujuus-painosuhteen, joka soveltuu raskaisiin rakennesovelluksiin.<br \/>\n<\/p><br \/>\n<br \/>\n<p><b>4.Mill\u00e4 teollisuudenaloilla k\u00e4ytet\u00e4\u00e4n yleisesti alumiiniprofiileja?<\/b><\/p>\n<p>Niit\u00e4 k\u00e4ytet\u00e4\u00e4n laajalti rakentamisessa, automaatioj\u00e4rjestelmiss\u00e4, aurinkoenergian asennuksessa, puhdastiloissa ja koneiden kehystyksess\u00e4.<br \/>\n<\/p><br \/>\n<br \/>\n<p><b>5.Voidaanko rakenteellisia alumiiniprofiileja r\u00e4\u00e4t\u00e4l\u00f6id\u00e4?<\/b><\/p>\n<p>Kyll\u00e4, ne voidaan suulakepuristaa r\u00e4\u00e4t\u00e4l\u00f6ityihin muotoihin, kokoihin ja pintak\u00e4sittelyihin projektin erityisvaatimusten t\u00e4ytt\u00e4miseksi.<br \/>\n<\/p><br \/>\n<br \/>\n<p><b>6.Soveltuvatko alumiiniprofiilit rakenteellisiin ulkok\u00e4ytt\u00f6\u00f6n?<\/b><\/p>\n<p>Ne kest\u00e4v\u00e4t anodisoidulla tai pulverimaalatuilla pinnoitteilla tehokkaasti ankarat s\u00e4\u00e4olosuhteet.<br \/>\n<\/p><br \/>\n<br \/>\n<p><b>7.Onko alumiini ymp\u00e4rist\u00f6yst\u00e4v\u00e4llist\u00e4 rakenteellisessa k\u00e4yt\u00f6ss\u00e4?<\/b><\/p>\n<p>Kyll\u00e4, alumiini on 100% kierr\u00e4tett\u00e4v\u00e4\u00e4 ja edist\u00e4\u00e4 kest\u00e4vi\u00e4 rakennusk\u00e4yt\u00e4nt\u00f6j\u00e4.<br \/>\n<\/p><br \/>\n<br \/>\n<p><b>8.Tukevatko rakenteelliset alumiiniprofiilit modulaarista kokoonpanoa?<\/b><\/p>\n<p>Kyll\u00e4, ne on suunniteltu yhteensopiviksi liittimien, kiinnikkeiden ja kiinnikkeiden kanssa, jotta modulaarinen rakentaminen olisi helppoa.<br \/>\n<\/p><br \/><\/p>","protected":false},"featured_media":7732,"template":"","categories":[67],"class_list":["post-7733","product","type-product","status-publish","has-post-thumbnail","hentry","category-architectural-aluminium-profile"],"meta_box":{"hilight_text_group":{"product_hilight_text":"<li>High load-bearing capacity suitable for industrial and architectural structures<\/li>\r\r\n<li>Corrosion-resistant and weatherproof for long-term outdoor use<\/li>\r\r\n<li>Lightweight design reduces transportation and installation costs<\/li>\r\r\n<li>Available in various cross-sections and alloys to meet engineering demands<\/li>\r\r\n<li>Customizable profiles for OEM structural applications<\/li>\r\r\n<li>Compatible with modular assembly systems and accessories<\/li>\r\r\n<li>Environmentally friendly and fully recyclable material<\/li>","product_chanpin_blog":"<ul>\r\r\n<li><a href=\"https:\/\/sinoextrud.com\/t-slot-v-slot-differences\/\" target=\"_blank\">t slot vs v slot<\/a><\/li>\r\r\n<li><a href=\"https:\/\/sinoextrud.com\/what-is-4040-aluminium-extrud\/\" target=\"_blank\">4040 aluminium extrusion<\/a><\/li>\r\r\n<li><a href=\"https:\/\/sinoextrud.com\/what-is-4040-aluminium-extrud\/\" target=\"_blank\">aluminum extrusions for industrial racks<\/a><\/li>\r\r\n<li><a href=\"https:\/\/sinoextrud.com\/powder-coating-aluminium-process\/\" target=\"_blank\">powder coating aluminium<\/a><\/li>\r\r\n<li><a href=\"https:\/\/sinoextrud.com\/what-is-an-aluminium-strip-ceiling\/\" target=\"_blank\">aluminium strip ceiling<\/a><\/li>\r\r\n<li><a href=\"https:\/\/sinoextrud.com\/what-is-a-heat-sink\/\" target=\"_blank\">what is a heat sink<\/a><\/li>\r\r\n<\/ul>","product_chanpin_chanpin":"<li><a href=\"https:\/\/sinoextrud.com\/product\/aluminium-frame\/\" target=\"_blank\">Aluminium Frame<\/a><\/li>\r\n<li><a href=\"https:\/\/sinoextrud.com\/product\/bending-aluminium-tube\/\" target=\"_blank\">Bending Aluminium Tube<\/a><\/li>\r\n<li><a href=\"https:\/\/sinoextrud.com\/product\/anodised-aluminium\/\" target=\"_blank\">Anodised Aluminium<\/a><\/li>\r\n<li><a href=\"https:\/\/sinoextrud.com\/product\/aluminium-profile-to-make-doors-and-windows\/\" target=\"_blank\">Aluminium Profile to Make Doors And Windows<\/a><\/li>\r\n<li><a href=\"https:\/\/sinoextrud.com\/product\/structural-aluminium-profiles\/\" target=\"_blank\">Structural Aluminium Profiles<\/a><\/li>\r\n<li><a href=\"https:\/\/sinoextrud.com\/product\/aluminium-sliding-casement-window-profile\/\" target=\"_blank\">Aluminium Sliding Casement Window Profile<\/a><\/li>\r\n<li><a href=\"https:\/\/sinoextrud.com\/product\/industrial-aluminium-doors\/\" target=\"_blank\">Industrial Aluminium Doors<\/a><\/li>\r\n<li><a href=\"https:\/\/sinoextrud.com\/product\/double-angle-aluminium-extrusion\/\" target=\"_blank\">Double Angle Aluminium Extrusion<\/a><\/li>\r\n<li><a href=\"https:\/\/sinoextrud.com\/product\/aluminium-sections-for-doors-and-windows\/\" target=\"_blank\">Aluminium Sections For Doors And Windows<\/a><\/li>\r\n<li><a href=\"https:\/\/sinoextrud.com\/product\/customizable-bathroom-mirror-frame-bent-aluminum-profiles\/\" target=\"_blank\">Customizable Bathroom Mirror Frame Bent Aluminum Profiles<\/a><\/li>\r\n<li><a href=\"https:\/\/sinoextrud.com\/product\/aluminum-extrusion-industry\/\" target=\"_blank\">Aluminum Extrusion Industry<\/a><\/li>"},"feature_list":[]},"_links":{"self":[{"href":"https:\/\/sinoextrud.com\/fi\/wp-json\/wp\/v2\/product\/7733","targetHints":{"allow":["GET"]}}],"collection":[{"href":"https:\/\/sinoextrud.com\/fi\/wp-json\/wp\/v2\/product"}],"about":[{"href":"https:\/\/sinoextrud.com\/fi\/wp-json\/wp\/v2\/types\/product"}],"wp:featuredmedia":[{"embeddable":true,"href":"https:\/\/sinoextrud.com\/fi\/wp-json\/wp\/v2\/media\/7732"}],"wp:attachment":[{"href":"https:\/\/sinoextrud.com\/fi\/wp-json\/wp\/v2\/media?parent=7733"}],"wp:term":[{"taxonomy":"category","embeddable":true,"href":"https:\/\/sinoextrud.com\/fi\/wp-json\/wp\/v2\/categories?post=7733"}],"curies":[{"name":"wp","href":"https:\/\/api.w.org\/{rel}","templated":true}]}}