{"id":7715,"date":"2025-06-10T02:18:29","date_gmt":"2025-06-10T02:18:29","guid":{"rendered":"https:\/\/sinoextrud.com\/product\/aluminium-rail-extrusions\/"},"modified":"2025-06-24T06:13:29","modified_gmt":"2025-06-24T06:13:29","slug":"alumiiniset-kiskoprofiilit-2","status":"publish","type":"product","link":"https:\/\/sinoextrud.com\/fi\/product\/aluminium-rail-extrusions\/","title":{"rendered":"Alumiiniset kiskopursotteet"},"content":{"rendered":"<h2>Tuotteiden tiedot<\/h2>\n<table class=\"custom-table\">\n<tr>\n<td class=\"label\">Muoto:<\/td>\n<td> py\u00f6re\u00e4<\/td>\n<\/tr>\n<tr>\n<td class=\"label\">Temperamentti:<\/td>\n<td> T3-T8-seos<\/td>\n<\/tr>\n<tr>\n<td class=\"label\">Seosaine:<\/td>\n<td> 6063<\/td>\n<\/tr>\n<tr>\n<td class=\"label\">Kiillotettu alumiini Profiili:<\/td>\n<td> Kemiallinen kiillotus<\/td>\n<\/tr>\n<tr>\n<td class=\"label\">Materiaali:<\/td>\n<td> 99.7% Puhdas alumiini Materiaali<\/td>\n<\/tr>\n<tr>\n<td class=\"label\">Anodisoitu Paksuus:<\/td>\n<td> Yli 10um<\/td>\n<\/tr>\n<tr>\n<td class=\"label\">Tyyppi:<\/td>\n<td> Koristelu alumiini kisko profiilit<\/td>\n<\/tr>\n<tr>\n<td class=\"label\">Sertifiointi:<\/td>\n<td> CE, SONCAP, ISO, CIQ, RoHS, TUV, TUV<\/td>\n<\/tr>\n<tr>\n<td class=\"label\">Alkuper\u00e4:<\/td>\n<td> Guangdong, Kiina<\/td>\n<\/tr>\n<\/table>\n<h2>Tuotantopohjamme<\/h2>\n<h3>Tehtaan panoraama<\/h3>\n<p><img decoding=\"async\" src=\"\/wp-content\/uploads\/factory-01.webp\"\/><\/p>\n<h3>Alumiini Bar Manufacturing Workshop<\/h3>\n<p><img decoding=\"async\" src=\"\/wp-content\/uploads\/factory-02.webp\"\/><\/p>\n<\/p>\n<p><img decoding=\"async\" src=\"\/wp-content\/uploads\/factory-03.webp\"\/><\/p>\n<h3>Muotin varastointi Varasto<\/h3>\n<p><img decoding=\"async\" src=\"\/wp-content\/uploads\/factory-04.webp\"\/><\/p>\n<h3>43 Alumiini ekstruusiolinjat (500\u00e2 5500 tonnia)<\/h3>\n<p><img decoding=\"async\" src=\"\/wp-content\/uploads\/factory-05.webp\"\/><\/p>\n<p><img decoding=\"async\" src=\"\/wp-content\/uploads\/factory-06.webp\"\/><\/p>\n<p><img decoding=\"async\" src=\"\/wp-content\/uploads\/factory-07.webp\"\/><\/p>\n<h3>Jauhemaalaus ty\u00f6paja<\/h3>\n<p><img decoding=\"async\" src=\"\/wp-content\/uploads\/factory-09.webp\"\/><\/p>\n<h3>Anodisointi ty\u00f6paja<\/h3>\n<p><img decoding=\"async\" src=\"\/wp-content\/uploads\/factory-10.webp\"\/><\/p>\n<h3>Syv\u00e4k\u00e4sittelyn ty\u00f6paja<\/h3>\n<p><img decoding=\"async\" src=\"\/wp-content\/uploads\/factory-11.webp\"\/><\/p>\n<h3>CNC-tarkkuuskoneistus ty\u00f6paja<\/h3>\n<p><img decoding=\"async\" src=\"\/wp-content\/uploads\/factory-11.5.webp\"\/><\/p>\n<h3>Valmiiden tuotteiden ja vientivarasto<\/h3>\n<p><img decoding=\"async\" src=\"\/wp-content\/uploads\/factory-12.webp\"\/><\/p>\n<p><img decoding=\"async\" src=\"\/wp-content\/uploads\/factory-13.webp\"\/><\/p>\n<p><img decoding=\"async\" src=\"\/wp-content\/uploads\/factory-14.webp\"\/><\/p>\n<h2>FAQ<\/h2>\n<p><b>1.What ovat alumiiniset kiskopursotteet?<\/b><\/p>\n<p>Alumiinikiskopuristeet ovat tarkkuusmuotoiltuja alumiiniprofiileja, joita k\u00e4ytet\u00e4\u00e4n kiskoj\u00e4rjestelmiss\u00e4 ohjaus-, tuki- tai liukusovelluksissa.\n<\/p>\n<p><\/p>\n<p><b>2.Miksi valita alumiiniset kiskopursotteet?<\/b><\/p>\n<p>Ne ovat kevytrakenteisia, korroosionkest\u00e4vi\u00e4 ja mittatarkkoja, joten ne sopivat erinomaisesti teollisuuden ja kaupan kiskoj\u00e4rjestelmiin.\n<\/p>\n<p><\/p>\n<p><b>3.Ovatko alumiiniset kiskopursotteet korroosionkest\u00e4vi\u00e4?<\/b><\/p>\n<p>Alumiini kest\u00e4\u00e4 luonnostaan korroosiota, joten n\u00e4m\u00e4 profiilit soveltuvat erinomaisesti sek\u00e4 sis\u00e4- ett\u00e4 ulkokiskosovelluksiin.\n<\/p>\n<p><\/p>\n<p><b>4.What ovat yleisi\u00e4 sovelluksia alumiini kiskopursotteiden?<\/b><\/p>\n<p>Niit\u00e4 k\u00e4ytet\u00e4\u00e4n liukuj\u00e4rjestelmiss\u00e4, kuljetinlinjoissa, konekiskoissa ja arkkitehtuurikiskoissa.\n<\/p>\n<p><\/p>\n<p><b>5.Can alumiini kiskoekstruusiot voidaan r\u00e4\u00e4t\u00e4l\u00f6id\u00e4?<\/b><\/p>\n<p>Kyll\u00e4, niit\u00e4 voidaan valmistaa eri muotoisina, kokoisina ja pintak\u00e4siteltyin\u00e4 erityisten suunnitteluvaatimusten mukaisesti.\n<\/p>\n<p><\/p>\n<p><b>6.Do Alumiinikiskopursotteet vaativat huoltoa?<\/b><\/p>\n<p>Ne vaativat vain v\u00e4h\u00e4n huoltoa sile\u00e4n pinnan ja ruostumattomuuden ansiosta.\n<\/p>\n<p><\/p>\n<p><b>7.Ovatko alumiiniset kiskopursotteet sopivia raskaille kuormille?<\/b><\/p>\n<p>Kyll\u00e4, profiilista ja metalliseoksesta riippuen ne kest\u00e4v\u00e4t kohtalaisesta raskaaseen kuormitukseen ja toimivat luotettavasti.\n<\/p>\n<p><\/p>\n<p><b>8.Onko alumiini ymp\u00e4rist\u00f6yst\u00e4v\u00e4llinen materiaali kiskopuristeita varten?<\/b><\/p>\n<p>Alumiini on ehdottomasti kierr\u00e4tett\u00e4v\u00e4\u00e4 ja energiatehokasta, joten se on kest\u00e4v\u00e4 valinta rautatiej\u00e4rjestelmiin.\n<\/p>\n<p><\/p>","protected":false},"featured_media":7714,"template":"","categories":[67],"class_list":["post-7715","product","type-product","status-publish","has-post-thumbnail","hentry","category-architectural-aluminium-profile"],"meta_box":{"hilight_text_group":{"product_hilight_text":"<li>Durable aluminum construction ensures long service life<\/li>\r\r\n<li>Lightweight for easy installation and reduced structural load<\/li>\r\r\n<li>High corrosion resistance suitable for indoor and outdoor use<\/li>\r\r\n<li>Available in various profiles to meet different rail system requirements<\/li>\r\r\n<li>Excellent dimensional accuracy for smooth and stable operation<\/li>\r\r\n<li>Low maintenance and easy to clean surface<\/li>\r\r\n<li>Supports modular rail systems for flexible integration<\/li>","product_chanpin_blog":"<ul>\r\r\n<li><a href=\"https:\/\/sinoextrud.com\/t-slot-v-slot-differences\/\" target=\"_blank\">t slot vs v slot<\/a><\/li>\r\r\n<li><a href=\"https:\/\/sinoextrud.com\/what-is-4040-aluminium-extrud\/\" target=\"_blank\">4040 aluminium extrusion<\/a><\/li>\r\r\n<li><a href=\"https:\/\/sinoextrud.com\/what-is-4040-aluminium-extrud\/\" target=\"_blank\">aluminum extrusions for industrial racks<\/a><\/li>\r\r\n<li><a href=\"https:\/\/sinoextrud.com\/powder-coating-aluminium-process\/\" target=\"_blank\">powder coating aluminium<\/a><\/li>\r\r\n<li><a href=\"https:\/\/sinoextrud.com\/what-is-an-aluminium-strip-ceiling\/\" target=\"_blank\">aluminium strip ceiling<\/a><\/li>\r\r\n<li><a href=\"https:\/\/sinoextrud.com\/what-is-a-heat-sink\/\" target=\"_blank\">what is a heat sink<\/a><\/li>\r\r\n<\/ul>","product_chanpin_chanpin":"<li><a href=\"https:\/\/sinoextrud.com\/product\/greenhouse-aluminium-extrusions-aluminium-sunroom-profile\/\" target=\"_blank\">Greenhouse Aluminium Extrusions Aluminium Sunroom Profile<\/a><\/li>\r\n<li><a href=\"https:\/\/sinoextrud.com\/product\/aluminum-curtain-wall-extrusions\/\" target=\"_blank\">Aluminum Curtain Wall Extrusions<\/a><\/li>\r\n<li><a href=\"https:\/\/sinoextrud.com\/product\/30-x-30-aluminum-extrusion-for-decoration\/\" target=\"_blank\">30 X 30 Aluminum Extrusion For Decoration<\/a><\/li>\r\n<li><a href=\"https:\/\/sinoextrud.com\/product\/30mm-aluminum-extrusion\/\" target=\"_blank\">30mm Aluminum Extrusion<\/a><\/li>\r\n<li><a href=\"https:\/\/sinoextrud.com\/product\/aluminium-rail-extrusions\/\" target=\"_blank\">Aluminium Rail Extrusions<\/a><\/li>\r\n<li><a href=\"https:\/\/sinoextrud.com\/product\/aluminium-door-window-fittings\/\" target=\"_blank\">Aluminium Door Window Fittings<\/a><\/li>\r\n<li><a href=\"https:\/\/sinoextrud.com\/product\/aluminium-extruded-products\/\" target=\"_blank\">Aluminium Extruded Products<\/a><\/li>\r\n<li><a href=\"https:\/\/sinoextrud.com\/product\/aluminum-profile-glass-curtain-wall-system\/\" target=\"_blank\">Aluminum Profile Glass Curtain Wall System<\/a><\/li>\r\n<li><a href=\"https:\/\/sinoextrud.com\/product\/profiles-aluminum\/\" target=\"_blank\">Profiles aluminum<\/a><\/li>\r\n<li><a href=\"https:\/\/sinoextrud.com\/product\/extruded-aluminum-electronic-enclosures\/\" target=\"_blank\">Extruded Aluminum Electronic Enclosures<\/a><\/li>\r\n<li><a href=\"https:\/\/sinoextrud.com\/product\/aluminium-extrusion-channel-profiles\/\" target=\"_blank\">Aluminium Extrusion Channel Profiles<\/a><\/li>"},"feature_list":[]},"_links":{"self":[{"href":"https:\/\/sinoextrud.com\/fi\/wp-json\/wp\/v2\/product\/7715","targetHints":{"allow":["GET"]}}],"collection":[{"href":"https:\/\/sinoextrud.com\/fi\/wp-json\/wp\/v2\/product"}],"about":[{"href":"https:\/\/sinoextrud.com\/fi\/wp-json\/wp\/v2\/types\/product"}],"wp:featuredmedia":[{"embeddable":true,"href":"https:\/\/sinoextrud.com\/fi\/wp-json\/wp\/v2\/media\/7714"}],"wp:attachment":[{"href":"https:\/\/sinoextrud.com\/fi\/wp-json\/wp\/v2\/media?parent=7715"}],"wp:term":[{"taxonomy":"category","embeddable":true,"href":"https:\/\/sinoextrud.com\/fi\/wp-json\/wp\/v2\/categories?post=7715"}],"curies":[{"name":"wp","href":"https:\/\/api.w.org\/{rel}","templated":true}]}}