{"id":7685,"date":"2025-06-10T01:39:07","date_gmt":"2025-06-10T01:39:07","guid":{"rendered":"https:\/\/sinoextrud.com\/product\/slotted-extruded-aluminum-u-shaped-bending-punching\/"},"modified":"2025-06-24T06:13:24","modified_gmt":"2025-06-24T06:13:24","slug":"uritettu-suulakepuristettu-alumiini-u-muotoinen-taivutus-lavistys","status":"publish","type":"product","link":"https:\/\/sinoextrud.com\/fi\/product\/slotted-extruded-aluminum-u-shaped-bending-punching\/","title":{"rendered":"uritettu suulakepuristettu alumiini U-muotoinen taivutus Punching"},"content":{"rendered":"<h2>Tuotteiden tiedot<\/h2>\n<table class=\"custom-table\">\n<tbody>\n<tr>\n<td> Kohde<\/td>\n<td> Halkaistua suulakepuristettua alumiinia U-muotoinen taivutus l\u00e4vistys<\/td>\n<\/tr>\n<tr>\n<td> Alumiiniseos<\/td>\n<td> 6063-T5, tai r\u00e4\u00e4t\u00e4l\u00f6inti<\/td>\n<\/tr>\n<tr>\n<td> Pintak\u00e4sittely<\/td>\n<td> hiekkapuhallus, CNC-k\u00e4sittely tai r\u00e4\u00e4t\u00e4l\u00f6inti<\/td>\n<\/tr>\n<tr>\n<td> V\u00e4ri<\/td>\n<td> hopea tai r\u00e4\u00e4t\u00e4l\u00f6inti<\/td>\n<\/tr>\n<tr>\n<td> Koko<\/td>\n<td> CNC-k\u00e4sittely tai r\u00e4\u00e4t\u00e4l\u00f6inti<\/td>\n<\/tr>\n<tr>\n<td> Hakemus<\/td>\n<td> Ikkuna- ja oviprofiili alumiiniprofiili, Alumiiniprofiili koristeluun, Lasisein\u00e4 alumiiniprofiili, Kuljetus alumiiniprofiili<\/td>\n<\/tr>\n<tr>\n<td> Merkki<\/td>\n<td> Sinoextrud \/ Sinoextrud \/ Sinoextrud Aluminium<\/td>\n<\/tr>\n<tr>\n<td> Alkuper\u00e4<\/td>\n<td> Foshan, Kiina<\/td>\n<\/tr>\n<\/tbody>\n<\/table>\n<h2>Tuotantopohjamme<\/h2>\n<h3>Tehtaan panoraama<\/h3>\n<p><img decoding=\"async\" src=\"\/wp-content\/uploads\/factory-01.webp\"\/><\/p>\n<h3>Alumiini Bar Manufacturing Workshop<\/h3>\n<p><img decoding=\"async\" src=\"\/wp-content\/uploads\/factory-02.webp\"\/><\/p>\n<p><img decoding=\"async\" src=\"\/wp-content\/uploads\/factory-03.webp\"\/><\/p>\n<h3>Muotin varastointi Varasto<\/h3>\n<p><img decoding=\"async\" src=\"\/wp-content\/uploads\/factory-04.webp\"\/><\/p>\n<h3>43 Alumiini ekstruusiolinjat (500\u00e2 5500 tonnia)<\/h3>\n<p><img decoding=\"async\" src=\"\/wp-content\/uploads\/factory-05.webp\"\/><\/p>\n<p><img decoding=\"async\" src=\"\/wp-content\/uploads\/factory-06.webp\"\/><\/p>\n<p><img decoding=\"async\" src=\"\/wp-content\/uploads\/factory-07.webp\"\/><\/p>\n<h3>Jauhemaalaus ty\u00f6paja<\/h3>\n<p><img decoding=\"async\" src=\"\/wp-content\/uploads\/factory-09.webp\"\/><\/p>\n<h3>Anodisointi ty\u00f6paja<\/h3>\n<p><img decoding=\"async\" src=\"\/wp-content\/uploads\/factory-10.webp\"\/><\/p>\n<h3>Syv\u00e4k\u00e4sittelyn ty\u00f6paja<\/h3>\n<p><img decoding=\"async\" src=\"\/wp-content\/uploads\/factory-11.webp\"\/><\/p>\n<h3>CNC-tarkkuuskoneistus ty\u00f6paja<\/h3>\n<p><img decoding=\"async\" src=\"\/wp-content\/uploads\/factory-11.5.webp\"\/><\/p>\n<h3>Valmiiden tuotteiden ja vientivarasto<\/h3>\n<p><img decoding=\"async\" src=\"\/wp-content\/uploads\/factory-12.webp\"\/><\/p>\n<p><img decoding=\"async\" src=\"\/wp-content\/uploads\/factory-13.webp\"\/><\/p>\n<p><img decoding=\"async\" src=\"\/wp-content\/uploads\/factory-14.webp\"\/><\/p>\n<h2>FAQ<\/h2>\n<p><p><b>1.Mik\u00e4 on uritettu suulakepuristettu alumiini U-muotoinen taivutus Punching? <\/b><\/p>\n<p> Se on U-muotoinen alumiiniprofiili, jossa on aukkoja ja joka on suunniteltu mukautettuun taivutukseen ja l\u00e4vistykseen ja jota k\u00e4ytet\u00e4\u00e4n erilaisissa teollisissa ja rakenteellisissa sovelluksissa.<br \/>\n<\/p><br \/>\n<br \/>\n<p><b>2.Mitk\u00e4 ovat uritetun rakenteen edut? <\/b><\/p>\n<p> Aukot mahdollistavat helpon asennuksen, kaapelin reitityksen ja modulaarisen kokoonpanon, mik\u00e4 lis\u00e4\u00e4 asennuksen joustavuutta.<br \/>\n<\/p><br \/>\n<br \/>\n<p><b>3.Miksi k\u00e4ytt\u00e4\u00e4 U-muotoista alumiinipuristetta? <\/b><\/p>\n<p> U-muoto tarjoaa vahvan tuen ja j\u00e4ykkyyden, ihanteellinen kehyst\u00e4miseen, kiinnitykseen ja rakenteiden vahvistamiseen.<br \/>\n<\/p><br \/>\n<br \/>\n<p><b>4.Can t\u00e4m\u00e4 profiili voidaan mukauttaa taivutuksella ja l\u00e4vistyksell\u00e4? <\/b><\/p>\n<p> Kyll\u00e4, alumiini voidaan taivuttaa ja rei'itt\u00e4\u00e4 tarkasti mukautetun muotoiseksi ja reik\u00e4kuvioiksi projektin erityistarpeita varten.<br \/>\n<\/p><br \/>\n<br \/>\n<p><b>5.Onko t\u00e4m\u00e4 alumiiniprofiili korroosionkest\u00e4v\u00e4? <\/b><\/p>\n<p> Ehdottomasti, anodisoitu tai jauhemaalattu pinta suojaa ruosteelta ja hapettumiselta, sopii sis\u00e4- ja ulkok\u00e4ytt\u00f6\u00f6n.<br \/>\n<\/p><br \/>\n<br \/>\n<p><b>6.Mill\u00e4 toimialoilla t\u00e4t\u00e4 profiilia k\u00e4ytet\u00e4\u00e4n yleisesti? <\/b><\/p>\n<p> Sit\u00e4 k\u00e4ytet\u00e4\u00e4n s\u00e4hk\u00f6koteloissa, automaatiolaitteissa, ohjauspaneeleissa, teollisuuskehyksiss\u00e4 ja kaapelihyllyj\u00e4rjestelmiss\u00e4.<br \/>\n<\/p><br \/>\n<br \/>\n<p><b>7.Onko materiaalin kanssa helppo ty\u00f6skennell\u00e4? <\/b><\/p>\n<p> Alumiini on kevytt\u00e4 ja helposti ty\u00f6stett\u00e4v\u00e4\u00e4, joten se sopii erinomaisesti leikkaamiseen, taivuttamiseen, poraamiseen ja valmistukseen.<br \/>\n<\/p><br \/>\n<br \/>\n<p><b>8.Can t\u00e4m\u00e4 tuote kest\u00e4\u00e4 raskaita kuormia? <\/b><\/p>\n<p> Kyll\u00e4, suulakepuristettu alumiinirakenne tarjoaa erinomaisen lujuus-painosuhteen mekaanisten ja rakenteellisten komponenttien tukemiseen.<br \/>\n<\/p><br \/><\/p>","protected":false},"featured_media":7684,"template":"","categories":[67],"class_list":["post-7685","product","type-product","status-publish","has-post-thumbnail","hentry","category-architectural-aluminium-profile"],"meta_box":{"hilight_text_group":{"product_hilight_text":"<li>Slotted design allows for flexible mounting and cable management.<\/li>\r\r\n<li>U-shaped extruded aluminum offers strong structural integrity and rigidity.<\/li>\r\r\n<li>Supports custom bending and punching for tailored assembly solutions.<\/li>\r\r\n<li>Corrosion-resistant surface ensures long-term durability in harsh environments.<\/li>\r\r\n<li>Lightweight material simplifies transport, handling, and installation.<\/li>\r\r\n<li>Ideal for enclosures, brackets, automation, and control panel systems.<\/li>","product_chanpin_blog":"<ul>\r\r\n<li><a href=\"https:\/\/sinoextrud.com\/t-slot-v-slot-differences\/\" target=\"_blank\">t slot vs v slot<\/a><\/li>\r\r\n<li><a href=\"https:\/\/sinoextrud.com\/what-is-4040-aluminium-extrud\/\" target=\"_blank\">4040 aluminium extrusion<\/a><\/li>\r\r\n<li><a href=\"https:\/\/sinoextrud.com\/what-is-4040-aluminium-extrud\/\" target=\"_blank\">aluminum extrusions for industrial racks<\/a><\/li>\r\r\n<li><a href=\"https:\/\/sinoextrud.com\/powder-coating-aluminium-process\/\" target=\"_blank\">powder coating aluminium<\/a><\/li>\r\r\n<li><a href=\"https:\/\/sinoextrud.com\/what-is-an-aluminium-strip-ceiling\/\" target=\"_blank\">aluminium strip ceiling<\/a><\/li>\r\r\n<li><a href=\"https:\/\/sinoextrud.com\/what-is-a-heat-sink\/\" target=\"_blank\">what is a heat sink<\/a><\/li>\r\r\n<\/ul>","product_chanpin_chanpin":"<li><a href=\"https:\/\/sinoextrud.com\/product\/aluminum-track-extrusion\/\" target=\"_blank\">Aluminum Track Extrusion<\/a><\/li>\r\n<li><a href=\"https:\/\/sinoextrud.com\/product\/aluminum-trailer-decking\/\" target=\"_blank\">Aluminum Trailer Decking<\/a><\/li>\r\n<li><a href=\"https:\/\/sinoextrud.com\/product\/three-acid-oxidation-aluminium-u-shaped-channel\/\" target=\"_blank\">Three Acid Oxidation Aluminium U Shaped Channel<\/a><\/li>\r\n<li><a href=\"https:\/\/sinoextrud.com\/product\/extruded-aluminum-sections\/\" target=\"_blank\">Extruded Aluminum Sections<\/a><\/li>\r\n<li><a href=\"https:\/\/sinoextrud.com\/product\/slotted-extruded-aluminum-u-shaped-bending-punching\/\" target=\"_blank\">Slotted Extruded Aluminum U Shaped Bending Punching<\/a><\/li>\r\n<li><a href=\"https:\/\/sinoextrud.com\/product\/extruded-aluminium-channel\/\" target=\"_blank\">Extruded Aluminium Channel<\/a><\/li>\r\n<li><a href=\"https:\/\/sinoextrud.com\/product\/y-section-aluminium-extrusion\/\" target=\"_blank\">Y Section Aluminium Extrusion<\/a><\/li>\r\n<li><a href=\"https:\/\/sinoextrud.com\/product\/round-aluminum-extrusion-architeture-fabrication\/\" target=\"_blank\">Round Aluminum Extrusion Architeture Fabrication<\/a><\/li>\r\n<li><a href=\"https:\/\/sinoextrud.com\/product\/building-materials-aluminium-profile-curtain-rod\/\" target=\"_blank\">Building Materials Aluminium Profile Curtain Rod<\/a><\/li>\r\n<li><a href=\"https:\/\/sinoextrud.com\/product\/round-aluminum-tube\/\" target=\"_blank\">Round Aluminum Tube<\/a><\/li>\r\n<li><a href=\"https:\/\/sinoextrud.com\/product\/thermal-break-aluminium-profiles\/\" target=\"_blank\">Thermal Break Aluminium Profiles<\/a><\/li>"},"feature_list":[]},"_links":{"self":[{"href":"https:\/\/sinoextrud.com\/fi\/wp-json\/wp\/v2\/product\/7685","targetHints":{"allow":["GET"]}}],"collection":[{"href":"https:\/\/sinoextrud.com\/fi\/wp-json\/wp\/v2\/product"}],"about":[{"href":"https:\/\/sinoextrud.com\/fi\/wp-json\/wp\/v2\/types\/product"}],"wp:featuredmedia":[{"embeddable":true,"href":"https:\/\/sinoextrud.com\/fi\/wp-json\/wp\/v2\/media\/7684"}],"wp:attachment":[{"href":"https:\/\/sinoextrud.com\/fi\/wp-json\/wp\/v2\/media?parent=7685"}],"wp:term":[{"taxonomy":"category","embeddable":true,"href":"https:\/\/sinoextrud.com\/fi\/wp-json\/wp\/v2\/categories?post=7685"}],"curies":[{"name":"wp","href":"https:\/\/api.w.org\/{rel}","templated":true}]}}