{"id":7683,"date":"2025-06-10T01:36:09","date_gmt":"2025-06-10T01:36:09","guid":{"rendered":"https:\/\/sinoextrud.com\/product\/extruded-aluminum-sections\/"},"modified":"2025-06-24T06:13:23","modified_gmt":"2025-06-24T06:13:23","slug":"suulakepuristetut-alumiiniprofiilit-4","status":"publish","type":"product","link":"https:\/\/sinoextrud.com\/fi\/product\/extruded-aluminum-sections\/","title":{"rendered":"Puristetut alumiiniprofiilit"},"content":{"rendered":"<h2>Tuotteiden tiedot<\/h2>\n<table class=\"custom-table\">\n<tbody>\n<tr>\n<td> Tuotteen nimi<\/td>\n<td> Puristetut alumiiniprofiilit<\/td>\n<\/tr>\n<tr>\n<td> Ainesosa<\/td>\n<td> 6063,6061,6082,6005,6005A,6463 ect.<\/td>\n<\/tr>\n<tr>\n<td> Temper<\/td>\n<td> T3-T8<\/td>\n<\/tr>\n<tr>\n<td> Muoto<\/td>\n<td> Erilaisia mukautettuja muotoja<\/td>\n<\/tr>\n<tr>\n<td> Paksuus<\/td>\n<td> 0.7mm-10mm, muu paksuus neuvoteltavissa<\/td>\n<\/tr>\n<tr>\n<td> V\u00e4ri<\/td>\n<td> R\u00e4\u00e4t\u00e4l\u00f6ityn\u00e4<\/td>\n<\/tr>\n<tr>\n<td> Pituus<\/td>\n<td> Vakiopituus1-9M tai muu mukautettu pituus<\/td>\n<\/tr>\n<tr>\n<td> Hakemukset<\/td>\n<td> Teollinen, arkkitehtoninen, koristelu jne.<\/td>\n<\/tr>\n<tr>\n<td> Merkki<\/td>\n<td> Sinoextrud tai OEM<\/td>\n<\/tr>\n<tr>\n<td> CNC-prosessi<\/td>\n<td> Tukee CNC-jyrsint\u00e4\u00e4, l\u00e4vistyst\u00e4, porausta, napauttamista, taivuttamista<\/td>\n<\/tr>\n<tr>\n<td> MOQ<\/td>\n<td> 200KG<\/td>\n<\/tr>\n<tr>\n<td> Pintaviimeistely<\/td>\n<td> Myllyvalmis, Wood Grain, anodisoitu, jauhemaalaus, elektroforeesi, PVDF-pinnoite, harjattu jne.<\/td>\n<\/tr>\n<tr>\n<td> Takuu<\/td>\n<td> ISO9001, ISO4001, CQM, SGS, CE, BV jne.<\/td>\n<\/tr>\n<tr>\n<td> Alkuper\u00e4<\/td>\n<td> Guangdong,Kiina<\/td>\n<\/tr>\n<\/tbody>\n<\/table>\n<h2>Tuotantopohjamme<\/h2>\n<h3>Tehtaan panoraama<\/h3>\n<p><img decoding=\"async\" src=\"\/wp-content\/uploads\/factory-01.webp\"\/><\/p>\n<h3>Alumiini Bar Manufacturing Workshop<\/h3>\n<p><img decoding=\"async\" src=\"\/wp-content\/uploads\/factory-02.webp\"\/><\/p>\n<\/p>\n<p><img decoding=\"async\" src=\"\/wp-content\/uploads\/factory-03.webp\"\/><\/p>\n<h3>Muotin varastointi Varasto<\/h3>\n<p><img decoding=\"async\" src=\"\/wp-content\/uploads\/factory-04.webp\"\/><\/p>\n<h3>43 Alumiini ekstruusiolinjat (500\u00e2 5500 tonnia)<\/h3>\n<p><img decoding=\"async\" src=\"\/wp-content\/uploads\/factory-05.webp\"\/><\/p>\n<p><img decoding=\"async\" src=\"\/wp-content\/uploads\/factory-06.webp\"\/><\/p>\n<p><img decoding=\"async\" src=\"\/wp-content\/uploads\/factory-07.webp\"\/><\/p>\n<h3>Jauhemaalaus ty\u00f6paja<\/h3>\n<p><img decoding=\"async\" src=\"\/wp-content\/uploads\/factory-09.webp\"\/><\/p>\n<h3>Anodisointi ty\u00f6paja<\/h3>\n<p><img decoding=\"async\" src=\"\/wp-content\/uploads\/factory-10.webp\"\/><\/p>\n<h3>Syv\u00e4k\u00e4sittelyn ty\u00f6paja<\/h3>\n<p><img decoding=\"async\" src=\"\/wp-content\/uploads\/factory-11.webp\"\/><\/p>\n<h3>CNC-tarkkuuskoneistus ty\u00f6paja<\/h3>\n<p><img decoding=\"async\" src=\"\/wp-content\/uploads\/factory-11.5.webp\"\/><\/p>\n<h3>Valmiiden tuotteiden ja vientivarasto<\/h3>\n<p><img decoding=\"async\" src=\"\/wp-content\/uploads\/factory-12.webp\"\/><\/p>\n<p><img decoding=\"async\" src=\"\/wp-content\/uploads\/factory-13.webp\"\/><\/p>\n<p><img decoding=\"async\" src=\"\/wp-content\/uploads\/factory-14.webp\"\/><\/p>\n<h2>FAQ<\/h2>\n<p><b>1.What ovat suulakepuristetut alumiiniprofiilit? <\/b><\/p>\n<p> Suulakepuristetut alumiiniprofiilit ovat suulakepuristusprosessin avulla valmistettuja muotoiltuja alumiiniprofiileja, joita k\u00e4ytet\u00e4\u00e4n rakenteellisissa, arkkitehtonisissa ja teollisissa sovelluksissa.\n<\/p>\n<p><\/p>\n<p><b>2.Mitk\u00e4 ovat suulakepuristetun alumiinin k\u00e4yt\u00f6n edut? <\/b><\/p>\n<p> Suulakepuristettu alumiini tarjoaa kevytt\u00e4 lujuutta, korroosionkest\u00e4vyytt\u00e4, suunnittelun joustavuutta ja erinomaista ty\u00f6stett\u00e4vyytt\u00e4.\n<\/p>\n<p><\/p>\n<p><b>3.Can alumiini osat voidaan r\u00e4\u00e4t\u00e4l\u00f6id\u00e4? <\/b><\/p>\n<p> Kyll\u00e4, suulakepuristetut alumiiniprofiilit voidaan valmistaa r\u00e4\u00e4t\u00e4l\u00f6ityj\u00e4 muotoja, kokoja, paksuuksia ja pintak\u00e4sittelyj\u00e4 projektin vaatimusten mukaan.\n<\/p>\n<p><\/p>\n<p><b>4.Mitk\u00e4 teollisuudenalat k\u00e4ytt\u00e4v\u00e4t yleisesti suulakepuristettuja alumiiniprofiileja? <\/b><\/p>\n<p> Niit\u00e4 k\u00e4ytet\u00e4\u00e4n laajalti rakentamisessa, kuljetuksessa, elektroniikassa, koneissa ja puhdastilaj\u00e4rjestelmiss\u00e4.\n<\/p>\n<p><\/p>\n<p><b>5.Ovatko suulakepuristetut alumiiniprofiilit helppoja ty\u00f6st\u00e4\u00e4? <\/b><\/p>\n<p> Ne on helppo leikata, porata ja koota, joten ne sopivat erinomaisesti modulaarisiin j\u00e4rjestelmiin ja nopeaan prototyyppien rakentamiseen.\n<\/p>\n<p><\/p>\n<p><b>6.Kuinka kest\u00e4vi\u00e4 ovat suulakepuristetut alumiiniprofiilit? <\/b><\/p>\n<p> Asianmukaisella pintak\u00e4sittelyll\u00e4, kuten anodisoinnilla tai jauhemaalilla, n\u00e4m\u00e4 profiilit kest\u00e4v\u00e4t erinomaisesti korroosiota, kulumista ja s\u00e4\u00e4nkest\u00e4vyytt\u00e4.\n<\/p>\n<p><\/p>\n<p><b>7.Is alumiini ymp\u00e4rist\u00f6yst\u00e4v\u00e4llinen? <\/b><\/p>\n<p> Kyll\u00e4, alumiini on 100%-kierr\u00e4tett\u00e4v\u00e4\u00e4, mik\u00e4 tekee suulakepuristetuista profiileista kest\u00e4v\u00e4n vaihtoehdon vihre\u00e4\u00e4n rakentamiseen ja valmistukseen.\n<\/p>\n<p><\/p>\n<p><b>8.Can alumiiniprofiilit kest\u00e4v\u00e4t raskaita kuormia? <\/b><\/p>\n<p> Kyll\u00e4, profiilin suunnittelusta ja seostyypist\u00e4 riippuen suulakepuristetut alumiiniprofiilit kest\u00e4v\u00e4t suuria mekaanisia kuormituksia teollisuusk\u00e4yt\u00f6ss\u00e4.\n<\/p>\n<p><\/p>","protected":false},"featured_media":7682,"template":"","categories":[67],"class_list":["post-7683","product","type-product","status-publish","has-post-thumbnail","hentry","category-architectural-aluminium-profile"],"meta_box":{"hilight_text_group":{"product_hilight_text":"<li>High-strength aluminum construction suitable for structural and architectural use.<\/li>\r\r\n<li>Lightweight material reduces overall system weight and transportation costs.<\/li>\r\r\n<li>Corrosion-resistant surface finish for durability in harsh environments.<\/li>\r\r\n<li>Customizable shapes, sizes, and alloy grades to meet specific application needs.<\/li>\r\r\n<li>Excellent machinability for cutting, drilling, and fabrication.<\/li>\r\r\n<li>Suitable for automation, enclosures, framing systems, and transportation industries.<\/li>","product_chanpin_blog":"<ul>\r\r\n<li><a href=\"https:\/\/sinoextrud.com\/t-slot-v-slot-differences\/\" target=\"_blank\">t slot vs v slot<\/a><\/li>\r\r\n<li><a href=\"https:\/\/sinoextrud.com\/what-is-4040-aluminium-extrud\/\" target=\"_blank\">4040 aluminium extrusion<\/a><\/li>\r\r\n<li><a href=\"https:\/\/sinoextrud.com\/what-is-4040-aluminium-extrud\/\" target=\"_blank\">aluminum extrusions for industrial racks<\/a><\/li>\r\r\n<li><a href=\"https:\/\/sinoextrud.com\/powder-coating-aluminium-process\/\" target=\"_blank\">powder coating aluminium<\/a><\/li>\r\r\n<li><a href=\"https:\/\/sinoextrud.com\/what-is-an-aluminium-strip-ceiling\/\" target=\"_blank\">aluminium strip ceiling<\/a><\/li>\r\r\n<li><a href=\"https:\/\/sinoextrud.com\/what-is-a-heat-sink\/\" target=\"_blank\">what is a heat sink<\/a><\/li>\r\r\n<\/ul>","product_chanpin_chanpin":"<li><a href=\"https:\/\/sinoextrud.com\/product\/anodized-aluminium-profile-value-frame-extrusion\/\" target=\"_blank\">Anodized Aluminium Profile Value Frame Extrusion<\/a><\/li>\r\n<li><a href=\"https:\/\/sinoextrud.com\/product\/aluminum-track-extrusion\/\" target=\"_blank\">Aluminum Track Extrusion<\/a><\/li>\r\n<li><a href=\"https:\/\/sinoextrud.com\/product\/aluminum-trailer-decking\/\" target=\"_blank\">Aluminum Trailer Decking<\/a><\/li>\r\n<li><a href=\"https:\/\/sinoextrud.com\/product\/three-acid-oxidation-aluminium-u-shaped-channel\/\" target=\"_blank\">Three Acid Oxidation Aluminium U Shaped Channel<\/a><\/li>\r\n<li><a href=\"https:\/\/sinoextrud.com\/product\/extruded-aluminum-sections\/\" target=\"_blank\">Extruded Aluminum Sections<\/a><\/li>\r\n<li><a href=\"https:\/\/sinoextrud.com\/product\/slotted-extruded-aluminum-u-shaped-bending-punching\/\" target=\"_blank\">Slotted Extruded Aluminum U Shaped Bending Punching<\/a><\/li>\r\n<li><a href=\"https:\/\/sinoextrud.com\/product\/extruded-aluminium-channel\/\" target=\"_blank\">Extruded Aluminium Channel<\/a><\/li>\r\n<li><a href=\"https:\/\/sinoextrud.com\/product\/y-section-aluminium-extrusion\/\" target=\"_blank\">Y Section Aluminium Extrusion<\/a><\/li>\r\n<li><a href=\"https:\/\/sinoextrud.com\/product\/round-aluminum-extrusion-architeture-fabrication\/\" target=\"_blank\">Round Aluminum Extrusion Architeture Fabrication<\/a><\/li>\r\n<li><a href=\"https:\/\/sinoextrud.com\/product\/aluminum-extrusion-1060-2024-3003-5082-6061-6082-7003-7005-7075-aluminum-alloy-profile\/\" target=\"_blank\">Aluminum Extrusion 1060 2024 3003 5082 6061 6082 7003 7005 7075 Aluminum Alloy Profile<\/a><\/li>\r\n<li><a href=\"https:\/\/sinoextrud.com\/product\/aluminium-pipe\/\" target=\"_blank\">Aluminium Pipe<\/a><\/li>"},"feature_list":[]},"_links":{"self":[{"href":"https:\/\/sinoextrud.com\/fi\/wp-json\/wp\/v2\/product\/7683","targetHints":{"allow":["GET"]}}],"collection":[{"href":"https:\/\/sinoextrud.com\/fi\/wp-json\/wp\/v2\/product"}],"about":[{"href":"https:\/\/sinoextrud.com\/fi\/wp-json\/wp\/v2\/types\/product"}],"wp:featuredmedia":[{"embeddable":true,"href":"https:\/\/sinoextrud.com\/fi\/wp-json\/wp\/v2\/media\/7682"}],"wp:attachment":[{"href":"https:\/\/sinoextrud.com\/fi\/wp-json\/wp\/v2\/media?parent=7683"}],"wp:term":[{"taxonomy":"category","embeddable":true,"href":"https:\/\/sinoextrud.com\/fi\/wp-json\/wp\/v2\/categories?post=7683"}],"curies":[{"name":"wp","href":"https:\/\/api.w.org\/{rel}","templated":true}]}}