{"id":7681,"date":"2025-06-10T01:34:03","date_gmt":"2025-06-10T01:34:03","guid":{"rendered":"https:\/\/sinoextrud.com\/product\/three-acid-oxidation-aluminium-u-shaped-channel\/"},"modified":"2025-06-24T06:13:23","modified_gmt":"2025-06-24T06:13:23","slug":"kolmen-hapon-hapetus-alumiinin-u-muotoinen-kanava","status":"publish","type":"product","link":"https:\/\/sinoextrud.com\/fi\/product\/three-acid-oxidation-aluminium-u-shaped-channel\/","title":{"rendered":"Kolme hapon hapetus Alumiini U-muotoinen kanava"},"content":{"rendered":"<h2>Tuotteiden tiedot<\/h2>\n<table class=\"custom-table\">\n<tbody>\n<tr>\n<td> Kohde:<\/td>\n<td> Kolme hapon hapetus Alumiini U-muotoinen kanava<\/td>\n<td> Luokka:<\/td>\n<td> 6000-sarja 6063<\/td>\n<\/tr>\n<tr>\n<td> Temperamentti:<\/td>\n<td> 6063-T5<\/td>\n<td> Alkuper\u00e4paikka:<\/td>\n<td> Foshan, Guangdong<\/td>\n<\/tr>\n<tr>\n<td> Muoto:<\/td>\n<td> U-muotoinen kanava<\/td>\n<td> Seos tai ei:<\/td>\n<td> Alunimun-seos<\/td>\n<\/tr>\n<tr>\n<td> Suvaitsevaisuus:<\/td>\n<td> \u00b10,5%<\/td>\n<td> Tuotemerkki:<\/td>\n<td> Sinoextrud, Sinoextrud<\/td>\n<\/tr>\n<tr>\n<td> Standardi:<\/td>\n<td> keski- ja korkea laatu<\/td>\n<td> Pintak\u00e4sittely:<\/td>\n<td> jauhemaalaus, elektroforeesi, puun jyv\u00e4, anodisoitu, harjattu, kiillotus<\/td>\n<\/tr>\n<tr>\n<td> Toimitusaika:<\/td>\n<td> 25-30 p\u00e4iv\u00e4\u00e4<\/td>\n<td> MOQ:<\/td>\n<td> 200KG<\/td>\n<\/tr>\n<tr>\n<td> Maksuehto:<\/td>\n<td> T \/ T (30% talletus), L \/ C<\/td>\n<td> K\u00e4sittelypalvelu:<\/td>\n<td> Taivutus, purku, hitsaus, l\u00e4vistys, leikkaus<\/td>\n<\/tr>\n<tr>\n<td> Satama:<\/td>\n<td> Guangzhou, Shenzhen\uff0cFoshan<\/td>\n<td> Pituus::<\/td>\n<td> 1-9m tai r\u00e4\u00e4t\u00e4l\u00f6ity<\/td>\n<\/tr>\n<\/tbody>\n<\/table>\n<h2>Tuotantopohjamme<\/h2>\n<h3>Tehtaan panoraama<\/h3>\n<p><img decoding=\"async\" src=\"\/wp-content\/uploads\/factory-01.webp\"\/><\/p>\n<h3>Alumiini Bar Manufacturing Workshop<\/h3>\n<p><img decoding=\"async\" src=\"\/wp-content\/uploads\/factory-02.webp\"\/><\/p>\n<\/p>\n<p><img decoding=\"async\" src=\"\/wp-content\/uploads\/factory-03.webp\"\/><\/p>\n<h3>Muotin varastointi Varasto<\/h3>\n<p><img decoding=\"async\" src=\"\/wp-content\/uploads\/factory-04.webp\"\/><\/p>\n<h3>43 alumiinin ekstruusiolinjat (500-5500 tonnia)<\/h3>\n<p><img decoding=\"async\" src=\"\/wp-content\/uploads\/factory-05.webp\"\/><\/p>\n<p><img decoding=\"async\" src=\"\/wp-content\/uploads\/factory-06.webp\"\/><\/p>\n<p><img decoding=\"async\" src=\"\/wp-content\/uploads\/factory-07.webp\"\/><\/p>\n<h3>Jauhemaalaus ty\u00f6paja<\/h3>\n<p><img decoding=\"async\" src=\"\/wp-content\/uploads\/factory-09.webp\"\/><\/p>\n<h3>Anodisointi ty\u00f6paja<\/h3>\n<p><img decoding=\"async\" src=\"\/wp-content\/uploads\/factory-10.webp\"\/><\/p>\n<h3>Syv\u00e4k\u00e4sittelyn ty\u00f6paja<\/h3>\n<p><img decoding=\"async\" src=\"\/wp-content\/uploads\/factory-11.webp\"\/><\/p>\n<h3>CNC-tarkkuuskoneistus ty\u00f6paja<\/h3>\n<p><img decoding=\"async\" src=\"\/wp-content\/uploads\/factory-11.5.webp\"\/><\/p>\n<h3>Valmiiden tuotteiden ja vientivarasto<\/h3>\n<p><img decoding=\"async\" src=\"\/wp-content\/uploads\/factory-12.webp\"\/><\/p>\n<p><img decoding=\"async\" src=\"\/wp-content\/uploads\/factory-13.webp\"\/><\/p>\n<p><img decoding=\"async\" src=\"\/wp-content\/uploads\/factory-14.webp\"\/><\/p>\n<h2>FAQ<\/h2>\n<p><b>1.Mik\u00e4 on kolmen hapon hapetus alumiinin U-muotoinen kanava? <\/b><\/p>\n<p> Se on U-muotoinen alumiiniprofiili, joka on k\u00e4sitelty kolmen hapon hapetusprosessilla korroosionkest\u00e4vyyden, pinnan kovuuden ja pitk\u00e4ik\u00e4isyyden parantamiseksi.\n<\/p>\n<p><\/p>\n<p><b>2.Miksi k\u00e4ytt\u00e4\u00e4 kolmen hapon hapetusprosessia? <\/b><\/p>\n<p> Kolmen hapon hapetus parantaa pinnan kest\u00e4vyytt\u00e4, parantaa korroosion- ja kulutuskest\u00e4vyytt\u00e4 ja antaa alumiinikanavalle hienostuneen ulkon\u00e4\u00f6n.\n<\/p>\n<p><\/p>\n<p><b>3.Mitk\u00e4 ovat U-muotoisen alumiinikanavan edut? <\/b><\/p>\n<p> U-muotoiset kanavat tarjoavat erinomaisen tuen ja kohdistuksen rakenteellisiin, koristeellisiin ja kiinnityssovelluksiin rakentamisessa ja teollisuudessa.\n<\/p>\n<p><\/p>\n<p><b>4.Can alumiini U-kanava voidaan r\u00e4\u00e4t\u00e4l\u00f6id\u00e4? <\/b><\/p>\n<p> Kyll\u00e4, Kolme happohapotettua alumiinista U-muotoista kanavaa voidaan r\u00e4\u00e4t\u00e4l\u00f6id\u00e4 pituuden, leveyden, sein\u00e4m\u00e4n paksuuden ja viimeistelyn osalta projektin erityistarpeiden mukaan.\n<\/p>\n<p><\/p>\n<p><b>5.Onko t\u00e4m\u00e4 kanava sopiva ulkok\u00e4ytt\u00f6\u00f6n? <\/b><\/p>\n<p> Hapetusk\u00e4sittely antaa erinomaisen suojan s\u00e4\u00e4lt\u00e4 ja kosteudelta, joten se sopii erinomaisesti ulko- ja teollisuusymp\u00e4rist\u00f6ihin.\n<\/p>\n<p><\/p>\n<p><b>6.Tukeeko viimeistely esteettisi\u00e4 sovelluksia? <\/b><\/p>\n<p> Kyll\u00e4, happohapetuksesta johtuva sile\u00e4 ja tasainen pintak\u00e4sittely sopii nykyaikaiseen arkkitehtuuriin ja n\u00e4kyviin asennuksiin.\n<\/p>\n<p><\/p>\n<p><b>7.Onko tuote kevyt ja helppo asentaa? <\/b><\/p>\n<p> Kyll\u00e4, alumiinin pieni tiheys yhdistettyn\u00e4 U-kanavan muotoon takaa helpon k\u00e4sittelyn, kuljetuksen ja nopean asennuksen.\n<\/p>\n<p><\/p>\n<p><b>8.Mitk\u00e4 teollisuudenalat k\u00e4ytt\u00e4v\u00e4t yleisesti t\u00e4m\u00e4ntyyppist\u00e4 alumiinikanavaa? <\/b><\/p>\n<p> Sit\u00e4 k\u00e4ytet\u00e4\u00e4n laajalti rakentamisessa, arkkitehtuurissa, sisustussuunnittelussa ja teollisuudessa, jossa lujuus ja korroosionkest\u00e4vyys ovat v\u00e4ltt\u00e4m\u00e4tt\u00f6mi\u00e4.\n<\/p>\n<p><\/p>","protected":false},"featured_media":7680,"template":"","categories":[67],"class_list":["post-7681","product","type-product","status-publish","has-post-thumbnail","hentry","category-architectural-aluminium-profile"],"meta_box":{"hilight_text_group":{"product_hilight_text":"<li>Three acid oxidation process ensures enhanced corrosion and wear resistance.<\/li>\r\r\n<li>U-shaped aluminum channel provides strong structural support and stability.<\/li>\r\r\n<li>Refined surface finish suitable for visible architectural and industrial applications.<\/li>\r\r\n<li>Lightweight yet durable aluminum alloy reduces load without compromising strength.<\/li>\r\r\n<li>Excellent compatibility with glass, panels, and other construction materials.<\/li>\r\r\n<li>Customizable dimensions and finishes to meet various project requirements.<\/li>","product_chanpin_blog":"<ul>\r\r\n<li><a href=\"https:\/\/sinoextrud.com\/t-slot-v-slot-differences\/\" target=\"_blank\">t slot vs v slot<\/a><\/li>\r\r\n<li><a href=\"https:\/\/sinoextrud.com\/what-is-4040-aluminium-extrud\/\" target=\"_blank\">4040 aluminium extrusion<\/a><\/li>\r\r\n<li><a href=\"https:\/\/sinoextrud.com\/what-is-4040-aluminium-extrud\/\" target=\"_blank\">aluminum extrusions for industrial racks<\/a><\/li>\r\r\n<li><a href=\"https:\/\/sinoextrud.com\/powder-coating-aluminium-process\/\" target=\"_blank\">powder coating aluminium<\/a><\/li>\r\r\n<li><a href=\"https:\/\/sinoextrud.com\/what-is-an-aluminium-strip-ceiling\/\" target=\"_blank\">aluminium strip ceiling<\/a><\/li>\r\r\n<li><a href=\"https:\/\/sinoextrud.com\/what-is-a-heat-sink\/\" target=\"_blank\">what is a heat sink<\/a><\/li>\r\r\n<\/ul>","product_chanpin_chanpin":"<li><a href=\"https:\/\/sinoextrud.com\/product\/modular-extruded-aluminum-framing\/\" target=\"_blank\">Modular Extruded Aluminum Framing<\/a><\/li>\r\n<li><a href=\"https:\/\/sinoextrud.com\/product\/anodized-aluminium-profile-value-frame-extrusion\/\" target=\"_blank\">Anodized Aluminium Profile Value Frame Extrusion<\/a><\/li>\r\n<li><a href=\"https:\/\/sinoextrud.com\/product\/aluminum-track-extrusion\/\" target=\"_blank\">Aluminum Track Extrusion<\/a><\/li>\r\n<li><a href=\"https:\/\/sinoextrud.com\/product\/aluminum-trailer-decking\/\" target=\"_blank\">Aluminum Trailer Decking<\/a><\/li>\r\n<li><a href=\"https:\/\/sinoextrud.com\/product\/three-acid-oxidation-aluminium-u-shaped-channel\/\" target=\"_blank\">Three Acid Oxidation Aluminium U Shaped Channel<\/a><\/li>\r\n<li><a href=\"https:\/\/sinoextrud.com\/product\/extruded-aluminum-sections\/\" target=\"_blank\">Extruded Aluminum Sections<\/a><\/li>\r\n<li><a href=\"https:\/\/sinoextrud.com\/product\/slotted-extruded-aluminum-u-shaped-bending-punching\/\" target=\"_blank\">Slotted Extruded Aluminum U Shaped Bending Punching<\/a><\/li>\r\n<li><a href=\"https:\/\/sinoextrud.com\/product\/extruded-aluminium-channel\/\" target=\"_blank\">Extruded Aluminium Channel<\/a><\/li>\r\n<li><a href=\"https:\/\/sinoextrud.com\/product\/y-section-aluminium-extrusion\/\" target=\"_blank\">Y Section Aluminium Extrusion<\/a><\/li>\r\n<li><a href=\"https:\/\/sinoextrud.com\/product\/anodized-matt-and-various-color-extruded-construction-aluminium-profile\/\" target=\"_blank\">Anodized Matt And Various Color Extruded Construction Aluminium Profile<\/a><\/li>\r\n<li><a href=\"https:\/\/sinoextrud.com\/product\/wood-grain-aluminum-extrusion-slider\/\" target=\"_blank\">Wood Grain Aluminum Extrusion Slider<\/a><\/li>"},"feature_list":[]},"_links":{"self":[{"href":"https:\/\/sinoextrud.com\/fi\/wp-json\/wp\/v2\/product\/7681","targetHints":{"allow":["GET"]}}],"collection":[{"href":"https:\/\/sinoextrud.com\/fi\/wp-json\/wp\/v2\/product"}],"about":[{"href":"https:\/\/sinoextrud.com\/fi\/wp-json\/wp\/v2\/types\/product"}],"wp:featuredmedia":[{"embeddable":true,"href":"https:\/\/sinoextrud.com\/fi\/wp-json\/wp\/v2\/media\/7680"}],"wp:attachment":[{"href":"https:\/\/sinoextrud.com\/fi\/wp-json\/wp\/v2\/media?parent=7681"}],"wp:term":[{"taxonomy":"category","embeddable":true,"href":"https:\/\/sinoextrud.com\/fi\/wp-json\/wp\/v2\/categories?post=7681"}],"curies":[{"name":"wp","href":"https:\/\/api.w.org\/{rel}","templated":true}]}}