{"id":7654,"date":"2025-06-09T07:53:44","date_gmt":"2025-06-09T07:53:44","guid":{"rendered":"https:\/\/sinoextrud.com\/product\/indoor-and-outdoor-aluminium-louver-profile\/"},"modified":"2025-06-24T06:13:20","modified_gmt":"2025-06-24T06:13:20","slug":"sisa-ja-ulkokayttoon-tarkoitettu-alumiininen-saleikkoprofiili","status":"publish","type":"product","link":"https:\/\/sinoextrud.com\/fi\/product\/indoor-and-outdoor-aluminium-louver-profile\/","title":{"rendered":"Sis\u00e4- ja ulkok\u00e4ytt\u00f6\u00f6n tarkoitettu alumiininen s\u00e4leikk\u00f6profiili"},"content":{"rendered":"<h2>Tuotteiden tiedot<\/h2>\n<table class=\"custom-table\">\n<tr>\n<td class=\"label\">Merkki<\/td>\n<td>Kiina Sinoextrud alumiiniprofiili<\/td>\n<\/tr>\n<tr>\n<td class=\"label\">Tuotteen tyyppi<\/td>\n<td>sis\u00e4- ja ulkok\u00e4ytt\u00f6\u00f6n tarkoitettu alumiininen s\u00e4leikk\u00f6profiili<\/td>\n<\/tr>\n<tr>\n<td class=\"label\">Luokka<\/td>\n<td>6000-sarjan alumiiniseos<\/td>\n<\/tr>\n<tr>\n<td class=\"label\">Temper<\/td>\n<td>T3-T8<\/td>\n<\/tr>\n<tr>\n<td class=\"label\">Palvelut<\/td>\n<td>tukku\/OEM\/ODM. CNC korkean tarkkuuden mukautettu valmistus<\/td>\n<\/tr>\n<tr>\n<td class=\"label\">Koko<\/td>\n<td>vaatimuksemme mukaan<\/td>\n<\/tr>\n<tr>\n<td class=\"label\">Suvaitsevaisuus<\/td>\n<td>yhteinen alumiiniprofiili: \u00b10.1mm<br \/>\neritt\u00e4in tarkka alumiiniprofiili: \u00b10.03mm<br \/>\nVoit hankkia n\u00e4ytteen sen tarkkuuden tarkastamiseksi.<\/td>\n<\/tr>\n<tr>\n<td class=\"label\">Pintak\u00e4sittely<\/td>\n<td>anodisoitu, jauhemaalaus, kiillotus, harjaus, hiekkapuhallus, puunjyv\u00e4, PVDF-pinnoite, fluorihiilipinnoite, elektroforeesi jne.<\/td>\n<\/tr>\n<tr>\n<td class=\"label\">Viralliset sertifikaatit<\/td>\n<td>ISO 9001, ISO 14001, CE , TUV , SGS, ROHS; BV-materiaalin sertifiointi; kansallisen GB5237-2017-standardin l\u00e4pik\u00e4yminen.<\/td>\n<\/tr>\n<tr>\n<td class=\"label\">Ammattik\u00e4ytt\u00f6\u00f6n tarkoitetut laitteet<\/td>\n<td>(1) yksi tehdas, jonka pinta-ala on yli 100 000 neli\u00f6metri\u00e4.<br \/>\n(2) kaksikymment\u00e4viisi kehittynyt alumiini puristamiseen laitteet (600 tonnia 2500 tonnia)<br \/>\n(3) kaksi hiekkapuhalluslaitetta<br \/>\n(4) kaksi anodisointilinjaa (Japani)<br \/>\n(5) kaksi elektroforeettisen pinnoitteen tuotantolinjaa (Korea)<br \/>\n(6) kaksi jauhemaalin tuotantolinjaa (Saksa)<br \/>\n(7) yksi puunjyvien tuotantolinja (Korea)<br \/>\n(8) kuusi ammattimaista CNC-ty\u00f6st\u00f6laitetta<br \/>\n(9) kahdeksan energians\u00e4\u00e4st\u00f6\u00e4 ja l\u00e4mm\u00f6neristyst\u00e4 koskevaa tuotantolinjaa (Sveitsi)<br \/>\n(10) kaksi alumiinitankojen sulatus- ja valuty\u00f6pajaa, joiden tuotantoarvo on 80 000 tonnia.<\/td>\n<\/tr>\n<tr>\n<td class=\"label\">Tuotteen edut<\/td>\n<td>pystyy tuottamaan eritt\u00e4in suuria alumiiniprofiileja yli 500 mm.<\/td>\n<\/tr>\n<tr>\n<td class=\"label\">Home<\/td>\n<td>varastossa yli 30 000 muottia<\/td>\n<\/tr>\n<tr>\n<td class=\"label\">Tuotantokapasiteetti<\/td>\n<td>tuotanto 200 000 tonnia alumiiniprofiileja vuodessa<\/td>\n<\/tr>\n<\/table>\n<h2>Tuotantopohjamme<\/h2>\n<h3>Tehtaan panoraama<\/h3>\n<p><img decoding=\"async\" src=\"\/wp-content\/uploads\/factory-01.webp\"\/><\/p>\n<h3>Alumiini Bar Manufacturing Workshop<\/h3>\n<p><img decoding=\"async\" src=\"\/wp-content\/uploads\/factory-02.webp\"\/><\/p>\n<\/p>\n<p><img decoding=\"async\" src=\"\/wp-content\/uploads\/factory-03.webp\"\/><\/p>\n<h3>Muotin varastointi Varasto<\/h3>\n<p><img decoding=\"async\" src=\"\/wp-content\/uploads\/factory-04.webp\"\/><\/p>\n<h3>43 alumiinin ekstruusiolinjat (500-5500 tonnia)<\/h3>\n<p><img decoding=\"async\" src=\"\/wp-content\/uploads\/factory-05.webp\"\/><\/p>\n<p><img decoding=\"async\" src=\"\/wp-content\/uploads\/factory-06.webp\"\/><\/p>\n<p><img decoding=\"async\" src=\"\/wp-content\/uploads\/factory-07.webp\"\/><\/p>\n<h3>Jauhemaalaus ty\u00f6paja<\/h3>\n<p><img decoding=\"async\" src=\"\/wp-content\/uploads\/factory-09.webp\"\/><\/p>\n<h3>Anodisointi ty\u00f6paja<\/h3>\n<p><img decoding=\"async\" src=\"\/wp-content\/uploads\/factory-10.webp\"\/><\/p>\n<h3>Syv\u00e4k\u00e4sittelyn ty\u00f6paja<\/h3>\n<p><img decoding=\"async\" src=\"\/wp-content\/uploads\/factory-11.webp\"\/><\/p>\n<h3>CNC-tarkkuuskoneistus ty\u00f6paja<\/h3>\n<p><img decoding=\"async\" src=\"\/wp-content\/uploads\/factory-11.5.webp\"\/><\/p>\n<h3>Valmiiden tuotteiden ja vientivarasto<\/h3>\n<p><img decoding=\"async\" src=\"\/wp-content\/uploads\/factory-12.webp\"\/><\/p>\n<p><img decoding=\"async\" src=\"\/wp-content\/uploads\/factory-13.webp\"\/><\/p>\n<p><img decoding=\"async\" src=\"\/wp-content\/uploads\/factory-14.webp\"\/><\/p>\n<h2>FAQ<\/h2>\n<p><b>1.Mik\u00e4 on sis\u00e4- ja ulkok\u00e4ytt\u00f6\u00f6n tarkoitettu alumiiniprofiili?<\/b><\/p>\n<p>Se on monipuolinen alumiiniprofiili, jota k\u00e4ytet\u00e4\u00e4n luomaan s\u00e4leikk\u00f6j\u00e4rjestelmi\u00e4, jotka tarjoavat ilmanvaihtoa, varjostusta ja yksityisyytt\u00e4 sek\u00e4 sis\u00e4- ett\u00e4 ulkok\u00e4ytt\u00f6\u00f6n.\n<\/p>\n<p><\/p>\n<p><b>2.Mitk\u00e4 ovat alumiiniprofiilien edut?<\/b><\/p>\n<p>Ne tarjoavat kevytt\u00e4 lujuutta, korroosionkest\u00e4vyytt\u00e4, suunnittelun joustavuutta ja v\u00e4h\u00e4ist\u00e4 huoltoa pitk\u00e4aikaiseen k\u00e4ytt\u00f6\u00f6n.\n<\/p>\n<p><\/p>\n<p><b>3.Voiko n\u00e4it\u00e4 s\u00e4lekaihtimia k\u00e4ytt\u00e4\u00e4 ulkona kaikissa s\u00e4\u00e4olosuhteissa?<\/b><\/p>\n<p>Kyll\u00e4, korroosionkest\u00e4v\u00e4 alumiinipinta tekee niist\u00e4 ihanteelliset sateelle, auringolle ja kosteudelle altistumiseen.\n<\/p>\n<p><\/p>\n<p><b>4.Ovatko r\u00e4\u00e4t\u00e4l\u00f6idyt s\u00e4leik\u00f6t saatavilla?<\/b><\/p>\n<p>Kyll\u00e4, tarjoamme r\u00e4\u00e4t\u00e4l\u00f6ityj\u00e4 ter\u00e4kulmia, kokoja, v\u00e4rej\u00e4 ja viimeistelyj\u00e4 arkkitehtonisten ja toiminnallisten tarpeiden mukaan.\n<\/p>\n<p><\/p>\n<p><b>5.Mitk\u00e4 sovellukset soveltuvat sis\u00e4- ja ulkotiloissa k\u00e4ytett\u00e4viin s\u00e4lekaihtimiin?<\/b><\/p>\n<p>Yleisi\u00e4 k\u00e4ytt\u00f6kohteita ovat esimerkiksi rakennusten julkisivut, yksityisyydensuojat, kattoelementit, aurinkovarjot ja LVI-kotelot.\n<\/p>\n<p><\/p>\n<p><b>6.Tarjoatteko sek\u00e4 kiinteit\u00e4 ett\u00e4 s\u00e4\u00e4dett\u00e4vi\u00e4 s\u00e4lekaihtimia?<\/b><\/p>\n<p>Kyll\u00e4, valmistamme sek\u00e4 kiinte\u00e4sti asennettuja ett\u00e4 s\u00e4\u00e4dett\u00e4vi\u00e4 s\u00e4leikk\u00f6j\u00e4 ilmavirtauksen ja varjostusvaatimusten mukaan.\n<\/p>\n<p><\/p>\n<p><b>7.Is alumiini helppo asentaa ja yll\u00e4pit\u00e4\u00e4?<\/b><\/p>\n<p>Kyll\u00e4, alumiini on kevytt\u00e4 ja helppoa koota, ja se vaatii vain v\u00e4h\u00e4n puhdistusta tai huoltoa.\n<\/p>\n<p><\/p>\n<p><b>8.Mit\u00e4 pintak\u00e4sittelyj\u00e4 alumiiniprofiileihin on saatavana?<\/b><\/p>\n<p>Viimeistelyyn kuuluvat anodisoidut, pulverimaalattu, harjattu ja mukautetut RAL-v\u00e4rit esteettisyyden ja ymp\u00e4rist\u00f6nsuojelun varmistamiseksi.\n<\/p>\n<p><\/p>","protected":false},"featured_media":7653,"template":"","categories":[67],"class_list":["post-7654","product","type-product","status-publish","has-post-thumbnail","hentry","category-architectural-aluminium-profile"],"meta_box":{"hilight_text_group":{"product_hilight_text":"<li>Durable aluminum construction suitable for both indoor and outdoor environments<\/li>\r\r\n<li>Corrosion-resistant finish ensures long-term weather protection<\/li>\r\r\n<li>Provides effective ventilation, sun shading, and privacy<\/li>\r\r\n<li>Available in fixed and adjustable louver designs<\/li>\r\r\n<li>Lightweight for easy installation and structural flexibility<\/li>\r\r\n<li>Custom sizes, blade shapes, and finishes available<\/li>\r\r\n<li>Ideal for fa?ades, partitions, ceilings, and decorative screens<\/li>","product_chanpin_blog":"<ul>\r\r\n<li><a href=\"https:\/\/sinoextrud.com\/t-slot-v-slot-differences\/\" target=\"_blank\">t slot vs v slot<\/a><\/li>\r\r\n<li><a href=\"https:\/\/sinoextrud.com\/what-is-4040-aluminium-extrud\/\" target=\"_blank\">4040 aluminium extrusion<\/a><\/li>\r\r\n<li><a href=\"https:\/\/sinoextrud.com\/what-is-4040-aluminium-extrud\/\" target=\"_blank\">aluminum extrusions for industrial racks<\/a><\/li>\r\r\n<li><a href=\"https:\/\/sinoextrud.com\/powder-coating-aluminium-process\/\" target=\"_blank\">powder coating aluminium<\/a><\/li>\r\r\n<li><a href=\"https:\/\/sinoextrud.com\/what-is-an-aluminium-strip-ceiling\/\" target=\"_blank\">aluminium strip ceiling<\/a><\/li>\r\r\n<li><a href=\"https:\/\/sinoextrud.com\/what-is-a-heat-sink\/\" target=\"_blank\">what is a heat sink<\/a><\/li>\r\r\n<\/ul>","product_chanpin_chanpin":"<li><a href=\"https:\/\/sinoextrud.com\/product\/colorful-brushed-aluminium-photo-frame-manufacturer\/\" target=\"_blank\">Colorful Brushed Aluminium Photo Frame Manufacturer<\/a><\/li>\r\n<li><a href=\"https:\/\/sinoextrud.com\/product\/aluminum-shutter-extrusion-profiles\/\" target=\"_blank\">Aluminum Shutter Extrusion Profiles<\/a><\/li>\r\n<li><a href=\"https:\/\/sinoextrud.com\/product\/aluminum-profile-shutter\/\" target=\"_blank\">Aluminum Profile Shutter<\/a><\/li>\r\n<li><a href=\"https:\/\/sinoextrud.com\/product\/gb-matt-anodized-aluminium\/\" target=\"_blank\">GB Matt Anodized Aluminium<\/a><\/li>\r\n<li><a href=\"https:\/\/sinoextrud.com\/product\/indoor-and-outdoor-aluminium-louver-profile\/\" target=\"_blank\">Indoor and Outdoor Aluminium Louver Profile<\/a><\/li>\r\n<li><a href=\"https:\/\/sinoextrud.com\/product\/aluminum-profiles-anodized-for-cabinet-furniture-protection\/\" target=\"_blank\">Aluminum Profiles Anodized For Cabinet Furniture Protection<\/a><\/li>\r\n<li><a href=\"https:\/\/sinoextrud.com\/product\/extruded-aluminium-track\/\" target=\"_blank\">Extruded Aluminium Track<\/a><\/li>\r\n<li><a href=\"https:\/\/sinoextrud.com\/product\/aluminum-quarter-round-trim\/\" target=\"_blank\">Aluminum Quarter Round Trim<\/a><\/li>\r\n<li><a href=\"https:\/\/sinoextrud.com\/product\/aluminum-rail-profile-precision\/\" target=\"_blank\">Aluminum Rail Profile Precision<\/a><\/li>\r\n<li><a href=\"https:\/\/sinoextrud.com\/product\/extruded-aluminum-louver-blade-profile\/\" target=\"_blank\">Extruded Aluminum Louver Blade Profile<\/a><\/li>\r\n<li><a href=\"https:\/\/sinoextrud.com\/product\/solar-aluminium-profiles\/\" target=\"_blank\">Solar Aluminium Profiles<\/a><\/li>"},"feature_list":[]},"_links":{"self":[{"href":"https:\/\/sinoextrud.com\/fi\/wp-json\/wp\/v2\/product\/7654","targetHints":{"allow":["GET"]}}],"collection":[{"href":"https:\/\/sinoextrud.com\/fi\/wp-json\/wp\/v2\/product"}],"about":[{"href":"https:\/\/sinoextrud.com\/fi\/wp-json\/wp\/v2\/types\/product"}],"wp:featuredmedia":[{"embeddable":true,"href":"https:\/\/sinoextrud.com\/fi\/wp-json\/wp\/v2\/media\/7653"}],"wp:attachment":[{"href":"https:\/\/sinoextrud.com\/fi\/wp-json\/wp\/v2\/media?parent=7654"}],"wp:term":[{"taxonomy":"category","embeddable":true,"href":"https:\/\/sinoextrud.com\/fi\/wp-json\/wp\/v2\/categories?post=7654"}],"curies":[{"name":"wp","href":"https:\/\/api.w.org\/{rel}","templated":true}]}}