{"id":7648,"date":"2025-06-09T07:22:21","date_gmt":"2025-06-09T07:22:21","guid":{"rendered":"https:\/\/sinoextrud.com\/product\/aluminum-shutter-extrusion-profiles\/"},"modified":"2025-06-24T06:13:19","modified_gmt":"2025-06-24T06:13:19","slug":"alumiiniset-ikkunaluukkujen-suulakepuristusprofiilit","status":"publish","type":"product","link":"https:\/\/sinoextrud.com\/fi\/product\/aluminum-shutter-extrusion-profiles\/","title":{"rendered":"Alumiiniset ikkunaluukkujen ekstruusioprofiilit"},"content":{"rendered":"<h2>Tuotteiden tiedot<\/h2>\n<table class=\"custom-table\">\n<tbody>\n<tr>\n<td> Tuotteen nimi<\/td>\n<td> Alumiiniset ikkunaluukkujen ekstruusioprofiilit<\/td>\n<\/tr>\n<tr>\n<td> Materiaali<\/td>\n<td> 6063-T5<\/td>\n<\/tr>\n<tr>\n<td> Muoto&amp;Koko<\/td>\n<td> Asiakkaan toimittaman piirustuksen tai n\u00e4ytteen mukaan<\/td>\n<\/tr>\n<tr>\n<td> Paksuus<\/td>\n<td> 1.0mm-10mm<\/td>\n<\/tr>\n<tr>\n<td> Pituus<\/td>\n<td> Vakio 1-9M, erikoispituus saatavilla<\/td>\n<\/tr>\n<tr>\n<td> Tyypilliset sovellukset<\/td>\n<td> Sulkimet, s\u00e4lekaihtimet, verhosein\u00e4 ja tehd\u00e4 p\u00e4\u00e4lle<\/td>\n<\/tr>\n<tr>\n<td> Mukautettu tyyppi<\/td>\n<td> Asiakkaan toimittama piirustus tai n\u00e4yte<\/td>\n<\/tr>\n<tr>\n<td> Syv\u00e4 prosessi<\/td>\n<td> CNC-jyrsint\u00e4, poraus, l\u00e4vistys, poraus, napauttaminen, taivutus, hitsaus jne.<\/td>\n<\/tr>\n<tr>\n<td> Merkki<\/td>\n<td> Sinoextrud, Sinoextrud,, r\u00e4\u00e4t\u00e4l\u00f6ity tavaramerkki avalaibleble.<\/td>\n<\/tr>\n<tr>\n<td> Pinta viimeistelty<\/td>\n<td> Mill viimeistelty, puunjyv\u00e4, anodisoitu, jauhemaalattu jne.<\/td>\n<\/tr>\n<tr>\n<td> V\u00e4ri<\/td>\n<td> Hopea, musta, samppanja jne.<\/td>\n<\/tr>\n<tr>\n<td> MOQ<\/td>\n<td> 200KG<\/td>\n<\/tr>\n<tr>\n<td> Laatustandardi<\/td>\n<td> Korkea laatutaso<\/td>\n<\/tr>\n<tr>\n<td> Todistukset<\/td>\n<td> ISO9001, ISO4001, CQM, SGS, CE, BV jne.<\/td>\n<\/tr>\n<tr>\n<td> Kapasiteetti<\/td>\n<td> 3000 tonnia kuukaudessa<\/td>\n<\/tr>\n<\/tbody>\n<\/table>\n<h2>Tuotantopohjamme<\/h2>\n<h3>Tehtaan panoraama<\/h3>\n<p><img decoding=\"async\" src=\"\/wp-content\/uploads\/factory-01.webp\"\/><\/p>\n<h3>Alumiini Bar Manufacturing Workshop<\/h3>\n<p><img decoding=\"async\" src=\"\/wp-content\/uploads\/factory-02.webp\"\/><\/p>\n<p><img decoding=\"async\" src=\"\/wp-content\/uploads\/factory-03.webp\"\/><\/p>\n<h3>Muotin varastointi Varasto<\/h3>\n<p><img decoding=\"async\" src=\"\/wp-content\/uploads\/factory-04.webp\"\/><\/p>\n<h3>43 Alumiini ekstruusiolinjat (500\u00e2 5500 tonnia)<\/h3>\n<p><img decoding=\"async\" src=\"\/wp-content\/uploads\/factory-05.webp\"\/><\/p>\n<p><img decoding=\"async\" src=\"\/wp-content\/uploads\/factory-06.webp\"\/><\/p>\n<p><img decoding=\"async\" src=\"\/wp-content\/uploads\/factory-07.webp\"\/><\/p>\n<h3>Jauhemaalaus ty\u00f6paja<\/h3>\n<p><img decoding=\"async\" src=\"\/wp-content\/uploads\/factory-09.webp\"\/><\/p>\n<h3>Anodisointi ty\u00f6paja<\/h3>\n<p><img decoding=\"async\" src=\"\/wp-content\/uploads\/factory-10.webp\"\/><\/p>\n<h3>Syv\u00e4k\u00e4sittelyn ty\u00f6paja<\/h3>\n<p><img decoding=\"async\" src=\"\/wp-content\/uploads\/factory-11.webp\"\/><\/p>\n<h3>CNC-tarkkuuskoneistus ty\u00f6paja<\/h3>\n<p><img decoding=\"async\" src=\"\/wp-content\/uploads\/factory-11.5.webp\"\/><\/p>\n<h3>Valmiiden tuotteiden ja vientivarasto<\/h3>\n<p><img decoding=\"async\" src=\"\/wp-content\/uploads\/factory-12.webp\"\/><\/p>\n<p><img decoding=\"async\" src=\"\/wp-content\/uploads\/factory-13.webp\"\/><\/p>\n<p><img decoding=\"async\" src=\"\/wp-content\/uploads\/factory-14.webp\"\/><\/p>\n<h2>FAQ<\/h2>\n<p><p><b>1.What ovat alumiini Shutter ekstruusioprofiilit?<\/b><\/p>\n<p>Alumiiniset ikkunaluukkujen suulakepuristusprofiilit ovat erityisesti suunniteltuja alumiiniprofiileja, joita k\u00e4ytet\u00e4\u00e4n ikkunoiden ja ovien ikkunaluukkujen valmistuksessa kest\u00e4vyyden ja toimivuuden varmistamiseksi.<br \/>\n<\/p><br \/>\n<br \/>\n<p><b>2.Mitk\u00e4 ovat alumiinisten suljinprofiilien edut?<\/b><\/p>\n<p>Ne tarjoavat kevytt\u00e4 lujuutta, korroosionkest\u00e4vyytt\u00e4, suunnittelun joustavuutta ja ovat puuhun tai ter\u00e4kseen verrattuna v\u00e4h\u00e4n huoltoa vaativia.<br \/>\n<\/p><br \/>\n<br \/>\n<p><b>3.Voiko alumiinisia suljinprofiileja k\u00e4ytt\u00e4\u00e4 ulkona?<\/b><\/p>\n<p>Kyll\u00e4, ne ovat korroosionkest\u00e4vi\u00e4 ja s\u00e4\u00e4nkest\u00e4vi\u00e4, joten ne sopivat erinomaisesti sek\u00e4 sis\u00e4- ett\u00e4 ulkos\u00e4leikk\u00f6ihin.<br \/>\n<\/p><br \/>\n<br \/>\n<p><b>4.Ovatko erilaiset viimeistelyt ja v\u00e4rit saatavilla?<\/b><\/p>\n<p>Kyll\u00e4, tarjoamme pulverimaalattuja, anodisoituja ja puukuvioisia pinnoitteita useissa eri v\u00e4reiss\u00e4, jotta ne sopivat muotoilutottumuksiin.<br \/>\n<\/p><br \/>\n<br \/>\n<p><b>5.Voiko n\u00e4it\u00e4 profiileja mukauttaa?<\/b><\/p>\n<p>Kyll\u00e4, tarjoamme r\u00e4\u00e4t\u00e4l\u00f6ityj\u00e4 pituuksia, ter\u00e4malleja ja asennuskokoonpanoja arkkitehtonisten tai toiminnallisten tarpeiden mukaan.<br \/>\n<\/p><br \/>\n<br \/>\n<p><b>6.Soveltuvatko alumiiniset ikkunaluukut ilmanvaihtoon ja auringonvalon hallintaan?<\/b><\/p>\n<p>Ehdottomasti, ne on suunniteltu parantamaan ilmavirtausta ja tarjoamaan samalla varjoa ja yksityisyytt\u00e4.<br \/>\n<\/p><br \/>\n<br \/>\n<p><b>7.Tarjoatteko profiileja sek\u00e4 kiinteisiin ett\u00e4 s\u00e4\u00e4dett\u00e4viin ikkunaluukkuihin?<\/b><\/p>\n<p>Kyll\u00e4, suulakepuristusprofiilimme tukevat sek\u00e4 kiinteit\u00e4 ett\u00e4 s\u00e4\u00e4dett\u00e4vi\u00e4 s\u00e4lekaihtimia.<br \/>\n<\/p><br \/>\n<br \/>\n<p><b>8.Miss\u00e4 alumiinisia suljinprofiileja k\u00e4ytet\u00e4\u00e4n yleisesti?<\/b><\/p>\n<p>Niit\u00e4 k\u00e4ytet\u00e4\u00e4n laajalti asuinhuoneiden ikkunoissa, liikerakennuksissa, julkisivuissa, parvekkeilla ja yksityisyydensuojissa.<br \/>\n<\/p><br \/><\/p>","protected":false},"featured_media":7647,"template":"","categories":[67],"class_list":["post-7648","product","type-product","status-publish","has-post-thumbnail","hentry","category-architectural-aluminium-profile"],"meta_box":{"hilight_text_group":{"product_hilight_text":"<li>High-strength aluminum construction ensures long-term durability<\/li>\r\r\n<li>Corrosion-resistant for indoor and outdoor shutter applications<\/li>\r\r\n<li>Lightweight material allows easy handling and installation<\/li>\r\r\n<li>Available in a variety of profiles, finishes, and colors<\/li>\r\r\n<li>Supports both fixed and adjustable shutter systems<\/li>\r\r\n<li>Custom lengths and designs available for project-specific needs<\/li>\r\r\n<li>Enhances ventilation, sun shading, and privacy control<\/li>","product_chanpin_blog":"<ul>\r\r\n<li><a href=\"https:\/\/sinoextrud.com\/t-slot-v-slot-differences\/\" target=\"_blank\">t slot vs v slot<\/a><\/li>\r\r\n<li><a href=\"https:\/\/sinoextrud.com\/what-is-4040-aluminium-extrud\/\" target=\"_blank\">4040 aluminium extrusion<\/a><\/li>\r\r\n<li><a href=\"https:\/\/sinoextrud.com\/what-is-4040-aluminium-extrud\/\" target=\"_blank\">aluminum extrusions for industrial racks<\/a><\/li>\r\r\n<li><a href=\"https:\/\/sinoextrud.com\/powder-coating-aluminium-process\/\" target=\"_blank\">powder coating aluminium<\/a><\/li>\r\r\n<li><a href=\"https:\/\/sinoextrud.com\/what-is-an-aluminium-strip-ceiling\/\" target=\"_blank\">aluminium strip ceiling<\/a><\/li>\r\r\n<li><a href=\"https:\/\/sinoextrud.com\/what-is-a-heat-sink\/\" target=\"_blank\">what is a heat sink<\/a><\/li>\r\r\n<\/ul>","product_chanpin_chanpin":"<li><a href=\"https:\/\/sinoextrud.com\/product\/powder-coated-wooden-grain-aluminium-shutter-profile\/\" target=\"_blank\">Powder Coated Wooden Grain Aluminium Shutter Profile<\/a><\/li>\r\n<li><a href=\"https:\/\/sinoextrud.com\/product\/aluminum-profile-for-shower-enclosure\/\" target=\"_blank\">Aluminum Profile For Shower Enclosure<\/a><\/li>\r\n<li><a href=\"https:\/\/sinoextrud.com\/product\/wall-aluminum-profile-decoration-t-shaped-edge-trim\/\" target=\"_blank\">Wall Aluminum Profile Decoration T Shaped Edge Trim<\/a><\/li>\r\n<li><a href=\"https:\/\/sinoextrud.com\/product\/colorful-brushed-aluminium-photo-frame-manufacturer\/\" target=\"_blank\">Colorful Brushed Aluminium Photo Frame Manufacturer<\/a><\/li>\r\n<li><a href=\"https:\/\/sinoextrud.com\/product\/aluminum-shutter-extrusion-profiles\/\" target=\"_blank\">Aluminum Shutter Extrusion Profiles<\/a><\/li>\r\n<li><a href=\"https:\/\/sinoextrud.com\/product\/aluminum-profile-shutter\/\" target=\"_blank\">Aluminum Profile Shutter<\/a><\/li>\r\n<li><a href=\"https:\/\/sinoextrud.com\/product\/gb-matt-anodized-aluminium\/\" target=\"_blank\">GB Matt Anodized Aluminium<\/a><\/li>\r\n<li><a href=\"https:\/\/sinoextrud.com\/product\/indoor-and-outdoor-aluminium-louver-profile\/\" target=\"_blank\">Indoor and Outdoor Aluminium Louver Profile<\/a><\/li>\r\n<li><a href=\"https:\/\/sinoextrud.com\/product\/aluminum-profiles-anodized-for-cabinet-furniture-protection\/\" target=\"_blank\">Aluminum Profiles Anodized For Cabinet Furniture Protection<\/a><\/li>\r\n<li><a href=\"https:\/\/sinoextrud.com\/product\/aluminum-extrusion-box\/\" target=\"_blank\">aluminum extrusion box<\/a><\/li>\r\n<li><a href=\"https:\/\/sinoextrud.com\/product\/extruded-aluminum-flat-bar-6061-7075\/\" target=\"_blank\">Extruded Aluminum Flat Bar 6061 7075<\/a><\/li>"},"feature_list":[]},"_links":{"self":[{"href":"https:\/\/sinoextrud.com\/fi\/wp-json\/wp\/v2\/product\/7648","targetHints":{"allow":["GET"]}}],"collection":[{"href":"https:\/\/sinoextrud.com\/fi\/wp-json\/wp\/v2\/product"}],"about":[{"href":"https:\/\/sinoextrud.com\/fi\/wp-json\/wp\/v2\/types\/product"}],"wp:featuredmedia":[{"embeddable":true,"href":"https:\/\/sinoextrud.com\/fi\/wp-json\/wp\/v2\/media\/7647"}],"wp:attachment":[{"href":"https:\/\/sinoextrud.com\/fi\/wp-json\/wp\/v2\/media?parent=7648"}],"wp:term":[{"taxonomy":"category","embeddable":true,"href":"https:\/\/sinoextrud.com\/fi\/wp-json\/wp\/v2\/categories?post=7648"}],"curies":[{"name":"wp","href":"https:\/\/api.w.org\/{rel}","templated":true}]}}