{"id":7642,"date":"2025-06-09T07:13:43","date_gmt":"2025-06-09T07:13:43","guid":{"rendered":"https:\/\/sinoextrud.com\/product\/aluminum-profile-for-shower-enclosure\/"},"modified":"2025-06-24T06:13:18","modified_gmt":"2025-06-24T06:13:18","slug":"alumiiniprofiili-suihkukaappia-varten","status":"publish","type":"product","link":"https:\/\/sinoextrud.com\/fi\/product\/aluminum-profile-for-shower-enclosure\/","title":{"rendered":"Alumiiniprofiili suihkukaapille"},"content":{"rendered":"<h2>Tuotteiden tiedot<\/h2>\n<table class=\"custom-table\">\n<tbody>\n<tr>\n<td> Tuotteen nimi<\/td>\n<td> Alumiiniprofiili suihkukaapille<\/td>\n<\/tr>\n<tr>\n<td> Tuotevalikoima<\/td>\n<td> alumiiniprofiilit suihkukaapille, alumiiniprofiilin kiillotus, alumiinilasi-profiili, alumiiniprofiili per kg, alumiiniprofiilien kemiallinen kiillotus jne., jne.<\/td>\n<\/tr>\n<tr>\n<td> Tuotteen tyyppi<\/td>\n<td> alumiini U-kanava, kiillotus alumiiniprofiili, alumiini lasiprofiili, kristalli meripihka profiilit, jne.<\/td>\n<\/tr>\n<tr>\n<td> Alumiiniseos<\/td>\n<td> 6000-sarjan alumiini<\/td>\n<\/tr>\n<tr>\n<td> Temper<\/td>\n<td> T3-T8<\/td>\n<\/tr>\n<tr>\n<td> Muoto<\/td>\n<td> U-muotoinen tai r\u00e4\u00e4t\u00e4l\u00f6inti<\/td>\n<\/tr>\n<tr>\n<td> V\u00e4ri<\/td>\n<td> Kiillotus tai r\u00e4\u00e4t\u00e4l\u00f6inti<\/td>\n<\/tr>\n<tr>\n<td> Koko<\/td>\n<td> 1-9m, tai r\u00e4\u00e4t\u00e4l\u00f6inti<\/td>\n<\/tr>\n<tr>\n<td> Hakemus<\/td>\n<td> Huonekalut, ikkunat ja ovet, sisustus, teollisuus, rakentaminen jne.<\/td>\n<\/tr>\n<tr>\n<td> Pintak\u00e4sittely<\/td>\n<td> viimeistelty, anodisoitu, puukuvioitu, tehopinnoitus, hiekkapuhallus, elektroforeesi, harjaus, kiillotus jne.<\/td>\n<\/tr>\n<tr>\n<td> CNC-syv\u00e4k\u00e4sittely<\/td>\n<td> leikkaaminen, poraaminen, koneistaminen, l\u00e4vist\u00e4minen, taivuttaminen, napauttaminen jne.<\/td>\n<\/tr>\n<tr>\n<td> Sertifikaatit<\/td>\n<td> CE, ISO, SGS, TUV, ROHS<\/td>\n<\/tr>\n<tr>\n<td> N\u00e4ytteet<\/td>\n<td> ilmainen n\u00e4yte. 1-3 p\u00e4iv\u00e4\u00e4 toimitetaan sinulle.<\/td>\n<\/tr>\n<tr>\n<td> MOQ<\/td>\n<td> 200 kg kutakin profiilia kohti<\/td>\n<\/tr>\n<tr>\n<td> Standardi<\/td>\n<td> keski- ja korkealaatuinen alumiiniprofiili<\/td>\n<\/tr>\n<tr>\n<td> Toimitusaika<\/td>\n<td> Muotin kehitt\u00e4minen ja n\u00e4ytteen muotoilu kest\u00e4\u00e4 12-15 p\u00e4iv\u00e4\u00e4, sitten tuotannon kesto on 15-25 p\u00e4iv\u00e4\u00e4 ostajan talletuksen vastaanottamisen j\u00e4lkeen.<\/td>\n<\/tr>\n<tr>\n<td> Maksuehdot<\/td>\n<td> 30% talletus ennen tuotantoa ja saldo ennen l\u00e4hetyst\u00e4.<\/td>\n<\/tr>\n<tr>\n<td> Satama<\/td>\n<td> FOB Shenzhen, Guangzhou, Foshan.<\/td>\n<\/tr>\n<\/tbody>\n<\/table>\n<h2>Tuotantopohjamme<\/h2>\n<h3>Tehtaan panoraama<\/h3>\n<p><img decoding=\"async\" src=\"\/wp-content\/uploads\/factory-01.webp\"\/><\/p>\n<h3>Alumiini Bar Manufacturing Workshop<\/h3>\n<p><img decoding=\"async\" src=\"\/wp-content\/uploads\/factory-02.webp\"\/><\/p>\n<p><img decoding=\"async\" src=\"\/wp-content\/uploads\/factory-03.webp\"\/><\/p>\n<h3>Muotin varastointi Varasto<\/h3>\n<p><img decoding=\"async\" src=\"\/wp-content\/uploads\/factory-04.webp\"\/><\/p>\n<h3>43 alumiinin ekstruusiolinjat (500-5500 tonnia)<\/h3>\n<p><img decoding=\"async\" src=\"\/wp-content\/uploads\/factory-05.webp\"\/><\/p>\n<p><img decoding=\"async\" src=\"\/wp-content\/uploads\/factory-06.webp\"\/><\/p>\n<p><img decoding=\"async\" src=\"\/wp-content\/uploads\/factory-07.webp\"\/><\/p>\n<h3>Jauhemaalaus ty\u00f6paja<\/h3>\n<p><img decoding=\"async\" src=\"\/wp-content\/uploads\/factory-09.webp\"\/><\/p>\n<h3>Anodisointi ty\u00f6paja<\/h3>\n<p><img decoding=\"async\" src=\"\/wp-content\/uploads\/factory-10.webp\"\/><\/p>\n<h3>Syv\u00e4k\u00e4sittelyn ty\u00f6paja<\/h3>\n<p><img decoding=\"async\" src=\"\/wp-content\/uploads\/factory-11.webp\"\/><\/p>\n<h3>CNC-tarkkuuskoneistus ty\u00f6paja<\/h3>\n<p><img decoding=\"async\" src=\"\/wp-content\/uploads\/factory-11.5.webp\"\/><\/p>\n<h3>Valmiiden tuotteiden ja vientivarasto<\/h3>\n<p><img decoding=\"async\" src=\"\/wp-content\/uploads\/factory-12.webp\"\/><\/p>\n<p><img decoding=\"async\" src=\"\/wp-content\/uploads\/factory-13.webp\"\/><\/p>\n<p><img decoding=\"async\" src=\"\/wp-content\/uploads\/factory-14.webp\"\/><\/p>\n<h2>FAQ<\/h2>\n<p><p><b>1.Mik\u00e4 on alumiiniprofiili suihkukaapille?<\/b><\/p>\n<p>Se on suulakepuristettu alumiinikomponentti, jota k\u00e4ytet\u00e4\u00e4n suihkukaappien lasipaneelien kehyst\u00e4miseen ja tukemiseen, mik\u00e4 takaa vakauden ja vedenpit\u00e4vyyden.<br \/>\n<\/p><br \/>\n<br \/>\n<p><b>2.Mitk\u00e4 ovat alumiiniprofiilien k\u00e4yt\u00f6n edut suihkukaapissa?<\/b><\/p>\n<p>Ne tarjoavat korroosionkest\u00e4vyytt\u00e4, kevytt\u00e4 lujuutta ja yhteensopivuutta eri kotelomallien kanssa.<br \/>\n<\/p><br \/>\n<br \/>\n<p><b>3.Soveltuvatko n\u00e4m\u00e4 alumiiniprofiilit kosteisiin ymp\u00e4rist\u00f6ihin?<\/b><\/p>\n<p>Kyll\u00e4, korroosionkest\u00e4v\u00e4 pinta on suunniteltu m\u00e4rk\u00e4tiloihin, kuten kylpyhuoneisiin ja kylpyl\u00f6ihin.<br \/>\n<\/p><br \/>\n<br \/>\n<p><b>4.Voinko muokata alumiiniprofiilin viimeistely\u00e4 ja kokoa?<\/b><\/p>\n<p>Kyll\u00e4, tarjoamme r\u00e4\u00e4t\u00e4l\u00f6ityj\u00e4 kokoja, v\u00e4rej\u00e4 ja pintak\u00e4sittelyj\u00e4, jotka sopivat erilaisiin kylpyhuonemalleihin.<br \/>\n<\/p><br \/>\n<br \/>\n<p><b>5.Mink\u00e4 tyyppisiss\u00e4 suihkukaapeissa voidaan k\u00e4ytt\u00e4\u00e4 alumiiniprofiileja?<\/b><\/p>\n<p>Ne soveltuvat kehystettyihin, puoliksi kehyksett\u00f6miin ja t\u00e4ysin kehyksett\u00f6miin suihkukaappeihin.<br \/>\n<\/p><br \/>\n<br \/>\n<p><b>6.Onko alumiiniprofiili helppo asentaa?<\/b><\/p>\n<p>Kyll\u00e4, se on kevyt ja suunniteltu asennettavaksi helposti tavallisiin suihkulaseihin ja kiinnitysj\u00e4rjestelmiin.<br \/>\n<\/p><br \/>\n<br \/>\n<p><b>7.Ovatko n\u00e4m\u00e4 profiilit yhteensopivia karkaistujen lasilevyjen kanssa?<\/b><\/p>\n<p>Kyll\u00e4, niit\u00e4 k\u00e4ytet\u00e4\u00e4n yleisesti 6-10 mm:n karkaistun lasin kanssa turvallisuuden ja kest\u00e4vyyden vuoksi.<br \/>\n<\/p><br \/>\n<br \/>\n<p><b>8.Est\u00e4v\u00e4tk\u00f6 profiilit vesivuotoja?<\/b><\/p>\n<p>Kyll\u00e4, tarkkuuspuristus ja tiivistysominaisuudet takaavat tiukan istuvuuden, joka auttaa yll\u00e4pit\u00e4m\u00e4\u00e4n vesitiiviin kotelon.<br \/>\n<\/p><br \/><\/p>","protected":false},"featured_media":7641,"template":"","categories":[67],"class_list":["post-7642","product","type-product","status-publish","has-post-thumbnail","hentry","category-architectural-aluminium-profile"],"meta_box":{"hilight_text_group":{"product_hilight_text":"<li>High-strength aluminum ensures structural support for shower enclosures<\/li>\r\r\n<li>Corrosion-resistant finish ideal for humid and wet environments<\/li>\r\r\n<li>Available in various profiles for framed, semi-frameless, and frameless designs<\/li>\r\r\n<li>Sleek appearance enhances modern bathroom aesthetics<\/li>\r\r\n<li>Lightweight and easy to install with standard shower glass panels<\/li>\r\r\n<li>Custom lengths, finishes, and colors available to match bathroom styles<\/li>\r\r\n<li>Precision-extruded for a seamless and watertight fit<\/li>","product_chanpin_blog":"<ul>\r\r\n<li><a href=\"https:\/\/sinoextrud.com\/t-slot-v-slot-differences\/\" target=\"_blank\">t slot vs v slot<\/a><\/li>\r\r\n<li><a href=\"https:\/\/sinoextrud.com\/what-is-4040-aluminium-extrud\/\" target=\"_blank\">4040 aluminium extrusion<\/a><\/li>\r\r\n<li><a href=\"https:\/\/sinoextrud.com\/what-is-4040-aluminium-extrud\/\" target=\"_blank\">aluminum extrusions for industrial racks<\/a><\/li>\r\r\n<li><a href=\"https:\/\/sinoextrud.com\/powder-coating-aluminium-process\/\" target=\"_blank\">powder coating aluminium<\/a><\/li>\r\r\n<li><a href=\"https:\/\/sinoextrud.com\/what-is-an-aluminium-strip-ceiling\/\" target=\"_blank\">aluminium strip ceiling<\/a><\/li>\r\r\n<li><a href=\"https:\/\/sinoextrud.com\/what-is-a-heat-sink\/\" target=\"_blank\">what is a heat sink<\/a><\/li>\r\r\n<\/ul>","product_chanpin_chanpin":"<li><a href=\"https:\/\/sinoextrud.com\/product\/aluminum-profile-connector\/\" target=\"_blank\">Aluminum Profile Connector<\/a><\/li>\r\n<li><a href=\"https:\/\/sinoextrud.com\/product\/anodized-powder-coated-window-louver-extrusion-shutter-aluminum-profiles\/\" target=\"_blank\">Anodized Powder Coated Window Louver Extrusion Shutter Aluminum Profiles<\/a><\/li>\r\n<li><a href=\"https:\/\/sinoextrud.com\/product\/newest-stable-extruded-aluminum-u-channel-profile-frameless-glass-railing-system-with-balustrade-handrail-fittings\/\" target=\"_blank\">Newest Stable Extruded Aluminum U Channel Profile Frameless Glass Railing System With Balustrade Handrail Fittings<\/a><\/li>\r\n<li><a href=\"https:\/\/sinoextrud.com\/product\/powder-coated-wooden-grain-aluminium-shutter-profile\/\" target=\"_blank\">Powder Coated Wooden Grain Aluminium Shutter Profile<\/a><\/li>\r\n<li><a href=\"https:\/\/sinoextrud.com\/product\/aluminum-profile-for-shower-enclosure\/\" target=\"_blank\">Aluminum Profile For Shower Enclosure<\/a><\/li>\r\n<li><a href=\"https:\/\/sinoextrud.com\/product\/wall-aluminum-profile-decoration-t-shaped-edge-trim\/\" target=\"_blank\">Wall Aluminum Profile Decoration T Shaped Edge Trim<\/a><\/li>\r\n<li><a href=\"https:\/\/sinoextrud.com\/product\/colorful-brushed-aluminium-photo-frame-manufacturer\/\" target=\"_blank\">Colorful Brushed Aluminium Photo Frame Manufacturer<\/a><\/li>\r\n<li><a href=\"https:\/\/sinoextrud.com\/product\/aluminum-shutter-extrusion-profiles\/\" target=\"_blank\">Aluminum Shutter Extrusion Profiles<\/a><\/li>\r\n<li><a href=\"https:\/\/sinoextrud.com\/product\/aluminum-profile-shutter\/\" target=\"_blank\">Aluminum Profile Shutter<\/a><\/li>\r\n<li><a href=\"https:\/\/sinoextrud.com\/product\/extruded-aluminum-hex-tube\/\" target=\"_blank\">Extruded Aluminum Hex Tube<\/a><\/li>\r\n<li><a href=\"https:\/\/sinoextrud.com\/product\/aluminium-extrusion-sections\/\" target=\"_blank\">Aluminium Extrusion Sections<\/a><\/li>"},"feature_list":[]},"_links":{"self":[{"href":"https:\/\/sinoextrud.com\/fi\/wp-json\/wp\/v2\/product\/7642","targetHints":{"allow":["GET"]}}],"collection":[{"href":"https:\/\/sinoextrud.com\/fi\/wp-json\/wp\/v2\/product"}],"about":[{"href":"https:\/\/sinoextrud.com\/fi\/wp-json\/wp\/v2\/types\/product"}],"wp:featuredmedia":[{"embeddable":true,"href":"https:\/\/sinoextrud.com\/fi\/wp-json\/wp\/v2\/media\/7641"}],"wp:attachment":[{"href":"https:\/\/sinoextrud.com\/fi\/wp-json\/wp\/v2\/media?parent=7642"}],"wp:term":[{"taxonomy":"category","embeddable":true,"href":"https:\/\/sinoextrud.com\/fi\/wp-json\/wp\/v2\/categories?post=7642"}],"curies":[{"name":"wp","href":"https:\/\/api.w.org\/{rel}","templated":true}]}}