{"id":7630,"date":"2025-06-09T06:59:17","date_gmt":"2025-06-09T06:59:17","guid":{"rendered":"https:\/\/sinoextrud.com\/product\/anodized-aluminum-frame-profile-brushed-photo-aluminum-frame-modern-decorative-industrial-frame-profile\/"},"modified":"2025-06-24T06:13:16","modified_gmt":"2025-06-24T06:13:16","slug":"anodisoitu-alumiinikehysprofiili-harjattu-valokuva-alumiinikehys-moderni-koristeellinen-teollinen-kehysprofiili","status":"publish","type":"product","link":"https:\/\/sinoextrud.com\/fi\/product\/anodized-aluminum-frame-profile-brushed-photo-aluminum-frame-modern-decorative-industrial-frame-profile\/","title":{"rendered":"Anodisoitu alumiinikehysprofiili Harjattu valokuva alumiinikehys Moderni koristeellinen teollinen kehysprofiili profiili"},"content":{"rendered":"<h2>Tuotteiden tiedot<\/h2>\n<table class=\"custom-table\">\n<tr>\n<td class=\"label\">Kohde:<\/td>\n<td>Anodisoitu alumiinikehysprofiili Harjattu valokuva alumiinikehys Moderni koristeellinen teollinen kehysprofiili profiili<\/td>\n<\/tr>\n<tr>\n<td class=\"label\">Temperamentti:<\/td>\n<td>T3-T8<\/td>\n<\/tr>\n<tr>\n<td class=\"label\">Muoto:<\/td>\n<td>r\u00e4\u00e4t\u00e4l\u00f6ity<\/td>\n<\/tr>\n<tr>\n<td class=\"label\">Suvaitsevaisuus:<\/td>\n<td>\u00b10,5%<\/td>\n<\/tr>\n<tr>\n<td class=\"label\">v\u00e4ri:<\/td>\n<td>r\u00e4\u00e4t\u00e4l\u00f6ity<\/td>\n<\/tr>\n<tr>\n<td class=\"label\">Toimitusaika:<\/td>\n<td>25-30 p\u00e4iv\u00e4\u00e4<\/td>\n<\/tr>\n<tr>\n<td class=\"label\">Maksuehto:<\/td>\n<td>T \/ T (30% talletus), L \/ C<\/td>\n<\/tr>\n<tr>\n<td class=\"label\">Satama:<\/td>\n<td>Guangzhou, Shenzhen<\/td>\n<\/tr>\n<tr>\n<td class=\"label\">Sovellus:<\/td>\n<td>teollisuus<\/td>\n<\/tr>\n<tr>\n<td class=\"label\">Luokka:<\/td>\n<td>6000-sarja<\/td>\n<\/tr>\n<tr>\n<td class=\"label\">Alkuper\u00e4paikka:<\/td>\n<td>Foshan, Guangdong<\/td>\n<\/tr>\n<tr>\n<td class=\"label\">Seos tai ei:<\/td>\n<td>Alunimun-seos<\/td>\n<\/tr>\n<tr>\n<td class=\"label\">Tuotemerkki:<\/td>\n<td>Sinoextrud<\/td>\n<\/tr>\n<tr>\n<td class=\"label\">Pintak\u00e4sittely:<\/td>\n<td>Asiakkaiden vaatimusten mukaan<\/td>\n<\/tr>\n<tr>\n<td class=\"label\">MOQ:<\/td>\n<td>200KG<\/td>\n<\/tr>\n<tr>\n<td class=\"label\">K\u00e4sittelypalvelu:<\/td>\n<td>Taivutus, purku, hitsaus, l\u00e4vistys, leikkaus<\/td>\n<\/tr>\n<tr>\n<td class=\"label\">Pituus:<\/td>\n<td>1-9m tai r\u00e4\u00e4t\u00e4l\u00f6ity<\/td>\n<\/tr>\n<tr>\n<td class=\"label\">koko:<\/td>\n<td>r\u00e4\u00e4t\u00e4l\u00f6ity<\/td>\n<\/tr>\n<\/table>\n<h2>Tuotantopohjamme<\/h2>\n<h3>Tehtaan panoraama<\/h3>\n<p><img decoding=\"async\" src=\"\/wp-content\/uploads\/factory-01.webp\"\/><\/p>\n<h3>Alumiini Bar Manufacturing Workshop<\/h3>\n<p><img decoding=\"async\" src=\"\/wp-content\/uploads\/factory-02.webp\"\/><\/p>\n<p><img decoding=\"async\" src=\"\/wp-content\/uploads\/factory-03.webp\"\/><\/p>\n<h3>Muotin varastointi Varasto<\/h3>\n<p><img decoding=\"async\" src=\"\/wp-content\/uploads\/factory-04.webp\"\/><\/p>\n<h3>43 alumiinin ekstruusiolinjat (500-5500 tonnia)<\/h3>\n<p><img decoding=\"async\" src=\"\/wp-content\/uploads\/factory-05.webp\"\/><\/p>\n<p><img decoding=\"async\" src=\"\/wp-content\/uploads\/factory-06.webp\"\/><\/p>\n<p><img decoding=\"async\" src=\"\/wp-content\/uploads\/factory-07.webp\"\/><\/p>\n<h3>Jauhemaalaus ty\u00f6paja<\/h3>\n<p><img decoding=\"async\" src=\"\/wp-content\/uploads\/factory-09.webp\"\/><\/p>\n<h3>Anodisointi ty\u00f6paja<\/h3>\n<p><img decoding=\"async\" src=\"\/wp-content\/uploads\/factory-10.webp\"\/><\/p>\n<h3>Syv\u00e4k\u00e4sittelyn ty\u00f6paja<\/h3>\n<p><img decoding=\"async\" src=\"\/wp-content\/uploads\/factory-11.webp\"\/><\/p>\n<h3>CNC-tarkkuuskoneistus ty\u00f6paja<\/h3>\n<p><img decoding=\"async\" src=\"\/wp-content\/uploads\/factory-11.5.webp\"\/><\/p>\n<h3>Valmiiden tuotteiden ja vientivarasto<\/h3>\n<p><img decoding=\"async\" src=\"\/wp-content\/uploads\/factory-12.webp\"\/><\/p>\n<p><img decoding=\"async\" src=\"\/wp-content\/uploads\/factory-13.webp\"\/><\/p>\n<p><img decoding=\"async\" src=\"\/wp-content\/uploads\/factory-14.webp\"\/><\/p>\n<h2>FAQ<\/h2>\n<p><p><b>1.Mik\u00e4 on anodisoitu alumiinikehys Profile Brushed Photo Aluminum Frame?<\/b><\/p>\n<p>Se on tarkkaan suunniteltu alumiiniprofiili, jossa on harjattu anodisoitu viimeistely, jota k\u00e4ytet\u00e4\u00e4n nykyaikaisissa valokuvakehyksiss\u00e4 ja teollisissa koristesovelluksissa.<br \/>\n<\/p><br \/>\n<br \/>\n<p><b>2.Mitk\u00e4 ovat harjattujen anodisoitujen alumiinirunkoprofiilien edut?<\/b><\/p>\n<p>Ne tarjoavat ensiluokkaisen ulkon\u00e4\u00f6n, korroosionkest\u00e4vyyden, kevyen lujuuden ja helpon integroinnin koristeellisiin tai teollisiin muotoiluihin.<br \/>\n<\/p><br \/>\n<br \/>\n<p><b>3.Onko t\u00e4m\u00e4 alumiinikehys sopiva sek\u00e4 kaupalliseen ett\u00e4 asuink\u00e4ytt\u00f6\u00f6n?<\/b><\/p>\n<p>Kyll\u00e4, siin\u00e4 yhdistyv\u00e4t tyylik\u00e4s estetiikka ja toiminnallinen kest\u00e4vyys, joten se sopii erinomaisesti koteihin, gallerioihin, toimistoihin ja v\u00e4hitt\u00e4ismyyntin\u00e4yttelyihin.<br \/>\n<\/p><br \/>\n<br \/>\n<p><b>4.Voinko muokata alumiinikehysprofiilin kokoa ja viimeistely\u00e4?<\/b><\/p>\n<p>Kyll\u00e4, tarjoamme r\u00e4\u00e4t\u00e4l\u00f6ityj\u00e4 mittoja, harjattuja tai mattapintaisia pintoja ja anodisoituja v\u00e4rej\u00e4 projektisi tarpeiden mukaan.<br \/>\n<\/p><br \/>\n<br \/>\n<p><b>5.Miss\u00e4 anodisoituja alumiinirunkoprofiileja k\u00e4ytet\u00e4\u00e4n yleisesti?<\/b><\/p>\n<p>Niit\u00e4 k\u00e4ytet\u00e4\u00e4n nykyaikaisissa valokuvakehyksiss\u00e4, opasteissa, huonekaluissa, n\u00e4yttelyj\u00e4rjestelmiss\u00e4 ja teollisuuden n\u00e4ytt\u00f6paneeleissa.<br \/>\n<\/p><br \/>\n<br \/>\n<p><b>6.Onko anodisoitu viimeistely kest\u00e4v\u00e4?<\/b><\/p>\n<p>Kyll\u00e4, anodisointi parantaa korroosionkest\u00e4vyytt\u00e4, pinnan kovuutta ja ulkon\u00e4k\u00f6\u00e4, joten se soveltuu pitk\u00e4aikaiseen k\u00e4ytt\u00f6\u00f6n sis\u00e4ll\u00e4 ja ulkona.<br \/>\n<\/p><br \/>\n<br \/>\n<p><b>7.Ovatko n\u00e4m\u00e4 profiilit helppoja koota?<\/b><\/p>\n<p>Kyll\u00e4, ne on suunniteltu niin, ett\u00e4 ne on helppo asentaa tavallisilla kiinnikkeill\u00e4, ruuveilla tai klipseill\u00e4, mik\u00e4 v\u00e4hent\u00e4\u00e4 asennusaikaa ja kustannuksia.<br \/>\n<\/p><br \/>\n<br \/>\n<p><b>8.Mik\u00e4 tekee harjattujen alumiinikehysten visuaalisesti houkutteleviksi?<\/b><\/p>\n<p>Harjattu rakenne antaa modernin, korkealuokkaisen metallisen ilmeen, joka sopii minimalistiseen ja teolliseen sisustukseen.<br \/>\n<\/p><br \/><\/p>","protected":false},"featured_media":7629,"template":"","categories":[67],"class_list":["post-7630","product","type-product","status-publish","has-post-thumbnail","hentry","category-architectural-aluminium-profile"],"meta_box":{"hilight_text_group":{"product_hilight_text":"<li>Brushed anodized surface delivers a sleek, modern decorative finish<\/li>\r\r\n<li>Corrosion-resistant aluminum ensures long-term durability<\/li>\r\r\n<li>Lightweight yet rigid structure ideal for industrial and decorative framing<\/li>\r\r\n<li>Precision profile suitable for photo frames, signage, and display systems<\/li>\r\r\n<li>Custom sizes and finishes available for branding or design needs<\/li>\r\r\n<li>Easy to assemble and mount with standard hardware<\/li>\r\r\n<li>Blends aesthetics with functionality for both commercial and residential use<\/li>","product_chanpin_blog":"<ul>\r\r\n<li><a href=\"https:\/\/sinoextrud.com\/t-slot-v-slot-differences\/\" target=\"_blank\">t slot vs v slot<\/a><\/li>\r\r\n<li><a href=\"https:\/\/sinoextrud.com\/what-is-4040-aluminium-extrud\/\" target=\"_blank\">4040 aluminium extrusion<\/a><\/li>\r\r\n<li><a href=\"https:\/\/sinoextrud.com\/what-is-4040-aluminium-extrud\/\" target=\"_blank\">aluminum extrusions for industrial racks<\/a><\/li>\r\r\n<li><a href=\"https:\/\/sinoextrud.com\/powder-coating-aluminium-process\/\" target=\"_blank\">powder coating aluminium<\/a><\/li>\r\r\n<li><a href=\"https:\/\/sinoextrud.com\/what-is-an-aluminium-strip-ceiling\/\" target=\"_blank\">aluminium strip ceiling<\/a><\/li>\r\r\n<li><a href=\"https:\/\/sinoextrud.com\/what-is-a-heat-sink\/\" target=\"_blank\">what is a heat sink<\/a><\/li>\r\r\n<\/ul>","product_chanpin_chanpin":"<li><a href=\"https:\/\/sinoextrud.com\/product\/extruded-aluminum-drawer-pulls\/\" target=\"_blank\">Extruded Aluminum Drawer Pulls<\/a><\/li>\r\n<li><a href=\"https:\/\/sinoextrud.com\/product\/picture-frame-extrusions\/\" target=\"_blank\">Picture Frame Extrusions<\/a><\/li>\r\n<li><a href=\"https:\/\/sinoextrud.com\/product\/architectural-aluminum-extrusion-profiles\/\" target=\"_blank\">Architectural Aluminum Extrusion Profiles<\/a><\/li>\r\n<li><a href=\"https:\/\/sinoextrud.com\/product\/aluminum-outdoor-louvers\/\" target=\"_blank\">Aluminum Outdoor Louvers<\/a><\/li>\r\n<li><a href=\"https:\/\/sinoextrud.com\/product\/anodized-aluminum-frame-profile-brushed-photo-aluminum-frame-modern-decorative-industrial-frame-profile\/\" target=\"_blank\">Anodized Aluminum Frame Profile Brushed Photo Aluminum Frame Modern Decorative Industrial Frame Profile<\/a><\/li>\r\n<li><a href=\"https:\/\/sinoextrud.com\/product\/aluminum-profil-louver-roof\/\" target=\"_blank\">Aluminum Profil Louver Roof<\/a><\/li>\r\n<li><a href=\"https:\/\/sinoextrud.com\/product\/aluminum-profile-connector\/\" target=\"_blank\">Aluminum Profile Connector<\/a><\/li>\r\n<li><a href=\"https:\/\/sinoextrud.com\/product\/anodized-powder-coated-window-louver-extrusion-shutter-aluminum-profiles\/\" target=\"_blank\">Anodized Powder Coated Window Louver Extrusion Shutter Aluminum Profiles<\/a><\/li>\r\n<li><a href=\"https:\/\/sinoextrud.com\/product\/newest-stable-extruded-aluminum-u-channel-profile-frameless-glass-railing-system-with-balustrade-handrail-fittings\/\" target=\"_blank\">Newest Stable Extruded Aluminum U Channel Profile Frameless Glass Railing System With Balustrade Handrail Fittings<\/a><\/li>\r\n<li><a href=\"https:\/\/sinoextrud.com\/product\/wood-grain-aluminum-decking\/\" target=\"_blank\">Wood Grain Aluminum Decking<\/a><\/li>\r\n<li><a href=\"https:\/\/sinoextrud.com\/product\/t-shaped-aluminum-extrusion\/\" target=\"_blank\">T Shaped Aluminum Extrusion<\/a><\/li>"},"feature_list":[]},"_links":{"self":[{"href":"https:\/\/sinoextrud.com\/fi\/wp-json\/wp\/v2\/product\/7630","targetHints":{"allow":["GET"]}}],"collection":[{"href":"https:\/\/sinoextrud.com\/fi\/wp-json\/wp\/v2\/product"}],"about":[{"href":"https:\/\/sinoextrud.com\/fi\/wp-json\/wp\/v2\/types\/product"}],"wp:featuredmedia":[{"embeddable":true,"href":"https:\/\/sinoextrud.com\/fi\/wp-json\/wp\/v2\/media\/7629"}],"wp:attachment":[{"href":"https:\/\/sinoextrud.com\/fi\/wp-json\/wp\/v2\/media?parent=7630"}],"wp:term":[{"taxonomy":"category","embeddable":true,"href":"https:\/\/sinoextrud.com\/fi\/wp-json\/wp\/v2\/categories?post=7630"}],"curies":[{"name":"wp","href":"https:\/\/api.w.org\/{rel}","templated":true}]}}