{"id":7615,"date":"2025-06-09T06:27:13","date_gmt":"2025-06-09T06:27:13","guid":{"rendered":"https:\/\/sinoextrud.com\/product\/extruded-aluminium-window-frames\/"},"modified":"2025-06-25T02:04:36","modified_gmt":"2025-06-25T02:04:36","slug":"suulakepuristetut-alumiiniset-ikkunanpuitteet","status":"publish","type":"product","link":"https:\/\/sinoextrud.com\/fi\/product\/extruded-aluminium-window-frames\/","title":{"rendered":"Suulakepuristetut alumiiniset ikkunakehykset"},"content":{"rendered":"<h2>Tuotteiden tiedot<\/h2>\n<table class=\"custom-table\">\n<tr>\n<td class=\"label\">Nimi<\/td>\n<td>Suulakepuristetut alumiiniset ikkunakehykset<\/td>\n<\/tr>\n<\/table>\n<h2>Tuotantopohjamme<\/h2>\n<h3>Tehtaan panoraama<\/h3>\n<p><img decoding=\"async\" src=\"\/wp-content\/uploads\/factory-01.webp\"\/><\/p>\n<h3>Alumiini Bar Manufacturing Workshop<\/h3>\n<p><img decoding=\"async\" src=\"\/wp-content\/uploads\/factory-02.webp\"\/><\/p>\n<\/p>\n<p><img decoding=\"async\" src=\"\/wp-content\/uploads\/factory-03.webp\"\/><\/p>\n<h3>Muotin varastointi Varasto<\/h3>\n<p><img decoding=\"async\" src=\"\/wp-content\/uploads\/factory-04.webp\"\/><\/p>\n<h3>43 Alumiini ekstruusiolinjat (500\u00e2 5500 tonnia)<\/h3>\n<p><img decoding=\"async\" src=\"\/wp-content\/uploads\/factory-05.webp\"\/><\/p>\n<p><img decoding=\"async\" src=\"\/wp-content\/uploads\/factory-06.webp\"\/><\/p>\n<p><img decoding=\"async\" src=\"\/wp-content\/uploads\/factory-07.webp\"\/><\/p>\n<h3>Jauhemaalaus ty\u00f6paja<\/h3>\n<p><img decoding=\"async\" src=\"\/wp-content\/uploads\/factory-09.webp\"\/><\/p>\n<h3>Anodisointi ty\u00f6paja<\/h3>\n<p><img decoding=\"async\" src=\"\/wp-content\/uploads\/factory-10.webp\"\/><\/p>\n<h3>Syv\u00e4k\u00e4sittelyn ty\u00f6paja<\/h3>\n<p><img decoding=\"async\" src=\"\/wp-content\/uploads\/factory-11.webp\"\/><\/p>\n<h3>CNC-tarkkuuskoneistus ty\u00f6paja<\/h3>\n<p><img decoding=\"async\" src=\"\/wp-content\/uploads\/factory-11.5.webp\"\/><\/p>\n<h3>Valmiiden tuotteiden ja vientivarasto<\/h3>\n<p><img decoding=\"async\" src=\"\/wp-content\/uploads\/factory-12.webp\"\/><\/p>\n<p><img decoding=\"async\" src=\"\/wp-content\/uploads\/factory-13.webp\"\/><\/p>\n<p><img decoding=\"async\" src=\"\/wp-content\/uploads\/factory-14.webp\"\/><\/p>\n<h2>FAQ<\/h2>\n<p><b>1.Mit\u00e4 ovat suulakepuristetut alumiiniset ikkunakehykset?<\/b><\/p>\n<p>Suulakepuristetut alumiiniset ikkunanpuitteet ovat eritt\u00e4in tarkkoja alumiiniprofiileja, joita k\u00e4ytet\u00e4\u00e4n ylivoimaisen lujien ja suorituskykyisten ikkunaj\u00e4rjestelmien rakentamiseen.\n<\/p>\n<p><\/p>\n<p><b>2.Miksi k\u00e4ytt\u00e4\u00e4 suulakepuristettuja alumiinisia ikkunakehyksi\u00e4?<\/b><\/p>\n<p>Ne tarjoavat pitk\u00e4aikaisen kest\u00e4vyyden, korroosionkest\u00e4vyyden ja energiatehokkuuden, joten ne sopivat erinomaisesti nykyaikaisiin ikkuna-asennuksiin.\n<\/p>\n<p><\/p>\n<p><b>3.Ovatko suulakepuristetut alumiiniset ikkunakehykset s\u00e4\u00e4nkest\u00e4vi\u00e4?<\/b><\/p>\n<p>Kyll\u00e4, ne ovat korroosionkest\u00e4vi\u00e4 ja rakennettu kest\u00e4m\u00e4\u00e4n altistumista sateelle, auringolle ja muille ymp\u00e4rist\u00f6tekij\u00f6ille.\n<\/p>\n<p><\/p>\n<p><b>4.Can suulakepuristetut alumiiniset ikkunakehykset voidaan r\u00e4\u00e4t\u00e4l\u00f6id\u00e4?<\/b><\/p>\n<p>Kyll\u00e4, tarjoamme r\u00e4\u00e4t\u00e4l\u00f6inti\u00e4 mittojen, v\u00e4rien, viimeistelyjen ja yhteensopivuuden osalta eri lasityyppien kanssa.\n<\/p>\n<p><\/p>\n<p><b>5.Do suulakepuristetut alumiiniset ikkunakehykset tukevat l\u00e4mp\u00f6katkoja?<\/b><\/p>\n<p>Kyll\u00e4, ne voidaan integroida l\u00e4mp\u00f6eristysj\u00e4rjestelmiin eristyksen parantamiseksi ja energiah\u00e4vi\u00f6iden v\u00e4hent\u00e4miseksi.\n<\/p>\n<p><\/p>\n<p><b>6.Mink\u00e4laisissa rakennuksissa k\u00e4ytet\u00e4\u00e4n suulakepuristettuja alumiinirunkoja?<\/b><\/p>\n<p>Niit\u00e4 k\u00e4ytet\u00e4\u00e4n yleisesti asuintaloissa, toimistorakennuksissa, kaupallisissa keskuksissa ja korkeissa rakennuksissa.\n<\/p>\n<p><\/p>\n<p><b>7.Ovatko suulakepuristetut alumiiniset ikkunakehykset helppo asentaa?<\/b><\/p>\n<p>Kyll\u00e4, niiden kevyt rakenne ja tarkka puristaminen tekev\u00e4t niist\u00e4 helppoja kuljettaa, kohdistaa ja asentaa.\n<\/p>\n<p><\/p>\n<p><b>8.Ovatko n\u00e4m\u00e4 ikkunanpuitteet esteettisesti hyv\u00e4t?<\/b><\/p>\n<p>Kyll\u00e4, niiden tyylikk\u00e4\u00e4t, modernit profiilit ja laaja valikoima pintak\u00e4sittelyj\u00e4 lis\u00e4\u00e4v\u00e4t mink\u00e4 tahansa rakennuksen arkkitehtonista vetovoimaa.\n<\/p>\n<p><\/p>","protected":false},"featured_media":9132,"template":"","categories":[67],"class_list":["post-7615","product","type-product","status-publish","has-post-thumbnail","hentry","category-architectural-aluminium-profile"],"meta_box":{"hilight_text_group":{"product_hilight_text":"<li>Precision-extruded frames ensure structural stability and uniformity<\/li>\r\n\r\n<li>Made from lightweight yet strong aluminum for easy handling and durability<\/li>\r\n\r\n<li>Corrosion-resistant surface suitable for harsh weather environments<\/li>\r\n\r\n<li>Compatible with various glazing options for design flexibility<\/li>\r\n\r\n<li>Supports thermal break systems for enhanced energy efficiency<\/li>\r\n\r\n<li>Available in multiple colors and surface finishes<\/li>\r\n\r\n<li>Ideal for residential, commercial, and industrial window applications<\/li>","product_chanpin_chanpin":"<li><a href=\"https:\/\/sinoextrud.com\/product\/aluminum-fireproof-outdoor-terracce-decking-floor\/\" target=\"_blank\">Aluminum Fireproof Outdoor Terracce Decking Floor<\/a><\/li>\r\n<li><a href=\"https:\/\/sinoextrud.com\/product\/aluminium-profiles-for-bedroom-doors\/\" target=\"_blank\">Aluminium Profiles For Bedroom Doors<\/a><\/li>\r\n<li><a href=\"https:\/\/sinoextrud.com\/product\/extruded-aluminum-framing\/\" target=\"_blank\">Extruded Aluminum Framing<\/a><\/li>\r\n<li><a href=\"https:\/\/sinoextrud.com\/product\/aluminum-window-extrusion-profiles\/\" target=\"_blank\">Aluminum Window Extrusion Profiles<\/a><\/li>\r\n<li><a href=\"https:\/\/sinoextrud.com\/product\/extruded-aluminium-window-frames\/\" target=\"_blank\">Extruded Aluminium Window Frames<\/a><\/li>\r\n<li><a href=\"https:\/\/sinoextrud.com\/product\/profile-aluminium-extrusion-used-for-door\/\" target=\"_blank\">Profile Aluminium Extrusion Used For Door<\/a><\/li>\r\n<li><a href=\"https:\/\/sinoextrud.com\/product\/square-aluminum-extrusion\/\" target=\"_blank\">Square Aluminum Extrusion<\/a><\/li>\r\n<li><a href=\"https:\/\/sinoextrud.com\/product\/extruded-aluminum-drawer-pulls\/\" target=\"_blank\">Extruded Aluminum Drawer Pulls<\/a><\/li>\r\n<li><a href=\"https:\/\/sinoextrud.com\/product\/picture-frame-extrusions\/\" target=\"_blank\">Picture Frame Extrusions<\/a><\/li>\r\n<li><a href=\"https:\/\/sinoextrud.com\/product\/wood-grain-customize-aluminium-extrusion-rail\/\" target=\"_blank\">Wood Grain Customize Aluminium Extrusion Rail<\/a><\/li>\r\n<li><a href=\"https:\/\/sinoextrud.com\/product\/extruded-aluminum-framing-systems\/\" target=\"_blank\">Extruded Aluminum Framing Systems<\/a><\/li>","product_chanpin_blog":"<ul>\r\n\r\n<li><a href=\"https:\/\/sinoextrud.com\/t-slot-v-slot-differences\/\" target=\"_blank\">t slot vs v slot<\/a><\/li>\r\n\r\n<li><a href=\"https:\/\/sinoextrud.com\/what-is-4040-aluminium-extrud\/\" target=\"_blank\">4040 aluminium extrusion<\/a><\/li>\r\n\r\n<li><a href=\"https:\/\/sinoextrud.com\/what-is-4040-aluminium-extrud\/\" target=\"_blank\">aluminum extrusions for industrial racks<\/a><\/li>\r\n\r\n<li><a href=\"https:\/\/sinoextrud.com\/powder-coating-aluminium-process\/\" target=\"_blank\">powder coating aluminium<\/a><\/li>\r\n\r\n<li><a href=\"https:\/\/sinoextrud.com\/what-is-an-aluminium-strip-ceiling\/\" target=\"_blank\">aluminium strip ceiling<\/a><\/li>\r\n\r\n<li><a href=\"https:\/\/sinoextrud.com\/what-is-a-heat-sink\/\" target=\"_blank\">what is a heat sink<\/a><\/li>\r\n\r\n<\/ul>"},"feature_list":[]},"_links":{"self":[{"href":"https:\/\/sinoextrud.com\/fi\/wp-json\/wp\/v2\/product\/7615","targetHints":{"allow":["GET"]}}],"collection":[{"href":"https:\/\/sinoextrud.com\/fi\/wp-json\/wp\/v2\/product"}],"about":[{"href":"https:\/\/sinoextrud.com\/fi\/wp-json\/wp\/v2\/types\/product"}],"wp:featuredmedia":[{"embeddable":true,"href":"https:\/\/sinoextrud.com\/fi\/wp-json\/wp\/v2\/media\/9132"}],"wp:attachment":[{"href":"https:\/\/sinoextrud.com\/fi\/wp-json\/wp\/v2\/media?parent=7615"}],"wp:term":[{"taxonomy":"category","embeddable":true,"href":"https:\/\/sinoextrud.com\/fi\/wp-json\/wp\/v2\/categories?post=7615"}],"curies":[{"name":"wp","href":"https:\/\/api.w.org\/{rel}","templated":true}]}}