{"id":7600,"date":"2025-06-09T02:51:03","date_gmt":"2025-06-09T02:51:03","guid":{"rendered":"https:\/\/sinoextrud.com\/product\/aluminum-extrusion-profile-for-clean-room\/"},"modified":"2025-06-24T06:13:13","modified_gmt":"2025-06-24T06:13:13","slug":"alumiiniprofiili-puhdastilaa-varten","status":"publish","type":"product","link":"https:\/\/sinoextrud.com\/fi\/product\/aluminum-extrusion-profile-for-clean-room\/","title":{"rendered":"Alumiini ekstruusioprofiili puhdasta tilaa varten"},"content":{"rendered":"<h2>Tuotteiden tiedot<\/h2>\n<table class=\"custom-table\">\n<tbody>\n<tr>\n<td> Tuotteen nimi<\/td>\n<td> Alumiini ekstruusioprofiili puhdasta tilaa varten<\/td>\n<\/tr>\n<tr>\n<td> Materiaali<\/td>\n<td> 6063-T5 tai muu pyydetty materiaali<\/td>\n<\/tr>\n<tr>\n<td> Muoto<\/td>\n<td> Mukauttaminen<\/td>\n<\/tr>\n<tr>\n<td> Paksuus<\/td>\n<td> 0.7mm-10mm<\/td>\n<\/tr>\n<tr>\n<td> Koko<\/td>\n<td> Asiakkaan piirustuksen tai n\u00e4ytteen mukaan<\/td>\n<\/tr>\n<tr>\n<td> Pituus<\/td>\n<td> Vakiopituus 1-9M, erikoispituus saatavilla<\/td>\n<\/tr>\n<tr>\n<td> Tyypilliset sovellukset<\/td>\n<td> Puhdas huone, p\u00f6lytt\u00f6m\u00e4t laitokset jne.<\/td>\n<\/tr>\n<tr>\n<td> Mukautettu tyyppi<\/td>\n<td> Olemassa olevan muotin koko\/piirustus tai asiakkaan toimittama n\u00e4yte<\/td>\n<\/tr>\n<tr>\n<td> Syv\u00e4 prosessi<\/td>\n<td> CNC-jyrsint\u00e4, poraus, l\u00e4vistys, poraus, napauttaminen, taivutus, hitsaus jne.<\/td>\n<\/tr>\n<tr>\n<td> Merkki<\/td>\n<td> Sinoextrud, Sinoextrud,, r\u00e4\u00e4t\u00e4l\u00f6ity tavaramerkki avalaibleble.<\/td>\n<\/tr>\n<tr>\n<td> Pintak\u00e4sittely<\/td>\n<td> Mill viimeistelty, anodisoitu, jauhemaalattu jne.<\/td>\n<\/tr>\n<tr>\n<td> V\u00e4ri<\/td>\n<td> Hopea tai muu mukautettu v\u00e4ri<\/td>\n<\/tr>\n<tr>\n<td> MOQ<\/td>\n<td> 200KG<\/td>\n<\/tr>\n<tr>\n<td> Laatustandardi<\/td>\n<td> Keskitaso ja korkea laatutaso<\/td>\n<\/tr>\n<tr>\n<td> Todistukset<\/td>\n<td> ISO9001, ISO4001, CQM, SGS, CE, BV jne.<\/td>\n<\/tr>\n<tr>\n<td> Tehtaan tuotantokyky<\/td>\n<td> Yli 15 000 tonnia kuukaudessa<\/td>\n<\/tr>\n<tr>\n<td> Pakkaus<\/td>\n<td> Sis\u00e4ll\u00e4 suojakalvolla tai muovipussilla, PE-vaahdolla.Ulkopuolella kartongilla, puukehyksell\u00e4 tai muulla mukautetulla pakkausmenetelm\u00e4ll\u00e4.<\/td>\n<\/tr>\n<\/tbody>\n<\/table>\n<h2>Tuotantopohjamme<\/h2>\n<h3>Tehtaan panoraama<\/h3>\n<p><img decoding=\"async\" src=\"\/wp-content\/uploads\/factory-01.webp\"\/><\/p>\n<h3>Alumiini Bar Manufacturing Workshop<\/h3>\n<p><img decoding=\"async\" src=\"\/wp-content\/uploads\/factory-02.webp\"\/><\/p>\n<\/p>\n<p><img decoding=\"async\" src=\"\/wp-content\/uploads\/factory-03.webp\"\/><\/p>\n<h3>Muotin varastointi Varasto<\/h3>\n<p><img decoding=\"async\" src=\"\/wp-content\/uploads\/factory-04.webp\"\/><\/p>\n<h3>43 Alumiini ekstruusiolinjat (500\u00e2 5500 tonnia)<\/h3>\n<p><img decoding=\"async\" src=\"\/wp-content\/uploads\/factory-05.webp\"\/><\/p>\n<p><img decoding=\"async\" src=\"\/wp-content\/uploads\/factory-06.webp\"\/><\/p>\n<p><img decoding=\"async\" src=\"\/wp-content\/uploads\/factory-07.webp\"\/><\/p>\n<h3>Jauhemaalaus ty\u00f6paja<\/h3>\n<p><img decoding=\"async\" src=\"\/wp-content\/uploads\/factory-09.webp\"\/><\/p>\n<h3>Anodisointi ty\u00f6paja<\/h3>\n<p><img decoding=\"async\" src=\"\/wp-content\/uploads\/factory-10.webp\"\/><\/p>\n<h3>Syv\u00e4k\u00e4sittelyn ty\u00f6paja<\/h3>\n<p><img decoding=\"async\" src=\"\/wp-content\/uploads\/factory-11.webp\"\/><\/p>\n<h3>CNC-tarkkuuskoneistus ty\u00f6paja<\/h3>\n<p><img decoding=\"async\" src=\"\/wp-content\/uploads\/factory-11.5.webp\"\/><\/p>\n<h3>Valmiiden tuotteiden ja vientivarasto<\/h3>\n<p><img decoding=\"async\" src=\"\/wp-content\/uploads\/factory-12.webp\"\/><\/p>\n<p><img decoding=\"async\" src=\"\/wp-content\/uploads\/factory-13.webp\"\/><\/p>\n<p><img decoding=\"async\" src=\"\/wp-content\/uploads\/factory-14.webp\"\/><\/p>\n<h2>FAQ<\/h2>\n<p><b>1.Mik\u00e4 on alumiininen puristeprofiili puhdasta tilaa varten?<\/b><\/p>\n<p>Se on tarkkaan suunniteltu alumiiniprofiili, jota k\u00e4ytet\u00e4\u00e4n kehysten, v\u00e4liseinien ja laitetukien rakentamiseen steriileiss\u00e4 puhdastilaymp\u00e4rist\u00f6iss\u00e4.\n<\/p>\n<p><\/p>\n<p><b>2.Miksi alumiinipursotus on ihanteellinen puhdastiloihin?<\/b><\/p>\n<p>Alumiini on kevytt\u00e4, korroosionkest\u00e4v\u00e4\u00e4 ja helposti puhdistettavaa, joten se sopii erinomaisesti saastumiselle alttiisiin ymp\u00e4rist\u00f6ihin, kuten puhdastiloihin.\n<\/p>\n<p><\/p>\n<p><b>3.Voivatko n\u00e4m\u00e4 profiilit tukea modulaarista rakentamista?<\/b><\/p>\n<p>Kyll\u00e4, useimmissa puhdastilojen alumiiniprofiileissa on T-urat modulaarista kokoonpanoa varten, mik\u00e4 helpottaa suunnittelumuutoksia ja laajennuksia.\n<\/p>\n<p><\/p>\n<p><b>4.Mit\u00e4 pintak\u00e4sittelyj\u00e4 puhdastilojen alumiiniprofiileihin on saatavilla?<\/b><\/p>\n<p>Yleisi\u00e4 k\u00e4sittelyj\u00e4 ovat anodisointi ja jauhemaalaus, jotka parantavat kest\u00e4vyytt\u00e4 ja kemikaalien kest\u00e4vyytt\u00e4 steriileiss\u00e4 ymp\u00e4rist\u00f6iss\u00e4.\n<\/p>\n<p><\/p>\n<p><b>5.Ovatko n\u00e4m\u00e4 profiilit yhteensopivia puhdastilan paneelien ja suodattimien kanssa?<\/b><\/p>\n<p>Kyll\u00e4, ne on suunniteltu integroitaviksi saumattomasti puhdastilan paneelien, kattojen, HEPA-suodattimien ja l\u00e4pivienti-ikkunoiden kanssa.\n<\/p>\n<p><\/p>\n<p><b>6.Tarjoatteko r\u00e4\u00e4t\u00e4l\u00f6ityj\u00e4 profiilimittoja tiettyj\u00e4 puhdastilaprojekteja varten?<\/b><\/p>\n<p>Kyll\u00e4, voimme valmistaa r\u00e4\u00e4t\u00e4l\u00f6ityj\u00e4 kokoja, muotoja ja esikoneistusta arkkitehtonisten ja teknisten vaatimustenne mukaan.\n<\/p>\n<p><\/p>\n<p><b>7.Miss\u00e4 n\u00e4it\u00e4 alumiiniprofiileja k\u00e4ytet\u00e4\u00e4n yleisesti?<\/b><\/p>\n<p>Niit\u00e4 k\u00e4ytet\u00e4\u00e4n laajalti l\u00e4\u00e4ke-, puolijohde-, biotekniikka-, elintarvike- ja l\u00e4\u00e4keteollisuuden puhdastiloissa.\n<\/p>\n<p><\/p>\n<p><b>8.Onko profiili helppo puhdistaa ja huoltaa?<\/b><\/p>\n<p>Kyll\u00e4, sile\u00e4 anodisoitu pinta kest\u00e4\u00e4 bakteerien kertymist\u00e4 ja on helppo puhdistaa tavallisilla puhdastilojen puhdistusaineilla.\n<\/p>\n<p><\/p>","protected":false},"featured_media":7599,"template":"","categories":[67],"class_list":["post-7600","product","type-product","status-publish","has-post-thumbnail","hentry","category-architectural-aluminium-profile"],"meta_box":{"hilight_text_group":{"product_hilight_text":"<li>High-precision aluminum extrusion ensures cleanroom-grade assembly<\/li>\r\r\n<li>Corrosion-resistant and easy-to-clean surface ideal for sterile environments<\/li>\r\r\n<li>Modular T-slot design allows flexible and tool-free installation<\/li>\r\r\n<li>Lightweight yet strong, reducing structural load while maintaining stability<\/li>\r\r\n<li>Compatible with cleanroom panels, doors, and air filtration systems<\/li>\r\r\n<li>Available in anodized or powder-coated finishes for added protection<\/li>\r\r\n<li>Custom profiles, sizes, and machining available for specific cleanroom layouts<\/li>","product_chanpin_blog":"<ul>\r\r\n<li><a href=\"https:\/\/sinoextrud.com\/t-slot-v-slot-differences\/\" target=\"_blank\">t slot vs v slot<\/a><\/li>\r\r\n<li><a href=\"https:\/\/sinoextrud.com\/what-is-4040-aluminium-extrud\/\" target=\"_blank\">4040 aluminium extrusion<\/a><\/li>\r\r\n<li><a href=\"https:\/\/sinoextrud.com\/what-is-4040-aluminium-extrud\/\" target=\"_blank\">aluminum extrusions for industrial racks<\/a><\/li>\r\r\n<li><a href=\"https:\/\/sinoextrud.com\/powder-coating-aluminium-process\/\" target=\"_blank\">powder coating aluminium<\/a><\/li>\r\r\n<li><a href=\"https:\/\/sinoextrud.com\/what-is-an-aluminium-strip-ceiling\/\" target=\"_blank\">aluminium strip ceiling<\/a><\/li>\r\r\n<li><a href=\"https:\/\/sinoextrud.com\/what-is-a-heat-sink\/\" target=\"_blank\">what is a heat sink<\/a><\/li>\r\r\n<\/ul>","product_chanpin_chanpin":"<li><a href=\"https:\/\/sinoextrud.com\/product\/triangular-aluminium-extrusion\/\" target=\"_blank\">Triangular Aluminium Extrusion<\/a><\/li>\r\n<li><a href=\"https:\/\/sinoextrud.com\/product\/aluminum-extrusion-alloys\/\" target=\"_blank\">Aluminum Extrusion Alloys<\/a><\/li>\r\n<li><a href=\"https:\/\/sinoextrud.com\/product\/aluminum-extrusion-frame\/\" target=\"_blank\">Aluminum Extrusion Frame<\/a><\/li>\r\n<li><a href=\"https:\/\/sinoextrud.com\/product\/aluminum-mirror-frame-extrusions\/\" target=\"_blank\">Aluminum Mirror Frame Extrusions<\/a><\/li>\r\n<li><a href=\"https:\/\/sinoextrud.com\/product\/aluminum-extrusion-profile-for-clean-room\/\" target=\"_blank\">Aluminum Extrusion Profile For Clean Room<\/a><\/li>\r\n<li><a href=\"https:\/\/sinoextrud.com\/product\/aluminum-extrusion-profile-rolling-shutter\/\" target=\"_blank\">Aluminum Extrusion Profile Rolling Shutter<\/a><\/li>\r\n<li><a href=\"https:\/\/sinoextrud.com\/product\/aluminum-fireproof-outdoor-terracce-decking-floor\/\" target=\"_blank\">Aluminum Fireproof Outdoor Terracce Decking Floor<\/a><\/li>\r\n<li><a href=\"https:\/\/sinoextrud.com\/product\/aluminium-profiles-for-bedroom-doors\/\" target=\"_blank\">Aluminium Profiles For Bedroom Doors<\/a><\/li>\r\n<li><a href=\"https:\/\/sinoextrud.com\/product\/extruded-aluminum-framing\/\" target=\"_blank\">Extruded Aluminum Framing<\/a><\/li>\r\n<li><a href=\"https:\/\/sinoextrud.com\/product\/anodized-aluminium-extrusion-profile-for-frame-construction-system\/\" target=\"_blank\">Anodized aluminium extrusion profile for frame construction system<\/a><\/li>\r\n<li><a href=\"https:\/\/sinoextrud.com\/product\/anodizing-aluminium-alloy-wire-slot\/\" target=\"_blank\">Anodizing Aluminium Alloy Wire Slot<\/a><\/li>"},"feature_list":[]},"_links":{"self":[{"href":"https:\/\/sinoextrud.com\/fi\/wp-json\/wp\/v2\/product\/7600","targetHints":{"allow":["GET"]}}],"collection":[{"href":"https:\/\/sinoextrud.com\/fi\/wp-json\/wp\/v2\/product"}],"about":[{"href":"https:\/\/sinoextrud.com\/fi\/wp-json\/wp\/v2\/types\/product"}],"wp:featuredmedia":[{"embeddable":true,"href":"https:\/\/sinoextrud.com\/fi\/wp-json\/wp\/v2\/media\/7599"}],"wp:attachment":[{"href":"https:\/\/sinoextrud.com\/fi\/wp-json\/wp\/v2\/media?parent=7600"}],"wp:term":[{"taxonomy":"category","embeddable":true,"href":"https:\/\/sinoextrud.com\/fi\/wp-json\/wp\/v2\/categories?post=7600"}],"curies":[{"name":"wp","href":"https:\/\/api.w.org\/{rel}","templated":true}]}}