{"id":7598,"date":"2025-06-09T02:50:00","date_gmt":"2025-06-09T02:50:00","guid":{"rendered":"https:\/\/sinoextrud.com\/product\/aluminum-mirror-frame-extrusions\/"},"modified":"2025-06-24T06:13:12","modified_gmt":"2025-06-24T06:13:12","slug":"alumiininen-peili-kehys-ekstrusoinnit","status":"publish","type":"product","link":"https:\/\/sinoextrud.com\/fi\/product\/aluminum-mirror-frame-extrusions\/","title":{"rendered":"Alumiini peili kehys puristekappaleet"},"content":{"rendered":"<h2>Tuotteiden tiedot<\/h2>\n<table class=\"custom-table\">\n<tbody>\n<tr>\n<td> Nimi<\/td>\n<td> Alumiiniset peilikehysprofiilit<\/td>\n<\/tr>\n<tr>\n<td> Merkki<\/td>\n<td> Sinoextrud\/Sinoextrud<\/td>\n<\/tr>\n<tr>\n<td> Luokka<\/td>\n<td> Alumiiniprofiilit<\/td>\n<\/tr>\n<tr>\n<td> Materiaali<\/td>\n<td> 6063 on laajalti k\u00e4ytetty. 6061, 6463, 6005, 6082 on my\u00f6s saatavilla.<\/td>\n<\/tr>\n<tr>\n<td> Temper<\/td>\n<td> T5-T8<\/td>\n<\/tr>\n<tr>\n<td> Pituus<\/td>\n<td> 1-9m tai r\u00e4\u00e4t\u00e4l\u00f6inti<\/td>\n<\/tr>\n<tr>\n<td> Koko (mm)<\/td>\n<td> Eri kokoa, voit ottaa yhteytt\u00e4 yksityiskohtiin.<\/td>\n<\/tr>\n<tr>\n<td> Paksuus<\/td>\n<td> Pyynt\u00f6nne mukaisesti<\/td>\n<\/tr>\n<tr>\n<td> Muoto<\/td>\n<td> Mukauttaminen<\/td>\n<\/tr>\n<tr>\n<td> Pintak\u00e4sittely<\/td>\n<td> Myllyvalmis, anodisoitu, hiekkapuhallus, elektroforeesi, tehopinnoitus jne.<\/td>\n<\/tr>\n<tr>\n<td> V\u00e4ri<\/td>\n<td> Hopea, musta, valkoinen, punainen, keltainen, samppanja tai r\u00e4\u00e4t\u00e4l\u00f6ity v\u00e4ri.<\/td>\n<\/tr>\n<tr>\n<td> Standardi<\/td>\n<td> ASTM, GB, DIN<\/td>\n<\/tr>\n<tr>\n<td> Osoitteesta<\/td>\n<td> Guangdong, Kiina<\/td>\n<\/tr>\n<tr>\n<td> Hakemus<\/td>\n<td> Koristelu<\/td>\n<\/tr>\n<\/tbody>\n<\/table>\n<h2>Tuotantopohjamme<\/h2>\n<h3>Tehtaan panoraama<\/h3>\n<p><img decoding=\"async\" src=\"\/wp-content\/uploads\/factory-01.webp\"\/><\/p>\n<h3>Alumiini Bar Manufacturing Workshop<\/h3>\n<p><img decoding=\"async\" src=\"\/wp-content\/uploads\/factory-02.webp\"\/><\/p>\n<p><img decoding=\"async\" src=\"\/wp-content\/uploads\/factory-03.webp\"\/><\/p>\n<h3>Muotin varastointi Varasto<\/h3>\n<p><img decoding=\"async\" src=\"\/wp-content\/uploads\/factory-04.webp\"\/><\/p>\n<h3>43 alumiinin ekstruusiolinjat (500-5500 tonnia)<\/h3>\n<p><img decoding=\"async\" src=\"\/wp-content\/uploads\/factory-05.webp\"\/><\/p>\n<p><img decoding=\"async\" src=\"\/wp-content\/uploads\/factory-06.webp\"\/><\/p>\n<p><img decoding=\"async\" src=\"\/wp-content\/uploads\/factory-07.webp\"\/><\/p>\n<h3>Jauhemaalaus ty\u00f6paja<\/h3>\n<p><img decoding=\"async\" src=\"\/wp-content\/uploads\/factory-09.webp\"\/><\/p>\n<h3>Anodisointi ty\u00f6paja<\/h3>\n<p><img decoding=\"async\" src=\"\/wp-content\/uploads\/factory-10.webp\"\/><\/p>\n<h3>Syv\u00e4k\u00e4sittelyn ty\u00f6paja<\/h3>\n<p><img decoding=\"async\" src=\"\/wp-content\/uploads\/factory-11.webp\"\/><\/p>\n<h3>CNC-tarkkuuskoneistus ty\u00f6paja<\/h3>\n<p><img decoding=\"async\" src=\"\/wp-content\/uploads\/factory-11.5.webp\"\/><\/p>\n<h3>Valmiiden tuotteiden ja vientivarasto<\/h3>\n<p><img decoding=\"async\" src=\"\/wp-content\/uploads\/factory-12.webp\"\/><\/p>\n<p><img decoding=\"async\" src=\"\/wp-content\/uploads\/factory-13.webp\"\/><\/p>\n<p><img decoding=\"async\" src=\"\/wp-content\/uploads\/factory-14.webp\"\/><\/p>\n<h2>FAQ<\/h2>\n<p><p><b>1.What ovat alumiini peili kehys ekstruusiot?<\/b><\/p>\n<p>Alumiiniset peilikehyspuristeet ovat erityisesti peilien kehyksiin suunniteltuja profiileja, joissa yhdistyv\u00e4t kest\u00e4vyys ja esteettisyys.<br \/>\n<\/p><br \/>\n<br \/>\n<p><b>2.Miksi k\u00e4ytt\u00e4\u00e4 alumiinia peilikehyksiin?<\/b><\/p>\n<p>Alumiini on kevytt\u00e4, korroosionkest\u00e4v\u00e4\u00e4 ja viimeistelee tyylikk\u00e4\u00e4sti, joten se sopii erinomaisesti sek\u00e4 asuin- ett\u00e4 kaupallisiin peilien kehyksiin.<br \/>\n<\/p><br \/>\n<br \/>\n<p><b>3.Can alumiini peili kehys puristeet voidaan r\u00e4\u00e4t\u00e4l\u00f6id\u00e4?<\/b><\/p>\n<p>Kyll\u00e4, ne voidaan r\u00e4\u00e4t\u00e4l\u00f6id\u00e4 profiilin muodon, pituuden, pintak\u00e4sittelyn ja v\u00e4rin osalta vastaamaan erityisi\u00e4 suunnitteluvaatimuksia.<br \/>\n<\/p><br \/>\n<br \/>\n<p><b>4.Soveltuvatko n\u00e4m\u00e4 kehykset kosteisiin ymp\u00e4rist\u00f6ihin, kuten kylpyhuoneisiin?<\/b><\/p>\n<p>Alumiinin korroosionkest\u00e4vyyden ansiosta se sopii erinomaisesti k\u00e4ytett\u00e4v\u00e4ksi kosteudelle alttiissa tiloissa, kuten kylpyhuoneissa ja kylpyl\u00f6iss\u00e4.<br \/>\n<\/p><br \/>\n<br \/>\n<p><b>5.Mit\u00e4 pintak\u00e4sittelyj\u00e4 on saatavana alumiinisiin peilikehyksiin?<\/b><\/p>\n<p>Yleisi\u00e4 pintak\u00e4sittelyj\u00e4 ovat anodisoitu hopea, mattamusta, harjattu kulta ja jauhemaalattu erikoisv\u00e4ri.<br \/>\n<\/p><br \/>\n<br \/>\n<p><b>6.Onko alumiininen peilikehyspuristus helppo asentaa?<\/b><\/p>\n<p>Kyll\u00e4, profiilit on suunniteltu nopeaa ja turvallista asennusta varten, ja niiss\u00e4 on usein valmiiksi poratut rei\u00e4t ja sile\u00e4t reunat.<br \/>\n<\/p><br \/>\n<br \/>\n<p><b>7.Do valmistajat tukevat OEM- ja irtotilauksia?<\/b><\/p>\n<p>Kyll\u00e4, useimmat toimittajat tarjoavat OEM-palveluja, r\u00e4\u00e4t\u00e4l\u00f6ityj\u00e4 ty\u00f6kaluja ja massatuotantoa maailmanlaajuisille tuotemerkeille ja jakelijoille.<br \/>\n<\/p><br \/><\/p>","protected":false},"featured_media":7597,"template":"","categories":[67],"class_list":["post-7598","product","type-product","status-publish","has-post-thumbnail","hentry","category-architectural-aluminium-profile"],"meta_box":{"hilight_text_group":{"product_hilight_text":"<li>Sleek and modern aluminum profile enhances mirror aesthetics<\/li>\r\r\n<li>Lightweight yet sturdy frame structure ensures long-lasting durability<\/li>\r\r\n<li>Corrosion-resistant surface ideal for bathrooms and humid environments<\/li>\r\r\n<li>Available in anodized, powder-coated, and brushed finishes<\/li>\r\r\n<li>Custom shapes, lengths, and finishes available for OEM requirements<\/li>\r\r\n<li>Easy installation and maintenance with precision-fit design<\/li>","product_chanpin_blog":"<ul>\r\r\n<li><a href=\"https:\/\/sinoextrud.com\/t-slot-v-slot-differences\/\" target=\"_blank\">t slot vs v slot<\/a><\/li>\r\r\n<li><a href=\"https:\/\/sinoextrud.com\/what-is-4040-aluminium-extrud\/\" target=\"_blank\">4040 aluminium extrusion<\/a><\/li>\r\r\n<li><a href=\"https:\/\/sinoextrud.com\/what-is-4040-aluminium-extrud\/\" target=\"_blank\">aluminum extrusions for industrial racks<\/a><\/li>\r\r\n<li><a href=\"https:\/\/sinoextrud.com\/powder-coating-aluminium-process\/\" target=\"_blank\">powder coating aluminium<\/a><\/li>\r\r\n<li><a href=\"https:\/\/sinoextrud.com\/what-is-an-aluminium-strip-ceiling\/\" target=\"_blank\">aluminium strip ceiling<\/a><\/li>\r\r\n<li><a href=\"https:\/\/sinoextrud.com\/what-is-a-heat-sink\/\" target=\"_blank\">what is a heat sink<\/a><\/li>\r\r\n<\/ul>","product_chanpin_chanpin":"<li><a href=\"https:\/\/sinoextrud.com\/product\/anodized-aluminum-kitchen-profile-for-handle-price\/\" target=\"_blank\">Anodized Aluminum Kitchen Profile For Handle Price<\/a><\/li>\r\n<li><a href=\"https:\/\/sinoextrud.com\/product\/triangular-aluminium-extrusion\/\" target=\"_blank\">Triangular Aluminium Extrusion<\/a><\/li>\r\n<li><a href=\"https:\/\/sinoextrud.com\/product\/aluminum-extrusion-alloys\/\" target=\"_blank\">Aluminum Extrusion Alloys<\/a><\/li>\r\n<li><a href=\"https:\/\/sinoextrud.com\/product\/aluminum-extrusion-frame\/\" target=\"_blank\">Aluminum Extrusion Frame<\/a><\/li>\r\n<li><a href=\"https:\/\/sinoextrud.com\/product\/aluminum-mirror-frame-extrusions\/\" target=\"_blank\">Aluminum Mirror Frame Extrusions<\/a><\/li>\r\n<li><a href=\"https:\/\/sinoextrud.com\/product\/aluminum-extrusion-profile-for-clean-room\/\" target=\"_blank\">Aluminum Extrusion Profile For Clean Room<\/a><\/li>\r\n<li><a href=\"https:\/\/sinoextrud.com\/product\/aluminum-extrusion-profile-rolling-shutter\/\" target=\"_blank\">Aluminum Extrusion Profile Rolling Shutter<\/a><\/li>\r\n<li><a href=\"https:\/\/sinoextrud.com\/product\/aluminum-fireproof-outdoor-terracce-decking-floor\/\" target=\"_blank\">Aluminum Fireproof Outdoor Terracce Decking Floor<\/a><\/li>\r\n<li><a href=\"https:\/\/sinoextrud.com\/product\/aluminium-profiles-for-bedroom-doors\/\" target=\"_blank\">Aluminium Profiles For Bedroom Doors<\/a><\/li>\r\n<li><a href=\"https:\/\/sinoextrud.com\/product\/aluminium-door-extrusions-profiles\/\" target=\"_blank\">Aluminium Door Extrusions Profiles<\/a><\/li>\r\n<li><a href=\"https:\/\/sinoextrud.com\/product\/aluminium-door-frame-extrusions\/\" target=\"_blank\">Aluminium Door Frame Extrusions<\/a><\/li>"},"feature_list":[]},"_links":{"self":[{"href":"https:\/\/sinoextrud.com\/fi\/wp-json\/wp\/v2\/product\/7598","targetHints":{"allow":["GET"]}}],"collection":[{"href":"https:\/\/sinoextrud.com\/fi\/wp-json\/wp\/v2\/product"}],"about":[{"href":"https:\/\/sinoextrud.com\/fi\/wp-json\/wp\/v2\/types\/product"}],"wp:featuredmedia":[{"embeddable":true,"href":"https:\/\/sinoextrud.com\/fi\/wp-json\/wp\/v2\/media\/7597"}],"wp:attachment":[{"href":"https:\/\/sinoextrud.com\/fi\/wp-json\/wp\/v2\/media?parent=7598"}],"wp:term":[{"taxonomy":"category","embeddable":true,"href":"https:\/\/sinoextrud.com\/fi\/wp-json\/wp\/v2\/categories?post=7598"}],"curies":[{"name":"wp","href":"https:\/\/api.w.org\/{rel}","templated":true}]}}