{"id":7596,"date":"2025-06-09T02:48:13","date_gmt":"2025-06-09T02:48:13","guid":{"rendered":"https:\/\/sinoextrud.com\/product\/aluminum-extrusion-frame\/"},"modified":"2025-06-24T06:13:12","modified_gmt":"2025-06-24T06:13:12","slug":"alumiininen-suulakepuristettu-runko","status":"publish","type":"product","link":"https:\/\/sinoextrud.com\/fi\/product\/aluminum-extrusion-frame\/","title":{"rendered":"Alumiini suulakepuristettu runko"},"content":{"rendered":"<h2>Tuotteiden tiedot<\/h2>\n<table class=\"custom-table\">\n<tr>\n<td class=\"label\">Tuotteen nimi:<\/td>\n<td>Alumiini suulakepuristekehys, alumiinin suulakepuristekehys kuvakehys<\/td>\n<\/tr>\n<tr>\n<td class=\"label\">Yritystyyppi:<\/td>\n<td>Valmistaja\/ tehdas<\/td>\n<\/tr>\n<tr>\n<td class=\"label\">Seos:<\/td>\n<td>6063\/6061\/6005\/6060\/7005. (Erikoisseokset voidaan valmistaa tarpeidesi mukaan.)<\/td>\n<\/tr>\n<tr>\n<td class=\"label\">Temperamentti:<\/td>\n<td>T5\/T6\/T4<\/td>\n<\/tr>\n<tr>\n<td class=\"label\">Standardi:<\/td>\n<td>Kiina GB korkean tarkkuuden standardi.<\/td>\n<\/tr>\n<tr>\n<td class=\"label\">Paksuus:<\/td>\n<td>Vaatimustesi perusteella.<\/td>\n<\/tr>\n<tr>\n<td class=\"label\">Pituus:<\/td>\n<td>5,8 m soveltuu lastaukseen ja toimitukseen. Ja voimme tuottaa mink\u00e4 tahansa pituuden haluat.<\/td>\n<\/tr>\n<tr>\n<td class=\"label\">MOQ:<\/td>\n<td>Normaalisti 200kg. Yleens\u00e4 10~12 tonnia 1*20GP:lle ja 20~23 tonnia 1*40HQ:lle.<\/td>\n<\/tr>\n<tr>\n<td class=\"label\">Pintak\u00e4sittely:<\/td>\n<td>Jyrsint\u00e4k\u00e4sittely, anodisointi, jauhemaalaus, puunsuikaleet, kiillotus, harjaus, elektroforeesi.<\/td>\n<\/tr>\n<tr>\n<td class=\"label\">Color We Can Do:<\/td>\n<td>Hopea, musta, valkoinen, pronssi, samppanja, vihre\u00e4, harmaa, kullankeltainen, nikkeli tai r\u00e4\u00e4t\u00e4l\u00f6ity.<\/td>\n<\/tr>\n<tr>\n<td class=\"label\">Jauhemaalaus:<\/td>\n<td>R\u00e4\u00e4t\u00e4l\u00f6ity. Normaali paksuus: 80-120 um.<\/td>\n<\/tr>\n<tr>\n<td class=\"label\">Elektroforeesi Complex Film:<\/td>\n<td>Normaali paksuus: 16 um.<\/td>\n<\/tr>\n<tr>\n<td class=\"label\">Puuv\u00e4ri:<\/td>\n<td>R\u00e4\u00e4t\u00e4l\u00f6ity. Normaali paksuus: 60-120 um.<\/td>\n<\/tr>\n<\/table>\n<h2>Tuotantopohjamme<\/h2>\n<h3>Tehtaan panoraama<\/h3>\n<p><img decoding=\"async\" src=\"\/wp-content\/uploads\/factory-01.webp\"\/><\/p>\n<h3>Alumiini Bar Manufacturing Workshop<\/h3>\n<p><img decoding=\"async\" src=\"\/wp-content\/uploads\/factory-02.webp\"\/><\/p>\n<p><img decoding=\"async\" src=\"\/wp-content\/uploads\/factory-03.webp\"\/><\/p>\n<h3>Muotin varastointi Varasto<\/h3>\n<p><img decoding=\"async\" src=\"\/wp-content\/uploads\/factory-04.webp\"\/><\/p>\n<h3>43 alumiinin ekstruusiolinjat (500-5500 tonnia)<\/h3>\n<p><img decoding=\"async\" src=\"\/wp-content\/uploads\/factory-05.webp\"\/><\/p>\n<p><img decoding=\"async\" src=\"\/wp-content\/uploads\/factory-06.webp\"\/><\/p>\n<p><img decoding=\"async\" src=\"\/wp-content\/uploads\/factory-07.webp\"\/><\/p>\n<h3>Jauhemaalaus ty\u00f6paja<\/h3>\n<p><img decoding=\"async\" src=\"\/wp-content\/uploads\/factory-09.webp\"\/><\/p>\n<h3>Anodisointi ty\u00f6paja<\/h3>\n<p><img decoding=\"async\" src=\"\/wp-content\/uploads\/factory-10.webp\"\/><\/p>\n<h3>Syv\u00e4k\u00e4sittelyn ty\u00f6paja<\/h3>\n<p><img decoding=\"async\" src=\"\/wp-content\/uploads\/factory-11.webp\"\/><\/p>\n<h3>CNC-tarkkuuskoneistus ty\u00f6paja<\/h3>\n<p><img decoding=\"async\" src=\"\/wp-content\/uploads\/factory-11.5.webp\"\/><\/p>\n<h3>Valmiiden tuotteiden ja vientivarasto<\/h3>\n<p><img decoding=\"async\" src=\"\/wp-content\/uploads\/factory-12.webp\"\/><\/p>\n<p><img decoding=\"async\" src=\"\/wp-content\/uploads\/factory-13.webp\"\/><\/p>\n<p><img decoding=\"async\" src=\"\/wp-content\/uploads\/factory-14.webp\"\/><\/p>\n<h2>FAQ<\/h2>\n<p><p><b>1.Mik\u00e4 on alumiininen ekstruusiokehys? <\/b><\/p>\n<p> Alumiiniprofiilirunko on rakenteellinen j\u00e4rjestelm\u00e4, joka on rakennettu suulakepuristetuista alumiiniprofiileista, jotka tunnetaan lujuudestaan, modulaarisuudestaan ja korroosionkest\u00e4vyydest\u00e4\u00e4n.<br \/>\n<\/p><br \/>\n<br \/>\n<p><b>2.Mitk\u00e4 ovat alumiinipuristekehysten edut? <\/b><\/p>\n<p> Alumiinipuristekehykset tarjoavat kevytt\u00e4 lujuutta, modulaarista rakennetta, korroosionkest\u00e4vyytt\u00e4 ja helppoa r\u00e4\u00e4t\u00e4l\u00f6inti\u00e4 erilaisiin teollisiin ja kaupallisiin k\u00e4ytt\u00f6tarkoituksiin.<br \/>\n<\/p><br \/>\n<br \/>\n<p><b>3.Tarvitaanko alumiinipuristekehysten hitsausta? <\/b><\/p>\n<p> Ei, n\u00e4iss\u00e4 kehyksiss\u00e4 k\u00e4ytet\u00e4\u00e4n ruuviliittimi\u00e4, jolloin hitsausta ei tarvita ja kokoonpano on nopeampaa ja turvallisempaa.<br \/>\n<\/p><br \/>\n<br \/>\n<p><b>4.Can kehykset voidaan r\u00e4\u00e4t\u00e4l\u00f6id\u00e4? <\/b><\/p>\n<p> Kyll\u00e4, alumiiniset suulakepuristekehykset voidaan r\u00e4\u00e4t\u00e4l\u00f6id\u00e4 pituuden, profiilin muodon, aukkokoon ja viimeistelyn suhteen, jotta ne vastaavat ainutlaatuisia projektin vaatimuksia.<br \/>\n<\/p><br \/>\n<br \/>\n<p><b>5.Are alumiini suulakepuristetut kehykset kest\u00e4v\u00e4t ankarissa ymp\u00e4rist\u00f6iss\u00e4? <\/b><\/p>\n<p> Anodisoitu tai jauhemaalattu pinta kest\u00e4\u00e4 erinomaisesti korroosiota, kulumista ja ymp\u00e4rist\u00f6tekij\u00f6it\u00e4.<br \/>\n<\/p><br \/>\n<br \/>\n<p><b>6.Mitk\u00e4 teollisuudenalat k\u00e4ytt\u00e4v\u00e4t alumiinipuristekehyksi\u00e4? <\/b><\/p>\n<p> N\u00e4it\u00e4 kehyksi\u00e4 k\u00e4ytet\u00e4\u00e4n laajalti automaatiossa, robotiikassa, valmistuksessa, n\u00e4ytt\u00f6j\u00e4rjestelmiss\u00e4 ja puhdastilojen rakentamisessa.<br \/>\n<\/p><br \/>\n<br \/>\n<p><b>7.Onko runkoj\u00e4rjestelm\u00e4 uudelleenk\u00e4ytett\u00e4viss\u00e4? <\/b><\/p>\n<p> Kyll\u00e4, modulaarinen luonne mahdollistaa purkamisen ja uudelleenk\u00e4yt\u00f6n, mik\u00e4 tekee siit\u00e4 kustannustehokkaan dynaamisissa tai kehittyviss\u00e4 kokoonpanoissa.<br \/>\n<\/p><br \/>\n<br \/>\n<p><b>8.Kuinka helppoa lis\u00e4varusteiden integrointi on? <\/b><\/p>\n<p> Eritt\u00e4in helppok\u00e4ytt\u00f6iset alumiiniprofiilirungot on suunniteltu vakioiduilla aukoilla, jotka sopivat kiinnikkeisiin, paneeleihin, oviin ja muihin laitteistoihin.<br \/>\n<\/p><br \/><\/p>","protected":false},"featured_media":7595,"template":"","categories":[67],"class_list":["post-7596","product","type-product","status-publish","has-post-thumbnail","hentry","category-architectural-aluminium-profile"],"meta_box":{"hilight_text_group":{"product_hilight_text":"<li>Modular aluminum extrusion design enables flexible and scalable structures.<\/li>\r\r\n<li>Lightweight yet high-strength material ideal for industrial and commercial framing.<\/li>\r\r\n<li>Corrosion-resistant surface treatment ensures durability in harsh environments.<\/li>\r\r\n<li>Compatible with standard connectors and accessories for easy assembly.<\/li>\r\r\n<li>No welding required\u00e2\u20ac\u201dreduces installation time and labor costs.<\/li>\r\r\n<li>Customizable sizes and cross-sections to meet specific application needs.<\/li>","product_chanpin_blog":"<ul>\r\r\n<li><a href=\"https:\/\/sinoextrud.com\/t-slot-v-slot-differences\/\" target=\"_blank\">t slot vs v slot<\/a><\/li>\r\r\n<li><a href=\"https:\/\/sinoextrud.com\/what-is-4040-aluminium-extrud\/\" target=\"_blank\">4040 aluminium extrusion<\/a><\/li>\r\r\n<li><a href=\"https:\/\/sinoextrud.com\/what-is-4040-aluminium-extrud\/\" target=\"_blank\">aluminum extrusions for industrial racks<\/a><\/li>\r\r\n<li><a href=\"https:\/\/sinoextrud.com\/powder-coating-aluminium-process\/\" target=\"_blank\">powder coating aluminium<\/a><\/li>\r\r\n<li><a href=\"https:\/\/sinoextrud.com\/what-is-an-aluminium-strip-ceiling\/\" target=\"_blank\">aluminium strip ceiling<\/a><\/li>\r\r\n<li><a href=\"https:\/\/sinoextrud.com\/what-is-a-heat-sink\/\" target=\"_blank\">what is a heat sink<\/a><\/li>\r\r\n<\/ul>","product_chanpin_chanpin":"<li><a href=\"https:\/\/sinoextrud.com\/product\/aluminum-window-frames-mosquito-netting-suppliers\/\" target=\"_blank\">Aluminum Window Frames Mosquito Netting Suppliers<\/a><\/li>\r\n<li><a href=\"https:\/\/sinoextrud.com\/product\/anodized-aluminum-kitchen-profile-for-handle-price\/\" target=\"_blank\">Anodized Aluminum Kitchen Profile For Handle Price<\/a><\/li>\r\n<li><a href=\"https:\/\/sinoextrud.com\/product\/triangular-aluminium-extrusion\/\" target=\"_blank\">Triangular Aluminium Extrusion<\/a><\/li>\r\n<li><a href=\"https:\/\/sinoextrud.com\/product\/aluminum-extrusion-alloys\/\" target=\"_blank\">Aluminum Extrusion Alloys<\/a><\/li>\r\n<li><a href=\"https:\/\/sinoextrud.com\/product\/aluminum-extrusion-frame\/\" target=\"_blank\">Aluminum Extrusion Frame<\/a><\/li>\r\n<li><a href=\"https:\/\/sinoextrud.com\/product\/aluminum-mirror-frame-extrusions\/\" target=\"_blank\">Aluminum Mirror Frame Extrusions<\/a><\/li>\r\n<li><a href=\"https:\/\/sinoextrud.com\/product\/aluminum-extrusion-profile-for-clean-room\/\" target=\"_blank\">Aluminum Extrusion Profile For Clean Room<\/a><\/li>\r\n<li><a href=\"https:\/\/sinoextrud.com\/product\/aluminum-extrusion-profile-rolling-shutter\/\" target=\"_blank\">Aluminum Extrusion Profile Rolling Shutter<\/a><\/li>\r\n<li><a href=\"https:\/\/sinoextrud.com\/product\/aluminum-fireproof-outdoor-terracce-decking-floor\/\" target=\"_blank\">Aluminum Fireproof Outdoor Terracce Decking Floor<\/a><\/li>\r\n<li><a href=\"https:\/\/sinoextrud.com\/product\/aluminium-rail-profile\/\" target=\"_blank\">Aluminium Rail Profile<\/a><\/li>\r\n<li><a href=\"https:\/\/sinoextrud.com\/product\/aluminum-extruded-profile\/\" target=\"_blank\">Aluminum Extruded Profile<\/a><\/li>"},"feature_list":[]},"_links":{"self":[{"href":"https:\/\/sinoextrud.com\/fi\/wp-json\/wp\/v2\/product\/7596","targetHints":{"allow":["GET"]}}],"collection":[{"href":"https:\/\/sinoextrud.com\/fi\/wp-json\/wp\/v2\/product"}],"about":[{"href":"https:\/\/sinoextrud.com\/fi\/wp-json\/wp\/v2\/types\/product"}],"wp:featuredmedia":[{"embeddable":true,"href":"https:\/\/sinoextrud.com\/fi\/wp-json\/wp\/v2\/media\/7595"}],"wp:attachment":[{"href":"https:\/\/sinoextrud.com\/fi\/wp-json\/wp\/v2\/media?parent=7596"}],"wp:term":[{"taxonomy":"category","embeddable":true,"href":"https:\/\/sinoextrud.com\/fi\/wp-json\/wp\/v2\/categories?post=7596"}],"curies":[{"name":"wp","href":"https:\/\/api.w.org\/{rel}","templated":true}]}}