{"id":7592,"date":"2025-06-09T02:42:40","date_gmt":"2025-06-09T02:42:40","guid":{"rendered":"https:\/\/sinoextrud.com\/product\/triangular-aluminium-extrusion\/"},"modified":"2025-06-24T06:13:11","modified_gmt":"2025-06-24T06:13:11","slug":"kolmiomainen-alumiinipursotus","status":"publish","type":"product","link":"https:\/\/sinoextrud.com\/fi\/product\/triangular-aluminium-extrusion\/","title":{"rendered":"Kolmion muotoinen alumiiniprofiili"},"content":{"rendered":"<h2>Tuotteiden tiedot<\/h2>\n<table class=\"custom-table\">\n<tbody>\n<tr>\n<td> Kohde<\/td>\n<td> Kolmion muotoinen alumiiniprofiili<\/td>\n<\/tr>\n<tr>\n<td> Temper<\/td>\n<td> T3-T8<\/td>\n<\/tr>\n<tr>\n<td> Prosessin kulku<\/td>\n<td> Muotin kehitt\u00e4minen-Alumiinip\u00f6lkkyjen l\u00e4mmitt\u00e4minen yl\u00f6sp\u00e4in-muovaus raaka-alumiinilla - anodisoitu jauhepinnoitettu<\/td>\n<\/tr>\n<tr>\n<td> Sertifiointi<\/td>\n<td> CE, ISO, SGS, TUV<\/td>\n<\/tr>\n<tr>\n<td> Hakemus<\/td>\n<td> Rakentaminen, teollisuus<\/td>\n<\/tr>\n<tr>\n<td> Muoto<\/td>\n<td> Kolmion muotoinen<\/td>\n<\/tr>\n<tr>\n<td> Pintak\u00e4sittely<\/td>\n<td> Mylly viimeistelty, anodisoitu, tehopinnoite, hiekkapuhallus, elektroforeesi, harjattu, kiillotus jne.<\/td>\n<\/tr>\n<tr>\n<td> V\u00e4ri<\/td>\n<td> Perustuu asiakkaiden vaatimuksiin<\/td>\n<\/tr>\n<tr>\n<td> Syv\u00e4prosessointi<\/td>\n<td> Leikkaus, poraus, ty\u00f6st\u00f6, l\u00e4vistys, taivutus, napauttaminen jne.<\/td>\n<\/tr>\n<tr>\n<td> Takuu<\/td>\n<td> ISO: 9001, SONCAP , BV-sertifikaatti, TUV, SGS tai asiakkaiden sertifikaatti saatavilla<\/td>\n<\/tr>\n<tr>\n<td> MOQ<\/td>\n<td> 200 kg kutakin profiilia kohti<\/td>\n<\/tr>\n<tr>\n<td> Toimitusaika<\/td>\n<td> Muotin kehitt\u00e4minen ja n\u00e4ytteen muotoilu kest\u00e4\u00e4 12-15 p\u00e4iv\u00e4\u00e4, ja tuotannon kesto on 15-25 p\u00e4iv\u00e4\u00e4 ostajan talletuksen vastaanottamisen j\u00e4lkeen.<\/td>\n<\/tr>\n<tr>\n<td> Ilmainen n\u00e4yte<\/td>\n<td> 1-3 p\u00e4iv\u00e4\u00e4 voidaan l\u00e4hett\u00e4\u00e4<\/td>\n<\/tr>\n<\/tbody>\n<\/table>\n<h2>Tuotantopohjamme<\/h2>\n<h3>Tehtaan panoraama<\/h3>\n<p><img decoding=\"async\" src=\"\/wp-content\/uploads\/factory-01.webp\"\/><\/p>\n<h3>Alumiini Bar Manufacturing Workshop<\/h3>\n<p><img decoding=\"async\" src=\"\/wp-content\/uploads\/factory-02.webp\"\/><\/p>\n<p><img decoding=\"async\" src=\"\/wp-content\/uploads\/factory-03.webp\"\/><\/p>\n<h3>Muotin varastointi Varasto<\/h3>\n<p><img decoding=\"async\" src=\"\/wp-content\/uploads\/factory-04.webp\"\/><\/p>\n<h3>43 Alumiini ekstruusiolinjat (500\u00e2 5500 tonnia)<\/h3>\n<p><img decoding=\"async\" src=\"\/wp-content\/uploads\/factory-05.webp\"\/><\/p>\n<p><img decoding=\"async\" src=\"\/wp-content\/uploads\/factory-06.webp\"\/><\/p>\n<p><img decoding=\"async\" src=\"\/wp-content\/uploads\/factory-07.webp\"\/><\/p>\n<h3>Jauhemaalaus ty\u00f6paja<\/h3>\n<p><img decoding=\"async\" src=\"\/wp-content\/uploads\/factory-09.webp\"\/><\/p>\n<h3>Anodisointi ty\u00f6paja<\/h3>\n<p><img decoding=\"async\" src=\"\/wp-content\/uploads\/factory-10.webp\"\/><\/p>\n<h3>Syv\u00e4k\u00e4sittelyn ty\u00f6paja<\/h3>\n<p><img decoding=\"async\" src=\"\/wp-content\/uploads\/factory-11.webp\"\/><\/p>\n<h3>CNC-tarkkuuskoneistus ty\u00f6paja<\/h3>\n<p><img decoding=\"async\" src=\"\/wp-content\/uploads\/factory-11.5.webp\"\/><\/p>\n<h3>Valmiiden tuotteiden ja vientivarasto<\/h3>\n<p><img decoding=\"async\" src=\"\/wp-content\/uploads\/factory-12.webp\"\/><\/p>\n<p><img decoding=\"async\" src=\"\/wp-content\/uploads\/factory-13.webp\"\/><\/p>\n<p><img decoding=\"async\" src=\"\/wp-content\/uploads\/factory-14.webp\"\/><\/p>\n<h2>FAQ<\/h2>\n<p><p><b>1.Mik\u00e4 on kolmionmuotoinen alumiiniprofiili?<\/b><\/p>\n<p>Kolmiomainen alumiiniprofiili on alumiiniprofiili, jossa on kolmiomainen geometrinen muoto ja jota k\u00e4ytet\u00e4\u00e4n arkkitehtuuri-, koriste- ja rakennesovelluksissa.<br \/>\n<\/p><br \/>\n<br \/>\n<p><b>2.Miksi k\u00e4ytt\u00e4\u00e4 kolmiomaisia alumiiniprofiileja?<\/b><\/p>\n<p>Kolmionmuotoiset profiilit ovat sek\u00e4 esteettisesti houkuttelevia ett\u00e4 mekaanisesti vakaita, joten ne sopivat erinomaisesti tukemiseen, kehyst\u00e4miseen ja modernin muotoilun korostamiseen.<br \/>\n<\/p><br \/>\n<br \/>\n<p><b>3.Are kolmiomainen alumiiniprofiilit muokattavissa?<\/b><\/p>\n<p>Kyll\u00e4, niit\u00e4 voidaan r\u00e4\u00e4t\u00e4l\u00f6id\u00e4 sivupituuksien, sein\u00e4m\u00e4n paksuuden, kulman, pintak\u00e4sittelyn ja pituusleikkausvaatimusten osalta.<br \/>\n<\/p><br \/>\n<br \/>\n<p><b>4.Miss\u00e4 sovelluksissa k\u00e4ytet\u00e4\u00e4n kolmiomaisia alumiiniprofiileja?<\/b><\/p>\n<p>Niit\u00e4 k\u00e4ytet\u00e4\u00e4n rakennusten verhoiluissa, opasteiden kehyksiss\u00e4, LED-koteloissa, rakennustelineiss\u00e4 ja n\u00e4ytt\u00f6j\u00e4rjestelmiss\u00e4.<br \/>\n<\/p><br \/>\n<br \/>\n<p><b>5.Onko materiaali korroosionkest\u00e4v\u00e4?<\/b><\/p>\n<p>Alumiinin luonnollinen oksidikerros ja valinnaiset anodisoidut tai jauhemaalatut pinnoitteet takaavat erinomaisen korroosionkest\u00e4vyyden.<br \/>\n<\/p><br \/>\n<br \/>\n<p><b>6.Voiko kolmionmuotoisia profiileja anodisoida tai pulverimaalata?<\/b><\/p>\n<p>Kyll\u00e4, niit\u00e4 on saatavana erilaisina pintak\u00e4sittelyin\u00e4, kuten anodisoituina, jauhemaalattuina ja harjattuina, jotka parantavat suojaa ja ulkon\u00e4k\u00f6\u00e4.<br \/>\n<\/p><br \/>\n<br \/>\n<p><b>7.Do tarjoat OEM tai irtotavarana tarjonta kolmion alumiiniprofiilit?<\/b><\/p>\n<p>Kyll\u00e4, useimmat valmistajat tarjoavat OEM-kustomointia ja tehtaan suoraa hinnoittelua suurille tilausm\u00e4\u00e4rille.<br \/>\n<\/p><br \/><\/p>","protected":false},"featured_media":7591,"template":"","categories":[67],"class_list":["post-7592","product","type-product","status-publish","has-post-thumbnail","hentry","category-architectural-aluminium-profile"],"meta_box":{"hilight_text_group":{"product_hilight_text":"<li>Unique triangular shape offers structural support and modern aesthetics<\/li>\r\r\n<li>Lightweight aluminum ensures easy handling and installation<\/li>\r\r\n<li>Corrosion-resistant finish suitable for indoor and outdoor use<\/li>\r\r\n<li>Customizable angles, wall thicknesses, and finishes available<\/li>\r\r\n<li>Ideal for architectural trim, signage, framing, and industrial structures<\/li>\r\r\n<li>OEM production and competitive pricing for bulk orders<\/li>","product_chanpin_blog":"<ul>\r\r\n<li><a href=\"https:\/\/sinoextrud.com\/t-slot-v-slot-differences\/\" target=\"_blank\">t slot vs v slot<\/a><\/li>\r\r\n<li><a href=\"https:\/\/sinoextrud.com\/what-is-4040-aluminium-extrud\/\" target=\"_blank\">4040 aluminium extrusion<\/a><\/li>\r\r\n<li><a href=\"https:\/\/sinoextrud.com\/what-is-4040-aluminium-extrud\/\" target=\"_blank\">aluminum extrusions for industrial racks<\/a><\/li>\r\r\n<li><a href=\"https:\/\/sinoextrud.com\/powder-coating-aluminium-process\/\" target=\"_blank\">powder coating aluminium<\/a><\/li>\r\r\n<li><a href=\"https:\/\/sinoextrud.com\/what-is-an-aluminium-strip-ceiling\/\" target=\"_blank\">aluminium strip ceiling<\/a><\/li>\r\r\n<li><a href=\"https:\/\/sinoextrud.com\/what-is-a-heat-sink\/\" target=\"_blank\">what is a heat sink<\/a><\/li>\r\r\n<\/ul>","product_chanpin_chanpin":"<li><a href=\"https:\/\/sinoextrud.com\/product\/extruded-profiles-aluminium\/\" target=\"_blank\">Extruded Profiles Aluminium<\/a><\/li>\r\n<li><a href=\"https:\/\/sinoextrud.com\/product\/customized-extruded-aluminum-flat-bar-profile\/\" target=\"_blank\">Customized Extruded Aluminum Flat Bar Profile<\/a><\/li>\r\n<li><a href=\"https:\/\/sinoextrud.com\/product\/aluminum-window-frames-mosquito-netting-suppliers\/\" target=\"_blank\">Aluminum Window Frames Mosquito Netting Suppliers<\/a><\/li>\r\n<li><a href=\"https:\/\/sinoextrud.com\/product\/anodized-aluminum-kitchen-profile-for-handle-price\/\" target=\"_blank\">Anodized Aluminum Kitchen Profile For Handle Price<\/a><\/li>\r\n<li><a href=\"https:\/\/sinoextrud.com\/product\/triangular-aluminium-extrusion\/\" target=\"_blank\">Triangular Aluminium Extrusion<\/a><\/li>\r\n<li><a href=\"https:\/\/sinoextrud.com\/product\/aluminum-extrusion-alloys\/\" target=\"_blank\">Aluminum Extrusion Alloys<\/a><\/li>\r\n<li><a href=\"https:\/\/sinoextrud.com\/product\/aluminum-extrusion-frame\/\" target=\"_blank\">Aluminum Extrusion Frame<\/a><\/li>\r\n<li><a href=\"https:\/\/sinoextrud.com\/product\/aluminum-mirror-frame-extrusions\/\" target=\"_blank\">Aluminum Mirror Frame Extrusions<\/a><\/li>\r\n<li><a href=\"https:\/\/sinoextrud.com\/product\/aluminum-extrusion-profile-for-clean-room\/\" target=\"_blank\">Aluminum Extrusion Profile For Clean Room<\/a><\/li>\r\n<li><a href=\"https:\/\/sinoextrud.com\/product\/hot-selling-high-quality-powder-coating-wood-grain-single-sided-aluminum-plate\/\" target=\"_blank\">Hot Selling High-quality Powder Coating Wood Grain Single-sided Aluminum Plate<\/a><\/li>\r\n<li><a href=\"https:\/\/sinoextrud.com\/product\/aluminum-enclosure-housing-and-shell\/\" target=\"_blank\">Aluminum Enclosure Housing And Shell<\/a><\/li>"},"feature_list":[]},"_links":{"self":[{"href":"https:\/\/sinoextrud.com\/fi\/wp-json\/wp\/v2\/product\/7592","targetHints":{"allow":["GET"]}}],"collection":[{"href":"https:\/\/sinoextrud.com\/fi\/wp-json\/wp\/v2\/product"}],"about":[{"href":"https:\/\/sinoextrud.com\/fi\/wp-json\/wp\/v2\/types\/product"}],"wp:featuredmedia":[{"embeddable":true,"href":"https:\/\/sinoextrud.com\/fi\/wp-json\/wp\/v2\/media\/7591"}],"wp:attachment":[{"href":"https:\/\/sinoextrud.com\/fi\/wp-json\/wp\/v2\/media?parent=7592"}],"wp:term":[{"taxonomy":"category","embeddable":true,"href":"https:\/\/sinoextrud.com\/fi\/wp-json\/wp\/v2\/categories?post=7592"}],"curies":[{"name":"wp","href":"https:\/\/api.w.org\/{rel}","templated":true}]}}