{"id":7588,"date":"2025-06-09T02:37:58","date_gmt":"2025-06-09T02:37:58","guid":{"rendered":"https:\/\/sinoextrud.com\/product\/aluminum-window-frames-mosquito-netting-suppliers\/"},"modified":"2025-06-24T06:13:11","modified_gmt":"2025-06-24T06:13:11","slug":"alumiini-ikkunanpuitteet-hyttysverkko-toimittajat","status":"publish","type":"product","link":"https:\/\/sinoextrud.com\/fi\/product\/aluminum-window-frames-mosquito-netting-suppliers\/","title":{"rendered":"Alumiini ikkunakehykset hyttysverkko toimittajat"},"content":{"rendered":"<h2>Tuotteiden tiedot<\/h2>\n<table class=\"custom-table\">\n<tr>\n<td class=\"label\">1. Kohde<\/td>\n<td>Alumiini ikkunakehykset hyttysverkko toimittajat<\/td>\n<\/tr>\n<tr>\n<td class=\"label\">2. Leikkausmuodot<\/td>\n<td>I, U, T, C, Z, L, H, neli\u00f6, py\u00f6re\u00e4, litte\u00e4, ontto, t-ura ja muut monimutkaiset muodot mukautetun suunnittelun mukaan.<\/td>\n<\/tr>\n<tr>\n<td class=\"label\">3. Pintak\u00e4sittely<\/td>\n<td>Mill viimeistely \/ anodisoitu (hapetus) \/ hiekkapuhallus \/ jauhemaalaus \/ elektroforeesi \/ puun jyv\u00e4isyydet<\/td>\n<\/tr>\n<tr>\n<td class=\"label\">4. MOQ<\/td>\n<td>200KG kutakin kohdetta kohti<\/td>\n<\/tr>\n<tr>\n<td class=\"label\">5. Materiaali<\/td>\n<td>100% seos: 6063 T5 \/ 6061 T6<\/td>\n<\/tr>\n<tr>\n<td class=\"label\">6. Pituus<\/td>\n<td>Normaali = 6m, 1-9metri\u00e4 tai r\u00e4\u00e4t\u00e4l\u00f6ityj\u00e4<\/td>\n<\/tr>\n<tr>\n<td class=\"label\">7. Hakemus<\/td>\n<td>1) - Ikkunoiden ja ovien karmeihin<br \/>\n3) - rakennuksen verhosein\u00e4t<br \/>\n4) - Aurinkopaneelien kehykset, aurinkopaneelien kiinnitys- \/ kattokannattimet.<br \/>\n5) - teollisuuden kokoonpanolinjojen laitteet<br \/>\n6) - j\u00e4\u00e4hdytyslevyjen osalta<br \/>\n7) - LED-valaistus<br \/>\n8) - muut mukautetun suunnittelun koon ja ulottuvuuden mukaan<\/td>\n<\/tr>\n<tr>\n<td class=\"label\">8. Palvelut<\/td>\n<td>1). OEM-palvelu.<br \/>\n2). Suunnittelu asiakkaiden vaatimusten mukaisesti.<br \/>\n3). Nykyaikainen syv\u00e4k\u00e4sittelykeskuksemme voi tarjota koneistusta, kuten leikkausta, l\u00e4vistyst\u00e4, porausta, taivutusta, napauttamista jne.<\/td>\n<\/tr>\n<tr>\n<td class=\"label\">9. Laadunvalvonta<\/td>\n<td>K\u00e4yt\u00e4mme tiukinta laadunvalvontaj\u00e4rjestelm\u00e4\u00e4, 100%-tarkastusta ennen l\u00e4hetyst\u00e4.<\/td>\n<\/tr>\n<tr>\n<td class=\"label\">10. Prosessi<\/td>\n<td>Tiedustelu - N\u00e4yte tai CAD-piirustus (asiakkaiden toimittama) - CAD-piirustus (yrityksemme) - Piirustuksen vahvistus - Muotin valmistus - N\u00e4ytteen mukauttaminen - Massatuotanto - Tarkastus - Toimitus  <\/td>\n<\/tr>\n<tr>\n<td class=\"label\">11. Maksu<\/td>\n<td>T \/ T: 30% talletus, saldo maksetaan ennen tai j\u00e4lkeen l\u00e4hetyksen (tai kaikki riippuu).<\/td>\n<\/tr>\n<tr>\n<td class=\"label\">12. Pakkaus yksityiskohdat<\/td>\n<td>Sis\u00e4ll\u00e4: Pakattu muovikalvolla jokaisen kappaleen suojaamiseksi<br \/>\nUlkona: K\u00e4\u00e4ri niput vedenpit\u00e4v\u00e4ll\u00e4 askartelupaperilla tai EPE-kalvolla. R\u00e4\u00e4t\u00e4l\u00f6ity pyynt\u00f6 saatavilla<\/td>\n<\/tr>\n<tr>\n<td class=\"label\">13. L\u00e4pimenoaika<\/td>\n<td>Die Kehitt\u00e4minen ja n\u00e4ytteen testaus: 8-15 p\u00e4iv\u00e4\u00e4<\/td>\n<\/tr>\n<\/table>\n<h2>Tuotantopohjamme<\/h2>\n<h3>Tehtaan panoraama<\/h3>\n<p><img decoding=\"async\" src=\"\/wp-content\/uploads\/factory-01.webp\"\/><\/p>\n<h3>Alumiini Bar Manufacturing Workshop<\/h3>\n<p><img decoding=\"async\" src=\"\/wp-content\/uploads\/factory-02.webp\"\/><\/p>\n<\/p>\n<p><img decoding=\"async\" src=\"\/wp-content\/uploads\/factory-03.webp\"\/><\/p>\n<h3>Muotin varastointi Varasto<\/h3>\n<p><img decoding=\"async\" src=\"\/wp-content\/uploads\/factory-04.webp\"\/><\/p>\n<h3>43 alumiinin ekstruusiolinjat (500-5500 tonnia)<\/h3>\n<p><img decoding=\"async\" src=\"\/wp-content\/uploads\/factory-05.webp\"\/><\/p>\n<p><img decoding=\"async\" src=\"\/wp-content\/uploads\/factory-06.webp\"\/><\/p>\n<p><img decoding=\"async\" src=\"\/wp-content\/uploads\/factory-07.webp\"\/><\/p>\n<h3>Jauhemaalaus ty\u00f6paja<\/h3>\n<p><img decoding=\"async\" src=\"\/wp-content\/uploads\/factory-09.webp\"\/><\/p>\n<h3>Anodisointi ty\u00f6paja<\/h3>\n<p><img decoding=\"async\" src=\"\/wp-content\/uploads\/factory-10.webp\"\/><\/p>\n<h3>Syv\u00e4k\u00e4sittelyn ty\u00f6paja<\/h3>\n<p><img decoding=\"async\" src=\"\/wp-content\/uploads\/factory-11.webp\"\/><\/p>\n<h3>CNC-tarkkuuskoneistus ty\u00f6paja<\/h3>\n<p><img decoding=\"async\" src=\"\/wp-content\/uploads\/factory-11.5.webp\"\/><\/p>\n<h3>Valmiiden tuotteiden ja vientivarasto<\/h3>\n<p><img decoding=\"async\" src=\"\/wp-content\/uploads\/factory-12.webp\"\/><\/p>\n<p><img decoding=\"async\" src=\"\/wp-content\/uploads\/factory-13.webp\"\/><\/p>\n<p><img decoding=\"async\" src=\"\/wp-content\/uploads\/factory-14.webp\"\/><\/p>\n<h2>FAQ<\/h2>\n<p><b>1.What ovat alumiiniset ikkunakehykset hyttysverkolla?<\/b><\/p>\n<p>Ne ovat alumiinista valmistettuja ikkunankehysj\u00e4rjestelmi\u00e4, joissa on sis\u00e4\u00e4nrakennetut tai kiinnitett\u00e4v\u00e4t hyttysverkot, jotka mahdollistavat ilmanvaihdon ja pit\u00e4v\u00e4t hy\u00f6nteiset poissa.\n<\/p>\n<p><\/p>\n<p><b>2.Miksi valita alumiinikehykset hyttysverkkoikkunoihin?<\/b><\/p>\n<p>Alumiinirungot ovat vahvoja, kevyit\u00e4, korroosionkest\u00e4vi\u00e4 ja ihanteellisia pitk\u00e4aikaiseen k\u00e4ytt\u00f6\u00f6n sis\u00e4- ja ulkotiloissa.\n<\/p>\n<p><\/p>\n<p><b>3.Ovatko hyttysverkot integroitu alumiiniseen ikkunankehykseen?<\/b><\/p>\n<p>Kyll\u00e4, monet toimittajat tarjoavat integroituja tai liu'utettavia hyttysverkkovaihtoehtoja, jotka lis\u00e4\u00e4v\u00e4t mukavuutta ja toiminnallisuutta.\n<\/p>\n<p><\/p>\n<p><b>4.Voiko kehyksi\u00e4 ja verkkoja r\u00e4\u00e4t\u00e4l\u00f6id\u00e4?<\/b><\/p>\n<p>Toimittajat tarjoavat ehdottomasti OEM-kustomointia kehyksen mittojen, verkkotyypin, v\u00e4rin ja asennustavan osalta.\n<\/p>\n<p><\/p>\n<p><b>5.Mink\u00e4laisia verkkoja k\u00e4ytet\u00e4\u00e4n alumiinisten ikkunankehysten kanssa?<\/b><\/p>\n<p>Yleisi\u00e4 verkkotyyppej\u00e4 ovat lasikuitu, ruostumaton ter\u00e4s, alumiini ja polyesteri, jotka sopivat erilaisiin suojaustasoihin ja ulkon\u00e4k\u00f6\u00f6n.\n<\/p>\n<p><\/p>\n<p><b>6.Ovatko alumiiniset hyttysverkkokehykset helppo asentaa?<\/b><\/p>\n<p>Kyll\u00e4, ne on suunniteltu yksinkertaiseen kokoonpanoon, ja ne voidaan asentaa pienin ty\u00f6kaluin ja vaivoin.\n<\/p>\n<p><\/p>\n<p><b>7.Tarjoavatko toimittajat alumiinisten hyttysverkkokehysten irtotavarahinnoittelua?<\/b><\/p>\n<p>Kyll\u00e4, useimmat valmistajat ja toimittajat tarjoavat kilpailukykyist\u00e4 hinnoittelua bulkki- ja OEM-tilauksille, jotka vastaavat projektin tai j\u00e4lleenmyynnin tarpeita.\n<\/p>\n<p><\/p>","protected":false},"featured_media":7587,"template":"","categories":[67],"class_list":["post-7588","product","type-product","status-publish","has-post-thumbnail","hentry","category-architectural-aluminium-profile"],"meta_box":{"hilight_text_group":{"product_hilight_text":"<li>Durable aluminum window frames provide long-term structural integrity<\/li>\r\r\n<li>Integrated mosquito netting protects against insects without blocking airflow<\/li>\r\r\n<li>Corrosion-resistant and low-maintenance material for all-weather use<\/li>\r\r\n<li>Customizable sizes, mesh types, and frame colors available<\/li>\r\r\n<li>OEM services offered by reliable suppliers at competitive prices<\/li>\r\r\n<li>Easy installation and compatibility with various window systems<\/li>","product_chanpin_blog":"<ul>\r\r\n<li><a href=\"https:\/\/sinoextrud.com\/t-slot-v-slot-differences\/\" target=\"_blank\">t slot vs v slot<\/a><\/li>\r\r\n<li><a href=\"https:\/\/sinoextrud.com\/what-is-4040-aluminium-extrud\/\" target=\"_blank\">4040 aluminium extrusion<\/a><\/li>\r\r\n<li><a href=\"https:\/\/sinoextrud.com\/what-is-4040-aluminium-extrud\/\" target=\"_blank\">aluminum extrusions for industrial racks<\/a><\/li>\r\r\n<li><a href=\"https:\/\/sinoextrud.com\/powder-coating-aluminium-process\/\" target=\"_blank\">powder coating aluminium<\/a><\/li>\r\r\n<li><a href=\"https:\/\/sinoextrud.com\/what-is-an-aluminium-strip-ceiling\/\" target=\"_blank\">aluminium strip ceiling<\/a><\/li>\r\r\n<li><a href=\"https:\/\/sinoextrud.com\/what-is-a-heat-sink\/\" target=\"_blank\">what is a heat sink<\/a><\/li>\r\r\n<\/ul>","product_chanpin_chanpin":"<li><a href=\"https:\/\/sinoextrud.com\/product\/aluminium-windows-with-mosquito-net-profile-catalog-uses-best-factory-price-per-pound\/\" target=\"_blank\">aluminium windows with mosquito net profile catalog uses best Factory Price per pound<\/a><\/li>\r\n<li><a href=\"https:\/\/sinoextrud.com\/product\/aluminum-alloy-6061-h-beams-aluminum-for-medical-clean-room-aluminum-extrusion-t-slot-i-beams-profile-dust-free-frame\/\" target=\"_blank\">Aluminum Alloy 6061 H Beams Aluminum For Medical Clean Room Aluminum Extrusion T Slot I Beams Profile Dust-free Frame<\/a><\/li>\r\n<li><a href=\"https:\/\/sinoextrud.com\/product\/extruded-profiles-aluminium\/\" target=\"_blank\">Extruded Profiles Aluminium<\/a><\/li>\r\n<li><a href=\"https:\/\/sinoextrud.com\/product\/customized-extruded-aluminum-flat-bar-profile\/\" target=\"_blank\">Customized Extruded Aluminum Flat Bar Profile<\/a><\/li>\r\n<li><a href=\"https:\/\/sinoextrud.com\/product\/aluminum-window-frames-mosquito-netting-suppliers\/\" target=\"_blank\">Aluminum Window Frames Mosquito Netting Suppliers<\/a><\/li>\r\n<li><a href=\"https:\/\/sinoextrud.com\/product\/anodized-aluminum-kitchen-profile-for-handle-price\/\" target=\"_blank\">Anodized Aluminum Kitchen Profile For Handle Price<\/a><\/li>\r\n<li><a href=\"https:\/\/sinoextrud.com\/product\/triangular-aluminium-extrusion\/\" target=\"_blank\">Triangular Aluminium Extrusion<\/a><\/li>\r\n<li><a href=\"https:\/\/sinoextrud.com\/product\/aluminum-extrusion-alloys\/\" target=\"_blank\">Aluminum Extrusion Alloys<\/a><\/li>\r\n<li><a href=\"https:\/\/sinoextrud.com\/product\/aluminum-extrusion-frame\/\" target=\"_blank\">Aluminum Extrusion Frame<\/a><\/li>\r\n<li><a href=\"https:\/\/sinoextrud.com\/product\/40mm-aluminium-extrusion\/\" target=\"_blank\">40mm Aluminium Extrusion<\/a><\/li>\r\n<li><a href=\"https:\/\/sinoextrud.com\/product\/factory-cnc-precision-aluminum-parts\/\" target=\"_blank\">Factory Cnc Precision Aluminum Parts<\/a><\/li>"},"feature_list":[]},"_links":{"self":[{"href":"https:\/\/sinoextrud.com\/fi\/wp-json\/wp\/v2\/product\/7588","targetHints":{"allow":["GET"]}}],"collection":[{"href":"https:\/\/sinoextrud.com\/fi\/wp-json\/wp\/v2\/product"}],"about":[{"href":"https:\/\/sinoextrud.com\/fi\/wp-json\/wp\/v2\/types\/product"}],"wp:featuredmedia":[{"embeddable":true,"href":"https:\/\/sinoextrud.com\/fi\/wp-json\/wp\/v2\/media\/7587"}],"wp:attachment":[{"href":"https:\/\/sinoextrud.com\/fi\/wp-json\/wp\/v2\/media?parent=7588"}],"wp:term":[{"taxonomy":"category","embeddable":true,"href":"https:\/\/sinoextrud.com\/fi\/wp-json\/wp\/v2\/categories?post=7588"}],"curies":[{"name":"wp","href":"https:\/\/api.w.org\/{rel}","templated":true}]}}