{"id":7582,"date":"2025-06-09T02:31:34","date_gmt":"2025-06-09T02:31:34","guid":{"rendered":"https:\/\/sinoextrud.com\/product\/aluminum-alloy-6061-h-beams-aluminum-for-medical-clean-room-aluminum-extrusion-t-slot-i-beams-profile-dust-free-frame\/"},"modified":"2025-06-24T06:13:10","modified_gmt":"2025-06-24T06:13:10","slug":"alumiiniseos-6061-h-palkit-alumiini-laaketieteen-puhdashuoneeseen-alumiini-suulakepuristus-t-aukko-i-palkit-profiili-polyttomat-runko","status":"publish","type":"product","link":"https:\/\/sinoextrud.com\/fi\/product\/aluminum-alloy-6061-h-beams-aluminum-for-medical-clean-room-aluminum-extrusion-t-slot-i-beams-profile-dust-free-frame\/","title":{"rendered":"Alumiiniseos 6061 H Palkit Alumiini Medical Clean Room Alumiini Extrusion T Slot I Palkit Profile p\u00f6lytt\u00f6m\u00e4t Frame"},"content":{"rendered":"<h2>Tuotteiden tiedot<\/h2>\n<table class=\"custom-table\">\n<tbody>\n<tr>\n<td> Kohde:<\/td>\n<td> Alumiiniseos 6061 H Palkit Alumiini Medical Clean Room Alumiini Extrusion T Slot I Palkit Profile p\u00f6lytt\u00f6m\u00e4t Frame<\/td>\n<td> Luokka:<\/td>\n<td> 6000-sarja<\/td>\n<\/tr>\n<tr>\n<td> Temperamentti:<\/td>\n<td> T5, T6<\/td>\n<td> Alkuper\u00e4paikka:<\/td>\n<td> Foshan, Guangdong<\/td>\n<\/tr>\n<tr>\n<td> Muoto:<\/td>\n<td> I-palkki, H-palkki, T-aukko<\/td>\n<td> Seos tai ei:<\/td>\n<td> Onko seos<\/td>\n<\/tr>\n<tr>\n<td> Materiaali:<\/td>\n<td> 6061, 6063, 7075<\/td>\n<td> Tuotemerkki:<\/td>\n<td> Sinoextrud<\/td>\n<\/tr>\n<tr>\n<td> V\u00e4ri:<\/td>\n<td> R\u00e4\u00e4t\u00e4l\u00f6ity Clolor<\/td>\n<td> Pintak\u00e4sittely:<\/td>\n<td> Jyrsitty, anodisoitu, jauhemaalattu, harjattu, hiekkapuhallus, puun jyv\u00e4stetty.<\/td>\n<\/tr>\n<tr>\n<td> Toimitusaika:<\/td>\n<td> 25-30 p\u00e4iv\u00e4\u00e4 talletuksen hyv\u00e4ksymisen j\u00e4lkeen<\/td>\n<td> MOQ:<\/td>\n<td> 200KG kutakin kohdetta kohti<\/td>\n<\/tr>\n<tr>\n<td> Maksuehto:<\/td>\n<td> 30% talletus, 70% saldo ennen toimitusta<\/td>\n<td> K\u00e4sittelypalvelu:<\/td>\n<td> Taivutus, purku, hitsaus, l\u00e4vistys, leikkaus<\/td>\n<\/tr>\n<tr>\n<td> Satama:<\/td>\n<td> Guangzhou, Shenzhen<\/td>\n<td> Takuu:<\/td>\n<td> asiakastodistus, kuten BV, Soncap, ISO<\/td>\n<\/tr>\n<tr>\n<td> Pituus:<\/td>\n<td> 1-9m tai r\u00e4\u00e4t\u00e4l\u00f6ity<\/td>\n<td> K\u00e4ytt\u00f6:<\/td>\n<td> Sis\u00e4k\u00e4ytt\u00f6\u00f6n<\/td>\n<\/tr>\n<\/tbody>\n<\/table>\n<h2>Tuotantopohjamme<\/h2>\n<h3>Tehtaan panoraama<\/h3>\n<p><img decoding=\"async\" src=\"\/wp-content\/uploads\/factory-01.webp\"\/><\/p>\n<h3>Alumiini Bar Manufacturing Workshop<\/h3>\n<p><img decoding=\"async\" src=\"\/wp-content\/uploads\/factory-02.webp\"\/><\/p>\n<p><img decoding=\"async\" src=\"\/wp-content\/uploads\/factory-03.webp\"\/><\/p>\n<h3>Muotin varastointi Varasto<\/h3>\n<p><img decoding=\"async\" src=\"\/wp-content\/uploads\/factory-04.webp\"\/><\/p>\n<h3>43 Alumiini ekstruusiolinjat (500\u00e2 5500 tonnia)<\/h3>\n<p><img decoding=\"async\" src=\"\/wp-content\/uploads\/factory-05.webp\"\/><\/p>\n<p><img decoding=\"async\" src=\"\/wp-content\/uploads\/factory-06.webp\"\/><\/p>\n<p><img decoding=\"async\" src=\"\/wp-content\/uploads\/factory-07.webp\"\/><\/p>\n<h3>Jauhemaalaus ty\u00f6paja<\/h3>\n<p><img decoding=\"async\" src=\"\/wp-content\/uploads\/factory-09.webp\"\/><\/p>\n<h3>Anodisointi ty\u00f6paja<\/h3>\n<p><img decoding=\"async\" src=\"\/wp-content\/uploads\/factory-10.webp\"\/><\/p>\n<h3>Syv\u00e4k\u00e4sittelyn ty\u00f6paja<\/h3>\n<p><img decoding=\"async\" src=\"\/wp-content\/uploads\/factory-11.webp\"\/><\/p>\n<h3>CNC-tarkkuuskoneistus ty\u00f6paja<\/h3>\n<p><img decoding=\"async\" src=\"\/wp-content\/uploads\/factory-11.5.webp\"\/><\/p>\n<h3>Valmiiden tuotteiden ja vientivarasto<\/h3>\n<p><img decoding=\"async\" src=\"\/wp-content\/uploads\/factory-12.webp\"\/><\/p>\n<p><img decoding=\"async\" src=\"\/wp-content\/uploads\/factory-13.webp\"\/><\/p>\n<p><img decoding=\"async\" src=\"\/wp-content\/uploads\/factory-14.webp\"\/><\/p>\n<h2>FAQ<\/h2>\n<p><p><b>1.Mit\u00e4 alumiiniseos 6061 H Beam k\u00e4ytet\u00e4\u00e4n puhdastiloissa?<\/b><\/p>\n<p>6061 alumiinisia H-palkkeja k\u00e4ytet\u00e4\u00e4n p\u00f6lytt\u00f6mien kehysten rakentamiseen l\u00e4\u00e4ketieteellisiss\u00e4 puhdastiloissa niiden lujuuden, korroosionkest\u00e4vyyden ja puhtauden vuoksi.<br \/>\n<\/p><br \/>\n<br \/>\n<p><b>2.Miksi valita 6061-alumiini l\u00e4\u00e4ketieteellisiin puhdastilojen rakenteisiin?<\/b><\/p>\n<p>6061-alumiini tarjoaa erinomaisen mekaanisen lujuuden, korroosionkest\u00e4vyyden ja on ei-magneettinen, joten se sopii erinomaisesti puhdastilaymp\u00e4rist\u00f6ihin.<br \/>\n<\/p><br \/>\n<br \/>\n<p><b>3.Mitk\u00e4 ovat T Slot- ja I Beam -profiilien edut?<\/b><\/p>\n<p>T Slot- ja I Beam -profiilit mahdollistavat modulaarisen rakentamisen, helpon kokoonpanon ja integroinnin erilaisiin puhdastilan paneeleihin ja laitteisiin.<br \/>\n<\/p><br \/>\n<br \/>\n<p><b>4.Onko t\u00e4m\u00e4 alumiiniprofiili sopiva p\u00f6lytt\u00f6miin ymp\u00e4rist\u00f6ihin?<\/b><\/p>\n<p>Kyll\u00e4, siin\u00e4 on sile\u00e4t, anodisoidut pinnat, jotka est\u00e4v\u00e4t hiukkasten kertymisen ja t\u00e4ytt\u00e4v\u00e4t puhdastilahygieniastandardit.<br \/>\n<\/p><br \/>\n<br \/>\n<p><b>5.Voiko n\u00e4it\u00e4 profiileja mukauttaa?<\/b><\/p>\n<p>Kyll\u00e4, tarjoamme r\u00e4\u00e4t\u00e4l\u00f6ityj\u00e4 mittoja, pintak\u00e4sittelyj\u00e4 ja ty\u00f6st\u00f6\u00e4 vastaamaan tiettyj\u00e4 projektin tai puhdastilan asetteluvaatimuksia.<br \/>\n<\/p><br \/>\n<br \/>\n<p><b>6.Ovatko n\u00e4m\u00e4 profiilit helppoja asentaa?<\/b><\/p>\n<p>Kyll\u00e4, modulaarinen rakenne, jossa on vakioidut aukot, mahdollistaa nopean ja ty\u00f6kaluyst\u00e4v\u00e4llisen kokoonpanon ja minimaalisen huollon.<br \/>\n<\/p><br \/>\n<br \/>\n<p><b>7.Mitk\u00e4 teollisuudenalat k\u00e4ytt\u00e4v\u00e4t t\u00e4m\u00e4ntyyppist\u00e4 suulakepuristusta?<\/b><\/p>\n<p>Yleisi\u00e4 k\u00e4ytt\u00f6kohteita ovat l\u00e4\u00e4keteollisuus, biotekniikka, elektroniikan valmistus ja l\u00e4\u00e4kinn\u00e4llisten laitteiden koteloinnit.<br \/>\n<\/p><br \/>\n<br \/>\n<p><b>8.Kest\u00e4\u00e4k\u00f6 materiaali korroosiota steriloidussa ymp\u00e4rist\u00f6ss\u00e4?<\/b><\/p>\n<p>Kyll\u00e4, anodisoitu 6061-alumiini kest\u00e4\u00e4 hyvin korroosiota, desinfiointiaineita ja puhdistusaineita, joita k\u00e4ytet\u00e4\u00e4n steriileiss\u00e4 ymp\u00e4rist\u00f6iss\u00e4.<br \/>\n<\/p><br \/><\/p>","protected":false},"featured_media":7581,"template":"","categories":[67],"class_list":["post-7582","product","type-product","status-publish","has-post-thumbnail","hentry","category-architectural-aluminium-profile"],"meta_box":{"hilight_text_group":{"product_hilight_text":"<li>Made from high-strength 6061 aluminum alloy for structural reliability<\/li>\r\r\n<li>Ideal for medical clean rooms requiring dust-free, non-corrosive framing<\/li>\r\r\n<li>T Slot and I Beam profiles enable modular and flexible assembly<\/li>\r\r\n<li>Corrosion-resistant and easy to clean for hygienic environments<\/li>\r\r\n<li>Lightweight yet rigid structure reduces installation complexity<\/li>\r\r\n<li>Precision extrusion ensures compatibility with industrial connectors and panels<\/li>\r\r\n<li>Customizable sizes and finishes for specific clean room applications<\/li>","product_chanpin_blog":"<ul>\r\r\n<li><a href=\"https:\/\/sinoextrud.com\/t-slot-v-slot-differences\/\" target=\"_blank\">t slot vs v slot<\/a><\/li>\r\r\n<li><a href=\"https:\/\/sinoextrud.com\/what-is-4040-aluminium-extrud\/\" target=\"_blank\">4040 aluminium extrusion<\/a><\/li>\r\r\n<li><a href=\"https:\/\/sinoextrud.com\/what-is-4040-aluminium-extrud\/\" target=\"_blank\">aluminum extrusions for industrial racks<\/a><\/li>\r\r\n<li><a href=\"https:\/\/sinoextrud.com\/powder-coating-aluminium-process\/\" target=\"_blank\">powder coating aluminium<\/a><\/li>\r\r\n<li><a href=\"https:\/\/sinoextrud.com\/what-is-an-aluminium-strip-ceiling\/\" target=\"_blank\">aluminium strip ceiling<\/a><\/li>\r\r\n<li><a href=\"https:\/\/sinoextrud.com\/what-is-a-heat-sink\/\" target=\"_blank\">what is a heat sink<\/a><\/li>\r\r\n<\/ul>","product_chanpin_chanpin":"<li><a href=\"https:\/\/sinoextrud.com\/product\/extruded-aluminum-louver-blade-profile\/\" target=\"_blank\">Extruded Aluminum Louver Blade Profile<\/a><\/li>\r\n<li><a href=\"https:\/\/sinoextrud.com\/product\/aluminum-curtain-wall-extrusion\/\" target=\"_blank\">Aluminum Curtain Wall Extrusion<\/a><\/li>\r\n<li><a href=\"https:\/\/sinoextrud.com\/product\/aluminium-v-slot-extrusion\/\" target=\"_blank\">Aluminium V Slot Extrusion<\/a><\/li>\r\n<li><a href=\"https:\/\/sinoextrud.com\/product\/aluminium-windows-with-mosquito-net-profile-catalog-uses-best-factory-price-per-pound\/\" target=\"_blank\">aluminium windows with mosquito net profile catalog uses best Factory Price per pound<\/a><\/li>\r\n<li><a href=\"https:\/\/sinoextrud.com\/product\/aluminum-alloy-6061-h-beams-aluminum-for-medical-clean-room-aluminum-extrusion-t-slot-i-beams-profile-dust-free-frame\/\" target=\"_blank\">Aluminum Alloy 6061 H Beams Aluminum For Medical Clean Room Aluminum Extrusion T Slot I Beams Profile Dust-free Frame<\/a><\/li>\r\n<li><a href=\"https:\/\/sinoextrud.com\/product\/extruded-profiles-aluminium\/\" target=\"_blank\">Extruded Profiles Aluminium<\/a><\/li>\r\n<li><a href=\"https:\/\/sinoextrud.com\/product\/customized-extruded-aluminum-flat-bar-profile\/\" target=\"_blank\">Customized Extruded Aluminum Flat Bar Profile<\/a><\/li>\r\n<li><a href=\"https:\/\/sinoextrud.com\/product\/aluminum-window-frames-mosquito-netting-suppliers\/\" target=\"_blank\">Aluminum Window Frames Mosquito Netting Suppliers<\/a><\/li>\r\n<li><a href=\"https:\/\/sinoextrud.com\/product\/anodized-aluminum-kitchen-profile-for-handle-price\/\" target=\"_blank\">Anodized Aluminum Kitchen Profile For Handle Price<\/a><\/li>\r\n<li><a href=\"https:\/\/sinoextrud.com\/product\/aluminium-solar-panel-frame-profile\/\" target=\"_blank\">Aluminium Solar Panel Frame Profile<\/a><\/li>\r\n<li><a href=\"https:\/\/sinoextrud.com\/product\/aluminum-alloy-wall-decoration-edge-trim-strip\/\" target=\"_blank\">Aluminum Alloy Wall Decoration Edge Trim Strip<\/a><\/li>"},"feature_list":[]},"_links":{"self":[{"href":"https:\/\/sinoextrud.com\/fi\/wp-json\/wp\/v2\/product\/7582","targetHints":{"allow":["GET"]}}],"collection":[{"href":"https:\/\/sinoextrud.com\/fi\/wp-json\/wp\/v2\/product"}],"about":[{"href":"https:\/\/sinoextrud.com\/fi\/wp-json\/wp\/v2\/types\/product"}],"wp:featuredmedia":[{"embeddable":true,"href":"https:\/\/sinoextrud.com\/fi\/wp-json\/wp\/v2\/media\/7581"}],"wp:attachment":[{"href":"https:\/\/sinoextrud.com\/fi\/wp-json\/wp\/v2\/media?parent=7582"}],"wp:term":[{"taxonomy":"category","embeddable":true,"href":"https:\/\/sinoextrud.com\/fi\/wp-json\/wp\/v2\/categories?post=7582"}],"curies":[{"name":"wp","href":"https:\/\/api.w.org\/{rel}","templated":true}]}}