{"id":7576,"date":"2025-06-09T02:04:34","date_gmt":"2025-06-09T02:04:34","guid":{"rendered":"https:\/\/sinoextrud.com\/product\/aluminum-curtain-wall-extrusion\/"},"modified":"2025-06-24T06:13:08","modified_gmt":"2025-06-24T06:13:08","slug":"alumiininen-verhoseina-puristettu","status":"publish","type":"product","link":"https:\/\/sinoextrud.com\/fi\/product\/aluminum-curtain-wall-extrusion\/","title":{"rendered":"Alumiini verho sein\u00e4n puristamiseen"},"content":{"rendered":"<h2>Tuotteiden tiedot<\/h2>\n<table class=\"custom-table\">\n<tr>\n<td class=\"label\">Kohde<\/td>\n<td>Alumiini verho sein\u00e4n puristamiseen<\/td>\n<\/tr>\n<tr>\n<td class=\"label\">Materiaali<\/td>\n<td>6000-sarja<\/td>\n<\/tr>\n<tr>\n<td class=\"label\">Temper<\/td>\n<td>T4,T5,T6<\/td>\n<\/tr>\n<tr>\n<td class=\"label\">Koko\/paksuus<\/td>\n<td>Yleinen profiilipaksuus 0,9-3,0 mm tai r\u00e4\u00e4t\u00e4l\u00f6ity, pituus 1m-9m tai r\u00e4\u00e4t\u00e4l\u00f6ity saatavilla\uff1b Anodisointisuojakalvon paksuus 8 ~ 20um, jauhemaalaus 40 ~ 120um.<\/td>\n<\/tr>\n<tr>\n<td class=\"label\">Muoto<\/td>\n<td>R\u00e4\u00e4t\u00e4l\u00f6ity<\/td>\n<\/tr>\n<tr>\n<td class=\"label\">Hakemus<\/td>\n<td>Arkkitehtuuri<\/td>\n<\/tr>\n<tr>\n<td class=\"label\">Pintak\u00e4sittely<\/td>\n<td>jauhemaalaus, PVDF, anodisoitu, woodengrain, elektroforeesi, harjattu, kiillotus jne.<\/td>\n<\/tr>\n<tr>\n<td class=\"label\">V\u00e4rit<\/td>\n<td>Refpowdercoatingcolorsheetandcustomizedcoloravailable<\/td>\n<\/tr>\n<tr>\n<td class=\"label\">Deepprocess<\/td>\n<td>CNC, poraus, jyrsint\u00e4, leikkaus, hitsaus, taivutus, kokoonpano<\/td>\n<\/tr>\n<tr>\n<td class=\"label\">MOQ<\/td>\n<td>200 kg kutakin tuotetta kohti<\/td>\n<\/tr>\n<tr>\n<td class=\"label\">PackingDetails<\/td>\n<td>(1) Sis\u00e4ll\u00e4: pakattu muovisella suojakalvolla tai muovisella suojapussilla.<\/td>\n<\/tr>\n<tr>\n<td class=\"label\"><\/td>\n<td>(2) Ulkopuoli: K\u00e4\u00e4ri niput vedenkest\u00e4v\u00e4ll\u00e4 paperilla.<\/td>\n<\/tr>\n<tr>\n<td class=\"label\">Toimitusaika<\/td>\n<td>(1) DieDevelopingandSampletesting: 10-15 p\u00e4iv\u00e4\u00e4<\/td>\n<\/tr>\n<tr>\n<td class=\"label\"><\/td>\n<td>(2) Massatuotanto on valmis: 20-30 p\u00e4iv\u00e4\u00e4 sen j\u00e4lkeen, kun ostaja on vahvistanut n\u00e4ytteen.<\/td>\n<\/tr>\n<tr>\n<td class=\"label\">FOBPort<\/td>\n<td>Guangzhou, Foshan, Shenzhen<\/td>\n<\/tr>\n<tr>\n<td class=\"label\">maksuehdot<\/td>\n<td>T\/T, 30%down-maksu ja saldot maksetaan ennen l\u00e4hetyst\u00e4.<\/td>\n<\/tr>\n<tr>\n<td class=\"label\">selvitysaika<\/td>\n<td>Maksu lopullisen todellisen painon mukaan tai teoreettisen painon mukaan .<\/td>\n<\/tr>\n<tr>\n<td class=\"label\">tuotantokapasiteetti<\/td>\n<td> 15 000 tonnia \/ kuukausi<\/td>\n<\/tr>\n<tr>\n<td class=\"label\">K\u00e4sittely<\/td>\n<td>Tiedustelu - N\u00e4yte tai CAD-piirustus (asiakkaan toimittama) - CAD-piirustus (yrityksemme) - Piirustusvahvistus - Muotin valmistus - N\u00e4ytteen muotoilu - Massatuotanto - Tarkastus - Toimitus\uff0c<\/td>\n<\/tr>\n<tr>\n<td class=\"label\">Sertifioitavissa:<\/td>\n<td>ISO: 9001, SONCAP, BVC-sertifikaatti tai asiakkaiden sertifikaatti Saatavana<\/td>\n<\/tr>\n<\/table>\n<h2>Tuotantopohjamme<\/h2>\n<h3>Tehtaan panoraama<\/h3>\n<p><img decoding=\"async\" src=\"\/wp-content\/uploads\/factory-01.webp\"\/><\/p>\n<h3>Alumiini Bar Manufacturing Workshop<\/h3>\n<p><img decoding=\"async\" src=\"\/wp-content\/uploads\/factory-02.webp\"\/><\/p>\n<\/p>\n<p><img decoding=\"async\" src=\"\/wp-content\/uploads\/factory-03.webp\"\/><\/p>\n<h3>Muotin varastointi Varasto<\/h3>\n<p><img decoding=\"async\" src=\"\/wp-content\/uploads\/factory-04.webp\"\/><\/p>\n<h3>43 alumiinin ekstruusiolinjat (500-5500 tonnia)<\/h3>\n<p><img decoding=\"async\" src=\"\/wp-content\/uploads\/factory-05.webp\"\/><\/p>\n<p><img decoding=\"async\" src=\"\/wp-content\/uploads\/factory-06.webp\"\/><\/p>\n<p><img decoding=\"async\" src=\"\/wp-content\/uploads\/factory-07.webp\"\/><\/p>\n<h3>Jauhemaalaus ty\u00f6paja<\/h3>\n<p><img decoding=\"async\" src=\"\/wp-content\/uploads\/factory-09.webp\"\/><\/p>\n<h3>Anodisointi ty\u00f6paja<\/h3>\n<p><img decoding=\"async\" src=\"\/wp-content\/uploads\/factory-10.webp\"\/><\/p>\n<h3>Syv\u00e4k\u00e4sittelyn ty\u00f6paja<\/h3>\n<p><img decoding=\"async\" src=\"\/wp-content\/uploads\/factory-11.webp\"\/><\/p>\n<h3>CNC-tarkkuuskoneistus ty\u00f6paja<\/h3>\n<p><img decoding=\"async\" src=\"\/wp-content\/uploads\/factory-11.5.webp\"\/><\/p>\n<h3>Valmiiden tuotteiden ja vientivarasto<\/h3>\n<p><img decoding=\"async\" src=\"\/wp-content\/uploads\/factory-12.webp\"\/><\/p>\n<p><img decoding=\"async\" src=\"\/wp-content\/uploads\/factory-13.webp\"\/><\/p>\n<p><img decoding=\"async\" src=\"\/wp-content\/uploads\/factory-14.webp\"\/><\/p>\n<h2>FAQ<\/h2>\n<p><b>1.Mik\u00e4 on alumiininen verhosein\u00e4ekstruusiotuote?<\/b><\/p>\n<p>Se on rakenteellinen alumiiniprofiili, joka on suunniteltu tukemaan lasi- ja paneelij\u00e4rjestelmi\u00e4 verhosein\u00e4faseiniss\u00e4 ja joka tarjoaa lujuutta ja esteettisyytt\u00e4.\n<\/p>\n<p><\/p>\n<p><b>2.Miksi valita alumiiniprofiilit verhoseiniin?<\/b><\/p>\n<p>Alumiini tarjoaa kevyen, korroosionkest\u00e4v\u00e4n ja kest\u00e4v\u00e4n ratkaisun, joka sopii erinomaisesti nykyaikaisiin kerrostaloihin ja kaupallisiin julkisivuj\u00e4rjestelmiin.\n<\/p>\n<p><\/p>\n<p><b>3.Ovatko alumiiniset verhosein\u00e4profiilit muokattavissa?<\/b><\/p>\n<p>Kyll\u00e4, profiileja voidaan r\u00e4\u00e4t\u00e4l\u00f6id\u00e4 muodon, pituuden, l\u00e4mp\u00f6katkosuunnittelun ja pintak\u00e4sittelyn osalta arkkitehtonisten erityistarpeiden mukaan.\n<\/p>\n<p><\/p>\n<p><b>4.Mit\u00e4 pintak\u00e4sittelyj\u00e4 on saatavana alumiinisiin verhosein\u00e4profiileihin?<\/b><\/p>\n<p>Yleisi\u00e4 pintak\u00e4sittelyj\u00e4 ovat anodisointi, jauhemaalaus ja PVDF-pinnoite, jotka parantavat kest\u00e4vyytt\u00e4 ja ulkon\u00e4k\u00f6\u00e4.\n<\/p>\n<p><\/p>\n<p><b>5.Soveltuuko alumiininen verhosein\u00e4puristus energiatehokkaisiin rakennuksiin?<\/b><\/p>\n<p>Profiilit voidaan ehdottomasti integroida l\u00e4mp\u00f6katkotekniikkaan ja eristettyyn lasiin l\u00e4mp\u00f6tehokkuuden parantamiseksi.\n<\/p>\n<p><\/p>\n<p><b>6.Miten alumiinipursotus hy\u00f6dytt\u00e4\u00e4 verhosein\u00e4n asennusta?<\/b><\/p>\n<p>Tarkkuuspuristetut profiilit takaavat tiukat toleranssit, mik\u00e4 tekee asennuksesta nopeampaa, tarkempaa ja kustannustehokkaampaa.\n<\/p>\n<p><\/p>\n<p><b>7.Ovatko alumiiniset verhosein\u00e4profiilit s\u00e4\u00e4nkest\u00e4vi\u00e4?<\/b><\/p>\n<p>Kyll\u00e4, ne kest\u00e4v\u00e4t hyvin kosteutta, UV-altistusta ja l\u00e4mp\u00f6tilan vaihteluita, joten ne sopivat erinomaisesti ulkorakennuksiin.\n<\/p>\n<p><\/p>","protected":false},"featured_media":7575,"template":"","categories":[67],"class_list":["post-7576","product","type-product","status-publish","has-post-thumbnail","hentry","category-architectural-aluminium-profile"],"meta_box":{"hilight_text_group":{"product_hilight_text":"<li>High-strength aluminum alloy ensures structural stability for curtain walls<\/li>\r\r\n<li>Lightweight design reduces building load while maintaining durability<\/li>\r\r\n<li>Corrosion-resistant surface suitable for all weather conditions<\/li>\r\r\n<li>Customizable profiles, finishes, and thermal break options available<\/li>\r\r\n<li>Precision extrusions enable fast and accurate installation<\/li>\r\r\n<li>Ideal for modern architectural fa?ades in commercial and residential buildings<\/li>","product_chanpin_blog":"<ul>\r\r\n<li><a href=\"https:\/\/sinoextrud.com\/t-slot-v-slot-differences\/\" target=\"_blank\">t slot vs v slot<\/a><\/li>\r\r\n<li><a href=\"https:\/\/sinoextrud.com\/what-is-4040-aluminium-extrud\/\" target=\"_blank\">4040 aluminium extrusion<\/a><\/li>\r\r\n<li><a href=\"https:\/\/sinoextrud.com\/what-is-4040-aluminium-extrud\/\" target=\"_blank\">aluminum extrusions for industrial racks<\/a><\/li>\r\r\n<li><a href=\"https:\/\/sinoextrud.com\/powder-coating-aluminium-process\/\" target=\"_blank\">powder coating aluminium<\/a><\/li>\r\r\n<li><a href=\"https:\/\/sinoextrud.com\/what-is-an-aluminium-strip-ceiling\/\" target=\"_blank\">aluminium strip ceiling<\/a><\/li>\r\r\n<li><a href=\"https:\/\/sinoextrud.com\/what-is-a-heat-sink\/\" target=\"_blank\">what is a heat sink<\/a><\/li>\r\r\n<\/ul>","product_chanpin_chanpin":"<li><a href=\"https:\/\/sinoextrud.com\/product\/anodized-colorful-oem-aluminium-profile-for-decoration-furniture-accessory-price\/\" target=\"_blank\">Anodized Colorful OEM Aluminium Profile For Decoration Furniture Accessory price<\/a><\/li>\r\n<li><a href=\"https:\/\/sinoextrud.com\/product\/sliver-anodized-aluminum-extrusions-kitchen-cabinets-profiles-frame\/\" target=\"_blank\">Sliver Anodized Aluminum Extrusions Kitchen Cabinets Profiles Frame<\/a><\/li>\r\n<li><a href=\"https:\/\/sinoextrud.com\/product\/oem-aluminum-manufacturing-processes-cnc-machining\/\" target=\"_blank\">OEM Aluminum Manufacturing Processes CNC Machining<\/a><\/li>\r\n<li><a href=\"https:\/\/sinoextrud.com\/product\/extruded-aluminum-louver-blade-profile\/\" target=\"_blank\">Extruded Aluminum Louver Blade Profile<\/a><\/li>\r\n<li><a href=\"https:\/\/sinoextrud.com\/product\/aluminum-curtain-wall-extrusion\/\" target=\"_blank\">Aluminum Curtain Wall Extrusion<\/a><\/li>\r\n<li><a href=\"https:\/\/sinoextrud.com\/product\/aluminium-v-slot-extrusion\/\" target=\"_blank\">Aluminium V Slot Extrusion<\/a><\/li>\r\n<li><a href=\"https:\/\/sinoextrud.com\/product\/aluminium-windows-with-mosquito-net-profile-catalog-uses-best-factory-price-per-pound\/\" target=\"_blank\">aluminium windows with mosquito net profile catalog uses best Factory Price per pound<\/a><\/li>\r\n<li><a href=\"https:\/\/sinoextrud.com\/product\/aluminum-alloy-6061-h-beams-aluminum-for-medical-clean-room-aluminum-extrusion-t-slot-i-beams-profile-dust-free-frame\/\" target=\"_blank\">Aluminum Alloy 6061 H Beams Aluminum For Medical Clean Room Aluminum Extrusion T Slot I Beams Profile Dust-free Frame<\/a><\/li>\r\n<li><a href=\"https:\/\/sinoextrud.com\/product\/extruded-profiles-aluminium\/\" target=\"_blank\">Extruded Profiles Aluminium<\/a><\/li>\r\n<li><a href=\"https:\/\/sinoextrud.com\/product\/aluminum-extrusion-ultra-small-material-aluminum-frame-profile\/\" target=\"_blank\">Aluminum Extrusion Ultra-small Material Aluminum Frame Profile<\/a><\/li>\r\n<li><a href=\"https:\/\/sinoextrud.com\/product\/v-rail-aluminum-extrusion-profiles-pipeline\/\" target=\"_blank\">V Rail Aluminum Extrusion Profiles Pipeline<\/a><\/li>"},"feature_list":[]},"_links":{"self":[{"href":"https:\/\/sinoextrud.com\/fi\/wp-json\/wp\/v2\/product\/7576","targetHints":{"allow":["GET"]}}],"collection":[{"href":"https:\/\/sinoextrud.com\/fi\/wp-json\/wp\/v2\/product"}],"about":[{"href":"https:\/\/sinoextrud.com\/fi\/wp-json\/wp\/v2\/types\/product"}],"wp:featuredmedia":[{"embeddable":true,"href":"https:\/\/sinoextrud.com\/fi\/wp-json\/wp\/v2\/media\/7575"}],"wp:attachment":[{"href":"https:\/\/sinoextrud.com\/fi\/wp-json\/wp\/v2\/media?parent=7576"}],"wp:term":[{"taxonomy":"category","embeddable":true,"href":"https:\/\/sinoextrud.com\/fi\/wp-json\/wp\/v2\/categories?post=7576"}],"curies":[{"name":"wp","href":"https:\/\/api.w.org\/{rel}","templated":true}]}}