{"id":7574,"date":"2025-06-09T02:01:22","date_gmt":"2025-06-09T02:01:22","guid":{"rendered":"https:\/\/sinoextrud.com\/product\/extruded-aluminum-louver-blade-profile\/"},"modified":"2025-06-24T06:13:08","modified_gmt":"2025-06-24T06:13:08","slug":"suulakepuristettu-alumiiniprofiili-2","status":"publish","type":"product","link":"https:\/\/sinoextrud.com\/fi\/product\/extruded-aluminum-louver-blade-profile\/","title":{"rendered":"Suulakepuristettu alumiini Louver Blade Profile"},"content":{"rendered":"<h2>Tuotteiden tiedot<\/h2>\n<table class=\"custom-table\">\n<tr>\n<td class=\"label\">Tuotteen nimi<\/td>\n<td>Suulakepuristettua alumiinia oleva lamelliprofiili<\/td>\n<\/tr>\n<tr>\n<td class=\"label\">Materiaaliluokka<\/td>\n<td>6000-sarjan metalliseos (6061,6063,6463,6082)<\/td>\n<\/tr>\n<tr>\n<td class=\"label\">Temper<\/td>\n<td>T5-T6<\/td>\n<\/tr>\n<tr>\n<td class=\"label\">Teknologia<\/td>\n<td>Alumiini suulakepuristus<\/td>\n<\/tr>\n<tr>\n<td class=\"label\">Pintak\u00e4sittely<\/td>\n<td>Anodisointi, jauhemaalattu, hiekkapuhallus, elektroforeesi, fluorihiili jne.<\/td>\n<\/tr>\n<tr>\n<td class=\"label\">V\u00e4ri<\/td>\n<td>R\u00e4\u00e4t\u00e4l\u00f6ity<\/td>\n<\/tr>\n<tr>\n<td class=\"label\">Anodisoinnin paksuus<\/td>\n<td>8-25 um<\/td>\n<\/tr>\n<tr>\n<td class=\"label\">Teho Pinnoitteen paksuus<\/td>\n<td>40-120 um<\/td>\n<\/tr>\n<tr>\n<td class=\"label\">Muoto<\/td>\n<td>Riippuu piirustuksista<\/td>\n<\/tr>\n<tr>\n<td class=\"label\">Pituus<\/td>\n<td>Vakiopituus on 1m-9m, tai r\u00e4\u00e4t\u00e4l\u00f6ityn\u00e4<\/td>\n<\/tr>\n<tr>\n<td class=\"label\">Syv\u00e4prosessointi<\/td>\n<td>leikkaaminen, poraaminen, l\u00e4vist\u00e4minen, taivuttaminen jne.<\/td>\n<\/tr>\n<tr>\n<td class=\"label\">2D&amp;3D suunnittelu<\/td>\n<td>Auto CAD, 3D, AI, SLD, PRT. IGS, PDF, JPEG jne.<\/td>\n<\/tr>\n<tr>\n<td class=\"label\">Laadunvalvonta<\/td>\n<td>1.SO Hyv\u00e4ksytty.<br \/>\n2.CE-hyv\u00e4ksytty<br \/>\n3.Tarkastus ty\u00f6maalla.<br \/>\n4.Tarkastus ennen toimitusta.<br \/>\n5.Testauskone.<\/td>\n<\/tr>\n<tr>\n<td class=\"label\">Pakkaustiedot<\/td>\n<td>(1) Sis\u00e4ll\u00e4: pakattu muovisella suojakalvolla jokaisen kappaleen suojaamiseksi.<br \/>\n(2) Ulkopuolella: Vedenpit\u00e4v\u00e4 k\u00e4sity\u00f6paperi<\/td>\n<\/tr>\n<tr>\n<td class=\"label\">Toimitus<\/td>\n<td>(1) Muottien kehitt\u00e4minen ja n\u00e4ytteiden testaus: 12-18 p\u00e4iv\u00e4\u00e4.<br \/>\n(2) Massatuotanto valmis: 20-30 p\u00e4iv\u00e4\u00e4 sen j\u00e4lkeen, kun ostaja on vahvistanut n\u00e4ytteen.<\/td>\n<\/tr>\n<tr>\n<td class=\"label\">Maksuehto<\/td>\n<td>T\/T 30% talletus, saldo ennen toimitusta.<\/td>\n<\/tr>\n<\/table>\n<h2>Tuotantopohjamme<\/h2>\n<h3>Tehtaan panoraama<\/h3>\n<p><img decoding=\"async\" src=\"\/wp-content\/uploads\/factory-01.webp\"\/><\/p>\n<h3>Alumiini Bar Manufacturing Workshop<\/h3>\n<p><img decoding=\"async\" src=\"\/wp-content\/uploads\/factory-02.webp\"\/><\/p>\n<\/p>\n<p><img decoding=\"async\" src=\"\/wp-content\/uploads\/factory-03.webp\"\/><\/p>\n<h3>Muotin varastointi Varasto<\/h3>\n<p><img decoding=\"async\" src=\"\/wp-content\/uploads\/factory-04.webp\"\/><\/p>\n<h3>43 Alumiini ekstruusiolinjat (500\u00e2 5500 tonnia)<\/h3>\n<p><img decoding=\"async\" src=\"\/wp-content\/uploads\/factory-05.webp\"\/><\/p>\n<p><img decoding=\"async\" src=\"\/wp-content\/uploads\/factory-06.webp\"\/><\/p>\n<p><img decoding=\"async\" src=\"\/wp-content\/uploads\/factory-07.webp\"\/><\/p>\n<h3>Jauhemaalaus ty\u00f6paja<\/h3>\n<p><img decoding=\"async\" src=\"\/wp-content\/uploads\/factory-09.webp\"\/><\/p>\n<h3>Anodisointi ty\u00f6paja<\/h3>\n<p><img decoding=\"async\" src=\"\/wp-content\/uploads\/factory-10.webp\"\/><\/p>\n<h3>Syv\u00e4k\u00e4sittelyn ty\u00f6paja<\/h3>\n<p><img decoding=\"async\" src=\"\/wp-content\/uploads\/factory-11.webp\"\/><\/p>\n<h3>CNC-tarkkuuskoneistus ty\u00f6paja<\/h3>\n<p><img decoding=\"async\" src=\"\/wp-content\/uploads\/factory-11.5.webp\"\/><\/p>\n<h3>Valmiiden tuotteiden ja vientivarasto<\/h3>\n<p><img decoding=\"async\" src=\"\/wp-content\/uploads\/factory-12.webp\"\/><\/p>\n<p><img decoding=\"async\" src=\"\/wp-content\/uploads\/factory-13.webp\"\/><\/p>\n<p><img decoding=\"async\" src=\"\/wp-content\/uploads\/factory-14.webp\"\/><\/p>\n<h2>FAQ<\/h2>\n<p><b>1.What on suulakepuristettu alumiini Louver Blade Profile?<\/b><\/p>\n<p>Se on erityisesti suunniteltu alumiiniprofiili, jota k\u00e4ytet\u00e4\u00e4n s\u00e4leikk\u00f6j\u00e4rjestelmiss\u00e4 ilmavirran, valon ja yksityisyyden hallintaan arkkitehtonisissa tai teollisissa sovelluksissa.\n<\/p>\n<p><\/p>\n<p><b>2.Miksi valita alumiini lamelliprofiileihin?<\/b><\/p>\n<p>Alumiini tarjoaa erinomaisen lujuus-painosuhteen, korroosionkest\u00e4vyyden ja kest\u00e4vyyden, joten se sopii erinomaisesti sek\u00e4 sis\u00e4- ett\u00e4 ulkok\u00e4ytt\u00f6\u00f6n tarkoitettuihin s\u00e4leikk\u00f6ihin.\n<\/p>\n<p><\/p>\n<p><b>3.Can alumiini s\u00e4leikk\u00f6 ter\u00e4t voidaan r\u00e4\u00e4t\u00e4l\u00f6id\u00e4?<\/b><\/p>\n<p>Kyll\u00e4, suulakepuristetut alumiiniset s\u00e4leik\u00f6t voidaan r\u00e4\u00e4t\u00e4l\u00f6id\u00e4 pituuden, muodon, kulman ja viimeistelyn osalta vastaamaan erityisi\u00e4 suunnittelu- ja suorituskykyvaatimuksia.\n<\/p>\n<p><\/p>\n<p><b>4.Mitk\u00e4 ovat suulakepuristetun alumiinin lamellien t\u00e4rkeimm\u00e4t sovellukset?<\/b><\/p>\n<p>Niit\u00e4 k\u00e4ytet\u00e4\u00e4n auringonsuojaj\u00e4rjestelmiss\u00e4, rakennusten julkisivuissa, ilmanvaihtopaneeleissa, yksityisyydensuojissa ja LVI-j\u00e4rjestelmiss\u00e4.\n<\/p>\n<p><\/p>\n<p><b>5.Ovatko alumiiniset s\u00e4lekaihtimet s\u00e4\u00e4nkest\u00e4vi\u00e4?<\/b><\/p>\n<p>Alumiiniset lamellit kest\u00e4v\u00e4t eritt\u00e4in hyvin ruostetta, UV-s\u00e4teit\u00e4 ja \u00e4\u00e4rimm\u00e4isi\u00e4 s\u00e4\u00e4olosuhteita.\n<\/p>\n<p><\/p>\n<p><b>6.Parantavatko alumiiniprofiilit energiatehokkuutta?<\/b><\/p>\n<p>Kyll\u00e4, auringonvaloa ja ilmavirtaa ohjaamalla ne auttavat v\u00e4hent\u00e4m\u00e4\u00e4n sis\u00e4ilman j\u00e4\u00e4hdytyskuormitusta ja parantamaan rakennuksen energiatehokkuutta.\n<\/p>\n<p><\/p>\n<p><b>7.Mit\u00e4 pintak\u00e4sittelyj\u00e4 on saatavana alumiinisiin s\u00e4leikk\u00f6ihin?<\/b><\/p>\n<p>Saatavilla oleviin pintak\u00e4sittelyihin kuuluvat anodisointi, jauhemaalaus ja PVDF-pinnoite, jotka parantavat suojausta ja esteettist\u00e4 ulkon\u00e4k\u00f6\u00e4.\n<\/p>\n<p><\/p>","protected":false},"featured_media":7573,"template":"","categories":[67],"class_list":["post-7574","product","type-product","status-publish","has-post-thumbnail","hentry","category-architectural-aluminium-profile"],"meta_box":{"hilight_text_group":{"product_hilight_text":"<li>High-strength aluminum extrusion ensures long-lasting structural integrity<\/li>\r\r\n<li>Lightweight design allows for easy installation and reduced load<\/li>\r\r\n<li>Excellent corrosion resistance for outdoor and architectural use<\/li>\r\r\n<li>Aerodynamic louver blade design enhances airflow and sun shading<\/li>\r\r\n<li>Customizable sizes, shapes, and finishes for diverse applications<\/li>\r\r\n<li>Ideal for ventilation systems, fa?ades, sunshades, and privacy screens<\/li>","product_chanpin_blog":"<ul>\r\r\n<li><a href=\"https:\/\/sinoextrud.com\/t-slot-v-slot-differences\/\" target=\"_blank\">t slot vs v slot<\/a><\/li>\r\r\n<li><a href=\"https:\/\/sinoextrud.com\/what-is-4040-aluminium-extrud\/\" target=\"_blank\">4040 aluminium extrusion<\/a><\/li>\r\r\n<li><a href=\"https:\/\/sinoextrud.com\/what-is-4040-aluminium-extrud\/\" target=\"_blank\">aluminum extrusions for industrial racks<\/a><\/li>\r\r\n<li><a href=\"https:\/\/sinoextrud.com\/powder-coating-aluminium-process\/\" target=\"_blank\">powder coating aluminium<\/a><\/li>\r\r\n<li><a href=\"https:\/\/sinoextrud.com\/what-is-an-aluminium-strip-ceiling\/\" target=\"_blank\">aluminium strip ceiling<\/a><\/li>\r\r\n<li><a href=\"https:\/\/sinoextrud.com\/what-is-a-heat-sink\/\" target=\"_blank\">what is a heat sink<\/a><\/li>\r\r\n<\/ul>","product_chanpin_chanpin":"<li><a href=\"https:\/\/sinoextrud.com\/product\/aluminium-screen-door-extrusions\/\" target=\"_blank\">Aluminium Screen Door Extrusions<\/a><\/li>\r\n<li><a href=\"https:\/\/sinoextrud.com\/product\/anodized-colorful-oem-aluminium-profile-for-decoration-furniture-accessory-price\/\" target=\"_blank\">Anodized Colorful OEM Aluminium Profile For Decoration Furniture Accessory price<\/a><\/li>\r\n<li><a href=\"https:\/\/sinoextrud.com\/product\/sliver-anodized-aluminum-extrusions-kitchen-cabinets-profiles-frame\/\" target=\"_blank\">Sliver Anodized Aluminum Extrusions Kitchen Cabinets Profiles Frame<\/a><\/li>\r\n<li><a href=\"https:\/\/sinoextrud.com\/product\/oem-aluminum-manufacturing-processes-cnc-machining\/\" target=\"_blank\">OEM Aluminum Manufacturing Processes CNC Machining<\/a><\/li>\r\n<li><a href=\"https:\/\/sinoextrud.com\/product\/extruded-aluminum-louver-blade-profile\/\" target=\"_blank\">Extruded Aluminum Louver Blade Profile<\/a><\/li>\r\n<li><a href=\"https:\/\/sinoextrud.com\/product\/aluminum-curtain-wall-extrusion\/\" target=\"_blank\">Aluminum Curtain Wall Extrusion<\/a><\/li>\r\n<li><a href=\"https:\/\/sinoextrud.com\/product\/aluminium-v-slot-extrusion\/\" target=\"_blank\">Aluminium V Slot Extrusion<\/a><\/li>\r\n<li><a href=\"https:\/\/sinoextrud.com\/product\/aluminium-windows-with-mosquito-net-profile-catalog-uses-best-factory-price-per-pound\/\" target=\"_blank\">aluminium windows with mosquito net profile catalog uses best Factory Price per pound<\/a><\/li>\r\n<li><a href=\"https:\/\/sinoextrud.com\/product\/aluminum-alloy-6061-h-beams-aluminum-for-medical-clean-room-aluminum-extrusion-t-slot-i-beams-profile-dust-free-frame\/\" target=\"_blank\">Aluminum Alloy 6061 H Beams Aluminum For Medical Clean Room Aluminum Extrusion T Slot I Beams Profile Dust-free Frame<\/a><\/li>\r\n<li><a href=\"https:\/\/sinoextrud.com\/product\/c-shaped-wind-resistant-linear-ceiling-system\/\" target=\"_blank\">C-Shaped Wind-Resistant Linear Ceiling System<\/a><\/li>\r\n<li><a href=\"https:\/\/sinoextrud.com\/product\/aluminum-profile-for-solar-panel\/\" target=\"_blank\">Aluminum Profile For Solar Panel<\/a><\/li>"},"feature_list":[]},"_links":{"self":[{"href":"https:\/\/sinoextrud.com\/fi\/wp-json\/wp\/v2\/product\/7574","targetHints":{"allow":["GET"]}}],"collection":[{"href":"https:\/\/sinoextrud.com\/fi\/wp-json\/wp\/v2\/product"}],"about":[{"href":"https:\/\/sinoextrud.com\/fi\/wp-json\/wp\/v2\/types\/product"}],"wp:featuredmedia":[{"embeddable":true,"href":"https:\/\/sinoextrud.com\/fi\/wp-json\/wp\/v2\/media\/7573"}],"wp:attachment":[{"href":"https:\/\/sinoextrud.com\/fi\/wp-json\/wp\/v2\/media?parent=7574"}],"wp:term":[{"taxonomy":"category","embeddable":true,"href":"https:\/\/sinoextrud.com\/fi\/wp-json\/wp\/v2\/categories?post=7574"}],"curies":[{"name":"wp","href":"https:\/\/api.w.org\/{rel}","templated":true}]}}