{"id":7572,"date":"2025-06-09T01:59:12","date_gmt":"2025-06-09T01:59:12","guid":{"rendered":"https:\/\/sinoextrud.com\/product\/oem-aluminum-manufacturing-processes-cnc-machining\/"},"modified":"2025-06-24T06:13:08","modified_gmt":"2025-06-24T06:13:08","slug":"oem-alumiini-valmistusprosessit-cnc-tyostoprosessit","status":"publish","type":"product","link":"https:\/\/sinoextrud.com\/fi\/product\/oem-aluminum-manufacturing-processes-cnc-machining\/","title":{"rendered":"OEM alumiini valmistusprosessit CNC-koneistus"},"content":{"rendered":"<h2>Tuotteiden tiedot<\/h2>\n<table class=\"custom-table\">\n<tr>\n<td class=\"label\">Sertifiointi:<\/td>\n<td> CE, RoHS, SGS, ISO9001.<\/td>\n<\/tr>\n<tr>\n<td class=\"label\">Kohde:<\/td>\n<td> CNC kone alumiini<\/td>\n<\/tr>\n<tr>\n<td class=\"label\">Materiaali:<\/td>\n<td> Metalli<\/td>\n<\/tr>\n<tr>\n<td class=\"label\">Tuotteen nimi:<\/td>\n<td> CNC-ty\u00f6st\u00f6<\/td>\n<\/tr>\n<tr>\n<td class=\"label\">Pintak\u00e4sittely:<\/td>\n<td> Maalaus, hiekkapuhallus, anodisointi jne.<\/td>\n<\/tr>\n<tr>\n<td class=\"label\">MOQ:<\/td>\n<td> Tyypeitt\u00e4in Muoto <\/td>\n<\/tr>\n<tr>\n<td class=\"label\">Laadunvalvonta:<\/td>\n<td> 100% Tarkastus Laadunvalvonta<\/td>\n<\/tr>\n<tr>\n<td class=\"label\">T\u00e4rkeimm\u00e4t ominaisuudet:<\/td>\n<td> Tarkka koko, v\u00e4rik\u00e4s<\/td>\n<\/tr>\n<tr>\n<td class=\"label\">Tekniset tiedot:<\/td>\n<td> OEM<\/td>\n<\/tr>\n<tr>\n<td class=\"label\">Kunto:<\/td>\n<td> Uusi<\/td>\n<\/tr>\n<tr>\n<td class=\"label\">R\u00e4\u00e4t\u00e4l\u00f6ity:<\/td>\n<td> R\u00e4\u00e4t\u00e4l\u00f6ity<\/td>\n<\/tr>\n<tr>\n<td class=\"label\">Sovellus:<\/td>\n<td> Metallin kierr\u00e4tyskone, metallinleikkauskone, metallinjalostuskoneiden osat, metallin kaiverruskoneet, metallinvalukoneet, alumiinin CNC-leikkauskoneet<\/td>\n<\/tr>\n<tr>\n<td class=\"label\">Tehtaan sijainti:<\/td>\n<td> Guangzhou, Foshan, Shenzhen Kiina<\/td>\n<\/tr>\n<tr>\n<td class=\"label\">N\u00e4yte:<\/td>\n<td> Saatavilla<\/td>\n<\/tr>\n<tr>\n<td class=\"label\">OEM\/ODM:<\/td>\n<td> Hyv\u00e4ksytt\u00e4v\u00e4<\/td>\n<\/tr>\n<tr>\n<td class=\"label\">Kuljetuspaketti:<\/td>\n<td> (1) Sis\u00e4ll\u00e4: pakattu muovisella suojakalvolla jokaisen profiilin suojaamiseksi.\uff0c<\/td>\n<\/tr>\n<tr>\n<td class=\"label\">            <\/td>\n<td> (2) Ulkopuoli: pakattu vesipehmopaperilla.<\/td>\n<\/tr>\n<tr>\n<td class=\"label\">Alkuper\u00e4:<\/td>\n<td> Foshan Kiina<\/td>\n<\/tr>\n<\/table>\n<h2>Tuotantopohjamme<\/h2>\n<h3>Tehtaan panoraama<\/h3>\n<p><img decoding=\"async\" src=\"\/wp-content\/uploads\/factory-01.webp\"\/><\/p>\n<h3>Alumiini Bar Manufacturing Workshop<\/h3>\n<p><img decoding=\"async\" src=\"\/wp-content\/uploads\/factory-02.webp\"\/><\/p>\n<\/p>\n<p><img decoding=\"async\" src=\"\/wp-content\/uploads\/factory-03.webp\"\/><\/p>\n<h3>Muotin varastointi Varasto<\/h3>\n<p><img decoding=\"async\" src=\"\/wp-content\/uploads\/factory-04.webp\"\/><\/p>\n<h3>43 alumiinin ekstruusiolinjat (500-5500 tonnia)<\/h3>\n<p><img decoding=\"async\" src=\"\/wp-content\/uploads\/factory-05.webp\"\/><\/p>\n<p><img decoding=\"async\" src=\"\/wp-content\/uploads\/factory-06.webp\"\/><\/p>\n<p><img decoding=\"async\" src=\"\/wp-content\/uploads\/factory-07.webp\"\/><\/p>\n<h3>Jauhemaalaus ty\u00f6paja<\/h3>\n<p><img decoding=\"async\" src=\"\/wp-content\/uploads\/factory-09.webp\"\/><\/p>\n<h3>Anodisointi ty\u00f6paja<\/h3>\n<p><img decoding=\"async\" src=\"\/wp-content\/uploads\/factory-10.webp\"\/><\/p>\n<h3>Syv\u00e4k\u00e4sittelyn ty\u00f6paja<\/h3>\n<p><img decoding=\"async\" src=\"\/wp-content\/uploads\/factory-11.webp\"\/><\/p>\n<h3>CNC-tarkkuuskoneistus ty\u00f6paja<\/h3>\n<p><img decoding=\"async\" src=\"\/wp-content\/uploads\/factory-11.5.webp\"\/><\/p>\n<h3>Valmiiden tuotteiden ja vientivarasto<\/h3>\n<p><img decoding=\"async\" src=\"\/wp-content\/uploads\/factory-12.webp\"\/><\/p>\n<p><img decoding=\"async\" src=\"\/wp-content\/uploads\/factory-13.webp\"\/><\/p>\n<p><img decoding=\"async\" src=\"\/wp-content\/uploads\/factory-14.webp\"\/><\/p>\n<h2>FAQ<\/h2>\n<p><b>1.Mik\u00e4 on OEM alumiini valmistus CNC koneistus?<\/b><\/p>\n<p>Se tarkoittaa alumiiniosien r\u00e4\u00e4t\u00e4l\u00f6ity\u00e4 tuotantoa CNC-ty\u00f6st\u00f6prosesseilla, jotka on suunniteltu t\u00e4ytt\u00e4m\u00e4\u00e4n OEM-valmistajien erityisvaatimukset suurella tarkkuudella.\n<\/p>\n<p><\/p>\n<p><b>2.Miksi valita CNC-ty\u00f6st\u00f6 alumiinin valmistukseen?<\/b><\/p>\n<p>CNC-ty\u00f6st\u00f6 tarjoaa tiukat toleranssit, korkean toistettavuuden ja mahdollisuuden luoda alumiiniosiin monimutkaisia geometrioita.\n<\/p>\n<p><\/p>\n<p><b>3.Onko CNC-ty\u00f6stetty alumiini sopiva korkean suorituskyvyn sovelluksiin?<\/b><\/p>\n<p>Kyll\u00e4, CNC-ty\u00f6stettyj\u00e4 alumiiniosia k\u00e4ytet\u00e4\u00e4n ilmailu- ja avaruusteollisuudessa, autoteollisuudessa, elektroniikassa ja l\u00e4\u00e4keteollisuudessa niiden lujuuden ja tarkkuuden vuoksi.\n<\/p>\n<p><\/p>\n<p><b>4.Can OEM alumiini CNC osat voidaan r\u00e4\u00e4t\u00e4l\u00f6id\u00e4?<\/b><\/p>\n<p>Ehdottomasti kaikki mitat, ominaisuudet ja viimeistelyt voidaan t\u00e4ysin r\u00e4\u00e4t\u00e4l\u00f6id\u00e4 asiakkaan teknisten piirustusten tai n\u00e4ytteiden perusteella.\n<\/p>\n<p><\/p>\n<p><b>5.Mitk\u00e4 ovat OEM-alumiinivalmistajan kanssa ty\u00f6skentelyn edut?<\/b><\/p>\n<p>Ty\u00f6skentely OEM-alumiinivalmistajan kanssa takaa laadunvalvonnan, suunnittelun joustavuuden, kustannustehokkuuden ja nopeat tuotantoajat.\n<\/p>\n<p><\/p>\n<p><b>6.Mit\u00e4 pintak\u00e4sittelyj\u00e4 on saatavilla CNC-ty\u00f6stetyille alumiiniosille?<\/b><\/p>\n<p>Saatavilla olevia pintak\u00e4sittelyj\u00e4 ovat anodisointi, jauhemaalaus, hiekkapuhallus, kiillotus ja paljon muuta toiminnallisten ja esteettisten vaatimusten mukaan.\n<\/p>\n<p><\/p>\n<p><b>7.Onko CNC-ty\u00f6st\u00f6 kustannustehokasta alumiiniprototyyppien valmistuksessa?<\/b><\/p>\n<p>Kyll\u00e4, CNC-ty\u00f6st\u00f6 on ihanteellinen prototyyppien valmistukseen nopeutensa, tarkkuutensa ja joustavuutensa ansiosta, sill\u00e4 se mahdollistaa nopean suunnittelun validoinnin ennen massatuotantoa.\n<\/p>\n<p><\/p>","protected":false},"featured_media":7571,"template":"","categories":[67],"class_list":["post-7572","product","type-product","status-publish","has-post-thumbnail","hentry","category-architectural-aluminium-profile"],"meta_box":{"hilight_text_group":{"product_hilight_text":"<li>High-precision CNC machining for complex aluminum parts<\/li>\r\r\n<li>Custom OEM production tailored to client specifications<\/li>\r\r\n<li>Fast turnaround with consistent quality and tight tolerances<\/li>\r\r\n<li>Supports low- to high-volume manufacturing requirements<\/li>\r\r\n<li>Advanced equipment ensures smooth surface finish and accuracy<\/li>\r\r\n<li>Cost-effective solution for aluminum prototyping and production<\/li>","product_chanpin_blog":"<ul>\r\r\n<li><a href=\"https:\/\/sinoextrud.com\/t-slot-v-slot-differences\/\" target=\"_blank\">t slot vs v slot<\/a><\/li>\r\r\n<li><a href=\"https:\/\/sinoextrud.com\/what-is-4040-aluminium-extrud\/\" target=\"_blank\">4040 aluminium extrusion<\/a><\/li>\r\r\n<li><a href=\"https:\/\/sinoextrud.com\/what-is-4040-aluminium-extrud\/\" target=\"_blank\">aluminum extrusions for industrial racks<\/a><\/li>\r\r\n<li><a href=\"https:\/\/sinoextrud.com\/powder-coating-aluminium-process\/\" target=\"_blank\">powder coating aluminium<\/a><\/li>\r\r\n<li><a href=\"https:\/\/sinoextrud.com\/what-is-an-aluminium-strip-ceiling\/\" target=\"_blank\">aluminium strip ceiling<\/a><\/li>\r\r\n<li><a href=\"https:\/\/sinoextrud.com\/what-is-a-heat-sink\/\" target=\"_blank\">what is a heat sink<\/a><\/li>\r\r\n<\/ul>","product_chanpin_chanpin":"<li><a href=\"https:\/\/sinoextrud.com\/product\/aluminum-u-profile-glass-railing\/\" target=\"_blank\">Aluminum U profile Glass Railing<\/a><\/li>\r\n<li><a href=\"https:\/\/sinoextrud.com\/product\/aluminium-screen-door-extrusions\/\" target=\"_blank\">Aluminium Screen Door Extrusions<\/a><\/li>\r\n<li><a href=\"https:\/\/sinoextrud.com\/product\/anodized-colorful-oem-aluminium-profile-for-decoration-furniture-accessory-price\/\" target=\"_blank\">Anodized Colorful OEM Aluminium Profile For Decoration Furniture Accessory price<\/a><\/li>\r\n<li><a href=\"https:\/\/sinoextrud.com\/product\/sliver-anodized-aluminum-extrusions-kitchen-cabinets-profiles-frame\/\" target=\"_blank\">Sliver Anodized Aluminum Extrusions Kitchen Cabinets Profiles Frame<\/a><\/li>\r\n<li><a href=\"https:\/\/sinoextrud.com\/product\/oem-aluminum-manufacturing-processes-cnc-machining\/\" target=\"_blank\">OEM Aluminum Manufacturing Processes CNC Machining<\/a><\/li>\r\n<li><a href=\"https:\/\/sinoextrud.com\/product\/extruded-aluminum-louver-blade-profile\/\" target=\"_blank\">Extruded Aluminum Louver Blade Profile<\/a><\/li>\r\n<li><a href=\"https:\/\/sinoextrud.com\/product\/aluminum-curtain-wall-extrusion\/\" target=\"_blank\">Aluminum Curtain Wall Extrusion<\/a><\/li>\r\n<li><a href=\"https:\/\/sinoextrud.com\/product\/aluminium-v-slot-extrusion\/\" target=\"_blank\">Aluminium V Slot Extrusion<\/a><\/li>\r\n<li><a href=\"https:\/\/sinoextrud.com\/product\/aluminium-windows-with-mosquito-net-profile-catalog-uses-best-factory-price-per-pound\/\" target=\"_blank\">aluminium windows with mosquito net profile catalog uses best Factory Price per pound<\/a><\/li>\r\n<li><a href=\"https:\/\/sinoextrud.com\/product\/sand-blastedsand-blastedaluminium-profile-extuded-for-handrail-and-barrier-with-internation-standard\/\" target=\"_blank\">Sand BlastedSand BlastedAluminium Profile Extuded For Handrail And Barrier With Internation Standard<\/a><\/li>\r\n<li><a href=\"https:\/\/sinoextrud.com\/product\/soundproofed-watertigh\/\" target=\"_blank\">Soundproofed Watertight Wind resistant occulting frame powder coated Facade Cladding and Glass wall aluminium profile<\/a><\/li>"},"feature_list":[]},"_links":{"self":[{"href":"https:\/\/sinoextrud.com\/fi\/wp-json\/wp\/v2\/product\/7572","targetHints":{"allow":["GET"]}}],"collection":[{"href":"https:\/\/sinoextrud.com\/fi\/wp-json\/wp\/v2\/product"}],"about":[{"href":"https:\/\/sinoextrud.com\/fi\/wp-json\/wp\/v2\/types\/product"}],"wp:featuredmedia":[{"embeddable":true,"href":"https:\/\/sinoextrud.com\/fi\/wp-json\/wp\/v2\/media\/7571"}],"wp:attachment":[{"href":"https:\/\/sinoextrud.com\/fi\/wp-json\/wp\/v2\/media?parent=7572"}],"wp:term":[{"taxonomy":"category","embeddable":true,"href":"https:\/\/sinoextrud.com\/fi\/wp-json\/wp\/v2\/categories?post=7572"}],"curies":[{"name":"wp","href":"https:\/\/api.w.org\/{rel}","templated":true}]}}